{"id":4998,"date":"2023-06-05T10:58:40","date_gmt":"2023-06-05T10:58:40","guid":{"rendered":"https:\/\/domtarwpe.wpengine.com\/redonner-la-collectivite\/simpliquer-dans-nos-communautes\/community-investment-application\/"},"modified":"2024-12-20T21:17:36","modified_gmt":"2024-12-20T21:17:36","slug":"community-investment-application","status":"publish","type":"page","link":"https:\/\/www.domtar.com\/fr\/redonner-la-collectivite\/simpliquer-dans-nos-communautes\/community-investment-application\/","title":{"rendered":"Demande d&rsquo;investissement communautaire"},"content":{"rendered":"\t\t<div data-elementor-type=\"wp-page\" data-elementor-id=\"4998\" class=\"elementor elementor-4998 elementor-4993\" data-elementor-settings=\"{&quot;element_pack_global_tooltip_width&quot;:{&quot;unit&quot;:&quot;px&quot;,&quot;size&quot;:&quot;&quot;,&quot;sizes&quot;:[]},&quot;element_pack_global_tooltip_width_tablet&quot;:{&quot;unit&quot;:&quot;px&quot;,&quot;size&quot;:&quot;&quot;,&quot;sizes&quot;:[]},&quot;element_pack_global_tooltip_width_mobile&quot;:{&quot;unit&quot;:&quot;px&quot;,&quot;size&quot;:&quot;&quot;,&quot;sizes&quot;:[]},&quot;element_pack_global_tooltip_padding&quot;:{&quot;unit&quot;:&quot;px&quot;,&quot;top&quot;:&quot;&quot;,&quot;right&quot;:&quot;&quot;,&quot;bottom&quot;:&quot;&quot;,&quot;left&quot;:&quot;&quot;,&quot;isLinked&quot;:true},&quot;element_pack_global_tooltip_padding_tablet&quot;:{&quot;unit&quot;:&quot;px&quot;,&quot;top&quot;:&quot;&quot;,&quot;right&quot;:&quot;&quot;,&quot;bottom&quot;:&quot;&quot;,&quot;left&quot;:&quot;&quot;,&quot;isLinked&quot;:true},&quot;element_pack_global_tooltip_padding_mobile&quot;:{&quot;unit&quot;:&quot;px&quot;,&quot;top&quot;:&quot;&quot;,&quot;right&quot;:&quot;&quot;,&quot;bottom&quot;:&quot;&quot;,&quot;left&quot;:&quot;&quot;,&quot;isLinked&quot;:true},&quot;element_pack_global_tooltip_border_radius&quot;:{&quot;unit&quot;:&quot;px&quot;,&quot;top&quot;:&quot;&quot;,&quot;right&quot;:&quot;&quot;,&quot;bottom&quot;:&quot;&quot;,&quot;left&quot;:&quot;&quot;,&quot;isLinked&quot;:true},&quot;element_pack_global_tooltip_border_radius_tablet&quot;:{&quot;unit&quot;:&quot;px&quot;,&quot;top&quot;:&quot;&quot;,&quot;right&quot;:&quot;&quot;,&quot;bottom&quot;:&quot;&quot;,&quot;left&quot;:&quot;&quot;,&quot;isLinked&quot;:true},&quot;element_pack_global_tooltip_border_radius_mobile&quot;:{&quot;unit&quot;:&quot;px&quot;,&quot;top&quot;:&quot;&quot;,&quot;right&quot;:&quot;&quot;,&quot;bottom&quot;:&quot;&quot;,&quot;left&quot;:&quot;&quot;,&quot;isLinked&quot;:true}}\" data-elementor-post-type=\"page\">\n\t\t\t\t\t\t<section class=\"has_eae_slider elementor-section elementor-top-section elementor-element elementor-element-34c4608 elementor-section-full_width elementor-section-height-min-height sub-page-banner elementor-section-height-default elementor-section-items-middle\" data-eae-slider=\"26500\" data-id=\"34c4608\" data-element_type=\"section\" data-e-type=\"section\" data-settings=\"{&quot;background_background&quot;:&quot;classic&quot;}\">\n\t\t\t\t\t\t<div class=\"elementor-container elementor-column-gap-default\">\n\t\t\t\t\t<div class=\"has_eae_slider elementor-column elementor-col-100 elementor-top-column elementor-element elementor-element-213b7c0\" data-eae-slider=\"16952\" data-id=\"213b7c0\" data-element_type=\"column\" data-e-type=\"column\">\n\t\t\t<div class=\"elementor-widget-wrap elementor-element-populated\">\n\t\t\t\t\t\t<section class=\"has_eae_slider elementor-section elementor-inner-section elementor-element elementor-element-192f761 elementor-section-boxed elementor-section-height-default elementor-section-height-default\" data-eae-slider=\"69732\" data-id=\"192f761\" data-element_type=\"section\" data-e-type=\"section\">\n\t\t\t\t\t\t<div class=\"elementor-container elementor-column-gap-default\">\n\t\t\t\t\t<div class=\"has_eae_slider elementor-column elementor-col-50 elementor-inner-column elementor-element elementor-element-04be4c7 elementor-invisible\" data-eae-slider=\"3483\" data-id=\"04be4c7\" data-element_type=\"column\" data-e-type=\"column\" data-settings=\"{&quot;animation&quot;:&quot;fadeInUp&quot;}\">\n\t\t\t<div class=\"elementor-widget-wrap elementor-element-populated\">\n\t\t\t\t\t\t<div class=\"elementor-element elementor-element-a6e62d7 elementor-align-left elementor-widget elementor-widget-breadcrumbs\" data-id=\"a6e62d7\" data-element_type=\"widget\" data-e-type=\"widget\" data-widget_type=\"breadcrumbs.default\">\n\t\t\t\t<div class=\"elementor-widget-container\">\n\t\t\t\t\t<p id=\"breadcrumbs\"><span><span><a href=\"https:\/\/www.domtar.com\/fr\/\">Home<\/a><\/span><\/span><\/p>\t\t\t\t<\/div>\n\t\t\t\t<\/div>\n\t\t\t\t<div class=\"elementor-element elementor-element-25232ad elementor-widget elementor-widget-text-editor\" data-id=\"25232ad\" data-element_type=\"widget\" data-e-type=\"widget\" data-widget_type=\"text-editor.default\">\n\t\t\t\t<div class=\"elementor-widget-container\">\n\t\t\t\t\t\t\t\t\t<p>Demandez un <span class=\"il\">investissement<\/span> <span class=\"il\">communautaire<\/span> Domtar<\/p>\n\t\t\t\t\t\t\t\t<\/div>\n\t\t\t\t<\/div>\n\t\t\t\t\t<\/div>\n\t\t<\/div>\n\t\t\t\t<div class=\"has_eae_slider elementor-column elementor-col-50 elementor-inner-column elementor-element elementor-element-997ba6a elementor-invisible\" data-eae-slider=\"77204\" data-id=\"997ba6a\" data-element_type=\"column\" data-e-type=\"column\" data-settings=\"{&quot;animation&quot;:&quot;fadeInRight&quot;}\">\n\t\t\t<div class=\"elementor-widget-wrap elementor-element-populated\">\n\t\t\t\t\t\t<div class=\"elementor-element elementor-element-4eeef1e elementor-widget elementor-widget-image\" data-id=\"4eeef1e\" data-element_type=\"widget\" data-e-type=\"widget\" data-widget_type=\"image.default\">\n\t\t\t\t<div class=\"elementor-widget-container\">\n\t\t\t\t\t\t\t\t\t\t\t\t\t\t\t<img fetchpriority=\"high\" decoding=\"async\" width=\"1280\" height=\"800\" src=\"https:\/\/www.domtar.com\/wp-content\/uploads\/2023\/06\/Community-Investment-Application.jpg\" class=\"attachment-full size-full wp-image-5692\" alt=\"Community Investment Application\" srcset=\"https:\/\/www.domtar.com\/wp-content\/uploads\/2023\/06\/Community-Investment-Application.jpg 1280w, https:\/\/www.domtar.com\/wp-content\/uploads\/2023\/06\/Community-Investment-Application-300x188.jpg 300w, https:\/\/www.domtar.com\/wp-content\/uploads\/2023\/06\/Community-Investment-Application-1024x640.jpg 1024w, https:\/\/www.domtar.com\/wp-content\/uploads\/2023\/06\/Community-Investment-Application-768x480.jpg 768w, https:\/\/www.domtar.com\/wp-content\/uploads\/2023\/06\/Community-Investment-Application-1200x750.jpg 1200w\" sizes=\"(max-width: 1280px) 100vw, 1280px\" \/>\t\t\t\t\t\t\t\t\t\t\t\t\t\t\t<\/div>\n\t\t\t\t<\/div>\n\t\t\t\t\t<\/div>\n\t\t<\/div>\n\t\t\t\t\t<\/div>\n\t\t<\/section>\n\t\t\t\t\t<\/div>\n\t\t<\/div>\n\t\t\t\t\t<\/div>\n\t\t<\/section>\n\t\t\t\t<section class=\"has_eae_slider elementor-section elementor-top-section elementor-element elementor-element-83469f7 elementor-section-boxed elementor-section-height-default elementor-section-height-default elementor-invisible\" data-eae-slider=\"79228\" data-id=\"83469f7\" data-element_type=\"section\" data-e-type=\"section\" data-settings=\"{&quot;animation&quot;:&quot;fadeInUp&quot;}\">\n\t\t\t\t\t\t<div class=\"elementor-container elementor-column-gap-default\">\n\t\t\t\t\t<div class=\"has_eae_slider elementor-column elementor-col-100 elementor-top-column elementor-element elementor-element-3342ee1\" data-eae-slider=\"34244\" data-id=\"3342ee1\" data-element_type=\"column\" data-e-type=\"column\">\n\t\t\t<div class=\"elementor-widget-wrap elementor-element-populated\">\n\t\t\t\t\t\t<div class=\"elementor-element elementor-element-97fcf7e elementor-widget elementor-widget-text-editor\" data-id=\"97fcf7e\" data-element_type=\"widget\" data-e-type=\"widget\" data-widget_type=\"text-editor.default\">\n\t\t\t\t<div class=\"elementor-widget-container\">\n\t\t\t\t\t\t\t\t\t<p>Vous devez accepter les cookies pour pouvoir visualiser et acc\u00e9der au formulaire de contact de cette page. Vous pouvez ajuster vos pr\u00e9f\u00e9rences en cliquant sur l&rsquo;ic\u00f4ne Param\u00e8tres des cookies en bas de la fen\u00eatre du navigateur.<\/p>\n\t\t\t\t\t\t\t\t<\/div>\n\t\t\t\t<\/div>\n\t\t\t\t<div class=\"elementor-element elementor-element-9696563 elementor-widget elementor-widget-text-editor\" data-id=\"9696563\" data-element_type=\"widget\" data-e-type=\"widget\" data-widget_type=\"text-editor.default\">\n\t\t\t\t<div class=\"elementor-widget-container\">\n\t\t\t\t\t\t\t\t\t<script src=\"https:\/\/ajax.googleapis.com\/ajax\/libs\/jquery\/1.11.0\/jquery.min.js\"><\/script><script type=\"text\/javascript\" src=\"https:\/\/cdnjs.cloudflare.com\/ajax\/libs\/iframe-resizer\/4.2.11\/iframeResizer.min.js\"><\/script><iframe src=\"https:\/\/info.domtar.com\/l\/396062\/2024-12-13\/cn8qsm\" width=\"100%\" scrolling=\"no\"><\/iframe><script type=\"text\/javascript\">iFrameResize({log:true, checkOrigin: false});\n<\/script>\t\t\t\t\t\t\t\t<\/div>\n\t\t\t\t<\/div>\n\t\t\t\t\t<\/div>\n\t\t<\/div>\n\t\t\t\t\t<\/div>\n\t\t<\/section>\n\t\t\t\t<\/div>\n\t\t","protected":false},"excerpt":{"rendered":"<p>Demandez un investissement communautaire Domtar Vous devez accepter les cookies pour pouvoir visualiser et acc\u00e9der au formulaire de contact de cette page. Vous pouvez ajuster vos pr\u00e9f\u00e9rences en cliquant sur l&rsquo;ic\u00f4ne Param\u00e8tres des cookies en bas de la fen\u00eatre du navigateur.<\/p>\n","protected":false},"author":1,"featured_media":0,"parent":1331,"menu_order":0,"comment_status":"closed","ping_status":"closed","template":"elementor_header_footer","meta":{"_acf_changed":false,"_genesis_block_theme_hide_title":false,"footnotes":""},"our-locations":[],"class_list":["post-4998","page","type-page","status-publish","hentry","post","without-featured-image"],"acf":[],"yoast_head":"<!-- This site is optimized with the Yoast SEO Premium plugin v27.2 (Yoast SEO v27.3) - https:\/\/yoast.com\/product\/yoast-seo-premium-wordpress\/ -->\n<title>Demande d&#039;investissement communautaire - Domtar<\/title>\n<meta name=\"robots\" content=\"index, follow, max-snippet:-1, max-image-preview:large, max-video-preview:-1\" \/>\n<link rel=\"canonical\" href=\"https:\/\/www.domtar.com\/fr\/redonner-la-collectivite\/simpliquer-dans-nos-communautes\/community-investment-application\/\" \/>\n<meta property=\"og:locale\" content=\"fr_FR\" \/>\n<meta property=\"og:type\" content=\"article\" \/>\n<meta property=\"og:title\" content=\"Demande d&#039;investissement communautaire\" \/>\n<meta property=\"og:description\" content=\"Demandez un investissement communautaire Domtar Vous devez accepter les cookies pour pouvoir visualiser et acc\u00e9der au formulaire de contact de cette page. Vous pouvez ajuster vos pr\u00e9f\u00e9rences en cliquant sur l&rsquo;ic\u00f4ne Param\u00e8tres des cookies en bas de la fen\u00eatre du navigateur.\" \/>\n<meta property=\"og:url\" content=\"https:\/\/www.domtar.com\/fr\/redonner-la-collectivite\/simpliquer-dans-nos-communautes\/community-investment-application\/\" \/>\n<meta property=\"og:site_name\" content=\"Domtar\" \/>\n<meta property=\"article:publisher\" content=\"https:\/\/www.facebook.com\/DomtarEveryday\/\" \/>\n<meta property=\"article:modified_time\" content=\"2024-12-20T21:17:36+00:00\" \/>\n<meta property=\"og:image\" content=\"https:\/\/www.domtar.com\/wp-content\/uploads\/2023\/06\/Community-Investment-Application.jpg\" \/>\n\t<meta property=\"og:image:width\" content=\"1280\" \/>\n\t<meta property=\"og:image:height\" content=\"800\" \/>\n\t<meta property=\"og:image:type\" content=\"image\/jpeg\" \/>\n<meta name=\"twitter:card\" content=\"summary_large_image\" \/>\n<meta name=\"twitter:site\" content=\"@DomtarEveryday\" \/>\n<meta name=\"twitter:label1\" content=\"Dur\u00e9e de lecture estim\u00e9e\" \/>\n\t<meta name=\"twitter:data1\" content=\"1 minute\" \/>\n<script type=\"application\/ld+json\" class=\"yoast-schema-graph\">{\"@context\":\"https:\\\/\\\/schema.org\",\"@graph\":[{\"@type\":\"WebPage\",\"@id\":\"https:\\\/\\\/www.domtar.com\\\/fr\\\/redonner-la-collectivite\\\/simpliquer-dans-nos-communautes\\\/community-investment-application\\\/\",\"url\":\"https:\\\/\\\/www.domtar.com\\\/fr\\\/redonner-la-collectivite\\\/simpliquer-dans-nos-communautes\\\/community-investment-application\\\/\",\"name\":\"Demande d'investissement communautaire - Domtar\",\"isPartOf\":{\"@id\":\"https:\\\/\\\/www.domtar.com\\\/fr\\\/#website\"},\"primaryImageOfPage\":{\"@id\":\"https:\\\/\\\/www.domtar.com\\\/fr\\\/redonner-la-collectivite\\\/simpliquer-dans-nos-communautes\\\/community-investment-application\\\/#primaryimage\"},\"image\":{\"@id\":\"https:\\\/\\\/www.domtar.com\\\/fr\\\/redonner-la-collectivite\\\/simpliquer-dans-nos-communautes\\\/community-investment-application\\\/#primaryimage\"},\"thumbnailUrl\":\"https:\\\/\\\/www.domtar.com\\\/wp-content\\\/uploads\\\/2023\\\/06\\\/Community-Investment-Application.jpg\",\"datePublished\":\"2023-06-05T10:58:40+00:00\",\"dateModified\":\"2024-12-20T21:17:36+00:00\",\"breadcrumb\":{\"@id\":\"https:\\\/\\\/www.domtar.com\\\/fr\\\/redonner-la-collectivite\\\/simpliquer-dans-nos-communautes\\\/community-investment-application\\\/#breadcrumb\"},\"inLanguage\":\"fr-FR\",\"potentialAction\":[{\"@type\":\"ReadAction\",\"target\":[\"https:\\\/\\\/www.domtar.com\\\/fr\\\/redonner-la-collectivite\\\/simpliquer-dans-nos-communautes\\\/community-investment-application\\\/\"]}]},{\"@type\":\"ImageObject\",\"inLanguage\":\"fr-FR\",\"@id\":\"https:\\\/\\\/www.domtar.com\\\/fr\\\/redonner-la-collectivite\\\/simpliquer-dans-nos-communautes\\\/community-investment-application\\\/#primaryimage\",\"url\":\"https:\\\/\\\/www.domtar.com\\\/wp-content\\\/uploads\\\/2023\\\/06\\\/Community-Investment-Application.jpg\",\"contentUrl\":\"https:\\\/\\\/www.domtar.com\\\/wp-content\\\/uploads\\\/2023\\\/06\\\/Community-Investment-Application.jpg\"},{\"@type\":\"BreadcrumbList\",\"@id\":\"https:\\\/\\\/www.domtar.com\\\/fr\\\/redonner-la-collectivite\\\/simpliquer-dans-nos-communautes\\\/community-investment-application\\\/#breadcrumb\",\"itemListElement\":[{\"@type\":\"ListItem\",\"position\":1,\"name\":\"Home\",\"item\":\"https:\\\/\\\/www.domtar.com\\\/fr\\\/\"},{\"@type\":\"ListItem\",\"position\":2,\"name\":\"Donner en retour\",\"item\":\"https:\\\/\\\/www.domtar.com\\\/fr\\\/giving-back\\\/\"},{\"@type\":\"ListItem\",\"position\":3,\"name\":\"S&#8217;impliquer dans nos communaut\u00e9s\",\"item\":\"https:\\\/\\\/www.domtar.com\\\/fr\\\/giving-back\\\/community-investment\\\/\"},{\"@type\":\"ListItem\",\"position\":4,\"name\":\"Demande d&#8217;investissement communautaire\"}]},{\"@type\":\"WebSite\",\"@id\":\"https:\\\/\\\/www.domtar.com\\\/fr\\\/#website\",\"url\":\"https:\\\/\\\/www.domtar.com\\\/fr\\\/\",\"name\":\"Domtar | The Fiber for the Future\",\"description\":\"The Sustainable Paper, Pulp and Packaging Company\",\"publisher\":{\"@id\":\"https:\\\/\\\/www.domtar.com\\\/fr\\\/#organization\"},\"alternateName\":\"Domtar\",\"potentialAction\":[{\"@type\":\"SearchAction\",\"target\":{\"@type\":\"EntryPoint\",\"urlTemplate\":\"https:\\\/\\\/www.domtar.com\\\/fr\\\/?s={search_term_string}\"},\"query-input\":{\"@type\":\"PropertyValueSpecification\",\"valueRequired\":true,\"valueName\":\"search_term_string\"}}],\"inLanguage\":\"fr-FR\"},{\"@type\":\"Organization\",\"@id\":\"https:\\\/\\\/www.domtar.com\\\/fr\\\/#organization\",\"name\":\"Domtar\",\"url\":\"https:\\\/\\\/www.domtar.com\\\/fr\\\/\",\"logo\":{\"@type\":\"ImageObject\",\"inLanguage\":\"fr-FR\",\"@id\":\"https:\\\/\\\/www.domtar.com\\\/fr\\\/#\\\/schema\\\/logo\\\/image\\\/\",\"url\":\"https:\\\/\\\/www.domtar.com\\\/wp-content\\\/uploads\\\/2023\\\/03\\\/domtar_logo_rgb_green.png\",\"contentUrl\":\"https:\\\/\\\/www.domtar.com\\\/wp-content\\\/uploads\\\/2023\\\/03\\\/domtar_logo_rgb_green.png\",\"width\":1153,\"height\":263,\"caption\":\"Domtar\"},\"image\":{\"@id\":\"https:\\\/\\\/www.domtar.com\\\/fr\\\/#\\\/schema\\\/logo\\\/image\\\/\"},\"sameAs\":[\"https:\\\/\\\/www.facebook.com\\\/DomtarEveryday\\\/\",\"https:\\\/\\\/x.com\\\/DomtarEveryday\",\"https:\\\/\\\/www.linkedin.com\\\/company\\\/domtar\\\/\",\"https:\\\/\\\/www.youtube.com\\\/channel\\\/UCh8Zhq2Rmxhl5Km0krrGoYw\"],\"ethicsPolicy\":\"https:\\\/\\\/www.domtar.com\\\/fr\\\/notre-entreprise\\\/ethique-et-conformite\\\/\"}]}<\/script>\n<!-- \/ Yoast SEO Premium plugin. -->","yoast_head_json":{"title":"Demande d'investissement communautaire - Domtar","robots":{"index":"index","follow":"follow","max-snippet":"max-snippet:-1","max-image-preview":"max-image-preview:large","max-video-preview":"max-video-preview:-1"},"canonical":"https:\/\/www.domtar.com\/fr\/redonner-la-collectivite\/simpliquer-dans-nos-communautes\/community-investment-application\/","og_locale":"fr_FR","og_type":"article","og_title":"Demande d'investissement communautaire","og_description":"Demandez un investissement communautaire Domtar Vous devez accepter les cookies pour pouvoir visualiser et acc\u00e9der au formulaire de contact de cette page. Vous pouvez ajuster vos pr\u00e9f\u00e9rences en cliquant sur l&rsquo;ic\u00f4ne Param\u00e8tres des cookies en bas de la fen\u00eatre du navigateur.","og_url":"https:\/\/www.domtar.com\/fr\/redonner-la-collectivite\/simpliquer-dans-nos-communautes\/community-investment-application\/","og_site_name":"Domtar","article_publisher":"https:\/\/www.facebook.com\/DomtarEveryday\/","article_modified_time":"2024-12-20T21:17:36+00:00","og_image":[{"width":1280,"height":800,"url":"https:\/\/www.domtar.com\/wp-content\/uploads\/2023\/06\/Community-Investment-Application.jpg","type":"image\/jpeg"}],"twitter_card":"summary_large_image","twitter_site":"@DomtarEveryday","twitter_misc":{"Dur\u00e9e de lecture estim\u00e9e":"1 minute"},"schema":{"@context":"https:\/\/schema.org","@graph":[{"@type":"WebPage","@id":"https:\/\/www.domtar.com\/fr\/redonner-la-collectivite\/simpliquer-dans-nos-communautes\/community-investment-application\/","url":"https:\/\/www.domtar.com\/fr\/redonner-la-collectivite\/simpliquer-dans-nos-communautes\/community-investment-application\/","name":"Demande d'investissement communautaire - Domtar","isPartOf":{"@id":"https:\/\/www.domtar.com\/fr\/#website"},"primaryImageOfPage":{"@id":"https:\/\/www.domtar.com\/fr\/redonner-la-collectivite\/simpliquer-dans-nos-communautes\/community-investment-application\/#primaryimage"},"image":{"@id":"https:\/\/www.domtar.com\/fr\/redonner-la-collectivite\/simpliquer-dans-nos-communautes\/community-investment-application\/#primaryimage"},"thumbnailUrl":"https:\/\/www.domtar.com\/wp-content\/uploads\/2023\/06\/Community-Investment-Application.jpg","datePublished":"2023-06-05T10:58:40+00:00","dateModified":"2024-12-20T21:17:36+00:00","breadcrumb":{"@id":"https:\/\/www.domtar.com\/fr\/redonner-la-collectivite\/simpliquer-dans-nos-communautes\/community-investment-application\/#breadcrumb"},"inLanguage":"fr-FR","potentialAction":[{"@type":"ReadAction","target":["https:\/\/www.domtar.com\/fr\/redonner-la-collectivite\/simpliquer-dans-nos-communautes\/community-investment-application\/"]}]},{"@type":"ImageObject","inLanguage":"fr-FR","@id":"https:\/\/www.domtar.com\/fr\/redonner-la-collectivite\/simpliquer-dans-nos-communautes\/community-investment-application\/#primaryimage","url":"https:\/\/www.domtar.com\/wp-content\/uploads\/2023\/06\/Community-Investment-Application.jpg","contentUrl":"https:\/\/www.domtar.com\/wp-content\/uploads\/2023\/06\/Community-Investment-Application.jpg"},{"@type":"BreadcrumbList","@id":"https:\/\/www.domtar.com\/fr\/redonner-la-collectivite\/simpliquer-dans-nos-communautes\/community-investment-application\/#breadcrumb","itemListElement":[{"@type":"ListItem","position":1,"name":"Home","item":"https:\/\/www.domtar.com\/fr\/"},{"@type":"ListItem","position":2,"name":"Donner en retour","item":"https:\/\/www.domtar.com\/fr\/giving-back\/"},{"@type":"ListItem","position":3,"name":"S&#8217;impliquer dans nos communaut\u00e9s","item":"https:\/\/www.domtar.com\/fr\/giving-back\/community-investment\/"},{"@type":"ListItem","position":4,"name":"Demande d&#8217;investissement communautaire"}]},{"@type":"WebSite","@id":"https:\/\/www.domtar.com\/fr\/#website","url":"https:\/\/www.domtar.com\/fr\/","name":"Domtar | The Fiber for the Future","description":"The Sustainable Paper, Pulp and Packaging Company","publisher":{"@id":"https:\/\/www.domtar.com\/fr\/#organization"},"alternateName":"Domtar","potentialAction":[{"@type":"SearchAction","target":{"@type":"EntryPoint","urlTemplate":"https:\/\/www.domtar.com\/fr\/?s={search_term_string}"},"query-input":{"@type":"PropertyValueSpecification","valueRequired":true,"valueName":"search_term_string"}}],"inLanguage":"fr-FR"},{"@type":"Organization","@id":"https:\/\/www.domtar.com\/fr\/#organization","name":"Domtar","url":"https:\/\/www.domtar.com\/fr\/","logo":{"@type":"ImageObject","inLanguage":"fr-FR","@id":"https:\/\/www.domtar.com\/fr\/#\/schema\/logo\/image\/","url":"https:\/\/www.domtar.com\/wp-content\/uploads\/2023\/03\/domtar_logo_rgb_green.png","contentUrl":"https:\/\/www.domtar.com\/wp-content\/uploads\/2023\/03\/domtar_logo_rgb_green.png","width":1153,"height":263,"caption":"Domtar"},"image":{"@id":"https:\/\/www.domtar.com\/fr\/#\/schema\/logo\/image\/"},"sameAs":["https:\/\/www.facebook.com\/DomtarEveryday\/","https:\/\/x.com\/DomtarEveryday","https:\/\/www.linkedin.com\/company\/domtar\/","https:\/\/www.youtube.com\/channel\/UCh8Zhq2Rmxhl5Km0krrGoYw"],"ethicsPolicy":"https:\/\/www.domtar.com\/fr\/notre-entreprise\/ethique-et-conformite\/"}]}},"_links":{"self":[{"href":"https:\/\/www.domtar.com\/fr\/wp-json\/wp\/v2\/pages\/4998","targetHints":{"allow":["GET"]}}],"collection":[{"href":"https:\/\/www.domtar.com\/fr\/wp-json\/wp\/v2\/pages"}],"about":[{"href":"https:\/\/www.domtar.com\/fr\/wp-json\/wp\/v2\/types\/page"}],"author":[{"embeddable":true,"href":"https:\/\/www.domtar.com\/fr\/wp-json\/wp\/v2\/users\/1"}],"replies":[{"embeddable":true,"href":"https:\/\/www.domtar.com\/fr\/wp-json\/wp\/v2\/comments?post=4998"}],"version-history":[{"count":0,"href":"https:\/\/www.domtar.com\/fr\/wp-json\/wp\/v2\/pages\/4998\/revisions"}],"up":[{"embeddable":true,"href":"https:\/\/www.domtar.com\/fr\/wp-json\/wp\/v2\/pages\/1331"}],"wp:attachment":[{"href":"https:\/\/www.domtar.com\/fr\/wp-json\/wp\/v2\/media?parent=4998"}],"wp:term":[{"taxonomy":"our-locations","embeddable":true,"href":"https:\/\/www.domtar.com\/fr\/wp-json\/wp\/v2\/our-locations?post=4998"}],"curies":[{"name":"wp","href":"https:\/\/api.w.org\/{rel}","templated":true}]}}