{"id":40405,"date":"2025-08-19T22:20:44","date_gmt":"2025-08-19T22:20:44","guid":{"rendered":"https:\/\/www.domtar.com\/?page_id=40405"},"modified":"2025-08-20T23:05:36","modified_gmt":"2025-08-20T23:05:36","slug":"sdg-leaders","status":"publish","type":"page","link":"https:\/\/www.domtar.com\/fr\/sdg-leaders\/","title":{"rendered":"Domtar figure dans un documentaire sur les \u00ab SDG leaders \u00bb"},"content":{"rendered":"\t\t<div data-elementor-type=\"wp-page\" data-elementor-id=\"40405\" class=\"elementor elementor-40405 elementor-40401\" data-elementor-settings=\"{&quot;element_pack_global_tooltip_width&quot;:{&quot;unit&quot;:&quot;px&quot;,&quot;size&quot;:&quot;&quot;,&quot;sizes&quot;:[]},&quot;element_pack_global_tooltip_width_tablet&quot;:{&quot;unit&quot;:&quot;px&quot;,&quot;size&quot;:&quot;&quot;,&quot;sizes&quot;:[]},&quot;element_pack_global_tooltip_width_mobile&quot;:{&quot;unit&quot;:&quot;px&quot;,&quot;size&quot;:&quot;&quot;,&quot;sizes&quot;:[]},&quot;element_pack_global_tooltip_padding&quot;:{&quot;unit&quot;:&quot;px&quot;,&quot;top&quot;:&quot;&quot;,&quot;right&quot;:&quot;&quot;,&quot;bottom&quot;:&quot;&quot;,&quot;left&quot;:&quot;&quot;,&quot;isLinked&quot;:true},&quot;element_pack_global_tooltip_padding_tablet&quot;:{&quot;unit&quot;:&quot;px&quot;,&quot;top&quot;:&quot;&quot;,&quot;right&quot;:&quot;&quot;,&quot;bottom&quot;:&quot;&quot;,&quot;left&quot;:&quot;&quot;,&quot;isLinked&quot;:true},&quot;element_pack_global_tooltip_padding_mobile&quot;:{&quot;unit&quot;:&quot;px&quot;,&quot;top&quot;:&quot;&quot;,&quot;right&quot;:&quot;&quot;,&quot;bottom&quot;:&quot;&quot;,&quot;left&quot;:&quot;&quot;,&quot;isLinked&quot;:true},&quot;element_pack_global_tooltip_border_radius&quot;:{&quot;unit&quot;:&quot;px&quot;,&quot;top&quot;:&quot;&quot;,&quot;right&quot;:&quot;&quot;,&quot;bottom&quot;:&quot;&quot;,&quot;left&quot;:&quot;&quot;,&quot;isLinked&quot;:true},&quot;element_pack_global_tooltip_border_radius_tablet&quot;:{&quot;unit&quot;:&quot;px&quot;,&quot;top&quot;:&quot;&quot;,&quot;right&quot;:&quot;&quot;,&quot;bottom&quot;:&quot;&quot;,&quot;left&quot;:&quot;&quot;,&quot;isLinked&quot;:true},&quot;element_pack_global_tooltip_border_radius_mobile&quot;:{&quot;unit&quot;:&quot;px&quot;,&quot;top&quot;:&quot;&quot;,&quot;right&quot;:&quot;&quot;,&quot;bottom&quot;:&quot;&quot;,&quot;left&quot;:&quot;&quot;,&quot;isLinked&quot;:true}}\" data-elementor-post-type=\"page\">\n\t\t\t\t\t\t<section class=\"has_eae_slider elementor-section elementor-top-section elementor-element elementor-element-210f423 elementor-section-height-min-height dom-inner-banner elementor-section-content-middle elementor-section-boxed elementor-section-height-default elementor-section-items-middle\" data-eae-slider=\"33441\" data-id=\"210f423\" data-element_type=\"section\" data-e-type=\"section\" data-settings=\"{&quot;background_background&quot;:&quot;classic&quot;}\">\n\t\t\t\t\t\t<div class=\"elementor-container elementor-column-gap-default\">\n\t\t\t\t\t<div class=\"has_eae_slider elementor-column elementor-col-100 elementor-top-column elementor-element elementor-element-62627e6\" data-eae-slider=\"26748\" data-id=\"62627e6\" data-element_type=\"column\" data-e-type=\"column\">\n\t\t\t<div class=\"elementor-widget-wrap elementor-element-populated\">\n\t\t\t\t\t\t<section class=\"has_eae_slider elementor-section elementor-inner-section elementor-element elementor-element-ac0ca7d elementor-section-height-min-height elementor-section-boxed elementor-section-height-default\" data-eae-slider=\"7351\" data-id=\"ac0ca7d\" data-element_type=\"section\" data-e-type=\"section\">\n\t\t\t\t\t\t<div class=\"elementor-container elementor-column-gap-default\">\n\t\t\t\t\t<div class=\"has_eae_slider elementor-column elementor-col-50 elementor-inner-column elementor-element elementor-element-b00464f elementor-invisible\" data-eae-slider=\"53831\" data-id=\"b00464f\" data-element_type=\"column\" data-e-type=\"column\" data-settings=\"{&quot;animation&quot;:&quot;fadeInUp&quot;}\">\n\t\t\t<div class=\"elementor-widget-wrap elementor-element-populated\">\n\t\t\t\t\t\t<div class=\"elementor-element elementor-element-a528637 elementor-widget elementor-widget-heading\" data-id=\"a528637\" data-element_type=\"widget\" data-e-type=\"widget\" data-widget_type=\"heading.default\">\n\t\t\t\t<div class=\"elementor-widget-container\">\n\t\t\t\t\t<h1 class=\"elementor-heading-title elementor-size-default\">Domtar figure dans un documentaire sur les \u00ab SDG leaders \u00bb<\/h1>\t\t\t\t<\/div>\n\t\t\t\t<\/div>\n\t\t\t\t\t<\/div>\n\t\t<\/div>\n\t\t\t\t<div class=\"has_eae_slider elementor-column elementor-col-50 elementor-inner-column elementor-element elementor-element-46d966e elementor-invisible\" data-eae-slider=\"54612\" data-id=\"46d966e\" data-element_type=\"column\" data-e-type=\"column\" data-settings=\"{&quot;animation&quot;:&quot;fadeInRight&quot;}\">\n\t\t\t<div class=\"elementor-widget-wrap elementor-element-populated\">\n\t\t\t\t\t\t<div class=\"elementor-element elementor-element-4ee3934 elementor-widget elementor-widget-image\" data-id=\"4ee3934\" data-element_type=\"widget\" data-e-type=\"widget\" data-widget_type=\"image.default\">\n\t\t\t\t<div class=\"elementor-widget-container\">\n\t\t\t\t\t\t\t\t\t\t\t\t\t\t\t<img fetchpriority=\"high\" decoding=\"async\" width=\"1024\" height=\"453\" src=\"https:\/\/www.domtar.com\/wp-content\/uploads\/2025\/08\/SDG-leaders-thumbnail-1024x453.jpg\" class=\"attachment-large size-large wp-image-40416\" alt=\"Domtar is one of the SDG Leaders featured in a documentary produced by Acumen International Media. Thumbnail image of video with text Rooted In Renewal at top.\" srcset=\"https:\/\/www.domtar.com\/wp-content\/uploads\/2025\/08\/SDG-leaders-thumbnail-1024x453.jpg 1024w, https:\/\/www.domtar.com\/wp-content\/uploads\/2025\/08\/SDG-leaders-thumbnail-450x199.jpg 450w, https:\/\/www.domtar.com\/wp-content\/uploads\/2025\/08\/SDG-leaders-thumbnail-768x340.jpg 768w, https:\/\/www.domtar.com\/wp-content\/uploads\/2025\/08\/SDG-leaders-thumbnail-1200x531.jpg 1200w, https:\/\/www.domtar.com\/wp-content\/uploads\/2025\/08\/SDG-leaders-thumbnail-1400x619.jpg 1400w, https:\/\/www.domtar.com\/wp-content\/uploads\/2025\/08\/SDG-leaders-thumbnail-300x133.jpg 300w, https:\/\/www.domtar.com\/wp-content\/uploads\/2025\/08\/SDG-leaders-thumbnail.jpg 1447w\" sizes=\"(max-width: 1024px) 100vw, 1024px\" \/>\t\t\t\t\t\t\t\t\t\t\t\t\t\t\t<\/div>\n\t\t\t\t<\/div>\n\t\t\t\t\t<\/div>\n\t\t<\/div>\n\t\t\t\t\t<\/div>\n\t\t<\/section>\n\t\t\t\t\t<\/div>\n\t\t<\/div>\n\t\t\t\t\t<\/div>\n\t\t<\/section>\n\t\t\t\t<section class=\"has_eae_slider elementor-section elementor-top-section elementor-element elementor-element-a499402 elementor-section-boxed elementor-section-height-default elementor-section-height-default\" data-eae-slider=\"33199\" data-id=\"a499402\" data-element_type=\"section\" data-e-type=\"section\">\n\t\t\t\t\t\t<div class=\"elementor-container elementor-column-gap-default\">\n\t\t\t\t\t<div class=\"has_eae_slider elementor-column elementor-col-100 elementor-top-column elementor-element elementor-element-da0f798\" data-eae-slider=\"37390\" data-id=\"da0f798\" data-element_type=\"column\" data-e-type=\"column\">\n\t\t\t<div class=\"elementor-widget-wrap elementor-element-populated\">\n\t\t\t\t\t\t<div class=\"elementor-element elementor-element-cec3826 elementor-widget elementor-widget-text-editor\" data-id=\"cec3826\" data-element_type=\"widget\" data-e-type=\"widget\" data-widget_type=\"text-editor.default\">\n\t\t\t\t<div class=\"elementor-widget-container\">\n\t\t\t\t\t\t\t\t\t<p>Domtar est fi\u00e8re de figurer dans le projet \u00ab Leaders des objectifs de d\u00e9veloppement durable \u00bb (ODD), une initiative mondiale qui met en avant les entreprises qui r\u00e9alisent des progr\u00e8s mesurables vers la r\u00e9alisation des 17 ODD des Nations Unies.<\/p><p>Le court m\u00e9trage, intitul\u00e9 \u00ab A Forest Products Manufacturer Rooted in Sustainability: Domtar\u2019s 2030 Vision \u00bb (Un fabricant de produits forestiers ancr\u00e9 dans la durabilit\u00e9 : la vision 2030 de Domtar), offre un aper\u00e7u des coulisses de la transformation par Domtar de fibres de bois provenant de sources responsables en produits essentiels qui favorisent l\u2019hygi\u00e8ne, l\u2019\u00e9ducation, le commerce, la construction r\u00e9sidentielle et plus encore.\u00a0<\/p><h2>Domtar Documentaire sur les \u00ab\u00a0SDG leaders\u00a0\u00bb produit par Acumen Media<\/h2><p>Le documentaire met en lumi\u00e8re <a href=\"https:\/\/www.domtar.com\/fr\/responsabilite\/sustainability-strategy\/\" target=\"_blank\" rel=\"noopener\">la strat\u00e9gie de d\u00e9veloppement durable 2030 de Domtar,<\/a> fond\u00e9e sur les ODD et fa\u00e7onn\u00e9e par de nombreuses voix, notamment celles des clients, des employ\u00e9s et des communaut\u00e9s.\u00a0<\/p><h4><a href=\"https:\/\/www.cnbc.com\/advertorial\/acumen\/#domtar\" target=\"_blank\" rel=\"noopener\">Regardez la vid\u00e9o et d\u00e9couvrez notre parcours vers le d\u00e9veloppement durable.<\/a> (La video est disponible en anglais seulement.)<\/h4>\t\t\t\t\t\t\t\t<\/div>\n\t\t\t\t<\/div>\n\t\t\t\t\t<\/div>\n\t\t<\/div>\n\t\t\t\t\t<\/div>\n\t\t<\/section>\n\t\t\t\t<section class=\"has_eae_slider elementor-section elementor-top-section elementor-element elementor-element-312d3bf elementor-section-boxed elementor-section-height-default elementor-section-height-default\" data-eae-slider=\"25015\" data-id=\"312d3bf\" data-element_type=\"section\" data-e-type=\"section\">\n\t\t\t\t\t\t<div class=\"elementor-container elementor-column-gap-default\">\n\t\t\t\t\t<div class=\"has_eae_slider elementor-column elementor-col-100 elementor-top-column elementor-element elementor-element-6d42780\" data-eae-slider=\"34575\" data-id=\"6d42780\" data-element_type=\"column\" data-e-type=\"column\">\n\t\t\t<div class=\"elementor-widget-wrap elementor-element-populated\">\n\t\t\t\t\t\t<div class=\"elementor-element elementor-element-be9f676 elementor-widget elementor-widget-video\" data-id=\"be9f676\" data-element_type=\"widget\" data-e-type=\"widget\" data-settings=\"{&quot;video_type&quot;:&quot;vimeo&quot;}\" data-widget_type=\"video.default\">\n\t\t\t\t<div class=\"elementor-widget-container\">\n\t\t\t\t\t\t\t<div class=\"elementor-wrapper elementor-open-inline\">\n\t\t\t<iframe class=\"elementor-video-iframe\" allowfullscreen allow=\"clipboard-write\" title=\"Lecteur vid\u00e9o youtube\" src=\"https:\/\/www.youtube.com\/embed\/i4ZN4XZGEr0?feature=oembed&amp;color&amp;autopause=0&amp;loop=0&amp;muted=0&amp;title=1&amp;portrait=1&amp;byline=1\"><\/iframe>\t\t<\/div>\n\t\t\t\t\t\t<\/div>\n\t\t\t\t<\/div>\n\t\t\t\t\t<\/div>\n\t\t<\/div>\n\t\t\t\t\t<\/div>\n\t\t<\/section>\n\t\t\t\t<\/div>\n\t\t","protected":false},"excerpt":{"rendered":"<p>Domtar figure dans un documentaire sur les \u00ab SDG leaders \u00bb Domtar est fi\u00e8re de figurer dans le projet \u00ab Leaders des objectifs de d\u00e9veloppement durable \u00bb (ODD), une initiative mondiale qui met en avant les entreprises qui r\u00e9alisent des progr\u00e8s mesurables vers la r\u00e9alisation des 17 ODD des Nations Unies.Le court m\u00e9trage, intitul\u00e9 \u00ab &hellip;<\/p>\n","protected":false},"author":1,"featured_media":0,"parent":0,"menu_order":0,"comment_status":"closed","ping_status":"closed","template":"elementor_header_footer","meta":{"_acf_changed":false,"_genesis_block_theme_hide_title":false,"footnotes":""},"our-locations":[],"class_list":["post-40405","page","type-page","status-publish","hentry","post","without-featured-image"],"acf":[],"yoast_head":"<!-- This site is optimized with the Yoast SEO Premium plugin v27.4 (Yoast SEO v27.5) - https:\/\/yoast.com\/product\/yoast-seo-premium-wordpress\/ -->\n<title>Domtar figure dans un documentaire sur les \u00ab SDG leaders \u00bb - Domtar<\/title>\n<meta name=\"robots\" content=\"index, follow, max-snippet:-1, max-image-preview:large, max-video-preview:-1\" \/>\n<link rel=\"canonical\" href=\"https:\/\/www.domtar.com\/fr\/sdg-leaders\/\" \/>\n<meta property=\"og:locale\" content=\"fr_FR\" \/>\n<meta property=\"og:type\" content=\"article\" \/>\n<meta property=\"og:title\" content=\"Domtar figure dans un documentaire sur les \u00ab SDG leaders \u00bb\" \/>\n<meta property=\"og:description\" content=\"Domtar figure dans un documentaire sur les \u00ab SDG leaders \u00bb Domtar est fi\u00e8re de figurer dans le projet \u00ab Leaders des objectifs de d\u00e9veloppement durable \u00bb (ODD), une initiative mondiale qui met en avant les entreprises qui r\u00e9alisent des progr\u00e8s mesurables vers la r\u00e9alisation des 17 ODD des Nations Unies.Le court m\u00e9trage, intitul\u00e9 \u00ab &hellip;\" \/>\n<meta property=\"og:url\" content=\"https:\/\/www.domtar.com\/fr\/sdg-leaders\/\" \/>\n<meta property=\"og:site_name\" content=\"Domtar\" \/>\n<meta property=\"article:publisher\" content=\"https:\/\/www.facebook.com\/DomtarEveryday\/\" \/>\n<meta property=\"article:modified_time\" content=\"2025-08-20T23:05:36+00:00\" \/>\n<meta property=\"og:image\" content=\"https:\/\/www.domtar.com\/wp-content\/uploads\/2025\/08\/SDG-leaders-thumbnail.jpg\" \/>\n\t<meta property=\"og:image:width\" content=\"1447\" \/>\n\t<meta property=\"og:image:height\" content=\"640\" \/>\n\t<meta property=\"og:image:type\" content=\"image\/jpeg\" \/>\n<meta name=\"twitter:card\" content=\"summary_large_image\" \/>\n<meta name=\"twitter:site\" content=\"@DomtarEveryday\" \/>\n<meta name=\"twitter:label1\" content=\"Dur\u00e9e de lecture estim\u00e9e\" \/>\n\t<meta name=\"twitter:data1\" content=\"2 minutes\" \/>\n<script type=\"application\/ld+json\" class=\"yoast-schema-graph\">{\"@context\":\"https:\\\/\\\/schema.org\",\"@graph\":[{\"@type\":\"WebPage\",\"@id\":\"https:\\\/\\\/www.domtar.com\\\/fr\\\/sdg-leaders\\\/\",\"url\":\"https:\\\/\\\/www.domtar.com\\\/fr\\\/sdg-leaders\\\/\",\"name\":\"Domtar figure dans un documentaire sur les \u00ab SDG leaders \u00bb - Domtar\",\"isPartOf\":{\"@id\":\"https:\\\/\\\/www.domtar.com\\\/fr\\\/#website\"},\"primaryImageOfPage\":{\"@id\":\"https:\\\/\\\/www.domtar.com\\\/fr\\\/sdg-leaders\\\/#primaryimage\"},\"image\":{\"@id\":\"https:\\\/\\\/www.domtar.com\\\/fr\\\/sdg-leaders\\\/#primaryimage\"},\"thumbnailUrl\":\"https:\\\/\\\/www.domtar.com\\\/wp-content\\\/uploads\\\/2025\\\/08\\\/SDG-leaders-thumbnail-1024x453.jpg\",\"datePublished\":\"2025-08-19T22:20:44+00:00\",\"dateModified\":\"2025-08-20T23:05:36+00:00\",\"breadcrumb\":{\"@id\":\"https:\\\/\\\/www.domtar.com\\\/fr\\\/sdg-leaders\\\/#breadcrumb\"},\"inLanguage\":\"fr-FR\",\"potentialAction\":[{\"@type\":\"ReadAction\",\"target\":[\"https:\\\/\\\/www.domtar.com\\\/fr\\\/sdg-leaders\\\/\"]}]},{\"@type\":\"ImageObject\",\"inLanguage\":\"fr-FR\",\"@id\":\"https:\\\/\\\/www.domtar.com\\\/fr\\\/sdg-leaders\\\/#primaryimage\",\"url\":\"https:\\\/\\\/www.domtar.com\\\/wp-content\\\/uploads\\\/2025\\\/08\\\/SDG-leaders-thumbnail-1024x453.jpg\",\"contentUrl\":\"https:\\\/\\\/www.domtar.com\\\/wp-content\\\/uploads\\\/2025\\\/08\\\/SDG-leaders-thumbnail-1024x453.jpg\"},{\"@type\":\"BreadcrumbList\",\"@id\":\"https:\\\/\\\/www.domtar.com\\\/fr\\\/sdg-leaders\\\/#breadcrumb\",\"itemListElement\":[{\"@type\":\"ListItem\",\"position\":1,\"name\":\"Home\",\"item\":\"https:\\\/\\\/www.domtar.com\\\/fr\\\/\"},{\"@type\":\"ListItem\",\"position\":2,\"name\":\"Domtar figure dans un documentaire sur les \u00ab SDG leaders \u00bb\"}]},{\"@type\":\"WebSite\",\"@id\":\"https:\\\/\\\/www.domtar.com\\\/fr\\\/#website\",\"url\":\"https:\\\/\\\/www.domtar.com\\\/fr\\\/\",\"name\":\"Domtar | The Fiber for the Future\",\"description\":\"The Sustainable Paper, Pulp and Packaging Company\",\"publisher\":{\"@id\":\"https:\\\/\\\/www.domtar.com\\\/fr\\\/#organization\"},\"alternateName\":\"Domtar\",\"potentialAction\":[{\"@type\":\"SearchAction\",\"target\":{\"@type\":\"EntryPoint\",\"urlTemplate\":\"https:\\\/\\\/www.domtar.com\\\/fr\\\/?s={search_term_string}\"},\"query-input\":{\"@type\":\"PropertyValueSpecification\",\"valueRequired\":true,\"valueName\":\"search_term_string\"}}],\"inLanguage\":\"fr-FR\"},{\"@type\":\"Organization\",\"@id\":\"https:\\\/\\\/www.domtar.com\\\/fr\\\/#organization\",\"name\":\"Domtar\",\"url\":\"https:\\\/\\\/www.domtar.com\\\/fr\\\/\",\"logo\":{\"@type\":\"ImageObject\",\"inLanguage\":\"fr-FR\",\"@id\":\"https:\\\/\\\/www.domtar.com\\\/fr\\\/#\\\/schema\\\/logo\\\/image\\\/\",\"url\":\"https:\\\/\\\/www.domtar.com\\\/wp-content\\\/uploads\\\/2023\\\/03\\\/domtar_logo_rgb_green.png\",\"contentUrl\":\"https:\\\/\\\/www.domtar.com\\\/wp-content\\\/uploads\\\/2023\\\/03\\\/domtar_logo_rgb_green.png\",\"width\":1153,\"height\":263,\"caption\":\"Domtar\"},\"image\":{\"@id\":\"https:\\\/\\\/www.domtar.com\\\/fr\\\/#\\\/schema\\\/logo\\\/image\\\/\"},\"sameAs\":[\"https:\\\/\\\/www.facebook.com\\\/DomtarEveryday\\\/\",\"https:\\\/\\\/x.com\\\/DomtarEveryday\",\"https:\\\/\\\/www.linkedin.com\\\/company\\\/domtar\\\/\",\"https:\\\/\\\/www.youtube.com\\\/channel\\\/UCh8Zhq2Rmxhl5Km0krrGoYw\"],\"ethicsPolicy\":\"https:\\\/\\\/www.domtar.com\\\/fr\\\/notre-entreprise\\\/ethique-et-conformite\\\/\"}]}<\/script>\n<!-- \/ Yoast SEO Premium plugin. -->","yoast_head_json":{"title":"Domtar figure dans un documentaire sur les \u00ab SDG leaders \u00bb - Domtar","robots":{"index":"index","follow":"follow","max-snippet":"max-snippet:-1","max-image-preview":"max-image-preview:large","max-video-preview":"max-video-preview:-1"},"canonical":"https:\/\/www.domtar.com\/fr\/sdg-leaders\/","og_locale":"fr_FR","og_type":"article","og_title":"Domtar figure dans un documentaire sur les \u00ab SDG leaders \u00bb","og_description":"Domtar figure dans un documentaire sur les \u00ab SDG leaders \u00bb Domtar est fi\u00e8re de figurer dans le projet \u00ab Leaders des objectifs de d\u00e9veloppement durable \u00bb (ODD), une initiative mondiale qui met en avant les entreprises qui r\u00e9alisent des progr\u00e8s mesurables vers la r\u00e9alisation des 17 ODD des Nations Unies.Le court m\u00e9trage, intitul\u00e9 \u00ab &hellip;","og_url":"https:\/\/www.domtar.com\/fr\/sdg-leaders\/","og_site_name":"Domtar","article_publisher":"https:\/\/www.facebook.com\/DomtarEveryday\/","article_modified_time":"2025-08-20T23:05:36+00:00","og_image":[{"width":1447,"height":640,"url":"https:\/\/www.domtar.com\/wp-content\/uploads\/2025\/08\/SDG-leaders-thumbnail.jpg","type":"image\/jpeg"}],"twitter_card":"summary_large_image","twitter_site":"@DomtarEveryday","twitter_misc":{"Dur\u00e9e de lecture estim\u00e9e":"2 minutes"},"schema":{"@context":"https:\/\/schema.org","@graph":[{"@type":"WebPage","@id":"https:\/\/www.domtar.com\/fr\/sdg-leaders\/","url":"https:\/\/www.domtar.com\/fr\/sdg-leaders\/","name":"Domtar figure dans un documentaire sur les \u00ab SDG leaders \u00bb - Domtar","isPartOf":{"@id":"https:\/\/www.domtar.com\/fr\/#website"},"primaryImageOfPage":{"@id":"https:\/\/www.domtar.com\/fr\/sdg-leaders\/#primaryimage"},"image":{"@id":"https:\/\/www.domtar.com\/fr\/sdg-leaders\/#primaryimage"},"thumbnailUrl":"https:\/\/www.domtar.com\/wp-content\/uploads\/2025\/08\/SDG-leaders-thumbnail-1024x453.jpg","datePublished":"2025-08-19T22:20:44+00:00","dateModified":"2025-08-20T23:05:36+00:00","breadcrumb":{"@id":"https:\/\/www.domtar.com\/fr\/sdg-leaders\/#breadcrumb"},"inLanguage":"fr-FR","potentialAction":[{"@type":"ReadAction","target":["https:\/\/www.domtar.com\/fr\/sdg-leaders\/"]}]},{"@type":"ImageObject","inLanguage":"fr-FR","@id":"https:\/\/www.domtar.com\/fr\/sdg-leaders\/#primaryimage","url":"https:\/\/www.domtar.com\/wp-content\/uploads\/2025\/08\/SDG-leaders-thumbnail-1024x453.jpg","contentUrl":"https:\/\/www.domtar.com\/wp-content\/uploads\/2025\/08\/SDG-leaders-thumbnail-1024x453.jpg"},{"@type":"BreadcrumbList","@id":"https:\/\/www.domtar.com\/fr\/sdg-leaders\/#breadcrumb","itemListElement":[{"@type":"ListItem","position":1,"name":"Home","item":"https:\/\/www.domtar.com\/fr\/"},{"@type":"ListItem","position":2,"name":"Domtar figure dans un documentaire sur les \u00ab SDG leaders \u00bb"}]},{"@type":"WebSite","@id":"https:\/\/www.domtar.com\/fr\/#website","url":"https:\/\/www.domtar.com\/fr\/","name":"Domtar | The Fiber for the Future","description":"The Sustainable Paper, Pulp and Packaging Company","publisher":{"@id":"https:\/\/www.domtar.com\/fr\/#organization"},"alternateName":"Domtar","potentialAction":[{"@type":"SearchAction","target":{"@type":"EntryPoint","urlTemplate":"https:\/\/www.domtar.com\/fr\/?s={search_term_string}"},"query-input":{"@type":"PropertyValueSpecification","valueRequired":true,"valueName":"search_term_string"}}],"inLanguage":"fr-FR"},{"@type":"Organization","@id":"https:\/\/www.domtar.com\/fr\/#organization","name":"Domtar","url":"https:\/\/www.domtar.com\/fr\/","logo":{"@type":"ImageObject","inLanguage":"fr-FR","@id":"https:\/\/www.domtar.com\/fr\/#\/schema\/logo\/image\/","url":"https:\/\/www.domtar.com\/wp-content\/uploads\/2023\/03\/domtar_logo_rgb_green.png","contentUrl":"https:\/\/www.domtar.com\/wp-content\/uploads\/2023\/03\/domtar_logo_rgb_green.png","width":1153,"height":263,"caption":"Domtar"},"image":{"@id":"https:\/\/www.domtar.com\/fr\/#\/schema\/logo\/image\/"},"sameAs":["https:\/\/www.facebook.com\/DomtarEveryday\/","https:\/\/x.com\/DomtarEveryday","https:\/\/www.linkedin.com\/company\/domtar\/","https:\/\/www.youtube.com\/channel\/UCh8Zhq2Rmxhl5Km0krrGoYw"],"ethicsPolicy":"https:\/\/www.domtar.com\/fr\/notre-entreprise\/ethique-et-conformite\/"}]}},"_links":{"self":[{"href":"https:\/\/www.domtar.com\/fr\/wp-json\/wp\/v2\/pages\/40405","targetHints":{"allow":["GET"]}}],"collection":[{"href":"https:\/\/www.domtar.com\/fr\/wp-json\/wp\/v2\/pages"}],"about":[{"href":"https:\/\/www.domtar.com\/fr\/wp-json\/wp\/v2\/types\/page"}],"author":[{"embeddable":true,"href":"https:\/\/www.domtar.com\/fr\/wp-json\/wp\/v2\/users\/1"}],"replies":[{"embeddable":true,"href":"https:\/\/www.domtar.com\/fr\/wp-json\/wp\/v2\/comments?post=40405"}],"version-history":[{"count":0,"href":"https:\/\/www.domtar.com\/fr\/wp-json\/wp\/v2\/pages\/40405\/revisions"}],"wp:attachment":[{"href":"https:\/\/www.domtar.com\/fr\/wp-json\/wp\/v2\/media?parent=40405"}],"wp:term":[{"taxonomy":"our-locations","embeddable":true,"href":"https:\/\/www.domtar.com\/fr\/wp-json\/wp\/v2\/our-locations?post=40405"}],"curies":[{"name":"wp","href":"https:\/\/api.w.org\/{rel}","templated":true}]}}