{"id":38952,"date":"2025-03-12T22:26:42","date_gmt":"2025-03-12T22:26:42","guid":{"rendered":"https:\/\/www.domtar.com\/?page_id=38952"},"modified":"2025-09-16T18:28:16","modified_gmt":"2025-09-16T18:28:16","slug":"notre-histoire","status":"publish","type":"page","link":"https:\/\/www.domtar.com\/fr\/a-propos-de-domtar\/notre-histoire\/","title":{"rendered":"Notre histoire"},"content":{"rendered":"\t\t<div data-elementor-type=\"wp-page\" data-elementor-id=\"38952\" class=\"elementor elementor-38952 elementor-36699\" data-elementor-settings=\"{&quot;element_pack_global_tooltip_width&quot;:{&quot;unit&quot;:&quot;px&quot;,&quot;size&quot;:&quot;&quot;,&quot;sizes&quot;:[]},&quot;element_pack_global_tooltip_width_tablet&quot;:{&quot;unit&quot;:&quot;px&quot;,&quot;size&quot;:&quot;&quot;,&quot;sizes&quot;:[]},&quot;element_pack_global_tooltip_width_mobile&quot;:{&quot;unit&quot;:&quot;px&quot;,&quot;size&quot;:&quot;&quot;,&quot;sizes&quot;:[]},&quot;element_pack_global_tooltip_padding&quot;:{&quot;unit&quot;:&quot;px&quot;,&quot;top&quot;:&quot;&quot;,&quot;right&quot;:&quot;&quot;,&quot;bottom&quot;:&quot;&quot;,&quot;left&quot;:&quot;&quot;,&quot;isLinked&quot;:true},&quot;element_pack_global_tooltip_padding_tablet&quot;:{&quot;unit&quot;:&quot;px&quot;,&quot;top&quot;:&quot;&quot;,&quot;right&quot;:&quot;&quot;,&quot;bottom&quot;:&quot;&quot;,&quot;left&quot;:&quot;&quot;,&quot;isLinked&quot;:true},&quot;element_pack_global_tooltip_padding_mobile&quot;:{&quot;unit&quot;:&quot;px&quot;,&quot;top&quot;:&quot;&quot;,&quot;right&quot;:&quot;&quot;,&quot;bottom&quot;:&quot;&quot;,&quot;left&quot;:&quot;&quot;,&quot;isLinked&quot;:true},&quot;element_pack_global_tooltip_border_radius&quot;:{&quot;unit&quot;:&quot;px&quot;,&quot;top&quot;:&quot;&quot;,&quot;right&quot;:&quot;&quot;,&quot;bottom&quot;:&quot;&quot;,&quot;left&quot;:&quot;&quot;,&quot;isLinked&quot;:true},&quot;element_pack_global_tooltip_border_radius_tablet&quot;:{&quot;unit&quot;:&quot;px&quot;,&quot;top&quot;:&quot;&quot;,&quot;right&quot;:&quot;&quot;,&quot;bottom&quot;:&quot;&quot;,&quot;left&quot;:&quot;&quot;,&quot;isLinked&quot;:true},&quot;element_pack_global_tooltip_border_radius_mobile&quot;:{&quot;unit&quot;:&quot;px&quot;,&quot;top&quot;:&quot;&quot;,&quot;right&quot;:&quot;&quot;,&quot;bottom&quot;:&quot;&quot;,&quot;left&quot;:&quot;&quot;,&quot;isLinked&quot;:true}}\" data-elementor-post-type=\"page\">\n\t\t\t\t\t\t<section class=\"has_eae_slider elementor-section elementor-top-section elementor-element elementor-element-7302a02 elementor-section-height-min-height dom-inner-banner elementor-section-content-top elementor-section-boxed elementor-section-height-default elementor-section-items-middle\" data-eae-slider=\"31130\" data-id=\"7302a02\" data-element_type=\"section\" data-e-type=\"section\" data-settings=\"{&quot;background_background&quot;:&quot;classic&quot;}\">\n\t\t\t\t\t\t<div class=\"elementor-container elementor-column-gap-default\">\n\t\t\t\t\t<div class=\"has_eae_slider elementor-column elementor-col-100 elementor-top-column elementor-element elementor-element-38884b0\" data-eae-slider=\"88632\" data-id=\"38884b0\" data-element_type=\"column\" data-e-type=\"column\">\n\t\t\t<div class=\"elementor-widget-wrap elementor-element-populated\">\n\t\t\t\t\t\t<section class=\"has_eae_slider elementor-section elementor-inner-section elementor-element elementor-element-b1836c0 elementor-section-height-min-height elementor-section-boxed elementor-section-height-default\" data-eae-slider=\"50041\" data-id=\"b1836c0\" data-element_type=\"section\" data-e-type=\"section\">\n\t\t\t\t\t\t<div class=\"elementor-container elementor-column-gap-default\">\n\t\t\t\t\t<div class=\"has_eae_slider elementor-column elementor-col-50 elementor-inner-column elementor-element elementor-element-f57d32b elementor-invisible\" data-eae-slider=\"17009\" data-id=\"f57d32b\" data-element_type=\"column\" data-e-type=\"column\" data-settings=\"{&quot;animation&quot;:&quot;fadeInUp&quot;}\">\n\t\t\t<div class=\"elementor-widget-wrap elementor-element-populated\">\n\t\t\t\t\t\t<div class=\"elementor-element elementor-element-473d0e1 elementor-widget elementor-widget-heading\" data-id=\"473d0e1\" data-element_type=\"widget\" data-e-type=\"widget\" data-widget_type=\"heading.default\">\n\t\t\t\t<div class=\"elementor-widget-container\">\n\t\t\t\t\t<h1 class=\"elementor-heading-title elementor-size-default\">Notre histoire<\/h1>\t\t\t\t<\/div>\n\t\t\t\t<\/div>\n\t\t\t\t\t<\/div>\n\t\t<\/div>\n\t\t\t\t<div class=\"has_eae_slider elementor-column elementor-col-50 elementor-inner-column elementor-element elementor-element-bde96df elementor-invisible\" data-eae-slider=\"784\" data-id=\"bde96df\" data-element_type=\"column\" data-e-type=\"column\" data-settings=\"{&quot;animation&quot;:&quot;fadeInRight&quot;}\">\n\t\t\t<div class=\"elementor-widget-wrap elementor-element-populated\">\n\t\t\t\t\t\t<div class=\"elementor-element elementor-element-056e43e elementor-absolute elementor-widget elementor-widget-image\" data-id=\"056e43e\" data-element_type=\"widget\" data-e-type=\"widget\" data-settings=\"{&quot;_position&quot;:&quot;absolute&quot;}\" data-widget_type=\"image.default\">\n\t\t\t\t<div class=\"elementor-widget-container\">\n\t\t\t\t\t\t\t\t\t\t\t\t\t\t\t<img fetchpriority=\"high\" decoding=\"async\" width=\"2880\" height=\"1440\" src=\"https:\/\/www.domtar.com\/wp-content\/uploads\/2025\/02\/Domtar.com-Hero-story-Template-7.png\" class=\"attachment-full size-full wp-image-35910\" alt=\"Domtar&#039;s History\" srcset=\"https:\/\/www.domtar.com\/wp-content\/uploads\/2025\/02\/Domtar.com-Hero-story-Template-7.png 2880w, https:\/\/www.domtar.com\/wp-content\/uploads\/2025\/02\/Domtar.com-Hero-story-Template-7-450x225.png 450w, https:\/\/www.domtar.com\/wp-content\/uploads\/2025\/02\/Domtar.com-Hero-story-Template-7-1024x512.png 1024w, https:\/\/www.domtar.com\/wp-content\/uploads\/2025\/02\/Domtar.com-Hero-story-Template-7-768x384.png 768w, https:\/\/www.domtar.com\/wp-content\/uploads\/2025\/02\/Domtar.com-Hero-story-Template-7-1536x768.png 1536w, https:\/\/www.domtar.com\/wp-content\/uploads\/2025\/02\/Domtar.com-Hero-story-Template-7-2048x1024.png 2048w, https:\/\/www.domtar.com\/wp-content\/uploads\/2025\/02\/Domtar.com-Hero-story-Template-7-1200x600.png 1200w, https:\/\/www.domtar.com\/wp-content\/uploads\/2025\/02\/Domtar.com-Hero-story-Template-7-1400x700.png 1400w, https:\/\/www.domtar.com\/wp-content\/uploads\/2025\/02\/Domtar.com-Hero-story-Template-7-300x150.png 300w\" sizes=\"(max-width: 2880px) 100vw, 2880px\" \/>\t\t\t\t\t\t\t\t\t\t\t\t\t\t\t<\/div>\n\t\t\t\t<\/div>\n\t\t\t\t\t<\/div>\n\t\t<\/div>\n\t\t\t\t\t<\/div>\n\t\t<\/section>\n\t\t\t\t\t<\/div>\n\t\t<\/div>\n\t\t\t\t\t<\/div>\n\t\t<\/section>\n\t\t\t\t<section class=\"has_eae_slider elementor-section elementor-top-section elementor-element elementor-element-8eaa9bb elementor-section-boxed elementor-section-height-default elementor-section-height-default\" data-eae-slider=\"44576\" data-id=\"8eaa9bb\" data-element_type=\"section\" data-e-type=\"section\">\n\t\t\t\t\t\t<div class=\"elementor-container elementor-column-gap-default\">\n\t\t\t\t\t<div class=\"has_eae_slider elementor-column elementor-col-100 elementor-top-column elementor-element elementor-element-ec2a3c6\" data-eae-slider=\"70653\" data-id=\"ec2a3c6\" data-element_type=\"column\" data-e-type=\"column\">\n\t\t\t<div class=\"elementor-widget-wrap elementor-element-populated\">\n\t\t\t\t\t\t<div class=\"elementor-element elementor-element-82127ba elementor-widget elementor-widget-text-editor\" data-id=\"82127ba\" data-element_type=\"widget\" data-e-type=\"widget\" data-widget_type=\"text-editor.default\">\n\t\t\t\t<div class=\"elementor-widget-container\">\n\t\t\t\t\t\t\t\t\t<div>Notre histoire commence en 1820, lorsque la soci\u00e9t\u00e9 William Price est cr\u00e9\u00e9e afin d\u2019exporter du bois d\u2019\u0153uvre en Grande-Bretagne depuis le Qu\u00e9bec, au Canada. L\u2019entreprise, qui change ensuite son nom en Price Brothers, reste concentr\u00e9e sur les exportations de bois d\u2019\u0153uvre jusqu\u2019en 1912, date \u00e0 laquelle elle entre dans le secteur du papier, y rejoignant plusieurs autres soci\u00e9t\u00e9s canadiennes bien \u00e9tablies. Apr\u00e8s des d\u00e9cennies de fusions et d\u2019acquisitions, l\u2019entreprise consolid\u00e9e appara\u00eet en 1979 sous le nom d\u2019Abitibi-Price.<\/div>\n<div>&nbsp;<\/div>\n<div>Pendant ce temps, en 1848, Henry Potter Burt fonde Burt, Boulton Holding Company Ltd., qui se sp\u00e9cialise dans le bois trait\u00e9 utilis\u00e9 pour les ponts ferroviaires et les quais. La soci\u00e9t\u00e9 britannique entre sur le march\u00e9 nord-am\u00e9ricain en 1859 gr\u00e2ce \u00e0 l\u2019acquisition d\u2019une scierie au Qu\u00e9bec. En 1903, l\u2019entreprise exerce ses activit\u00e9s sous le nom de Dominion Tar and Chemical Company, Ltd. En 1914, elle \u00e9tablit son si\u00e8ge social \u00e0 Montr\u00e9al, au Qu\u00e9bec. L\u2019entreprise cro\u00eet et raccourcit ensuite son nom \u00e0 Domtar, qui devient Domtar Ltd. en 1965 et Domtar Inc. en 1977. \u00c0 la fin des ann\u00e9es 1970, elle devient l\u2019une des plus grandes entreprises du Canada, avec de vastes int\u00e9r\u00eats commerciaux allant des produits chimiques et du papier fin aux produits de consommation et aux emballages.<\/div>\n<div>&nbsp;<\/div>\n<div>Les deux entreprises continuent \u00e0 peaufiner leurs offres de produits par le biais de fusions, d\u2019acquisitions et de dessaisissements au cours des ann\u00e9es 1990. En 1997, Abitibi-Price fusionne avec Stone-Consolidated pour former Abitibi-Consolidated, le plus grand producteur mondial de papier journal et de papier de p\u00e2te m\u00e9canique non couch\u00e9. Elle fait son entr\u00e9e dans le secteur des produits de bois d\u2019ing\u00e9nierie en 2003. Domtar Inc. se recentre sur la p\u00e2te et le papier dans les ann\u00e9es 1990, et en 2007, elle fusionne avec Weyerhaeuser pour former Domtar Corporation, le plus grand fabricant int\u00e9gr\u00e9 et distributeur de papier non couch\u00e9 en Am\u00e9rique du Nord, et la deuxi\u00e8me plus grande entreprise de ce type au monde.<\/div>\n<div>&nbsp;<\/div>\n<div>Le d\u00e9but des ann\u00e9es 2000 est marqu\u00e9 par plus de fusions et d\u2019acquisitions. En 2000, Abitibi-Consolidated acquiert Donohue, en 2007, Abitibi-Consolidated fusionne avec Bowater et devient AbitibiBowater, et en 2011, elle change son nom pour Produits forestiers R\u00e9solu. R\u00e9solu continue \u00e0 fabriquer du papier journal, des papiers pour usages sp\u00e9ciaux, de la p\u00e2te et des produits de bois, puis se lance dans la fabrication de granules de bois et du papier tissu. Domtar a voulu explorer les produits de soins personnels mais, en 2021, elle vend cette division apr\u00e8s \u00eatre entr\u00e9e dans l\u2019industrie de l\u2019emballage 100 % recycl\u00e9 avec la conversion en 2020 de son usine Kingsport, au Tennessee.<\/div>\n<div>&nbsp;<\/div>\n<div>En 2021, Domtar est acquise par le Groupe Papier Excellence, un fabricant mondial diversifi\u00e9 de p\u00e2tes et de papiers sp\u00e9cialis\u00e9s, d\u2019impression, d\u2019\u00e9criture et d\u2019emballage. Deux ans plus tard, le propri\u00e9taire Jackson Wijaya acquiert Produits forestiers R\u00e9solu, faisant passer les trois entreprises sous la m\u00eame direction. Gr\u00e2ce \u00e0 ces acquisitions, ainsi qu\u2019\u00e0 une acquisition ant\u00e9rieure de Catalyst Paper Corporation en 2019, le Groupe Papier Excellence devient un chef de file dans l\u2019industrie des produits forestiers en Am\u00e9rique du Nord.<\/div>\n<div>&nbsp;<\/div>\n<div>En octobre 2024, <a title=\"https:\/\/www.domtar.com\/fr\/le-groupe-papier-excellence-prend-le-nom-de-domtar\/\" href=\"https:\/\/www.domtar.com\/fr\/le-groupe-papier-excellence-prend-le-nom-de-domtar\/\" target=\"_blank\" rel=\"noopener noreferrer\" data-outlook-id=\"f449f47a-d257-43cc-8e65-012f14552b6a\">le Groupe Papier Excellence se rebaptise Domtar<\/a>, int\u00e9grant ainsi les exploitations de Domtar Corporation, de Produits forestiers R\u00e9solu et de l\u2019ancienne entreprise Paper Excellence. Les soci\u00e9t\u00e9s s\u0153urs Paper Excellence Brazil au Br\u00e9sil et <a title=\"https:\/\/www.fibre-excellence.com\/\" href=\"https:\/\/www.fibre-excellence.com\/\" target=\"_blank\" rel=\"noopener noreferrer\" data-outlook-id=\"70644f92-5daa-4df3-9406-46f2543cb396\">Fibre Excellence<\/a> en France poursuivent leurs activit\u00e9s et continuent d\u2019innover.<\/div>\n<div>&nbsp;<\/div>\n<div>En novembre 2024, <a title=\"https:\/\/www.domtar.com\/fr\/domtar-acquires-iconex-papers-point-of-sale-receipt-business-in-north-america\/\" href=\"https:\/\/www.domtar.com\/fr\/domtar-acquires-iconex-papers-point-of-sale-receipt-business-in-north-america\/\" target=\"_blank\" rel=\"noopener noreferrer\" data-outlook-id=\"9e33700e-a793-447c-8d0c-11bc9794fb03\">Domtar fait l\u2019acquisition du secteur nord-am\u00e9ricain de re\u00e7us pour syst\u00e8mes de points de vente d\u2019Iconex Paper<\/a>, faisant de l\u2019entreprise le principal fournisseur de produits de papier thermique pour syst\u00e8mes de points de vente aux \u00c9tats-Unis.<\/div>\t\t\t\t\t\t\t\t<\/div>\n\t\t\t\t<\/div>\n\t\t\t\t\t<\/div>\n\t\t<\/div>\n\t\t\t\t\t<\/div>\n\t\t<\/section>\n\t\t\t\t<\/div>\n\t\t","protected":false},"excerpt":{"rendered":"<p>Notre histoire Notre histoire commence en 1820, lorsque la soci\u00e9t\u00e9 William Price est cr\u00e9\u00e9e afin d\u2019exporter du bois d\u2019\u0153uvre en Grande-Bretagne depuis le Qu\u00e9bec, au Canada. L\u2019entreprise, qui change ensuite son nom en Price Brothers, reste concentr\u00e9e sur les exportations de bois d\u2019\u0153uvre jusqu\u2019en 1912, date \u00e0 laquelle elle entre dans le secteur du papier, &hellip;<\/p>\n","protected":false},"author":1,"featured_media":0,"parent":618,"menu_order":0,"comment_status":"closed","ping_status":"closed","template":"elementor_header_footer","meta":{"_acf_changed":false,"_genesis_block_theme_hide_title":false,"footnotes":""},"our-locations":[],"class_list":["post-38952","page","type-page","status-publish","hentry","post","without-featured-image"],"acf":[],"yoast_head":"<!-- This site is optimized with the Yoast SEO Premium plugin v27.3 (Yoast SEO v27.3) - https:\/\/yoast.com\/product\/yoast-seo-premium-wordpress\/ -->\n<title>Notre histoire - Domtar<\/title>\n<meta name=\"description\" content=\"Explorez l&#039;h\u00e9ritage de Domtar en mati\u00e8re de fabrication de papier, en retra\u00e7ant l&#039;innovation et la croissance depuis notre fondation jusqu&#039;\u00e0 aujourd&#039;hui.\" \/>\n<meta name=\"robots\" content=\"index, follow, max-snippet:-1, max-image-preview:large, max-video-preview:-1\" \/>\n<link rel=\"canonical\" href=\"https:\/\/www.domtar.com\/fr\/a-propos-de-domtar\/notre-histoire\/\" \/>\n<meta property=\"og:locale\" content=\"fr_FR\" \/>\n<meta property=\"og:type\" content=\"article\" \/>\n<meta property=\"og:title\" content=\"Notre histoire\" \/>\n<meta property=\"og:description\" content=\"Explorez l&#039;h\u00e9ritage de Domtar en mati\u00e8re de fabrication de papier, en retra\u00e7ant l&#039;innovation et la croissance depuis notre fondation jusqu&#039;\u00e0 aujourd&#039;hui.\" \/>\n<meta property=\"og:url\" content=\"https:\/\/www.domtar.com\/fr\/a-propos-de-domtar\/notre-histoire\/\" \/>\n<meta property=\"og:site_name\" content=\"Domtar\" \/>\n<meta property=\"article:publisher\" content=\"https:\/\/www.facebook.com\/DomtarEveryday\/\" \/>\n<meta property=\"article:modified_time\" content=\"2025-09-16T18:28:16+00:00\" \/>\n<meta property=\"og:image\" content=\"https:\/\/www.domtar.com\/wp-content\/uploads\/2025\/02\/Domtar.com-Hero-story-Template-7-1024x512.png\" \/>\n\t<meta property=\"og:image:width\" content=\"1024\" \/>\n\t<meta property=\"og:image:height\" content=\"512\" \/>\n\t<meta property=\"og:image:type\" content=\"image\/png\" \/>\n<meta name=\"twitter:card\" content=\"summary_large_image\" \/>\n<meta name=\"twitter:site\" content=\"@DomtarEveryday\" \/>\n<meta name=\"twitter:label1\" content=\"Dur\u00e9e de lecture estim\u00e9e\" \/>\n\t<meta name=\"twitter:data1\" content=\"4 minutes\" \/>\n<script type=\"application\/ld+json\" class=\"yoast-schema-graph\">{\"@context\":\"https:\\\/\\\/schema.org\",\"@graph\":[{\"@type\":\"WebPage\",\"@id\":\"https:\\\/\\\/www.domtar.com\\\/fr\\\/a-propos-de-domtar\\\/notre-histoire\\\/\",\"url\":\"https:\\\/\\\/www.domtar.com\\\/fr\\\/a-propos-de-domtar\\\/notre-histoire\\\/\",\"name\":\"Notre histoire - Domtar\",\"isPartOf\":{\"@id\":\"https:\\\/\\\/www.domtar.com\\\/fr\\\/#website\"},\"primaryImageOfPage\":{\"@id\":\"https:\\\/\\\/www.domtar.com\\\/fr\\\/a-propos-de-domtar\\\/notre-histoire\\\/#primaryimage\"},\"image\":{\"@id\":\"https:\\\/\\\/www.domtar.com\\\/fr\\\/a-propos-de-domtar\\\/notre-histoire\\\/#primaryimage\"},\"thumbnailUrl\":\"https:\\\/\\\/www.domtar.com\\\/wp-content\\\/uploads\\\/2025\\\/02\\\/Domtar.com-Hero-story-Template-7.png\",\"datePublished\":\"2025-03-12T22:26:42+00:00\",\"dateModified\":\"2025-09-16T18:28:16+00:00\",\"description\":\"Explorez l'h\u00e9ritage de Domtar en mati\u00e8re de fabrication de papier, en retra\u00e7ant l'innovation et la croissance depuis notre fondation jusqu'\u00e0 aujourd'hui.\",\"breadcrumb\":{\"@id\":\"https:\\\/\\\/www.domtar.com\\\/fr\\\/a-propos-de-domtar\\\/notre-histoire\\\/#breadcrumb\"},\"inLanguage\":\"fr-FR\",\"potentialAction\":[{\"@type\":\"ReadAction\",\"target\":[\"https:\\\/\\\/www.domtar.com\\\/fr\\\/a-propos-de-domtar\\\/notre-histoire\\\/\"]}]},{\"@type\":\"ImageObject\",\"inLanguage\":\"fr-FR\",\"@id\":\"https:\\\/\\\/www.domtar.com\\\/fr\\\/a-propos-de-domtar\\\/notre-histoire\\\/#primaryimage\",\"url\":\"https:\\\/\\\/www.domtar.com\\\/wp-content\\\/uploads\\\/2025\\\/02\\\/Domtar.com-Hero-story-Template-7.png\",\"contentUrl\":\"https:\\\/\\\/www.domtar.com\\\/wp-content\\\/uploads\\\/2025\\\/02\\\/Domtar.com-Hero-story-Template-7.png\"},{\"@type\":\"BreadcrumbList\",\"@id\":\"https:\\\/\\\/www.domtar.com\\\/fr\\\/a-propos-de-domtar\\\/notre-histoire\\\/#breadcrumb\",\"itemListElement\":[{\"@type\":\"ListItem\",\"position\":1,\"name\":\"Home\",\"item\":\"https:\\\/\\\/www.domtar.com\\\/fr\\\/\"},{\"@type\":\"ListItem\",\"position\":2,\"name\":\"\u00c0 propos de Domtar\",\"item\":\"https:\\\/\\\/www.domtar.com\\\/fr\\\/a-propos-de-domtar\\\/\"},{\"@type\":\"ListItem\",\"position\":3,\"name\":\"Notre histoire\"}]},{\"@type\":\"WebSite\",\"@id\":\"https:\\\/\\\/www.domtar.com\\\/fr\\\/#website\",\"url\":\"https:\\\/\\\/www.domtar.com\\\/fr\\\/\",\"name\":\"Domtar | The Fiber for the Future\",\"description\":\"The Sustainable Paper, Pulp and Packaging Company\",\"publisher\":{\"@id\":\"https:\\\/\\\/www.domtar.com\\\/fr\\\/#organization\"},\"alternateName\":\"Domtar\",\"potentialAction\":[{\"@type\":\"SearchAction\",\"target\":{\"@type\":\"EntryPoint\",\"urlTemplate\":\"https:\\\/\\\/www.domtar.com\\\/fr\\\/?s={search_term_string}\"},\"query-input\":{\"@type\":\"PropertyValueSpecification\",\"valueRequired\":true,\"valueName\":\"search_term_string\"}}],\"inLanguage\":\"fr-FR\"},{\"@type\":\"Organization\",\"@id\":\"https:\\\/\\\/www.domtar.com\\\/fr\\\/#organization\",\"name\":\"Domtar\",\"url\":\"https:\\\/\\\/www.domtar.com\\\/fr\\\/\",\"logo\":{\"@type\":\"ImageObject\",\"inLanguage\":\"fr-FR\",\"@id\":\"https:\\\/\\\/www.domtar.com\\\/fr\\\/#\\\/schema\\\/logo\\\/image\\\/\",\"url\":\"https:\\\/\\\/www.domtar.com\\\/wp-content\\\/uploads\\\/2023\\\/03\\\/domtar_logo_rgb_green.png\",\"contentUrl\":\"https:\\\/\\\/www.domtar.com\\\/wp-content\\\/uploads\\\/2023\\\/03\\\/domtar_logo_rgb_green.png\",\"width\":1153,\"height\":263,\"caption\":\"Domtar\"},\"image\":{\"@id\":\"https:\\\/\\\/www.domtar.com\\\/fr\\\/#\\\/schema\\\/logo\\\/image\\\/\"},\"sameAs\":[\"https:\\\/\\\/www.facebook.com\\\/DomtarEveryday\\\/\",\"https:\\\/\\\/x.com\\\/DomtarEveryday\",\"https:\\\/\\\/www.linkedin.com\\\/company\\\/domtar\\\/\",\"https:\\\/\\\/www.youtube.com\\\/channel\\\/UCh8Zhq2Rmxhl5Km0krrGoYw\"],\"ethicsPolicy\":\"https:\\\/\\\/www.domtar.com\\\/fr\\\/notre-entreprise\\\/ethique-et-conformite\\\/\"}]}<\/script>\n<!-- \/ Yoast SEO Premium plugin. -->","yoast_head_json":{"title":"Notre histoire - Domtar","description":"Explorez l'h\u00e9ritage de Domtar en mati\u00e8re de fabrication de papier, en retra\u00e7ant l'innovation et la croissance depuis notre fondation jusqu'\u00e0 aujourd'hui.","robots":{"index":"index","follow":"follow","max-snippet":"max-snippet:-1","max-image-preview":"max-image-preview:large","max-video-preview":"max-video-preview:-1"},"canonical":"https:\/\/www.domtar.com\/fr\/a-propos-de-domtar\/notre-histoire\/","og_locale":"fr_FR","og_type":"article","og_title":"Notre histoire","og_description":"Explorez l'h\u00e9ritage de Domtar en mati\u00e8re de fabrication de papier, en retra\u00e7ant l'innovation et la croissance depuis notre fondation jusqu'\u00e0 aujourd'hui.","og_url":"https:\/\/www.domtar.com\/fr\/a-propos-de-domtar\/notre-histoire\/","og_site_name":"Domtar","article_publisher":"https:\/\/www.facebook.com\/DomtarEveryday\/","article_modified_time":"2025-09-16T18:28:16+00:00","og_image":[{"width":1024,"height":512,"url":"https:\/\/www.domtar.com\/wp-content\/uploads\/2025\/02\/Domtar.com-Hero-story-Template-7-1024x512.png","type":"image\/png"}],"twitter_card":"summary_large_image","twitter_site":"@DomtarEveryday","twitter_misc":{"Dur\u00e9e de lecture estim\u00e9e":"4 minutes"},"schema":{"@context":"https:\/\/schema.org","@graph":[{"@type":"WebPage","@id":"https:\/\/www.domtar.com\/fr\/a-propos-de-domtar\/notre-histoire\/","url":"https:\/\/www.domtar.com\/fr\/a-propos-de-domtar\/notre-histoire\/","name":"Notre histoire - Domtar","isPartOf":{"@id":"https:\/\/www.domtar.com\/fr\/#website"},"primaryImageOfPage":{"@id":"https:\/\/www.domtar.com\/fr\/a-propos-de-domtar\/notre-histoire\/#primaryimage"},"image":{"@id":"https:\/\/www.domtar.com\/fr\/a-propos-de-domtar\/notre-histoire\/#primaryimage"},"thumbnailUrl":"https:\/\/www.domtar.com\/wp-content\/uploads\/2025\/02\/Domtar.com-Hero-story-Template-7.png","datePublished":"2025-03-12T22:26:42+00:00","dateModified":"2025-09-16T18:28:16+00:00","description":"Explorez l'h\u00e9ritage de Domtar en mati\u00e8re de fabrication de papier, en retra\u00e7ant l'innovation et la croissance depuis notre fondation jusqu'\u00e0 aujourd'hui.","breadcrumb":{"@id":"https:\/\/www.domtar.com\/fr\/a-propos-de-domtar\/notre-histoire\/#breadcrumb"},"inLanguage":"fr-FR","potentialAction":[{"@type":"ReadAction","target":["https:\/\/www.domtar.com\/fr\/a-propos-de-domtar\/notre-histoire\/"]}]},{"@type":"ImageObject","inLanguage":"fr-FR","@id":"https:\/\/www.domtar.com\/fr\/a-propos-de-domtar\/notre-histoire\/#primaryimage","url":"https:\/\/www.domtar.com\/wp-content\/uploads\/2025\/02\/Domtar.com-Hero-story-Template-7.png","contentUrl":"https:\/\/www.domtar.com\/wp-content\/uploads\/2025\/02\/Domtar.com-Hero-story-Template-7.png"},{"@type":"BreadcrumbList","@id":"https:\/\/www.domtar.com\/fr\/a-propos-de-domtar\/notre-histoire\/#breadcrumb","itemListElement":[{"@type":"ListItem","position":1,"name":"Home","item":"https:\/\/www.domtar.com\/fr\/"},{"@type":"ListItem","position":2,"name":"\u00c0 propos de Domtar","item":"https:\/\/www.domtar.com\/fr\/a-propos-de-domtar\/"},{"@type":"ListItem","position":3,"name":"Notre histoire"}]},{"@type":"WebSite","@id":"https:\/\/www.domtar.com\/fr\/#website","url":"https:\/\/www.domtar.com\/fr\/","name":"Domtar | The Fiber for the Future","description":"The Sustainable Paper, Pulp and Packaging Company","publisher":{"@id":"https:\/\/www.domtar.com\/fr\/#organization"},"alternateName":"Domtar","potentialAction":[{"@type":"SearchAction","target":{"@type":"EntryPoint","urlTemplate":"https:\/\/www.domtar.com\/fr\/?s={search_term_string}"},"query-input":{"@type":"PropertyValueSpecification","valueRequired":true,"valueName":"search_term_string"}}],"inLanguage":"fr-FR"},{"@type":"Organization","@id":"https:\/\/www.domtar.com\/fr\/#organization","name":"Domtar","url":"https:\/\/www.domtar.com\/fr\/","logo":{"@type":"ImageObject","inLanguage":"fr-FR","@id":"https:\/\/www.domtar.com\/fr\/#\/schema\/logo\/image\/","url":"https:\/\/www.domtar.com\/wp-content\/uploads\/2023\/03\/domtar_logo_rgb_green.png","contentUrl":"https:\/\/www.domtar.com\/wp-content\/uploads\/2023\/03\/domtar_logo_rgb_green.png","width":1153,"height":263,"caption":"Domtar"},"image":{"@id":"https:\/\/www.domtar.com\/fr\/#\/schema\/logo\/image\/"},"sameAs":["https:\/\/www.facebook.com\/DomtarEveryday\/","https:\/\/x.com\/DomtarEveryday","https:\/\/www.linkedin.com\/company\/domtar\/","https:\/\/www.youtube.com\/channel\/UCh8Zhq2Rmxhl5Km0krrGoYw"],"ethicsPolicy":"https:\/\/www.domtar.com\/fr\/notre-entreprise\/ethique-et-conformite\/"}]}},"_links":{"self":[{"href":"https:\/\/www.domtar.com\/fr\/wp-json\/wp\/v2\/pages\/38952","targetHints":{"allow":["GET"]}}],"collection":[{"href":"https:\/\/www.domtar.com\/fr\/wp-json\/wp\/v2\/pages"}],"about":[{"href":"https:\/\/www.domtar.com\/fr\/wp-json\/wp\/v2\/types\/page"}],"author":[{"embeddable":true,"href":"https:\/\/www.domtar.com\/fr\/wp-json\/wp\/v2\/users\/1"}],"replies":[{"embeddable":true,"href":"https:\/\/www.domtar.com\/fr\/wp-json\/wp\/v2\/comments?post=38952"}],"version-history":[{"count":0,"href":"https:\/\/www.domtar.com\/fr\/wp-json\/wp\/v2\/pages\/38952\/revisions"}],"up":[{"embeddable":true,"href":"https:\/\/www.domtar.com\/fr\/wp-json\/wp\/v2\/pages\/618"}],"wp:attachment":[{"href":"https:\/\/www.domtar.com\/fr\/wp-json\/wp\/v2\/media?parent=38952"}],"wp:term":[{"taxonomy":"our-locations","embeddable":true,"href":"https:\/\/www.domtar.com\/fr\/wp-json\/wp\/v2\/our-locations?post=38952"}],"curies":[{"name":"wp","href":"https:\/\/api.w.org\/{rel}","templated":true}]}}