{"id":38234,"date":"2025-05-27T21:29:20","date_gmt":"2025-05-27T21:29:20","guid":{"rendered":"https:\/\/www.domtar.com\/mental-health-awareness\/"},"modified":"2025-05-28T17:04:37","modified_gmt":"2025-05-28T17:04:37","slug":"sensibilisation-a-la-sante-mentale","status":"publish","type":"page","link":"https:\/\/www.domtar.com\/fr\/sensibilisation-a-la-sante-mentale\/","title":{"rendered":"Papier et crayons pour nourrir son esprit et favoriser le bien-\u00eatre au quotidien"},"content":{"rendered":"\t\t<div data-elementor-type=\"wp-page\" data-elementor-id=\"38234\" class=\"elementor elementor-38234 elementor-38223\" data-elementor-settings=\"{&quot;element_pack_global_tooltip_width&quot;:{&quot;unit&quot;:&quot;px&quot;,&quot;size&quot;:&quot;&quot;,&quot;sizes&quot;:[]},&quot;element_pack_global_tooltip_width_tablet&quot;:{&quot;unit&quot;:&quot;px&quot;,&quot;size&quot;:&quot;&quot;,&quot;sizes&quot;:[]},&quot;element_pack_global_tooltip_width_mobile&quot;:{&quot;unit&quot;:&quot;px&quot;,&quot;size&quot;:&quot;&quot;,&quot;sizes&quot;:[]},&quot;element_pack_global_tooltip_padding&quot;:{&quot;unit&quot;:&quot;px&quot;,&quot;top&quot;:&quot;&quot;,&quot;right&quot;:&quot;&quot;,&quot;bottom&quot;:&quot;&quot;,&quot;left&quot;:&quot;&quot;,&quot;isLinked&quot;:true},&quot;element_pack_global_tooltip_padding_tablet&quot;:{&quot;unit&quot;:&quot;px&quot;,&quot;top&quot;:&quot;&quot;,&quot;right&quot;:&quot;&quot;,&quot;bottom&quot;:&quot;&quot;,&quot;left&quot;:&quot;&quot;,&quot;isLinked&quot;:true},&quot;element_pack_global_tooltip_padding_mobile&quot;:{&quot;unit&quot;:&quot;px&quot;,&quot;top&quot;:&quot;&quot;,&quot;right&quot;:&quot;&quot;,&quot;bottom&quot;:&quot;&quot;,&quot;left&quot;:&quot;&quot;,&quot;isLinked&quot;:true},&quot;element_pack_global_tooltip_border_radius&quot;:{&quot;unit&quot;:&quot;px&quot;,&quot;top&quot;:&quot;&quot;,&quot;right&quot;:&quot;&quot;,&quot;bottom&quot;:&quot;&quot;,&quot;left&quot;:&quot;&quot;,&quot;isLinked&quot;:true},&quot;element_pack_global_tooltip_border_radius_tablet&quot;:{&quot;unit&quot;:&quot;px&quot;,&quot;top&quot;:&quot;&quot;,&quot;right&quot;:&quot;&quot;,&quot;bottom&quot;:&quot;&quot;,&quot;left&quot;:&quot;&quot;,&quot;isLinked&quot;:true},&quot;element_pack_global_tooltip_border_radius_mobile&quot;:{&quot;unit&quot;:&quot;px&quot;,&quot;top&quot;:&quot;&quot;,&quot;right&quot;:&quot;&quot;,&quot;bottom&quot;:&quot;&quot;,&quot;left&quot;:&quot;&quot;,&quot;isLinked&quot;:true}}\" data-elementor-post-type=\"page\">\n\t\t\t\t\t\t<section class=\"has_eae_slider elementor-section elementor-top-section elementor-element elementor-element-e736610 elementor-section-height-min-height dom-inner-banner elementor-section-content-top elementor-section-boxed elementor-section-height-default elementor-section-items-middle\" data-eae-slider=\"62973\" data-id=\"e736610\" data-element_type=\"section\" data-e-type=\"section\" data-settings=\"{&quot;background_background&quot;:&quot;classic&quot;}\">\n\t\t\t\t\t\t<div class=\"elementor-container elementor-column-gap-default\">\n\t\t\t\t\t<div class=\"has_eae_slider elementor-column elementor-col-100 elementor-top-column elementor-element elementor-element-13e01ec\" data-eae-slider=\"95861\" data-id=\"13e01ec\" data-element_type=\"column\" data-e-type=\"column\">\n\t\t\t<div class=\"elementor-widget-wrap elementor-element-populated\">\n\t\t\t\t\t\t<section class=\"has_eae_slider elementor-section elementor-inner-section elementor-element elementor-element-ccdbf27 elementor-section-height-min-height elementor-section-boxed elementor-section-height-default\" data-eae-slider=\"7696\" data-id=\"ccdbf27\" data-element_type=\"section\" data-e-type=\"section\">\n\t\t\t\t\t\t<div class=\"elementor-container elementor-column-gap-default\">\n\t\t\t\t\t<div class=\"has_eae_slider elementor-column elementor-col-50 elementor-inner-column elementor-element elementor-element-dc8f100 elementor-invisible\" data-eae-slider=\"64500\" data-id=\"dc8f100\" data-element_type=\"column\" data-e-type=\"column\" data-settings=\"{&quot;animation&quot;:&quot;fadeInUp&quot;}\">\n\t\t\t<div class=\"elementor-widget-wrap elementor-element-populated\">\n\t\t\t\t\t\t<div class=\"elementor-element elementor-element-0632762 elementor-widget elementor-widget-heading\" data-id=\"0632762\" data-element_type=\"widget\" data-e-type=\"widget\" data-widget_type=\"heading.default\">\n\t\t\t\t<div class=\"elementor-widget-container\">\n\t\t\t\t\t<h1 class=\"elementor-heading-title elementor-size-default\">Papier et crayons pour nourrir son esprit et favoriser le bien-\u00eatre au quotidien<\/h1>\t\t\t\t<\/div>\n\t\t\t\t<\/div>\n\t\t\t\t\t<\/div>\n\t\t<\/div>\n\t\t\t\t<div class=\"has_eae_slider elementor-column elementor-col-50 elementor-inner-column elementor-element elementor-element-3c9757c elementor-invisible\" data-eae-slider=\"16398\" data-id=\"3c9757c\" data-element_type=\"column\" data-e-type=\"column\" data-settings=\"{&quot;animation&quot;:&quot;fadeInRight&quot;}\">\n\t\t\t<div class=\"elementor-widget-wrap elementor-element-populated\">\n\t\t\t\t\t\t<div class=\"elementor-element elementor-element-c3b879f elementor-absolute elementor-widget elementor-widget-image\" data-id=\"c3b879f\" data-element_type=\"widget\" data-e-type=\"widget\" data-settings=\"{&quot;_position&quot;:&quot;absolute&quot;}\" data-widget_type=\"image.default\">\n\t\t\t\t<div class=\"elementor-widget-container\">\n\t\t\t\t\t\t\t\t\t\t\t\t\t\t\t<img fetchpriority=\"high\" decoding=\"async\" width=\"800\" height=\"479\" src=\"https:\/\/www.domtar.com\/wp-content\/uploads\/2025\/05\/image-7.jpg\" class=\"attachment-full size-full wp-image-38227\" alt=\"mental health awareness month\" srcset=\"https:\/\/www.domtar.com\/wp-content\/uploads\/2025\/05\/image-7.jpg 800w, https:\/\/www.domtar.com\/wp-content\/uploads\/2025\/05\/image-7-450x269.jpg 450w, https:\/\/www.domtar.com\/wp-content\/uploads\/2025\/05\/image-7-768x460.jpg 768w, https:\/\/www.domtar.com\/wp-content\/uploads\/2025\/05\/image-7-300x180.jpg 300w\" sizes=\"(max-width: 800px) 100vw, 800px\" \/>\t\t\t\t\t\t\t\t\t\t\t\t\t\t\t<\/div>\n\t\t\t\t<\/div>\n\t\t\t\t\t<\/div>\n\t\t<\/div>\n\t\t\t\t\t<\/div>\n\t\t<\/section>\n\t\t\t\t\t<\/div>\n\t\t<\/div>\n\t\t\t\t\t<\/div>\n\t\t<\/section>\n\t\t\t\t<section class=\"has_eae_slider elementor-section elementor-top-section elementor-element elementor-element-d158fa6 elementor-section-boxed elementor-section-height-default elementor-section-height-default\" data-eae-slider=\"55870\" data-id=\"d158fa6\" data-element_type=\"section\" data-e-type=\"section\">\n\t\t\t\t\t\t<div class=\"elementor-container elementor-column-gap-default\">\n\t\t\t\t\t<div class=\"has_eae_slider elementor-column elementor-col-100 elementor-top-column elementor-element elementor-element-6e86e0e\" data-eae-slider=\"95633\" data-id=\"6e86e0e\" data-element_type=\"column\" data-e-type=\"column\">\n\t\t\t<div class=\"elementor-widget-wrap elementor-element-populated\">\n\t\t\t\t\t\t<div class=\"elementor-element elementor-element-83eca5b elementor-widget elementor-widget-text-editor\" data-id=\"83eca5b\" data-element_type=\"widget\" data-e-type=\"widget\" data-widget_type=\"text-editor.default\">\n\t\t\t\t<div class=\"elementor-widget-container\">\n\t\t\t\t\t\t\t\t\t<p>Mai \u00e9tant le Mois de la sensibilisation \u00e0 la sant\u00e9 mentale, voil\u00e0 l\u2019occasion toute trouv\u00e9e de vous pencher sur votre bien-\u00eatre mental. Afin de susciter des \u00e9motions positives et d\u2019affronter les d\u00e9fis de la vie, il suffit de vous munir de papier et de crayons. L\u2019expression de soi peut passer, par exemple, par les arts visuels comme la peinture et le dessin, ou par la tenue d\u2019un journal personnel pour t\u00e9moigner sa gratitude. Les moyens concrets pour lib\u00e9rer le stress stimulent<\/p><p>la facult\u00e9 cerveau de r\u00e9organiser les connexions nerveuses pour am\u00e9liorer la sant\u00e9 mentale globale. \u202f<\/p><p>D\u00e9couvrez des moyens utiles et cr\u00e9atifs de g\u00e9rer vos \u00e9motions et d\u2019entra\u00eener votre cerveau en lisant ces articles de Domtar :\u202f<\/p><p><a href=\"https:\/\/www.domtar.com\/fr\/lart-therapie-un-exutoire-tangible-pour-le-deuil-les-traumatismes-et-lanxiete\/\" target=\"_blank\" rel=\"noopener\">Art-th\u00e9rapie : un exutoire tangible pour le deuil, les traumatismes et l&rsquo;anxi\u00e9t\u00e9 \u202f<\/a><\/p><p><a href=\"https:\/\/www.domtar.com\/fr\/blog-posts\/ecrire-pour-soi\/\" target=\"_blank\" rel=\"noopener\">\u00c9crire pour soi\u202f<\/a><\/p><p><a href=\"https:\/\/www.domtar.com\/fr\/trois-facons-dadopter-une-attitude-de-gratitude-avec-le-papier\/\" target=\"_blank\" rel=\"noopener\">Trois fa\u00e7ons d&rsquo;adopter une attitude de gratitude avec le papier<\/a><\/p><p>Rappelez-vous que les habitudes visant \u00e0 favoriser une sant\u00e9 mentale saine et \u00e0 am\u00e9liorer l\u2019humeur se cultivent r\u00e9guli\u00e8rement, et non pas seulement en mai. L\u2019usage d\u2019un mat\u00e9riau peu co\u00fbteux tel que le papier, que vous y ayez recours quelques minutes ou des heures \u00e0 la fois, apporte de nombreux bienfaits sur le plan de la sant\u00e9 mentale.\u202f<\/p>\t\t\t\t\t\t\t\t<\/div>\n\t\t\t\t<\/div>\n\t\t\t\t\t<\/div>\n\t\t<\/div>\n\t\t\t\t\t<\/div>\n\t\t<\/section>\n\t\t\t\t<section class=\"has_eae_slider elementor-section elementor-top-section elementor-element elementor-element-c3db71d elementor-section-boxed elementor-section-height-default elementor-section-height-default\" data-eae-slider=\"16658\" data-id=\"c3db71d\" data-element_type=\"section\" data-e-type=\"section\">\n\t\t\t\t\t\t<div class=\"elementor-container elementor-column-gap-default\">\n\t\t\t\t\t<div class=\"has_eae_slider elementor-column elementor-col-100 elementor-top-column elementor-element elementor-element-a5e4928\" data-eae-slider=\"8578\" data-id=\"a5e4928\" data-element_type=\"column\" data-e-type=\"column\">\n\t\t\t<div class=\"elementor-widget-wrap\">\n\t\t\t\t\t\t\t<\/div>\n\t\t<\/div>\n\t\t\t\t\t<\/div>\n\t\t<\/section>\n\t\t\t\t<\/div>\n\t\t","protected":false},"excerpt":{"rendered":"<p>May is Mental Health Awareness Month\u2014a time to prioritize your wellbeing. Learn how simple tools like paper and pen can support mental health<\/p>\n","protected":false},"author":1,"featured_media":0,"parent":0,"menu_order":0,"comment_status":"closed","ping_status":"closed","template":"elementor_header_footer","meta":{"_acf_changed":false,"_genesis_block_theme_hide_title":false,"footnotes":""},"our-locations":[],"class_list":["post-38234","page","type-page","status-publish","hentry","post","without-featured-image"],"acf":[],"yoast_head":"<!-- This site is optimized with the Yoast SEO Premium plugin v27.4 (Yoast SEO v27.4) - https:\/\/yoast.com\/product\/yoast-seo-premium-wordpress\/ -->\n<title>Papier et crayons pour nourrir son esprit et favoriser le bien-\u00eatre au quotidien - Domtar<\/title>\n<meta name=\"description\" content=\"Le mois de mai est le mois de la sensibilisation \u00e0 la sant\u00e9 mentale. C&#039;est le moment de donner la priorit\u00e9 \u00e0 votre bien-\u00eatre. D\u00e9couvrez comment des outils aussi simples qu&#039;un papier et un stylo peuvent contribuer \u00e0 la sant\u00e9 mentale.\" \/>\n<meta name=\"robots\" content=\"index, follow, max-snippet:-1, max-image-preview:large, max-video-preview:-1\" \/>\n<link rel=\"canonical\" href=\"https:\/\/www.domtar.com\/fr\/sensibilisation-a-la-sante-mentale\/\" \/>\n<meta property=\"og:locale\" content=\"fr_FR\" \/>\n<meta property=\"og:type\" content=\"article\" \/>\n<meta property=\"og:title\" content=\"Papier et crayons pour nourrir son esprit et favoriser le bien-\u00eatre au quotidien\" \/>\n<meta property=\"og:description\" content=\"Le mois de mai est le mois de la sensibilisation \u00e0 la sant\u00e9 mentale. C&#039;est le moment de donner la priorit\u00e9 \u00e0 votre bien-\u00eatre. D\u00e9couvrez comment des outils aussi simples qu&#039;un papier et un stylo peuvent contribuer \u00e0 la sant\u00e9 mentale.\" \/>\n<meta property=\"og:url\" content=\"https:\/\/www.domtar.com\/fr\/sensibilisation-a-la-sante-mentale\/\" \/>\n<meta property=\"og:site_name\" content=\"Domtar\" \/>\n<meta property=\"article:publisher\" content=\"https:\/\/www.facebook.com\/DomtarEveryday\/\" \/>\n<meta property=\"article:modified_time\" content=\"2025-05-28T17:04:37+00:00\" \/>\n<meta property=\"og:image\" content=\"https:\/\/www.domtar.com\/wp-content\/uploads\/2025\/05\/image-7.jpg\" \/>\n\t<meta property=\"og:image:width\" content=\"800\" \/>\n\t<meta property=\"og:image:height\" content=\"479\" \/>\n\t<meta property=\"og:image:type\" content=\"image\/jpeg\" \/>\n<meta name=\"twitter:card\" content=\"summary_large_image\" \/>\n<meta name=\"twitter:site\" content=\"@DomtarEveryday\" \/>\n<meta name=\"twitter:label1\" content=\"Dur\u00e9e de lecture estim\u00e9e\" \/>\n\t<meta name=\"twitter:data1\" content=\"2 minutes\" \/>\n<script type=\"application\/ld+json\" class=\"yoast-schema-graph\">{\"@context\":\"https:\\\/\\\/schema.org\",\"@graph\":[{\"@type\":\"WebPage\",\"@id\":\"https:\\\/\\\/www.domtar.com\\\/fr\\\/sensibilisation-a-la-sante-mentale\\\/\",\"url\":\"https:\\\/\\\/www.domtar.com\\\/fr\\\/sensibilisation-a-la-sante-mentale\\\/\",\"name\":\"Papier et crayons pour nourrir son esprit et favoriser le bien-\u00eatre au quotidien - Domtar\",\"isPartOf\":{\"@id\":\"https:\\\/\\\/www.domtar.com\\\/fr\\\/#website\"},\"primaryImageOfPage\":{\"@id\":\"https:\\\/\\\/www.domtar.com\\\/fr\\\/sensibilisation-a-la-sante-mentale\\\/#primaryimage\"},\"image\":{\"@id\":\"https:\\\/\\\/www.domtar.com\\\/fr\\\/sensibilisation-a-la-sante-mentale\\\/#primaryimage\"},\"thumbnailUrl\":\"https:\\\/\\\/www.domtar.com\\\/wp-content\\\/uploads\\\/2025\\\/05\\\/image-7.jpg\",\"datePublished\":\"2025-05-27T21:29:20+00:00\",\"dateModified\":\"2025-05-28T17:04:37+00:00\",\"description\":\"Le mois de mai est le mois de la sensibilisation \u00e0 la sant\u00e9 mentale. C'est le moment de donner la priorit\u00e9 \u00e0 votre bien-\u00eatre. D\u00e9couvrez comment des outils aussi simples qu'un papier et un stylo peuvent contribuer \u00e0 la sant\u00e9 mentale.\",\"breadcrumb\":{\"@id\":\"https:\\\/\\\/www.domtar.com\\\/fr\\\/sensibilisation-a-la-sante-mentale\\\/#breadcrumb\"},\"inLanguage\":\"fr-FR\",\"potentialAction\":[{\"@type\":\"ReadAction\",\"target\":[\"https:\\\/\\\/www.domtar.com\\\/fr\\\/sensibilisation-a-la-sante-mentale\\\/\"]}]},{\"@type\":\"ImageObject\",\"inLanguage\":\"fr-FR\",\"@id\":\"https:\\\/\\\/www.domtar.com\\\/fr\\\/sensibilisation-a-la-sante-mentale\\\/#primaryimage\",\"url\":\"https:\\\/\\\/www.domtar.com\\\/wp-content\\\/uploads\\\/2025\\\/05\\\/image-7.jpg\",\"contentUrl\":\"https:\\\/\\\/www.domtar.com\\\/wp-content\\\/uploads\\\/2025\\\/05\\\/image-7.jpg\"},{\"@type\":\"BreadcrumbList\",\"@id\":\"https:\\\/\\\/www.domtar.com\\\/fr\\\/sensibilisation-a-la-sante-mentale\\\/#breadcrumb\",\"itemListElement\":[{\"@type\":\"ListItem\",\"position\":1,\"name\":\"Home\",\"item\":\"https:\\\/\\\/www.domtar.com\\\/fr\\\/\"},{\"@type\":\"ListItem\",\"position\":2,\"name\":\"Papier et crayons pour nourrir son esprit et favoriser le bien-\u00eatre au quotidien\"}]},{\"@type\":\"WebSite\",\"@id\":\"https:\\\/\\\/www.domtar.com\\\/fr\\\/#website\",\"url\":\"https:\\\/\\\/www.domtar.com\\\/fr\\\/\",\"name\":\"Domtar | The Fiber for the Future\",\"description\":\"The Sustainable Paper, Pulp and Packaging Company\",\"publisher\":{\"@id\":\"https:\\\/\\\/www.domtar.com\\\/fr\\\/#organization\"},\"alternateName\":\"Domtar\",\"potentialAction\":[{\"@type\":\"SearchAction\",\"target\":{\"@type\":\"EntryPoint\",\"urlTemplate\":\"https:\\\/\\\/www.domtar.com\\\/fr\\\/?s={search_term_string}\"},\"query-input\":{\"@type\":\"PropertyValueSpecification\",\"valueRequired\":true,\"valueName\":\"search_term_string\"}}],\"inLanguage\":\"fr-FR\"},{\"@type\":\"Organization\",\"@id\":\"https:\\\/\\\/www.domtar.com\\\/fr\\\/#organization\",\"name\":\"Domtar\",\"url\":\"https:\\\/\\\/www.domtar.com\\\/fr\\\/\",\"logo\":{\"@type\":\"ImageObject\",\"inLanguage\":\"fr-FR\",\"@id\":\"https:\\\/\\\/www.domtar.com\\\/fr\\\/#\\\/schema\\\/logo\\\/image\\\/\",\"url\":\"https:\\\/\\\/www.domtar.com\\\/wp-content\\\/uploads\\\/2023\\\/03\\\/domtar_logo_rgb_green.png\",\"contentUrl\":\"https:\\\/\\\/www.domtar.com\\\/wp-content\\\/uploads\\\/2023\\\/03\\\/domtar_logo_rgb_green.png\",\"width\":1153,\"height\":263,\"caption\":\"Domtar\"},\"image\":{\"@id\":\"https:\\\/\\\/www.domtar.com\\\/fr\\\/#\\\/schema\\\/logo\\\/image\\\/\"},\"sameAs\":[\"https:\\\/\\\/www.facebook.com\\\/DomtarEveryday\\\/\",\"https:\\\/\\\/x.com\\\/DomtarEveryday\",\"https:\\\/\\\/www.linkedin.com\\\/company\\\/domtar\\\/\",\"https:\\\/\\\/www.youtube.com\\\/channel\\\/UCh8Zhq2Rmxhl5Km0krrGoYw\"],\"ethicsPolicy\":\"https:\\\/\\\/www.domtar.com\\\/fr\\\/notre-entreprise\\\/ethique-et-conformite\\\/\"}]}<\/script>\n<!-- \/ Yoast SEO Premium plugin. -->","yoast_head_json":{"title":"Papier et crayons pour nourrir son esprit et favoriser le bien-\u00eatre au quotidien - Domtar","description":"Le mois de mai est le mois de la sensibilisation \u00e0 la sant\u00e9 mentale. C'est le moment de donner la priorit\u00e9 \u00e0 votre bien-\u00eatre. D\u00e9couvrez comment des outils aussi simples qu'un papier et un stylo peuvent contribuer \u00e0 la sant\u00e9 mentale.","robots":{"index":"index","follow":"follow","max-snippet":"max-snippet:-1","max-image-preview":"max-image-preview:large","max-video-preview":"max-video-preview:-1"},"canonical":"https:\/\/www.domtar.com\/fr\/sensibilisation-a-la-sante-mentale\/","og_locale":"fr_FR","og_type":"article","og_title":"Papier et crayons pour nourrir son esprit et favoriser le bien-\u00eatre au quotidien","og_description":"Le mois de mai est le mois de la sensibilisation \u00e0 la sant\u00e9 mentale. C'est le moment de donner la priorit\u00e9 \u00e0 votre bien-\u00eatre. D\u00e9couvrez comment des outils aussi simples qu'un papier et un stylo peuvent contribuer \u00e0 la sant\u00e9 mentale.","og_url":"https:\/\/www.domtar.com\/fr\/sensibilisation-a-la-sante-mentale\/","og_site_name":"Domtar","article_publisher":"https:\/\/www.facebook.com\/DomtarEveryday\/","article_modified_time":"2025-05-28T17:04:37+00:00","og_image":[{"width":800,"height":479,"url":"https:\/\/www.domtar.com\/wp-content\/uploads\/2025\/05\/image-7.jpg","type":"image\/jpeg"}],"twitter_card":"summary_large_image","twitter_site":"@DomtarEveryday","twitter_misc":{"Dur\u00e9e de lecture estim\u00e9e":"2 minutes"},"schema":{"@context":"https:\/\/schema.org","@graph":[{"@type":"WebPage","@id":"https:\/\/www.domtar.com\/fr\/sensibilisation-a-la-sante-mentale\/","url":"https:\/\/www.domtar.com\/fr\/sensibilisation-a-la-sante-mentale\/","name":"Papier et crayons pour nourrir son esprit et favoriser le bien-\u00eatre au quotidien - Domtar","isPartOf":{"@id":"https:\/\/www.domtar.com\/fr\/#website"},"primaryImageOfPage":{"@id":"https:\/\/www.domtar.com\/fr\/sensibilisation-a-la-sante-mentale\/#primaryimage"},"image":{"@id":"https:\/\/www.domtar.com\/fr\/sensibilisation-a-la-sante-mentale\/#primaryimage"},"thumbnailUrl":"https:\/\/www.domtar.com\/wp-content\/uploads\/2025\/05\/image-7.jpg","datePublished":"2025-05-27T21:29:20+00:00","dateModified":"2025-05-28T17:04:37+00:00","description":"Le mois de mai est le mois de la sensibilisation \u00e0 la sant\u00e9 mentale. C'est le moment de donner la priorit\u00e9 \u00e0 votre bien-\u00eatre. D\u00e9couvrez comment des outils aussi simples qu'un papier et un stylo peuvent contribuer \u00e0 la sant\u00e9 mentale.","breadcrumb":{"@id":"https:\/\/www.domtar.com\/fr\/sensibilisation-a-la-sante-mentale\/#breadcrumb"},"inLanguage":"fr-FR","potentialAction":[{"@type":"ReadAction","target":["https:\/\/www.domtar.com\/fr\/sensibilisation-a-la-sante-mentale\/"]}]},{"@type":"ImageObject","inLanguage":"fr-FR","@id":"https:\/\/www.domtar.com\/fr\/sensibilisation-a-la-sante-mentale\/#primaryimage","url":"https:\/\/www.domtar.com\/wp-content\/uploads\/2025\/05\/image-7.jpg","contentUrl":"https:\/\/www.domtar.com\/wp-content\/uploads\/2025\/05\/image-7.jpg"},{"@type":"BreadcrumbList","@id":"https:\/\/www.domtar.com\/fr\/sensibilisation-a-la-sante-mentale\/#breadcrumb","itemListElement":[{"@type":"ListItem","position":1,"name":"Home","item":"https:\/\/www.domtar.com\/fr\/"},{"@type":"ListItem","position":2,"name":"Papier et crayons pour nourrir son esprit et favoriser le bien-\u00eatre au quotidien"}]},{"@type":"WebSite","@id":"https:\/\/www.domtar.com\/fr\/#website","url":"https:\/\/www.domtar.com\/fr\/","name":"Domtar | The Fiber for the Future","description":"The Sustainable Paper, Pulp and Packaging Company","publisher":{"@id":"https:\/\/www.domtar.com\/fr\/#organization"},"alternateName":"Domtar","potentialAction":[{"@type":"SearchAction","target":{"@type":"EntryPoint","urlTemplate":"https:\/\/www.domtar.com\/fr\/?s={search_term_string}"},"query-input":{"@type":"PropertyValueSpecification","valueRequired":true,"valueName":"search_term_string"}}],"inLanguage":"fr-FR"},{"@type":"Organization","@id":"https:\/\/www.domtar.com\/fr\/#organization","name":"Domtar","url":"https:\/\/www.domtar.com\/fr\/","logo":{"@type":"ImageObject","inLanguage":"fr-FR","@id":"https:\/\/www.domtar.com\/fr\/#\/schema\/logo\/image\/","url":"https:\/\/www.domtar.com\/wp-content\/uploads\/2023\/03\/domtar_logo_rgb_green.png","contentUrl":"https:\/\/www.domtar.com\/wp-content\/uploads\/2023\/03\/domtar_logo_rgb_green.png","width":1153,"height":263,"caption":"Domtar"},"image":{"@id":"https:\/\/www.domtar.com\/fr\/#\/schema\/logo\/image\/"},"sameAs":["https:\/\/www.facebook.com\/DomtarEveryday\/","https:\/\/x.com\/DomtarEveryday","https:\/\/www.linkedin.com\/company\/domtar\/","https:\/\/www.youtube.com\/channel\/UCh8Zhq2Rmxhl5Km0krrGoYw"],"ethicsPolicy":"https:\/\/www.domtar.com\/fr\/notre-entreprise\/ethique-et-conformite\/"}]}},"_links":{"self":[{"href":"https:\/\/www.domtar.com\/fr\/wp-json\/wp\/v2\/pages\/38234","targetHints":{"allow":["GET"]}}],"collection":[{"href":"https:\/\/www.domtar.com\/fr\/wp-json\/wp\/v2\/pages"}],"about":[{"href":"https:\/\/www.domtar.com\/fr\/wp-json\/wp\/v2\/types\/page"}],"author":[{"embeddable":true,"href":"https:\/\/www.domtar.com\/fr\/wp-json\/wp\/v2\/users\/1"}],"replies":[{"embeddable":true,"href":"https:\/\/www.domtar.com\/fr\/wp-json\/wp\/v2\/comments?post=38234"}],"version-history":[{"count":0,"href":"https:\/\/www.domtar.com\/fr\/wp-json\/wp\/v2\/pages\/38234\/revisions"}],"wp:attachment":[{"href":"https:\/\/www.domtar.com\/fr\/wp-json\/wp\/v2\/media?parent=38234"}],"wp:term":[{"taxonomy":"our-locations","embeddable":true,"href":"https:\/\/www.domtar.com\/fr\/wp-json\/wp\/v2\/our-locations?post=38234"}],"curies":[{"name":"wp","href":"https:\/\/api.w.org\/{rel}","templated":true}]}}