{"id":36087,"date":"2025-02-19T19:47:07","date_gmt":"2025-02-19T19:47:07","guid":{"rendered":"https:\/\/www.domtar.com\/?page_id=36087"},"modified":"2026-03-24T00:57:33","modified_gmt":"2026-03-24T00:57:33","slug":"our-history","status":"publish","type":"page","link":"https:\/\/www.domtar.com\/fr\/our-history\/","title":{"rendered":"Notre histoire"},"content":{"rendered":"Notre histoire commence en\u00a01820, lorsque la soci\u00e9t\u00e9 William Price est cr\u00e9\u00e9e afin d\u2019exporter du bois d\u2019\u0153uvre en Grande-Bretagne depuis le Qu\u00e9bec, au Canada. L\u2019entreprise, qui change ensuite son nom en Price Brothers, reste concentr\u00e9e sur les exportations de bois d\u2019\u0153uvre jusqu\u2019en\u00a01912, date \u00e0 laquelle elle entre dans le secteur du papier, y rejoignant plusieurs autres soci\u00e9t\u00e9s canadiennes bien \u00e9tablies. Apr\u00e8s des d\u00e9cennies de fusions et d\u2019acquisitions, l\u2019entreprise consolid\u00e9e appara\u00eet en\u00a01979 sous le nom d\u2019Abitibi-Price.\r\n\r\nPendant ce temps, en\u00a01848, Henry Potter Burt fonde Burt, Boulton Holding Company Ltd., qui se sp\u00e9cialise dans le bois trait\u00e9 utilis\u00e9 pour les ponts ferroviaires et les quais. La soci\u00e9t\u00e9 britannique entre sur le march\u00e9 nord-am\u00e9ricain en\u00a01859 gr\u00e2ce \u00e0 l\u2019acquisition d\u2019une scierie au Qu\u00e9bec. En\u00a01903, l\u2019entreprise exerce ses activit\u00e9s sous le nom de Dominion Tar and Chemical Company, Ltd. En\u00a01914, elle \u00e9tablit son si\u00e8ge social \u00e0 Montr\u00e9al, au Qu\u00e9bec. L\u2019entreprise cro\u00eet et raccourcit ensuite son nom \u00e0 Domtar, qui devient Domtar Ltd. en\u00a01965 et Domtar Inc. en\u00a01977. \u00c0 la fin des ann\u00e9es\u00a01970, elle devient l\u2019une des plus grandes entreprises du Canada, avec de vastes int\u00e9r\u00eats commerciaux allant des produits chimiques et du papier fin aux produits de consommation et aux emballages.\r\n\r\nLes deux entreprises continuent \u00e0 peaufiner leurs offres de produits par le biais de fusions, d\u2019acquisitions et de dessaisissements au cours des ann\u00e9es\u00a01990. En\u00a01997, Abitibi-Price fusionne avec Stone-Consolidated pour former Abitibi-Consolidated, le plus grand producteur mondial de papier journal et de papier de p\u00e2te m\u00e9canique non couch\u00e9. Elle fait son entr\u00e9e dans le secteur des produits de bois d\u2019ing\u00e9nierie en\u00a02003. Domtar Inc. se recentre sur la p\u00e2te et le papier dans les ann\u00e9es\u00a01990, et en\u00a02007, elle fusionne avec Weyerhaeuser pour former Domtar Corporation, le plus grand fabricant int\u00e9gr\u00e9 et distributeur de papier non couch\u00e9 en Am\u00e9rique du Nord, et la deuxi\u00e8me plus grande entreprise de ce type au monde.\r\n\r\nLe d\u00e9but des ann\u00e9es\u00a02000 est marqu\u00e9 par plus de fusions et d\u2019acquisitions. En 2000, Abitibi-Consolidated acquiert Donohue, en\u00a02007, Abitibi-Consolidated fusionne avec Bowater et devient AbitibiBowater, et en\u00a02011, elle change son nom pour Produits forestiers R\u00e9solu. R\u00e9solu continue \u00e0 fabriquer du papier journal, des papiers pour usages sp\u00e9ciaux, de la p\u00e2te et des produits de bois, puis se lance dans la fabrication de granules de bois et du papier tissu. Domtar a voulu explorer les produits de soins personnels mais, en\u00a02021, elle vend cette division apr\u00e8s \u00eatre entr\u00e9e dans l\u2019industrie de l\u2019emballage 100\u00a0% recycl\u00e9 avec la conversion en\u00a02020 de son usine Kingsport, au Tennessee.\r\n\r\nEn\u00a02021, Domtar est acquise par le Groupe Papier Excellence, un fabricant mondial diversifi\u00e9 de p\u00e2tes et de papiers sp\u00e9cialis\u00e9s, d\u2019impression, d\u2019\u00e9criture et d\u2019emballage. Deux ans plus tard, le propri\u00e9taire <a href=\"https:\/\/www.domtar.com\/fr\/?page_id=28495\">Jackson Wijaya<\/a> acquiert Produits forestiers R\u00e9solu, faisant passer les trois entreprises sous la m\u00eame direction. Gr\u00e2ce \u00e0 ces acquisitions, ainsi qu\u2019\u00e0 une acquisition ant\u00e9rieure de Catalyst Paper Corporation en\u00a02019, le Groupe Papier Excellence devient un chef de file dans l\u2019industrie des produits forestiers en Am\u00e9rique du Nord.\r\n\r\nEn octobre\u00a02024,\u00a0<a href=\"https:\/\/www.domtar.com\/fr\/le-groupe-papier-excellence-prend-le-nom-de-domtar\/\" target=\"_blank\" rel=\"noopener\" aria-label=\"le Groupe Papier Excellence se rebaptise Domtar (opens in a new tab)\">le Groupe Papier Excellence se rebaptise Domtar<\/a>, int\u00e9grant ainsi les exploitations de Domtar Corporation, de Produits forestiers R\u00e9solu et de l\u2019ancienne entreprise Paper Excellence. Les soci\u00e9t\u00e9s s\u0153urs Paper Excellence Brazil au Br\u00e9sil et\u00a0<a href=\"https:\/\/www.fibre-excellence.com\/\" target=\"_blank\" rel=\"noopener\" aria-label=\"Fibre Excellence (opens in a new tab)\">Fibre Excellence<\/a>\u00a0en France poursuivent leurs activit\u00e9s et continuent d\u2019innover sous la propri\u00e9t\u00e9 de Wijaya.\r\n\r\nEn novembre\u00a02024,\u00a0<a href=\"https:\/\/www.domtar.com\/fr\/domtar-acquires-iconex-papers-point-of-sale-receipt-business-in-north-america\/\" target=\"_blank\" rel=\"noopener\" aria-label=\"Domtar fait l\u2019acquisition du secteur nord-am\u00e9ricain de re\u00e7us pour syst\u00e8mes de points de vente d\u2019Iconex Paper (opens in a new tab)\">Domtar fait l\u2019acquisition du secteur nord-am\u00e9ricain de re\u00e7us pour syst\u00e8mes de points de vente d\u2019Iconex Paper<\/a>, faisant de l\u2019entreprise le principal fournisseur de produits de papier thermique pour syst\u00e8mes de points de vente aux \u00c9tats-Unis.\r\n\r\nSous la propri\u00e9t\u00e9 de <a href=\"https:\/\/www.domtar.com\/fr\/?page_id=28495\">Jackson Wijaya<\/a>, l\u2019entreprise continue de s\u2019appuyer sur son h\u00e9ritage gr\u00e2ce \u00e0 des investissements strat\u00e9giques et \u00e0 l\u2019excellence op\u00e9rationnelle.","protected":false},"excerpt":{"rendered":"<p>Notre histoire commence en\u00a01820, lorsque la soci\u00e9t\u00e9 William Price est cr\u00e9\u00e9e afin d\u2019exporter du bois d\u2019\u0153uvre en Grande-Bretagne depuis le Qu\u00e9bec, au Canada. L\u2019entreprise, qui change ensuite son nom en Price Brothers, reste concentr\u00e9e sur les exportations de bois d\u2019\u0153uvre jusqu\u2019en\u00a01912, date \u00e0 laquelle elle entre dans le secteur du papier, y rejoignant plusieurs autres &hellip;<\/p>\n","protected":false},"author":1,"featured_media":0,"parent":0,"menu_order":0,"comment_status":"closed","ping_status":"closed","template":"","meta":{"_acf_changed":false,"_genesis_block_theme_hide_title":false,"footnotes":""},"our-locations":[],"class_list":["post-36087","page","type-page","status-publish","hentry","post","without-featured-image"],"acf":[],"yoast_head":"<!-- This site is optimized with the Yoast SEO Premium plugin v27.4 (Yoast SEO v27.5) - https:\/\/yoast.com\/product\/yoast-seo-premium-wordpress\/ -->\n<title>Notre histoire - Domtar<\/title>\n<meta name=\"description\" content=\"D\u00e9couvrez l\u2019histoire de Domtar, de ses origines en 1820 \u00e0 son \u00e9volution en un leader nord-am\u00e9ricain des p\u00e2tes, papiers, tissus et produits du bois.\" \/>\n<meta name=\"robots\" content=\"index, follow, max-snippet:-1, max-image-preview:large, max-video-preview:-1\" \/>\n<link rel=\"canonical\" href=\"https:\/\/www.domtar.com\/fr\/our-history\/\" \/>\n<meta property=\"og:locale\" content=\"fr_FR\" \/>\n<meta property=\"og:type\" content=\"article\" \/>\n<meta property=\"og:title\" content=\"Notre histoire\" \/>\n<meta property=\"og:description\" content=\"D\u00e9couvrez l\u2019histoire de Domtar, de ses origines en 1820 \u00e0 son \u00e9volution en un leader nord-am\u00e9ricain des p\u00e2tes, papiers, tissus et produits du bois.\" \/>\n<meta property=\"og:url\" content=\"https:\/\/www.domtar.com\/fr\/our-history\/\" \/>\n<meta property=\"og:site_name\" content=\"Domtar\" \/>\n<meta property=\"article:publisher\" content=\"https:\/\/www.facebook.com\/DomtarEveryday\/\" \/>\n<meta property=\"article:modified_time\" content=\"2026-03-24T00:57:33+00:00\" \/>\n<meta property=\"og:image\" content=\"https:\/\/www.domtar.com\/wp-content\/uploads\/2025\/10\/Domtar_sharing_img_2x-min-1.png\" \/>\n\t<meta property=\"og:image:width\" content=\"2400\" \/>\n\t<meta property=\"og:image:height\" content=\"1350\" \/>\n\t<meta property=\"og:image:type\" content=\"image\/png\" \/>\n<meta name=\"twitter:card\" content=\"summary_large_image\" \/>\n<meta name=\"twitter:site\" content=\"@DomtarEveryday\" \/>\n<meta name=\"twitter:label1\" content=\"Dur\u00e9e de lecture estim\u00e9e\" \/>\n\t<meta name=\"twitter:data1\" content=\"3 minutes\" \/>\n<script type=\"application\/ld+json\" class=\"yoast-schema-graph\">{\"@context\":\"https:\\\/\\\/schema.org\",\"@graph\":[{\"@type\":\"WebPage\",\"@id\":\"https:\\\/\\\/www.domtar.com\\\/fr\\\/our-history\\\/\",\"url\":\"https:\\\/\\\/www.domtar.com\\\/fr\\\/our-history\\\/\",\"name\":\"Notre histoire - Domtar\",\"isPartOf\":{\"@id\":\"https:\\\/\\\/www.domtar.com\\\/fr\\\/#website\"},\"datePublished\":\"2025-02-19T19:47:07+00:00\",\"dateModified\":\"2026-03-24T00:57:33+00:00\",\"description\":\"D\u00e9couvrez l\u2019histoire de Domtar, de ses origines en 1820 \u00e0 son \u00e9volution en un leader nord-am\u00e9ricain des p\u00e2tes, papiers, tissus et produits du bois.\",\"breadcrumb\":{\"@id\":\"https:\\\/\\\/www.domtar.com\\\/fr\\\/our-history\\\/#breadcrumb\"},\"inLanguage\":\"fr-FR\",\"potentialAction\":[{\"@type\":\"ReadAction\",\"target\":[\"https:\\\/\\\/www.domtar.com\\\/fr\\\/our-history\\\/\"]}]},{\"@type\":\"BreadcrumbList\",\"@id\":\"https:\\\/\\\/www.domtar.com\\\/fr\\\/our-history\\\/#breadcrumb\",\"itemListElement\":[{\"@type\":\"ListItem\",\"position\":1,\"name\":\"Home\",\"item\":\"https:\\\/\\\/www.domtar.com\\\/fr\\\/\"},{\"@type\":\"ListItem\",\"position\":2,\"name\":\"Notre histoire\"}]},{\"@type\":\"WebSite\",\"@id\":\"https:\\\/\\\/www.domtar.com\\\/fr\\\/#website\",\"url\":\"https:\\\/\\\/www.domtar.com\\\/fr\\\/\",\"name\":\"Domtar | The Fiber for the Future\",\"description\":\"The Sustainable Paper, Pulp and Packaging Company\",\"publisher\":{\"@id\":\"https:\\\/\\\/www.domtar.com\\\/fr\\\/#organization\"},\"alternateName\":\"Domtar\",\"potentialAction\":[{\"@type\":\"SearchAction\",\"target\":{\"@type\":\"EntryPoint\",\"urlTemplate\":\"https:\\\/\\\/www.domtar.com\\\/fr\\\/?s={search_term_string}\"},\"query-input\":{\"@type\":\"PropertyValueSpecification\",\"valueRequired\":true,\"valueName\":\"search_term_string\"}}],\"inLanguage\":\"fr-FR\"},{\"@type\":\"Organization\",\"@id\":\"https:\\\/\\\/www.domtar.com\\\/fr\\\/#organization\",\"name\":\"Domtar\",\"url\":\"https:\\\/\\\/www.domtar.com\\\/fr\\\/\",\"logo\":{\"@type\":\"ImageObject\",\"inLanguage\":\"fr-FR\",\"@id\":\"https:\\\/\\\/www.domtar.com\\\/fr\\\/#\\\/schema\\\/logo\\\/image\\\/\",\"url\":\"https:\\\/\\\/www.domtar.com\\\/wp-content\\\/uploads\\\/2023\\\/03\\\/domtar_logo_rgb_green.png\",\"contentUrl\":\"https:\\\/\\\/www.domtar.com\\\/wp-content\\\/uploads\\\/2023\\\/03\\\/domtar_logo_rgb_green.png\",\"width\":1153,\"height\":263,\"caption\":\"Domtar\"},\"image\":{\"@id\":\"https:\\\/\\\/www.domtar.com\\\/fr\\\/#\\\/schema\\\/logo\\\/image\\\/\"},\"sameAs\":[\"https:\\\/\\\/www.facebook.com\\\/DomtarEveryday\\\/\",\"https:\\\/\\\/x.com\\\/DomtarEveryday\",\"https:\\\/\\\/www.linkedin.com\\\/company\\\/domtar\\\/\",\"https:\\\/\\\/www.youtube.com\\\/channel\\\/UCh8Zhq2Rmxhl5Km0krrGoYw\"],\"ethicsPolicy\":\"https:\\\/\\\/www.domtar.com\\\/fr\\\/notre-entreprise\\\/ethique-et-conformite\\\/\"}]}<\/script>\n<!-- \/ Yoast SEO Premium plugin. -->","yoast_head_json":{"title":"Notre histoire - Domtar","description":"D\u00e9couvrez l\u2019histoire de Domtar, de ses origines en 1820 \u00e0 son \u00e9volution en un leader nord-am\u00e9ricain des p\u00e2tes, papiers, tissus et produits du bois.","robots":{"index":"index","follow":"follow","max-snippet":"max-snippet:-1","max-image-preview":"max-image-preview:large","max-video-preview":"max-video-preview:-1"},"canonical":"https:\/\/www.domtar.com\/fr\/our-history\/","og_locale":"fr_FR","og_type":"article","og_title":"Notre histoire","og_description":"D\u00e9couvrez l\u2019histoire de Domtar, de ses origines en 1820 \u00e0 son \u00e9volution en un leader nord-am\u00e9ricain des p\u00e2tes, papiers, tissus et produits du bois.","og_url":"https:\/\/www.domtar.com\/fr\/our-history\/","og_site_name":"Domtar","article_publisher":"https:\/\/www.facebook.com\/DomtarEveryday\/","article_modified_time":"2026-03-24T00:57:33+00:00","og_image":[{"width":2400,"height":1350,"url":"https:\/\/www.domtar.com\/wp-content\/uploads\/2025\/10\/Domtar_sharing_img_2x-min-1.png","type":"image\/png"}],"twitter_card":"summary_large_image","twitter_site":"@DomtarEveryday","twitter_misc":{"Dur\u00e9e de lecture estim\u00e9e":"3 minutes"},"schema":{"@context":"https:\/\/schema.org","@graph":[{"@type":"WebPage","@id":"https:\/\/www.domtar.com\/fr\/our-history\/","url":"https:\/\/www.domtar.com\/fr\/our-history\/","name":"Notre histoire - Domtar","isPartOf":{"@id":"https:\/\/www.domtar.com\/fr\/#website"},"datePublished":"2025-02-19T19:47:07+00:00","dateModified":"2026-03-24T00:57:33+00:00","description":"D\u00e9couvrez l\u2019histoire de Domtar, de ses origines en 1820 \u00e0 son \u00e9volution en un leader nord-am\u00e9ricain des p\u00e2tes, papiers, tissus et produits du bois.","breadcrumb":{"@id":"https:\/\/www.domtar.com\/fr\/our-history\/#breadcrumb"},"inLanguage":"fr-FR","potentialAction":[{"@type":"ReadAction","target":["https:\/\/www.domtar.com\/fr\/our-history\/"]}]},{"@type":"BreadcrumbList","@id":"https:\/\/www.domtar.com\/fr\/our-history\/#breadcrumb","itemListElement":[{"@type":"ListItem","position":1,"name":"Home","item":"https:\/\/www.domtar.com\/fr\/"},{"@type":"ListItem","position":2,"name":"Notre histoire"}]},{"@type":"WebSite","@id":"https:\/\/www.domtar.com\/fr\/#website","url":"https:\/\/www.domtar.com\/fr\/","name":"Domtar | The Fiber for the Future","description":"The Sustainable Paper, Pulp and Packaging Company","publisher":{"@id":"https:\/\/www.domtar.com\/fr\/#organization"},"alternateName":"Domtar","potentialAction":[{"@type":"SearchAction","target":{"@type":"EntryPoint","urlTemplate":"https:\/\/www.domtar.com\/fr\/?s={search_term_string}"},"query-input":{"@type":"PropertyValueSpecification","valueRequired":true,"valueName":"search_term_string"}}],"inLanguage":"fr-FR"},{"@type":"Organization","@id":"https:\/\/www.domtar.com\/fr\/#organization","name":"Domtar","url":"https:\/\/www.domtar.com\/fr\/","logo":{"@type":"ImageObject","inLanguage":"fr-FR","@id":"https:\/\/www.domtar.com\/fr\/#\/schema\/logo\/image\/","url":"https:\/\/www.domtar.com\/wp-content\/uploads\/2023\/03\/domtar_logo_rgb_green.png","contentUrl":"https:\/\/www.domtar.com\/wp-content\/uploads\/2023\/03\/domtar_logo_rgb_green.png","width":1153,"height":263,"caption":"Domtar"},"image":{"@id":"https:\/\/www.domtar.com\/fr\/#\/schema\/logo\/image\/"},"sameAs":["https:\/\/www.facebook.com\/DomtarEveryday\/","https:\/\/x.com\/DomtarEveryday","https:\/\/www.linkedin.com\/company\/domtar\/","https:\/\/www.youtube.com\/channel\/UCh8Zhq2Rmxhl5Km0krrGoYw"],"ethicsPolicy":"https:\/\/www.domtar.com\/fr\/notre-entreprise\/ethique-et-conformite\/"}]}},"_links":{"self":[{"href":"https:\/\/www.domtar.com\/fr\/wp-json\/wp\/v2\/pages\/36087","targetHints":{"allow":["GET"]}}],"collection":[{"href":"https:\/\/www.domtar.com\/fr\/wp-json\/wp\/v2\/pages"}],"about":[{"href":"https:\/\/www.domtar.com\/fr\/wp-json\/wp\/v2\/types\/page"}],"author":[{"embeddable":true,"href":"https:\/\/www.domtar.com\/fr\/wp-json\/wp\/v2\/users\/1"}],"replies":[{"embeddable":true,"href":"https:\/\/www.domtar.com\/fr\/wp-json\/wp\/v2\/comments?post=36087"}],"version-history":[{"count":0,"href":"https:\/\/www.domtar.com\/fr\/wp-json\/wp\/v2\/pages\/36087\/revisions"}],"wp:attachment":[{"href":"https:\/\/www.domtar.com\/fr\/wp-json\/wp\/v2\/media?parent=36087"}],"wp:term":[{"taxonomy":"our-locations","embeddable":true,"href":"https:\/\/www.domtar.com\/fr\/wp-json\/wp\/v2\/our-locations?post=36087"}],"curies":[{"name":"wp","href":"https:\/\/api.w.org\/{rel}","templated":true}]}}