{"id":2923,"date":"2023-05-09T07:06:13","date_gmt":"2023-05-09T07:06:13","guid":{"rendered":"https:\/\/domtarwpe.wpengine.com\/ressources-environnementales\/sustainability-policies\/"},"modified":"2024-12-20T19:25:22","modified_gmt":"2024-12-20T19:25:22","slug":"politiques-de-croissance-durable","status":"publish","type":"page","link":"https:\/\/www.domtar.com\/fr\/ressources-environnementales\/politiques-de-croissance-durable\/","title":{"rendered":"Politiques de croissance durable"},"content":{"rendered":"\t\t<div data-elementor-type=\"wp-page\" data-elementor-id=\"2923\" class=\"elementor elementor-2923 elementor-2913\" data-elementor-settings=\"{&quot;element_pack_global_tooltip_width&quot;:{&quot;unit&quot;:&quot;px&quot;,&quot;size&quot;:&quot;&quot;,&quot;sizes&quot;:[]},&quot;element_pack_global_tooltip_width_tablet&quot;:{&quot;unit&quot;:&quot;px&quot;,&quot;size&quot;:&quot;&quot;,&quot;sizes&quot;:[]},&quot;element_pack_global_tooltip_width_mobile&quot;:{&quot;unit&quot;:&quot;px&quot;,&quot;size&quot;:&quot;&quot;,&quot;sizes&quot;:[]},&quot;element_pack_global_tooltip_padding&quot;:{&quot;unit&quot;:&quot;px&quot;,&quot;top&quot;:&quot;&quot;,&quot;right&quot;:&quot;&quot;,&quot;bottom&quot;:&quot;&quot;,&quot;left&quot;:&quot;&quot;,&quot;isLinked&quot;:true},&quot;element_pack_global_tooltip_padding_tablet&quot;:{&quot;unit&quot;:&quot;px&quot;,&quot;top&quot;:&quot;&quot;,&quot;right&quot;:&quot;&quot;,&quot;bottom&quot;:&quot;&quot;,&quot;left&quot;:&quot;&quot;,&quot;isLinked&quot;:true},&quot;element_pack_global_tooltip_padding_mobile&quot;:{&quot;unit&quot;:&quot;px&quot;,&quot;top&quot;:&quot;&quot;,&quot;right&quot;:&quot;&quot;,&quot;bottom&quot;:&quot;&quot;,&quot;left&quot;:&quot;&quot;,&quot;isLinked&quot;:true},&quot;element_pack_global_tooltip_border_radius&quot;:{&quot;unit&quot;:&quot;px&quot;,&quot;top&quot;:&quot;&quot;,&quot;right&quot;:&quot;&quot;,&quot;bottom&quot;:&quot;&quot;,&quot;left&quot;:&quot;&quot;,&quot;isLinked&quot;:true},&quot;element_pack_global_tooltip_border_radius_tablet&quot;:{&quot;unit&quot;:&quot;px&quot;,&quot;top&quot;:&quot;&quot;,&quot;right&quot;:&quot;&quot;,&quot;bottom&quot;:&quot;&quot;,&quot;left&quot;:&quot;&quot;,&quot;isLinked&quot;:true},&quot;element_pack_global_tooltip_border_radius_mobile&quot;:{&quot;unit&quot;:&quot;px&quot;,&quot;top&quot;:&quot;&quot;,&quot;right&quot;:&quot;&quot;,&quot;bottom&quot;:&quot;&quot;,&quot;left&quot;:&quot;&quot;,&quot;isLinked&quot;:true}}\" data-elementor-post-type=\"page\">\n\t\t\t\t\t\t<section class=\"has_eae_slider elementor-section elementor-top-section elementor-element elementor-element-535a922 elementor-section-height-min-height dom-inner-banner elementor-section-content-top elementor-section-boxed elementor-section-height-default elementor-section-items-middle\" data-eae-slider=\"64948\" data-id=\"535a922\" data-element_type=\"section\" data-e-type=\"section\" data-settings=\"{&quot;background_background&quot;:&quot;classic&quot;}\">\n\t\t\t\t\t\t<div class=\"elementor-container elementor-column-gap-default\">\n\t\t\t\t\t<div class=\"has_eae_slider elementor-column elementor-col-100 elementor-top-column elementor-element elementor-element-3a66f8b\" data-eae-slider=\"11828\" data-id=\"3a66f8b\" data-element_type=\"column\" data-e-type=\"column\">\n\t\t\t<div class=\"elementor-widget-wrap elementor-element-populated\">\n\t\t\t\t\t\t<section class=\"has_eae_slider elementor-section elementor-inner-section elementor-element elementor-element-62a2b21 elementor-section-height-min-height elementor-section-boxed elementor-section-height-default\" data-eae-slider=\"47879\" data-id=\"62a2b21\" data-element_type=\"section\" data-e-type=\"section\">\n\t\t\t\t\t\t<div class=\"elementor-container elementor-column-gap-default\">\n\t\t\t\t\t<div class=\"has_eae_slider elementor-column elementor-col-50 elementor-inner-column elementor-element elementor-element-7f4f904 elementor-invisible\" data-eae-slider=\"39315\" data-id=\"7f4f904\" data-element_type=\"column\" data-e-type=\"column\" data-settings=\"{&quot;animation&quot;:&quot;fadeInUp&quot;}\">\n\t\t\t<div class=\"elementor-widget-wrap elementor-element-populated\">\n\t\t\t\t\t\t<div class=\"elementor-element elementor-element-2bb4686 elementor-widget elementor-widget-heading\" data-id=\"2bb4686\" data-element_type=\"widget\" data-e-type=\"widget\" data-widget_type=\"heading.default\">\n\t\t\t\t<div class=\"elementor-widget-container\">\n\t\t\t\t\t<h1 class=\"elementor-heading-title elementor-size-default\">Politiques de croissance durable<\/h1>\t\t\t\t<\/div>\n\t\t\t\t<\/div>\n\t\t\t\t\t<\/div>\n\t\t<\/div>\n\t\t\t\t<div class=\"has_eae_slider elementor-column elementor-col-50 elementor-inner-column elementor-element elementor-element-7afb36a elementor-invisible\" data-eae-slider=\"84993\" data-id=\"7afb36a\" data-element_type=\"column\" data-e-type=\"column\" data-settings=\"{&quot;animation&quot;:&quot;fadeInRight&quot;}\">\n\t\t\t<div class=\"elementor-widget-wrap elementor-element-populated\">\n\t\t\t\t\t\t<div class=\"elementor-element elementor-element-184ceef elementor-absolute elementor-widget elementor-widget-image\" data-id=\"184ceef\" data-element_type=\"widget\" data-e-type=\"widget\" data-settings=\"{&quot;_position&quot;:&quot;absolute&quot;}\" data-widget_type=\"image.default\">\n\t\t\t\t<div class=\"elementor-widget-container\">\n\t\t\t\t\t\t\t\t\t\t\t\t\t\t\t<img fetchpriority=\"high\" decoding=\"async\" width=\"1280\" height=\"800\" src=\"https:\/\/www.domtar.com\/wp-content\/uploads\/2023\/05\/Sustainability-Policies-Header.jpg\" class=\"attachment-full size-full wp-image-2918\" alt=\"Sustainability Policies Header\" srcset=\"https:\/\/www.domtar.com\/wp-content\/uploads\/2023\/05\/Sustainability-Policies-Header.jpg 1280w, https:\/\/www.domtar.com\/wp-content\/uploads\/2023\/05\/Sustainability-Policies-Header-300x188.jpg 300w, https:\/\/www.domtar.com\/wp-content\/uploads\/2023\/05\/Sustainability-Policies-Header-1024x640.jpg 1024w, https:\/\/www.domtar.com\/wp-content\/uploads\/2023\/05\/Sustainability-Policies-Header-768x480.jpg 768w, https:\/\/www.domtar.com\/wp-content\/uploads\/2023\/05\/Sustainability-Policies-Header-1200x750.jpg 1200w\" sizes=\"(max-width: 1280px) 100vw, 1280px\" \/>\t\t\t\t\t\t\t\t\t\t\t\t\t\t\t<\/div>\n\t\t\t\t<\/div>\n\t\t\t\t\t<\/div>\n\t\t<\/div>\n\t\t\t\t\t<\/div>\n\t\t<\/section>\n\t\t\t\t\t<\/div>\n\t\t<\/div>\n\t\t\t\t\t<\/div>\n\t\t<\/section>\n\t\t\t\t<section class=\"has_eae_slider elementor-section elementor-top-section elementor-element elementor-element-2dffd88 elementor-section-boxed elementor-section-height-default elementor-section-height-default elementor-invisible\" data-eae-slider=\"28597\" data-id=\"2dffd88\" data-element_type=\"section\" data-e-type=\"section\" data-settings=\"{&quot;animation&quot;:&quot;fadeInUp&quot;}\">\n\t\t\t\t\t\t<div class=\"elementor-container elementor-column-gap-default\">\n\t\t\t\t\t<div class=\"has_eae_slider elementor-column elementor-col-100 elementor-top-column elementor-element elementor-element-686d2f2\" data-eae-slider=\"90370\" data-id=\"686d2f2\" data-element_type=\"column\" data-e-type=\"column\">\n\t\t\t<div class=\"elementor-widget-wrap elementor-element-populated\">\n\t\t\t\t\t\t<section class=\"has_eae_slider elementor-section elementor-inner-section elementor-element elementor-element-1edb51a elementor-section-boxed elementor-section-height-default elementor-section-height-default elementor-invisible\" data-eae-slider=\"38513\" data-id=\"1edb51a\" data-element_type=\"section\" data-e-type=\"section\" data-settings=\"{&quot;animation&quot;:&quot;fadeInUp&quot;}\">\n\t\t\t\t\t\t<div class=\"elementor-container elementor-column-gap-default\">\n\t\t\t\t\t<div class=\"has_eae_slider elementor-column elementor-col-100 elementor-inner-column elementor-element elementor-element-6c0f4fc\" data-eae-slider=\"30318\" data-id=\"6c0f4fc\" data-element_type=\"column\" data-e-type=\"column\">\n\t\t\t<div class=\"elementor-widget-wrap elementor-element-populated\">\n\t\t\t\t\t\t<div class=\"elementor-element elementor-element-32ac067 elementor-invisible elementor-widget elementor-widget-heading\" data-id=\"32ac067\" data-element_type=\"widget\" data-e-type=\"widget\" data-settings=\"{&quot;_animation&quot;:&quot;fadeInUp&quot;}\" data-widget_type=\"heading.default\">\n\t\t\t\t<div class=\"elementor-widget-container\">\n\t\t\t\t\t<h2 class=\"elementor-heading-title elementor-size-default\">Politiques de croissance durable<\/h2>\t\t\t\t<\/div>\n\t\t\t\t<\/div>\n\t\t\t\t\t<\/div>\n\t\t<\/div>\n\t\t\t\t\t<\/div>\n\t\t<\/section>\n\t\t\t\t<section class=\"has_eae_slider elementor-section elementor-inner-section elementor-element elementor-element-8ee0e65 elementor-section-boxed elementor-section-height-default elementor-section-height-default elementor-invisible\" data-eae-slider=\"88918\" data-id=\"8ee0e65\" data-element_type=\"section\" data-e-type=\"section\" data-settings=\"{&quot;animation&quot;:&quot;fadeInUp&quot;}\">\n\t\t\t\t\t\t<div class=\"elementor-container elementor-column-gap-default\">\n\t\t\t\t\t<div class=\"has_eae_slider elementor-column elementor-col-100 elementor-inner-column elementor-element elementor-element-eac413f\" data-eae-slider=\"23717\" data-id=\"eac413f\" data-element_type=\"column\" data-e-type=\"column\">\n\t\t\t<div class=\"elementor-widget-wrap elementor-element-populated\">\n\t\t\t\t\t\t<div class=\"elementor-element elementor-element-650dd44 elementor-widget elementor-widget-text-editor\" data-id=\"650dd44\" data-element_type=\"widget\" data-e-type=\"widget\" data-widget_type=\"text-editor.default\">\n\t\t\t\t<div class=\"elementor-widget-container\">\n\t\t\t\t\t\t\t\t\t<div style=\"overflow-x: auto;\"><table class=\"table table-responsive\"><tbody><tr><th><strong>Name<\/strong><\/th><th><strong>Size<\/strong><\/th><th>\u00a0<\/th><\/tr><tr><td>Politique-environnementale (Expire en f\u00e9vrier 2026)<\/td><td>40 KB<\/td><td><a href=\"\/wp-content\/uploads\/2023\/06\/Domtar-Environmental-Policy-July-2022-1.pdf\" target=\"_blank\" rel=\"noopener\"><img decoding=\"async\" class=\"img-fluid\" src=\"\/wp-content\/uploads\/2023\/04\/download-btn.png\" \/><\/a><\/td><\/tr><tr><td><span data-teams=\"true\">Principes de gestion durable des for\u00eats pour l&rsquo;industrie des p\u00e2tes et papiers<\/span><\/td><td>1.46 MB<\/td><td><a href=\"\/wp-content\/uploads\/2023\/06\/Domtar-Pulp-Paper-Sustainable-Forestry-Principles_0.pdf\" target=\"_blank\" rel=\"noopener\"><img decoding=\"async\" class=\"img-fluid\" src=\"\/wp-content\/uploads\/2023\/04\/download-btn.png\" \/><\/a><\/td><\/tr><tr><td>Politique d\u2019approvisionnement en mati\u00e8re de fibre (Anglais)<\/td><td>122 KB<\/td><td><a href=\"\/wp-content\/uploads\/2023\/06\/Fiber-Use-and-Sourcing-Policy-Elise-Grose.pdf\" target=\"_blank\" rel=\"noopener\"><img decoding=\"async\" class=\"img-fluid\" src=\"\/wp-content\/uploads\/2023\/04\/download-btn.png\" \/><\/a><\/td><\/tr><tr><td>Politique d\u2019approvisionnement en mati\u00e8re de fibre (Fran\u00e7ais)<\/td><td>125 KB<\/td><td><a href=\"\/wp-content\/uploads\/2023\/06\/Fiber-Use-and-Sourcing-Policy-FRE-Elise-Grose.pdf\" target=\"_blank\" rel=\"noopener\"><img decoding=\"async\" class=\"img-fluid\" src=\"\/wp-content\/uploads\/2023\/04\/download-btn.png\" \/><\/a><\/td><\/tr><tr><td>Politique foresti\u00e8re (Anglais)<\/td><td>122 KB<\/td><td><a href=\"\/wp-content\/uploads\/2023\/06\/Forest-Policy-Elise-Grose.pdf\" target=\"_blank\" rel=\"noopener\"><img decoding=\"async\" class=\"img-fluid\" src=\"\/wp-content\/uploads\/2023\/04\/download-btn.png\" \/><\/a><\/td><\/tr><tr><td>Politique foresti\u00e8re (Fran\u00e7ais)<\/td><td>122 KB<\/td><td><a href=\"\/wp-content\/uploads\/2023\/06\/Forest-Policy-FRE-Elise-Grose.pdf\" target=\"_blank\" rel=\"noopener\"><img decoding=\"async\" class=\"img-fluid\" src=\"\/wp-content\/uploads\/2023\/04\/download-btn.png\" \/><\/a><\/td><\/tr><\/tbody><\/table><\/div>\t\t\t\t\t\t\t\t<\/div>\n\t\t\t\t<\/div>\n\t\t\t\t\t<\/div>\n\t\t<\/div>\n\t\t\t\t\t<\/div>\n\t\t<\/section>\n\t\t\t\t\t<\/div>\n\t\t<\/div>\n\t\t\t\t\t<\/div>\n\t\t<\/section>\n\t\t\t\t<\/div>\n\t\t","protected":false},"excerpt":{"rendered":"<p>Politiques de croissance durable Politiques de croissance durable NameSize\u00a0Politique-environnementale (Expire en f\u00e9vrier 2026)40 KBPrincipes de gestion durable des for\u00eats pour l&rsquo;industrie des p\u00e2tes et papiers1.46 MBPolitique d\u2019approvisionnement en mati\u00e8re de fibre (Anglais)122 KBPolitique d\u2019approvisionnement en mati\u00e8re de fibre (Fran\u00e7ais)125 KBPolitique foresti\u00e8re (Anglais)122 KBPolitique foresti\u00e8re (Fran\u00e7ais)122 KB<\/p>\n","protected":false},"author":1,"featured_media":0,"parent":1595,"menu_order":0,"comment_status":"closed","ping_status":"closed","template":"elementor_header_footer","meta":{"_acf_changed":false,"_genesis_block_theme_hide_title":false,"footnotes":""},"our-locations":[],"class_list":["post-2923","page","type-page","status-publish","hentry","post","without-featured-image"],"acf":[],"yoast_head":"<!-- This site is optimized with the Yoast SEO Premium plugin v27.4 (Yoast SEO v27.4) - https:\/\/yoast.com\/product\/yoast-seo-premium-wordpress\/ -->\n<title>Politiques de croissance durable - Domtar<\/title>\n<meta name=\"robots\" content=\"index, follow, max-snippet:-1, max-image-preview:large, max-video-preview:-1\" \/>\n<link rel=\"canonical\" href=\"https:\/\/www.domtar.com\/fr\/ressources-environnementales\/politiques-de-croissance-durable\/\" \/>\n<meta property=\"og:locale\" content=\"fr_FR\" \/>\n<meta property=\"og:type\" content=\"article\" \/>\n<meta property=\"og:title\" content=\"Politiques de croissance durable\" \/>\n<meta property=\"og:description\" content=\"Politiques de croissance durable Politiques de croissance durable NameSize\u00a0Politique-environnementale (Expire en f\u00e9vrier 2026)40 KBPrincipes de gestion durable des for\u00eats pour l&rsquo;industrie des p\u00e2tes et papiers1.46 MBPolitique d\u2019approvisionnement en mati\u00e8re de fibre (Anglais)122 KBPolitique d\u2019approvisionnement en mati\u00e8re de fibre (Fran\u00e7ais)125 KBPolitique foresti\u00e8re (Anglais)122 KBPolitique foresti\u00e8re (Fran\u00e7ais)122 KB\" \/>\n<meta property=\"og:url\" content=\"https:\/\/www.domtar.com\/fr\/ressources-environnementales\/politiques-de-croissance-durable\/\" \/>\n<meta property=\"og:site_name\" content=\"Domtar\" \/>\n<meta property=\"article:publisher\" content=\"https:\/\/www.facebook.com\/DomtarEveryday\/\" \/>\n<meta property=\"article:modified_time\" content=\"2024-12-20T19:25:22+00:00\" \/>\n<meta property=\"og:image\" content=\"https:\/\/www.domtar.com\/wp-content\/uploads\/2023\/05\/Sustainability-Policies-Header.jpg\" \/>\n\t<meta property=\"og:image:width\" content=\"1280\" \/>\n\t<meta property=\"og:image:height\" content=\"800\" \/>\n\t<meta property=\"og:image:type\" content=\"image\/jpeg\" \/>\n<meta name=\"twitter:card\" content=\"summary_large_image\" \/>\n<meta name=\"twitter:site\" content=\"@DomtarEveryday\" \/>\n<meta name=\"twitter:label1\" content=\"Dur\u00e9e de lecture estim\u00e9e\" \/>\n\t<meta name=\"twitter:data1\" content=\"2 minutes\" \/>\n<script type=\"application\/ld+json\" class=\"yoast-schema-graph\">{\"@context\":\"https:\\\/\\\/schema.org\",\"@graph\":[{\"@type\":\"WebPage\",\"@id\":\"https:\\\/\\\/www.domtar.com\\\/fr\\\/ressources-environnementales\\\/politiques-de-croissance-durable\\\/\",\"url\":\"https:\\\/\\\/www.domtar.com\\\/fr\\\/ressources-environnementales\\\/politiques-de-croissance-durable\\\/\",\"name\":\"Politiques de croissance durable - Domtar\",\"isPartOf\":{\"@id\":\"https:\\\/\\\/www.domtar.com\\\/fr\\\/#website\"},\"primaryImageOfPage\":{\"@id\":\"https:\\\/\\\/www.domtar.com\\\/fr\\\/ressources-environnementales\\\/politiques-de-croissance-durable\\\/#primaryimage\"},\"image\":{\"@id\":\"https:\\\/\\\/www.domtar.com\\\/fr\\\/ressources-environnementales\\\/politiques-de-croissance-durable\\\/#primaryimage\"},\"thumbnailUrl\":\"https:\\\/\\\/www.domtar.com\\\/wp-content\\\/uploads\\\/2023\\\/05\\\/Sustainability-Policies-Header.jpg\",\"datePublished\":\"2023-05-09T07:06:13+00:00\",\"dateModified\":\"2024-12-20T19:25:22+00:00\",\"breadcrumb\":{\"@id\":\"https:\\\/\\\/www.domtar.com\\\/fr\\\/ressources-environnementales\\\/politiques-de-croissance-durable\\\/#breadcrumb\"},\"inLanguage\":\"fr-FR\",\"potentialAction\":[{\"@type\":\"ReadAction\",\"target\":[\"https:\\\/\\\/www.domtar.com\\\/fr\\\/ressources-environnementales\\\/politiques-de-croissance-durable\\\/\"]}]},{\"@type\":\"ImageObject\",\"inLanguage\":\"fr-FR\",\"@id\":\"https:\\\/\\\/www.domtar.com\\\/fr\\\/ressources-environnementales\\\/politiques-de-croissance-durable\\\/#primaryimage\",\"url\":\"https:\\\/\\\/www.domtar.com\\\/wp-content\\\/uploads\\\/2023\\\/05\\\/Sustainability-Policies-Header.jpg\",\"contentUrl\":\"https:\\\/\\\/www.domtar.com\\\/wp-content\\\/uploads\\\/2023\\\/05\\\/Sustainability-Policies-Header.jpg\"},{\"@type\":\"BreadcrumbList\",\"@id\":\"https:\\\/\\\/www.domtar.com\\\/fr\\\/ressources-environnementales\\\/politiques-de-croissance-durable\\\/#breadcrumb\",\"itemListElement\":[{\"@type\":\"ListItem\",\"position\":1,\"name\":\"Home\",\"item\":\"https:\\\/\\\/www.domtar.com\\\/fr\\\/\"},{\"@type\":\"ListItem\",\"position\":2,\"name\":\"Ressources sur le d\u00e9veloppement durable\",\"item\":\"https:\\\/\\\/www.domtar.com\\\/fr\\\/ressources-environnementales\\\/\"},{\"@type\":\"ListItem\",\"position\":3,\"name\":\"Politiques de croissance durable\"}]},{\"@type\":\"WebSite\",\"@id\":\"https:\\\/\\\/www.domtar.com\\\/fr\\\/#website\",\"url\":\"https:\\\/\\\/www.domtar.com\\\/fr\\\/\",\"name\":\"Domtar | The Fiber for the Future\",\"description\":\"The Sustainable Paper, Pulp and Packaging Company\",\"publisher\":{\"@id\":\"https:\\\/\\\/www.domtar.com\\\/fr\\\/#organization\"},\"alternateName\":\"Domtar\",\"potentialAction\":[{\"@type\":\"SearchAction\",\"target\":{\"@type\":\"EntryPoint\",\"urlTemplate\":\"https:\\\/\\\/www.domtar.com\\\/fr\\\/?s={search_term_string}\"},\"query-input\":{\"@type\":\"PropertyValueSpecification\",\"valueRequired\":true,\"valueName\":\"search_term_string\"}}],\"inLanguage\":\"fr-FR\"},{\"@type\":\"Organization\",\"@id\":\"https:\\\/\\\/www.domtar.com\\\/fr\\\/#organization\",\"name\":\"Domtar\",\"url\":\"https:\\\/\\\/www.domtar.com\\\/fr\\\/\",\"logo\":{\"@type\":\"ImageObject\",\"inLanguage\":\"fr-FR\",\"@id\":\"https:\\\/\\\/www.domtar.com\\\/fr\\\/#\\\/schema\\\/logo\\\/image\\\/\",\"url\":\"https:\\\/\\\/www.domtar.com\\\/wp-content\\\/uploads\\\/2023\\\/03\\\/domtar_logo_rgb_green.png\",\"contentUrl\":\"https:\\\/\\\/www.domtar.com\\\/wp-content\\\/uploads\\\/2023\\\/03\\\/domtar_logo_rgb_green.png\",\"width\":1153,\"height\":263,\"caption\":\"Domtar\"},\"image\":{\"@id\":\"https:\\\/\\\/www.domtar.com\\\/fr\\\/#\\\/schema\\\/logo\\\/image\\\/\"},\"sameAs\":[\"https:\\\/\\\/www.facebook.com\\\/DomtarEveryday\\\/\",\"https:\\\/\\\/x.com\\\/DomtarEveryday\",\"https:\\\/\\\/www.linkedin.com\\\/company\\\/domtar\\\/\",\"https:\\\/\\\/www.youtube.com\\\/channel\\\/UCh8Zhq2Rmxhl5Km0krrGoYw\"],\"ethicsPolicy\":\"https:\\\/\\\/www.domtar.com\\\/fr\\\/notre-entreprise\\\/ethique-et-conformite\\\/\"}]}<\/script>\n<!-- \/ Yoast SEO Premium plugin. -->","yoast_head_json":{"title":"Politiques de croissance durable - Domtar","robots":{"index":"index","follow":"follow","max-snippet":"max-snippet:-1","max-image-preview":"max-image-preview:large","max-video-preview":"max-video-preview:-1"},"canonical":"https:\/\/www.domtar.com\/fr\/ressources-environnementales\/politiques-de-croissance-durable\/","og_locale":"fr_FR","og_type":"article","og_title":"Politiques de croissance durable","og_description":"Politiques de croissance durable Politiques de croissance durable NameSize\u00a0Politique-environnementale (Expire en f\u00e9vrier 2026)40 KBPrincipes de gestion durable des for\u00eats pour l&rsquo;industrie des p\u00e2tes et papiers1.46 MBPolitique d\u2019approvisionnement en mati\u00e8re de fibre (Anglais)122 KBPolitique d\u2019approvisionnement en mati\u00e8re de fibre (Fran\u00e7ais)125 KBPolitique foresti\u00e8re (Anglais)122 KBPolitique foresti\u00e8re (Fran\u00e7ais)122 KB","og_url":"https:\/\/www.domtar.com\/fr\/ressources-environnementales\/politiques-de-croissance-durable\/","og_site_name":"Domtar","article_publisher":"https:\/\/www.facebook.com\/DomtarEveryday\/","article_modified_time":"2024-12-20T19:25:22+00:00","og_image":[{"width":1280,"height":800,"url":"https:\/\/www.domtar.com\/wp-content\/uploads\/2023\/05\/Sustainability-Policies-Header.jpg","type":"image\/jpeg"}],"twitter_card":"summary_large_image","twitter_site":"@DomtarEveryday","twitter_misc":{"Dur\u00e9e de lecture estim\u00e9e":"2 minutes"},"schema":{"@context":"https:\/\/schema.org","@graph":[{"@type":"WebPage","@id":"https:\/\/www.domtar.com\/fr\/ressources-environnementales\/politiques-de-croissance-durable\/","url":"https:\/\/www.domtar.com\/fr\/ressources-environnementales\/politiques-de-croissance-durable\/","name":"Politiques de croissance durable - Domtar","isPartOf":{"@id":"https:\/\/www.domtar.com\/fr\/#website"},"primaryImageOfPage":{"@id":"https:\/\/www.domtar.com\/fr\/ressources-environnementales\/politiques-de-croissance-durable\/#primaryimage"},"image":{"@id":"https:\/\/www.domtar.com\/fr\/ressources-environnementales\/politiques-de-croissance-durable\/#primaryimage"},"thumbnailUrl":"https:\/\/www.domtar.com\/wp-content\/uploads\/2023\/05\/Sustainability-Policies-Header.jpg","datePublished":"2023-05-09T07:06:13+00:00","dateModified":"2024-12-20T19:25:22+00:00","breadcrumb":{"@id":"https:\/\/www.domtar.com\/fr\/ressources-environnementales\/politiques-de-croissance-durable\/#breadcrumb"},"inLanguage":"fr-FR","potentialAction":[{"@type":"ReadAction","target":["https:\/\/www.domtar.com\/fr\/ressources-environnementales\/politiques-de-croissance-durable\/"]}]},{"@type":"ImageObject","inLanguage":"fr-FR","@id":"https:\/\/www.domtar.com\/fr\/ressources-environnementales\/politiques-de-croissance-durable\/#primaryimage","url":"https:\/\/www.domtar.com\/wp-content\/uploads\/2023\/05\/Sustainability-Policies-Header.jpg","contentUrl":"https:\/\/www.domtar.com\/wp-content\/uploads\/2023\/05\/Sustainability-Policies-Header.jpg"},{"@type":"BreadcrumbList","@id":"https:\/\/www.domtar.com\/fr\/ressources-environnementales\/politiques-de-croissance-durable\/#breadcrumb","itemListElement":[{"@type":"ListItem","position":1,"name":"Home","item":"https:\/\/www.domtar.com\/fr\/"},{"@type":"ListItem","position":2,"name":"Ressources sur le d\u00e9veloppement durable","item":"https:\/\/www.domtar.com\/fr\/ressources-environnementales\/"},{"@type":"ListItem","position":3,"name":"Politiques de croissance durable"}]},{"@type":"WebSite","@id":"https:\/\/www.domtar.com\/fr\/#website","url":"https:\/\/www.domtar.com\/fr\/","name":"Domtar | The Fiber for the Future","description":"The Sustainable Paper, Pulp and Packaging Company","publisher":{"@id":"https:\/\/www.domtar.com\/fr\/#organization"},"alternateName":"Domtar","potentialAction":[{"@type":"SearchAction","target":{"@type":"EntryPoint","urlTemplate":"https:\/\/www.domtar.com\/fr\/?s={search_term_string}"},"query-input":{"@type":"PropertyValueSpecification","valueRequired":true,"valueName":"search_term_string"}}],"inLanguage":"fr-FR"},{"@type":"Organization","@id":"https:\/\/www.domtar.com\/fr\/#organization","name":"Domtar","url":"https:\/\/www.domtar.com\/fr\/","logo":{"@type":"ImageObject","inLanguage":"fr-FR","@id":"https:\/\/www.domtar.com\/fr\/#\/schema\/logo\/image\/","url":"https:\/\/www.domtar.com\/wp-content\/uploads\/2023\/03\/domtar_logo_rgb_green.png","contentUrl":"https:\/\/www.domtar.com\/wp-content\/uploads\/2023\/03\/domtar_logo_rgb_green.png","width":1153,"height":263,"caption":"Domtar"},"image":{"@id":"https:\/\/www.domtar.com\/fr\/#\/schema\/logo\/image\/"},"sameAs":["https:\/\/www.facebook.com\/DomtarEveryday\/","https:\/\/x.com\/DomtarEveryday","https:\/\/www.linkedin.com\/company\/domtar\/","https:\/\/www.youtube.com\/channel\/UCh8Zhq2Rmxhl5Km0krrGoYw"],"ethicsPolicy":"https:\/\/www.domtar.com\/fr\/notre-entreprise\/ethique-et-conformite\/"}]}},"_links":{"self":[{"href":"https:\/\/www.domtar.com\/fr\/wp-json\/wp\/v2\/pages\/2923","targetHints":{"allow":["GET"]}}],"collection":[{"href":"https:\/\/www.domtar.com\/fr\/wp-json\/wp\/v2\/pages"}],"about":[{"href":"https:\/\/www.domtar.com\/fr\/wp-json\/wp\/v2\/types\/page"}],"author":[{"embeddable":true,"href":"https:\/\/www.domtar.com\/fr\/wp-json\/wp\/v2\/users\/1"}],"replies":[{"embeddable":true,"href":"https:\/\/www.domtar.com\/fr\/wp-json\/wp\/v2\/comments?post=2923"}],"version-history":[{"count":0,"href":"https:\/\/www.domtar.com\/fr\/wp-json\/wp\/v2\/pages\/2923\/revisions"}],"up":[{"embeddable":true,"href":"https:\/\/www.domtar.com\/fr\/wp-json\/wp\/v2\/pages\/1595"}],"wp:attachment":[{"href":"https:\/\/www.domtar.com\/fr\/wp-json\/wp\/v2\/media?parent=2923"}],"wp:term":[{"taxonomy":"our-locations","embeddable":true,"href":"https:\/\/www.domtar.com\/fr\/wp-json\/wp\/v2\/our-locations?post=2923"}],"curies":[{"name":"wp","href":"https:\/\/api.w.org\/{rel}","templated":true}]}}