{"id":28495,"date":"2024-12-06T05:18:34","date_gmt":"2024-12-06T05:18:34","guid":{"rendered":"https:\/\/www.domtar.com\/about-jackson-wijaya\/"},"modified":"2026-04-13T22:04:52","modified_gmt":"2026-04-13T22:04:52","slug":"le-proprietaire-jackson-wijaya","status":"publish","type":"page","link":"https:\/\/www.domtar.com\/fr\/le-proprietaire-jackson-wijaya\/","title":{"rendered":"\u00c0 propos de Jackson Wijaya"},"content":{"rendered":"\t\t<div data-elementor-type=\"wp-page\" data-elementor-id=\"28495\" class=\"elementor elementor-28495 elementor-28490\" data-elementor-settings=\"{&quot;element_pack_global_tooltip_width&quot;:{&quot;unit&quot;:&quot;px&quot;,&quot;size&quot;:&quot;&quot;,&quot;sizes&quot;:[]},&quot;element_pack_global_tooltip_width_tablet&quot;:{&quot;unit&quot;:&quot;px&quot;,&quot;size&quot;:&quot;&quot;,&quot;sizes&quot;:[]},&quot;element_pack_global_tooltip_width_mobile&quot;:{&quot;unit&quot;:&quot;px&quot;,&quot;size&quot;:&quot;&quot;,&quot;sizes&quot;:[]},&quot;element_pack_global_tooltip_padding&quot;:{&quot;unit&quot;:&quot;px&quot;,&quot;top&quot;:&quot;&quot;,&quot;right&quot;:&quot;&quot;,&quot;bottom&quot;:&quot;&quot;,&quot;left&quot;:&quot;&quot;,&quot;isLinked&quot;:true},&quot;element_pack_global_tooltip_padding_tablet&quot;:{&quot;unit&quot;:&quot;px&quot;,&quot;top&quot;:&quot;&quot;,&quot;right&quot;:&quot;&quot;,&quot;bottom&quot;:&quot;&quot;,&quot;left&quot;:&quot;&quot;,&quot;isLinked&quot;:true},&quot;element_pack_global_tooltip_padding_mobile&quot;:{&quot;unit&quot;:&quot;px&quot;,&quot;top&quot;:&quot;&quot;,&quot;right&quot;:&quot;&quot;,&quot;bottom&quot;:&quot;&quot;,&quot;left&quot;:&quot;&quot;,&quot;isLinked&quot;:true},&quot;element_pack_global_tooltip_border_radius&quot;:{&quot;unit&quot;:&quot;px&quot;,&quot;top&quot;:&quot;&quot;,&quot;right&quot;:&quot;&quot;,&quot;bottom&quot;:&quot;&quot;,&quot;left&quot;:&quot;&quot;,&quot;isLinked&quot;:true},&quot;element_pack_global_tooltip_border_radius_tablet&quot;:{&quot;unit&quot;:&quot;px&quot;,&quot;top&quot;:&quot;&quot;,&quot;right&quot;:&quot;&quot;,&quot;bottom&quot;:&quot;&quot;,&quot;left&quot;:&quot;&quot;,&quot;isLinked&quot;:true},&quot;element_pack_global_tooltip_border_radius_mobile&quot;:{&quot;unit&quot;:&quot;px&quot;,&quot;top&quot;:&quot;&quot;,&quot;right&quot;:&quot;&quot;,&quot;bottom&quot;:&quot;&quot;,&quot;left&quot;:&quot;&quot;,&quot;isLinked&quot;:true}}\" data-elementor-post-type=\"page\">\n\t\t\t\t\t\t<section class=\"has_eae_slider elementor-section elementor-top-section elementor-element elementor-element-34fe296 elementor-section-height-min-height dom-inner-banner elementor-section-content-top elementor-section-boxed elementor-section-height-default elementor-section-items-middle\" data-eae-slider=\"57252\" data-id=\"34fe296\" data-element_type=\"section\" data-e-type=\"section\" data-settings=\"{&quot;background_background&quot;:&quot;classic&quot;}\">\n\t\t\t\t\t\t<div class=\"elementor-container elementor-column-gap-default\">\n\t\t\t\t\t<div class=\"has_eae_slider elementor-column elementor-col-100 elementor-top-column elementor-element elementor-element-fd8452e\" data-eae-slider=\"82855\" data-id=\"fd8452e\" data-element_type=\"column\" data-e-type=\"column\">\n\t\t\t<div class=\"elementor-widget-wrap elementor-element-populated\">\n\t\t\t\t\t\t<section class=\"has_eae_slider elementor-section elementor-inner-section elementor-element elementor-element-1172024 elementor-section-height-min-height elementor-section-boxed elementor-section-height-default\" data-eae-slider=\"31504\" data-id=\"1172024\" data-element_type=\"section\" data-e-type=\"section\">\n\t\t\t\t\t\t<div class=\"elementor-container elementor-column-gap-default\">\n\t\t\t\t\t<div class=\"has_eae_slider elementor-column elementor-col-50 elementor-inner-column elementor-element elementor-element-81ad0bc elementor-invisible\" data-eae-slider=\"69568\" data-id=\"81ad0bc\" data-element_type=\"column\" data-e-type=\"column\" data-settings=\"{&quot;animation&quot;:&quot;fadeInUp&quot;}\">\n\t\t\t<div class=\"elementor-widget-wrap elementor-element-populated\">\n\t\t\t\t\t\t<div class=\"elementor-element elementor-element-4e22b07 elementor-widget elementor-widget-heading\" data-id=\"4e22b07\" data-element_type=\"widget\" data-e-type=\"widget\" data-widget_type=\"heading.default\">\n\t\t\t\t<div class=\"elementor-widget-container\">\n\t\t\t\t\t<h1 class=\"elementor-heading-title elementor-size-default\">\u00c0 propos de Jackson Wijaya, le propri\u00e9taire de Domtar<\/h1>\t\t\t\t<\/div>\n\t\t\t\t<\/div>\n\t\t\t\t\t<\/div>\n\t\t<\/div>\n\t\t\t\t<div class=\"has_eae_slider elementor-column elementor-col-50 elementor-inner-column elementor-element elementor-element-e691033 elementor-invisible\" data-eae-slider=\"68768\" data-id=\"e691033\" data-element_type=\"column\" data-e-type=\"column\" data-settings=\"{&quot;animation&quot;:&quot;fadeInRight&quot;}\">\n\t\t\t<div class=\"elementor-widget-wrap elementor-element-populated\">\n\t\t\t\t\t\t<div class=\"elementor-element elementor-element-fbeb44d elementor-widget elementor-widget-image\" data-id=\"fbeb44d\" data-element_type=\"widget\" data-e-type=\"widget\" data-widget_type=\"image.default\">\n\t\t\t\t<div class=\"elementor-widget-container\">\n\t\t\t\t\t\t\t\t\t\t\t\t\t\t\t<img fetchpriority=\"high\" decoding=\"async\" width=\"1000\" height=\"527\" src=\"https:\/\/www.domtar.com\/wp-content\/uploads\/2026\/03\/shutterstock_2507688319.jpg\" class=\"attachment-large size-large wp-image-49767\" alt=\"Shutterstock image description: Nature, soil and hands of people with plant for growth, sustainability and eco friendly charity outreach. Read Domtar owner Jackson Wijaya&#039;s bio.\" srcset=\"https:\/\/www.domtar.com\/wp-content\/uploads\/2026\/03\/shutterstock_2507688319.jpg 1000w, https:\/\/www.domtar.com\/wp-content\/uploads\/2026\/03\/shutterstock_2507688319-450x237.jpg 450w, https:\/\/www.domtar.com\/wp-content\/uploads\/2026\/03\/shutterstock_2507688319-768x405.jpg 768w, https:\/\/www.domtar.com\/wp-content\/uploads\/2026\/03\/shutterstock_2507688319-300x158.jpg 300w\" sizes=\"(max-width: 1000px) 100vw, 1000px\" \/>\t\t\t\t\t\t\t\t\t\t\t\t\t\t\t<\/div>\n\t\t\t\t<\/div>\n\t\t\t\t\t<\/div>\n\t\t<\/div>\n\t\t\t\t\t<\/div>\n\t\t<\/section>\n\t\t\t\t\t<\/div>\n\t\t<\/div>\n\t\t\t\t\t<\/div>\n\t\t<\/section>\n\t\t\t\t<section class=\"has_eae_slider elementor-section elementor-top-section elementor-element elementor-element-fb0e984 elementor-section-boxed elementor-section-height-default elementor-section-height-default\" data-eae-slider=\"83425\" data-id=\"fb0e984\" data-element_type=\"section\" data-e-type=\"section\">\n\t\t\t\t\t\t<div class=\"elementor-container elementor-column-gap-default\">\n\t\t\t\t\t<div class=\"has_eae_slider elementor-column elementor-col-100 elementor-top-column elementor-element elementor-element-1d1294b\" data-eae-slider=\"72566\" data-id=\"1d1294b\" data-element_type=\"column\" data-e-type=\"column\">\n\t\t\t<div class=\"elementor-widget-wrap elementor-element-populated\">\n\t\t\t\t\t\t<section class=\"has_eae_slider elementor-section elementor-inner-section elementor-element elementor-element-42a03a5 elementor-section-boxed elementor-section-height-default elementor-section-height-default elementor-invisible\" data-eae-slider=\"50481\" data-id=\"42a03a5\" data-element_type=\"section\" data-e-type=\"section\" data-settings=\"{&quot;animation&quot;:&quot;slideInUp&quot;}\">\n\t\t\t\t\t\t<div class=\"elementor-container elementor-column-gap-default\">\n\t\t\t\t\t<div class=\"has_eae_slider elementor-column elementor-col-100 elementor-inner-column elementor-element elementor-element-fcb057d\" data-eae-slider=\"46810\" data-id=\"fcb057d\" data-element_type=\"column\" data-e-type=\"column\">\n\t\t\t<div class=\"elementor-widget-wrap elementor-element-populated\">\n\t\t\t\t\t\t<div class=\"elementor-element elementor-element-d68d0b8 elementor-widget elementor-widget-text-editor\" data-id=\"d68d0b8\" data-element_type=\"widget\" data-e-type=\"widget\" data-widget_type=\"text-editor.default\">\n\t\t\t\t<div class=\"elementor-widget-container\">\n\t\t\t\t\t\t\t\t\t<p>Jackson Wijaya est un homme d\u2019affaires et un investisseur d\u2019origine indon\u00e9sienne et le propri\u00e9taire de Domtar.<\/p><p>Sous sa gouverne, Domtar (auparavant Groupe Papier Excellence) a pris de l\u2019expansion pour devenir une des principales soci\u00e9t\u00e9s de produits forestiers en Am\u00e9rique du Nord. Il a aussi acquis une vaste exp\u00e9rience op\u00e9rationnelle qu\u2019il a mise \u00e0 profit dans des investissements priv\u00e9s dans les domaines de l\u2019immobilier, des soins de sant\u00e9 et de la technologie partout en Asie et dans les Am\u00e9riques.<\/p><p>\u00c9lev\u00e9 dans une famille de leaders entrepreneuriaux et d\u2019investisseurs, Jackson Wijaya s&rsquo;est fix\u00e9 pour objectif de cr\u00e9er sa propre entreprise d\u00e8s son jeune \u00e2ge. En 2006, il a fond\u00e9 le Groupe Papier Excellence, une entreprise canadienne qui a \u00e9t\u00e9 renomm\u00e9e Domtar en 2024. Depuis, l&rsquo;entreprise s&rsquo;est d\u00e9velopp\u00e9e gr\u00e2ce \u00e0 l&rsquo;acquisition d&rsquo;actifs de premier plan aux \u00c9tats-Unis, en France et au Canada. Ce qui a commenc\u00e9 avec une seule usine compte maintenant une soixantaine d\u2019\u00e9tablissements et emploie plus de 13\u00a0000\u00a0personnes et ce, gr\u00e2ce aux acquisitions de deux soci\u00e9t\u00e9s cot\u00e9es en bourse, soit Produits forestiers R\u00e9solu en 2023 et Domtar Corporation en 2021.<\/p><p>Sous la direction de Jackson Wijaya, Domtar s&rsquo;appuie sur les bases solides pos\u00e9es par les organisations qui l&rsquo;ont pr\u00e9c\u00e9d\u00e9e, en mettant l&rsquo;accent sur la continuit\u00e9 et la croissance en Am\u00e9rique du Nord et au-del\u00e0. C&rsquo;est Jackson Wijaya qui a lanc\u00e9 en 2024 le changement de nom du Groupe Papier Excellence en Domtar dans le but d&rsquo;honorer l&rsquo;h\u00e9ritage de l&rsquo;entreprise tout en favorisant l&rsquo;innovation et l&rsquo;expansion. En int\u00e9grant des acquisitions comme celles de Produits forestiers R\u00e9solu et de Domtar Corporation, il renforce une vision qui valorise le patrimoine, les pratiques durables et la qualit\u00e9. Cette initiative t\u00e9moigne de son engagement \u00e0 tirer parti des forces de chaque acquisition pour cr\u00e9er une organisation unifi\u00e9e et tourn\u00e9e vers l&rsquo;avenir, tout en restant profond\u00e9ment ancr\u00e9e dans ses principes fondateurs.<\/p><p>Dans tous les domaines de l&rsquo;entreprise, M. Wijaya fait la promotion d\u2019une culture ax\u00e9e sur les r\u00e9sultats.<\/p><ul><li>Domtar a investi pr\u00e8s de 5\u00a0G$ dans des usines et des collectivit\u00e9s locales, dans l\u2019\u00e9ducation et dans des bourses un peu partout en Am\u00e9rique du Nord, de m\u00eame que dans l\u2019aide humanitaire et le secours aux sinistr\u00e9s.<\/li><li>L\u2019entreprise fait preuve de son engagement envers les communaut\u00e9s autochtones en offrant des programmes de formation en milieu de travail et des occasions d\u2019affaires li\u00e9es \u00e0 l\u2019approvisionnement, ainsi qu\u2019en facilitant l\u2019acc\u00e8s \u00e0 la propri\u00e9t\u00e9 d\u2019usine.<\/li><li>En 2022, Papier Excellence a conclu la plus importante entente visant la conservation de terres priv\u00e9es dans l\u2019histoire du Canada, entente qui a fourni 1450\u00a0kilom\u00e8tres carr\u00e9s de for\u00eat bor\u00e9ale \u00e0 l\u2019organisme Conservation de la nature Canada (CNC) pour la recherche et la conservation.<\/li><li>En 2025, Domtar a accept\u00e9 de donner des terres \u00e0 CNC, ce qui a permis \u00e0 l\u2019organisme de conserver quatre grandes parcelles de terrains, un territoire qui comprend des for\u00eats et des cours d\u2019eau \u00e0 Terre-Neuve et Labrador. Ce don permettra d&rsquo;am\u00e9liorer la circulation de la faune gr\u00e2ce \u00e0 des terres prot\u00e9g\u00e9es reli\u00e9es entre elles.<\/li><\/ul><p>Gr\u00e2ce au soutien de Jackson Wijaya, l&rsquo;entreprise a \u00e9galement adopt\u00e9 une strat\u00e9gie de d\u00e9veloppement durable ambitieuse, audacieuse et transparente, articul\u00e9e autour de trois piliers \u2014 l\u2019intendance environnementale, nos gens et nos collectivit\u00e9s et une entreprise responsable \u2014 qui guidera Domtar jusqu&rsquo;en 2030.<\/p><p>Apr\u00e8s avoir re\u00e7u une formation d\u2019ing\u00e9nieur industriel, M.\u00a0Wijaya a obtenu un baccalaur\u00e9at et une ma\u00eetrise de l\u2019Universit\u00e9 du Michigan.<\/p>\t\t\t\t\t\t\t\t<\/div>\n\t\t\t\t<\/div>\n\t\t\t\t\t<\/div>\n\t\t<\/div>\n\t\t\t\t\t<\/div>\n\t\t<\/section>\n\t\t\t\t\t<\/div>\n\t\t<\/div>\n\t\t\t\t\t<\/div>\n\t\t<\/section>\n\t\t\t\t<\/div>\n\t\t","protected":false},"excerpt":{"rendered":"<p>Jackson Wijaya est un homme d\u2019affaires et un investisseur d\u2019origine indon\u00e9sienne et le propri\u00e9taire de Domtar. En savoir plus.<\/p>\n","protected":false},"author":1,"featured_media":0,"parent":0,"menu_order":0,"comment_status":"closed","ping_status":"closed","template":"elementor_header_footer","meta":{"_acf_changed":false,"_genesis_block_theme_hide_title":false,"footnotes":""},"our-locations":[],"class_list":["post-28495","page","type-page","status-publish","hentry","post","without-featured-image"],"acf":[],"yoast_head":"<!-- This site is optimized with the Yoast SEO Premium plugin v27.4 (Yoast SEO v27.4) - https:\/\/yoast.com\/product\/yoast-seo-premium-wordpress\/ -->\n<title>\u00c0 propos de Jackson Wijaya - Domtar<\/title>\n<meta name=\"description\" content=\"Jackson Wijaya est un homme d\u2019affaires et un investisseur d\u2019origine indon\u00e9sienne et le propri\u00e9taire de Domtar.\" \/>\n<meta name=\"robots\" content=\"index, follow, max-snippet:-1, max-image-preview:large, max-video-preview:-1\" \/>\n<link rel=\"canonical\" href=\"https:\/\/www.domtar.com\/fr\/le-proprietaire-jackson-wijaya\/\" \/>\n<meta property=\"og:locale\" content=\"fr_FR\" \/>\n<meta property=\"og:type\" content=\"article\" \/>\n<meta property=\"og:title\" content=\"\u00c0 propos de Jackson Wijaya\" \/>\n<meta property=\"og:description\" content=\"Jackson Wijaya est un homme d\u2019affaires et un investisseur d\u2019origine indon\u00e9sienne et le propri\u00e9taire de Domtar.\" \/>\n<meta property=\"og:url\" content=\"https:\/\/www.domtar.com\/fr\/le-proprietaire-jackson-wijaya\/\" \/>\n<meta property=\"og:site_name\" content=\"Domtar\" \/>\n<meta property=\"article:publisher\" content=\"https:\/\/www.facebook.com\/DomtarEveryday\/\" \/>\n<meta property=\"article:modified_time\" content=\"2026-04-13T22:04:52+00:00\" \/>\n<meta property=\"og:image\" content=\"https:\/\/www.domtar.com\/wp-content\/uploads\/2026\/03\/shutterstock_2507688319.jpg\" \/>\n\t<meta property=\"og:image:width\" content=\"1000\" \/>\n\t<meta property=\"og:image:height\" content=\"527\" \/>\n\t<meta property=\"og:image:type\" content=\"image\/jpeg\" \/>\n<meta name=\"twitter:card\" content=\"summary_large_image\" \/>\n<meta name=\"twitter:site\" content=\"@DomtarEveryday\" \/>\n<meta name=\"twitter:label1\" content=\"Dur\u00e9e de lecture estim\u00e9e\" \/>\n\t<meta name=\"twitter:data1\" content=\"4 minutes\" \/>\n<script type=\"application\/ld+json\" class=\"yoast-schema-graph\">{\"@context\":\"https:\\\/\\\/schema.org\",\"@graph\":[{\"@type\":\"WebPage\",\"@id\":\"https:\\\/\\\/www.domtar.com\\\/fr\\\/le-proprietaire-jackson-wijaya\\\/\",\"url\":\"https:\\\/\\\/www.domtar.com\\\/fr\\\/le-proprietaire-jackson-wijaya\\\/\",\"name\":\"\u00c0 propos de Jackson Wijaya - Domtar\",\"isPartOf\":{\"@id\":\"https:\\\/\\\/www.domtar.com\\\/fr\\\/#website\"},\"primaryImageOfPage\":{\"@id\":\"https:\\\/\\\/www.domtar.com\\\/fr\\\/le-proprietaire-jackson-wijaya\\\/#primaryimage\"},\"image\":{\"@id\":\"https:\\\/\\\/www.domtar.com\\\/fr\\\/le-proprietaire-jackson-wijaya\\\/#primaryimage\"},\"thumbnailUrl\":\"https:\\\/\\\/www.domtar.com\\\/wp-content\\\/uploads\\\/2026\\\/03\\\/shutterstock_2507688319.jpg\",\"datePublished\":\"2024-12-06T05:18:34+00:00\",\"dateModified\":\"2026-04-13T22:04:52+00:00\",\"description\":\"Jackson Wijaya est un homme d\u2019affaires et un investisseur d\u2019origine indon\u00e9sienne et le propri\u00e9taire de Domtar.\",\"breadcrumb\":{\"@id\":\"https:\\\/\\\/www.domtar.com\\\/fr\\\/le-proprietaire-jackson-wijaya\\\/#breadcrumb\"},\"inLanguage\":\"fr-FR\",\"potentialAction\":[{\"@type\":\"ReadAction\",\"target\":[\"https:\\\/\\\/www.domtar.com\\\/fr\\\/le-proprietaire-jackson-wijaya\\\/\"]}]},{\"@type\":\"ImageObject\",\"inLanguage\":\"fr-FR\",\"@id\":\"https:\\\/\\\/www.domtar.com\\\/fr\\\/le-proprietaire-jackson-wijaya\\\/#primaryimage\",\"url\":\"https:\\\/\\\/www.domtar.com\\\/wp-content\\\/uploads\\\/2026\\\/03\\\/shutterstock_2507688319.jpg\",\"contentUrl\":\"https:\\\/\\\/www.domtar.com\\\/wp-content\\\/uploads\\\/2026\\\/03\\\/shutterstock_2507688319.jpg\"},{\"@type\":\"BreadcrumbList\",\"@id\":\"https:\\\/\\\/www.domtar.com\\\/fr\\\/le-proprietaire-jackson-wijaya\\\/#breadcrumb\",\"itemListElement\":[{\"@type\":\"ListItem\",\"position\":1,\"name\":\"Home\",\"item\":\"https:\\\/\\\/www.domtar.com\\\/fr\\\/\"},{\"@type\":\"ListItem\",\"position\":2,\"name\":\"\u00c0 propos de Jackson Wijaya\"}]},{\"@type\":\"WebSite\",\"@id\":\"https:\\\/\\\/www.domtar.com\\\/fr\\\/#website\",\"url\":\"https:\\\/\\\/www.domtar.com\\\/fr\\\/\",\"name\":\"Domtar | The Fiber for the Future\",\"description\":\"The Sustainable Paper, Pulp and Packaging Company\",\"publisher\":{\"@id\":\"https:\\\/\\\/www.domtar.com\\\/fr\\\/#organization\"},\"alternateName\":\"Domtar\",\"potentialAction\":[{\"@type\":\"SearchAction\",\"target\":{\"@type\":\"EntryPoint\",\"urlTemplate\":\"https:\\\/\\\/www.domtar.com\\\/fr\\\/?s={search_term_string}\"},\"query-input\":{\"@type\":\"PropertyValueSpecification\",\"valueRequired\":true,\"valueName\":\"search_term_string\"}}],\"inLanguage\":\"fr-FR\"},{\"@type\":\"Organization\",\"@id\":\"https:\\\/\\\/www.domtar.com\\\/fr\\\/#organization\",\"name\":\"Domtar\",\"url\":\"https:\\\/\\\/www.domtar.com\\\/fr\\\/\",\"logo\":{\"@type\":\"ImageObject\",\"inLanguage\":\"fr-FR\",\"@id\":\"https:\\\/\\\/www.domtar.com\\\/fr\\\/#\\\/schema\\\/logo\\\/image\\\/\",\"url\":\"https:\\\/\\\/www.domtar.com\\\/wp-content\\\/uploads\\\/2023\\\/03\\\/domtar_logo_rgb_green.png\",\"contentUrl\":\"https:\\\/\\\/www.domtar.com\\\/wp-content\\\/uploads\\\/2023\\\/03\\\/domtar_logo_rgb_green.png\",\"width\":1153,\"height\":263,\"caption\":\"Domtar\"},\"image\":{\"@id\":\"https:\\\/\\\/www.domtar.com\\\/fr\\\/#\\\/schema\\\/logo\\\/image\\\/\"},\"sameAs\":[\"https:\\\/\\\/www.facebook.com\\\/DomtarEveryday\\\/\",\"https:\\\/\\\/x.com\\\/DomtarEveryday\",\"https:\\\/\\\/www.linkedin.com\\\/company\\\/domtar\\\/\",\"https:\\\/\\\/www.youtube.com\\\/channel\\\/UCh8Zhq2Rmxhl5Km0krrGoYw\"],\"ethicsPolicy\":\"https:\\\/\\\/www.domtar.com\\\/fr\\\/notre-entreprise\\\/ethique-et-conformite\\\/\"}]}<\/script>\n<!-- \/ Yoast SEO Premium plugin. -->","yoast_head_json":{"title":"\u00c0 propos de Jackson Wijaya - Domtar","description":"Jackson Wijaya est un homme d\u2019affaires et un investisseur d\u2019origine indon\u00e9sienne et le propri\u00e9taire de Domtar.","robots":{"index":"index","follow":"follow","max-snippet":"max-snippet:-1","max-image-preview":"max-image-preview:large","max-video-preview":"max-video-preview:-1"},"canonical":"https:\/\/www.domtar.com\/fr\/le-proprietaire-jackson-wijaya\/","og_locale":"fr_FR","og_type":"article","og_title":"\u00c0 propos de Jackson Wijaya","og_description":"Jackson Wijaya est un homme d\u2019affaires et un investisseur d\u2019origine indon\u00e9sienne et le propri\u00e9taire de Domtar.","og_url":"https:\/\/www.domtar.com\/fr\/le-proprietaire-jackson-wijaya\/","og_site_name":"Domtar","article_publisher":"https:\/\/www.facebook.com\/DomtarEveryday\/","article_modified_time":"2026-04-13T22:04:52+00:00","og_image":[{"width":1000,"height":527,"url":"https:\/\/www.domtar.com\/wp-content\/uploads\/2026\/03\/shutterstock_2507688319.jpg","type":"image\/jpeg"}],"twitter_card":"summary_large_image","twitter_site":"@DomtarEveryday","twitter_misc":{"Dur\u00e9e de lecture estim\u00e9e":"4 minutes"},"schema":{"@context":"https:\/\/schema.org","@graph":[{"@type":"WebPage","@id":"https:\/\/www.domtar.com\/fr\/le-proprietaire-jackson-wijaya\/","url":"https:\/\/www.domtar.com\/fr\/le-proprietaire-jackson-wijaya\/","name":"\u00c0 propos de Jackson Wijaya - Domtar","isPartOf":{"@id":"https:\/\/www.domtar.com\/fr\/#website"},"primaryImageOfPage":{"@id":"https:\/\/www.domtar.com\/fr\/le-proprietaire-jackson-wijaya\/#primaryimage"},"image":{"@id":"https:\/\/www.domtar.com\/fr\/le-proprietaire-jackson-wijaya\/#primaryimage"},"thumbnailUrl":"https:\/\/www.domtar.com\/wp-content\/uploads\/2026\/03\/shutterstock_2507688319.jpg","datePublished":"2024-12-06T05:18:34+00:00","dateModified":"2026-04-13T22:04:52+00:00","description":"Jackson Wijaya est un homme d\u2019affaires et un investisseur d\u2019origine indon\u00e9sienne et le propri\u00e9taire de Domtar.","breadcrumb":{"@id":"https:\/\/www.domtar.com\/fr\/le-proprietaire-jackson-wijaya\/#breadcrumb"},"inLanguage":"fr-FR","potentialAction":[{"@type":"ReadAction","target":["https:\/\/www.domtar.com\/fr\/le-proprietaire-jackson-wijaya\/"]}]},{"@type":"ImageObject","inLanguage":"fr-FR","@id":"https:\/\/www.domtar.com\/fr\/le-proprietaire-jackson-wijaya\/#primaryimage","url":"https:\/\/www.domtar.com\/wp-content\/uploads\/2026\/03\/shutterstock_2507688319.jpg","contentUrl":"https:\/\/www.domtar.com\/wp-content\/uploads\/2026\/03\/shutterstock_2507688319.jpg"},{"@type":"BreadcrumbList","@id":"https:\/\/www.domtar.com\/fr\/le-proprietaire-jackson-wijaya\/#breadcrumb","itemListElement":[{"@type":"ListItem","position":1,"name":"Home","item":"https:\/\/www.domtar.com\/fr\/"},{"@type":"ListItem","position":2,"name":"\u00c0 propos de Jackson Wijaya"}]},{"@type":"WebSite","@id":"https:\/\/www.domtar.com\/fr\/#website","url":"https:\/\/www.domtar.com\/fr\/","name":"Domtar | The Fiber for the Future","description":"The Sustainable Paper, Pulp and Packaging Company","publisher":{"@id":"https:\/\/www.domtar.com\/fr\/#organization"},"alternateName":"Domtar","potentialAction":[{"@type":"SearchAction","target":{"@type":"EntryPoint","urlTemplate":"https:\/\/www.domtar.com\/fr\/?s={search_term_string}"},"query-input":{"@type":"PropertyValueSpecification","valueRequired":true,"valueName":"search_term_string"}}],"inLanguage":"fr-FR"},{"@type":"Organization","@id":"https:\/\/www.domtar.com\/fr\/#organization","name":"Domtar","url":"https:\/\/www.domtar.com\/fr\/","logo":{"@type":"ImageObject","inLanguage":"fr-FR","@id":"https:\/\/www.domtar.com\/fr\/#\/schema\/logo\/image\/","url":"https:\/\/www.domtar.com\/wp-content\/uploads\/2023\/03\/domtar_logo_rgb_green.png","contentUrl":"https:\/\/www.domtar.com\/wp-content\/uploads\/2023\/03\/domtar_logo_rgb_green.png","width":1153,"height":263,"caption":"Domtar"},"image":{"@id":"https:\/\/www.domtar.com\/fr\/#\/schema\/logo\/image\/"},"sameAs":["https:\/\/www.facebook.com\/DomtarEveryday\/","https:\/\/x.com\/DomtarEveryday","https:\/\/www.linkedin.com\/company\/domtar\/","https:\/\/www.youtube.com\/channel\/UCh8Zhq2Rmxhl5Km0krrGoYw"],"ethicsPolicy":"https:\/\/www.domtar.com\/fr\/notre-entreprise\/ethique-et-conformite\/"}]}},"_links":{"self":[{"href":"https:\/\/www.domtar.com\/fr\/wp-json\/wp\/v2\/pages\/28495","targetHints":{"allow":["GET"]}}],"collection":[{"href":"https:\/\/www.domtar.com\/fr\/wp-json\/wp\/v2\/pages"}],"about":[{"href":"https:\/\/www.domtar.com\/fr\/wp-json\/wp\/v2\/types\/page"}],"author":[{"embeddable":true,"href":"https:\/\/www.domtar.com\/fr\/wp-json\/wp\/v2\/users\/1"}],"replies":[{"embeddable":true,"href":"https:\/\/www.domtar.com\/fr\/wp-json\/wp\/v2\/comments?post=28495"}],"version-history":[{"count":0,"href":"https:\/\/www.domtar.com\/fr\/wp-json\/wp\/v2\/pages\/28495\/revisions"}],"wp:attachment":[{"href":"https:\/\/www.domtar.com\/fr\/wp-json\/wp\/v2\/media?parent=28495"}],"wp:term":[{"taxonomy":"our-locations","embeddable":true,"href":"https:\/\/www.domtar.com\/fr\/wp-json\/wp\/v2\/our-locations?post=28495"}],"curies":[{"name":"wp","href":"https:\/\/api.w.org\/{rel}","templated":true}]}}