{"id":28434,"date":"2024-11-25T10:50:02","date_gmt":"2024-11-25T10:50:02","guid":{"rendered":"https:\/\/www.domtar.com\/climat-emissions-de-carbone-et-energie\/"},"modified":"2025-05-06T00:46:55","modified_gmt":"2025-05-06T00:46:55","slug":"climat-emissions-de-carbone-et-energie","status":"publish","type":"page","link":"https:\/\/www.domtar.com\/fr\/responsabilite\/climat-emissions-de-carbone-et-energie\/","title":{"rendered":"Climat, \u00e9missions de carbone et \u00e9nergie"},"content":{"rendered":"\t\t<div data-elementor-type=\"wp-page\" data-elementor-id=\"28434\" class=\"elementor elementor-28434 elementor-27909\" data-elementor-settings=\"{&quot;element_pack_global_tooltip_width&quot;:{&quot;unit&quot;:&quot;px&quot;,&quot;size&quot;:&quot;&quot;,&quot;sizes&quot;:[]},&quot;element_pack_global_tooltip_width_tablet&quot;:{&quot;unit&quot;:&quot;px&quot;,&quot;size&quot;:&quot;&quot;,&quot;sizes&quot;:[]},&quot;element_pack_global_tooltip_width_mobile&quot;:{&quot;unit&quot;:&quot;px&quot;,&quot;size&quot;:&quot;&quot;,&quot;sizes&quot;:[]},&quot;element_pack_global_tooltip_padding&quot;:{&quot;unit&quot;:&quot;px&quot;,&quot;top&quot;:&quot;&quot;,&quot;right&quot;:&quot;&quot;,&quot;bottom&quot;:&quot;&quot;,&quot;left&quot;:&quot;&quot;,&quot;isLinked&quot;:true},&quot;element_pack_global_tooltip_padding_tablet&quot;:{&quot;unit&quot;:&quot;px&quot;,&quot;top&quot;:&quot;&quot;,&quot;right&quot;:&quot;&quot;,&quot;bottom&quot;:&quot;&quot;,&quot;left&quot;:&quot;&quot;,&quot;isLinked&quot;:true},&quot;element_pack_global_tooltip_padding_mobile&quot;:{&quot;unit&quot;:&quot;px&quot;,&quot;top&quot;:&quot;&quot;,&quot;right&quot;:&quot;&quot;,&quot;bottom&quot;:&quot;&quot;,&quot;left&quot;:&quot;&quot;,&quot;isLinked&quot;:true},&quot;element_pack_global_tooltip_border_radius&quot;:{&quot;unit&quot;:&quot;px&quot;,&quot;top&quot;:&quot;&quot;,&quot;right&quot;:&quot;&quot;,&quot;bottom&quot;:&quot;&quot;,&quot;left&quot;:&quot;&quot;,&quot;isLinked&quot;:true},&quot;element_pack_global_tooltip_border_radius_tablet&quot;:{&quot;unit&quot;:&quot;px&quot;,&quot;top&quot;:&quot;&quot;,&quot;right&quot;:&quot;&quot;,&quot;bottom&quot;:&quot;&quot;,&quot;left&quot;:&quot;&quot;,&quot;isLinked&quot;:true},&quot;element_pack_global_tooltip_border_radius_mobile&quot;:{&quot;unit&quot;:&quot;px&quot;,&quot;top&quot;:&quot;&quot;,&quot;right&quot;:&quot;&quot;,&quot;bottom&quot;:&quot;&quot;,&quot;left&quot;:&quot;&quot;,&quot;isLinked&quot;:true}}\" data-elementor-post-type=\"page\">\n\t\t\t\t\t\t<section class=\"has_eae_slider elementor-section elementor-top-section elementor-element elementor-element-dd3bccf elementor-section-height-min-height dom-inner-banner elementor-section-content-top elementor-section-boxed elementor-section-height-default elementor-section-items-middle\" data-eae-slider=\"20669\" data-id=\"dd3bccf\" data-element_type=\"section\" data-e-type=\"section\" data-settings=\"{&quot;background_background&quot;:&quot;classic&quot;}\">\n\t\t\t\t\t\t<div class=\"elementor-container elementor-column-gap-default\">\n\t\t\t\t\t<div class=\"has_eae_slider elementor-column elementor-col-100 elementor-top-column elementor-element elementor-element-138f73d\" data-eae-slider=\"22080\" data-id=\"138f73d\" data-element_type=\"column\" data-e-type=\"column\">\n\t\t\t<div class=\"elementor-widget-wrap elementor-element-populated\">\n\t\t\t\t\t\t<section class=\"has_eae_slider elementor-section elementor-inner-section elementor-element elementor-element-a98922c elementor-section-height-min-height elementor-section-boxed elementor-section-height-default\" data-eae-slider=\"37723\" data-id=\"a98922c\" data-element_type=\"section\" data-e-type=\"section\">\n\t\t\t\t\t\t<div class=\"elementor-container elementor-column-gap-default\">\n\t\t\t\t\t<div class=\"has_eae_slider elementor-column elementor-col-50 elementor-inner-column elementor-element elementor-element-62aac9b elementor-invisible\" data-eae-slider=\"59031\" data-id=\"62aac9b\" data-element_type=\"column\" data-e-type=\"column\" data-settings=\"{&quot;animation&quot;:&quot;fadeInUp&quot;}\">\n\t\t\t<div class=\"elementor-widget-wrap elementor-element-populated\">\n\t\t\t\t\t\t<div class=\"elementor-element elementor-element-7d1c956 elementor-widget elementor-widget-heading\" data-id=\"7d1c956\" data-element_type=\"widget\" data-e-type=\"widget\" data-widget_type=\"heading.default\">\n\t\t\t\t<div class=\"elementor-widget-container\">\n\t\t\t\t\t<h1 class=\"elementor-heading-title elementor-size-default\">Climat, \u00e9missions de carbone et \u00e9nergie<\/h1>\t\t\t\t<\/div>\n\t\t\t\t<\/div>\n\t\t\t\t\t<\/div>\n\t\t<\/div>\n\t\t\t\t<div class=\"has_eae_slider elementor-column elementor-col-50 elementor-inner-column elementor-element elementor-element-e28bd9f elementor-invisible\" data-eae-slider=\"8633\" data-id=\"e28bd9f\" data-element_type=\"column\" data-e-type=\"column\" data-settings=\"{&quot;animation&quot;:&quot;fadeInRight&quot;}\">\n\t\t\t<div class=\"elementor-widget-wrap elementor-element-populated\">\n\t\t\t\t\t\t<div class=\"elementor-element elementor-element-aaeeb06 elementor-absolute elementor-widget elementor-widget-image\" data-id=\"aaeeb06\" data-element_type=\"widget\" data-e-type=\"widget\" data-settings=\"{&quot;_position&quot;:&quot;absolute&quot;}\" data-widget_type=\"image.default\">\n\t\t\t\t<div class=\"elementor-widget-container\">\n\t\t\t\t\t\t\t\t\t\t\t\t\t\t\t<img fetchpriority=\"high\" decoding=\"async\" width=\"1000\" height=\"667\" src=\"https:\/\/www.domtar.com\/wp-content\/uploads\/2024\/12\/Climate-carbon_img-min.jpg\" class=\"attachment-full size-full wp-image-28274\" alt=\"\" srcset=\"https:\/\/www.domtar.com\/wp-content\/uploads\/2024\/12\/Climate-carbon_img-min.jpg 1000w, https:\/\/www.domtar.com\/wp-content\/uploads\/2024\/12\/Climate-carbon_img-min-450x300.jpg 450w, https:\/\/www.domtar.com\/wp-content\/uploads\/2024\/12\/Climate-carbon_img-min-768x512.jpg 768w, https:\/\/www.domtar.com\/wp-content\/uploads\/2024\/12\/Climate-carbon_img-min-300x200.jpg 300w\" sizes=\"(max-width: 1000px) 100vw, 1000px\" \/>\t\t\t\t\t\t\t\t\t\t\t\t\t\t\t<\/div>\n\t\t\t\t<\/div>\n\t\t\t\t\t<\/div>\n\t\t<\/div>\n\t\t\t\t\t<\/div>\n\t\t<\/section>\n\t\t\t\t\t<\/div>\n\t\t<\/div>\n\t\t\t\t\t<\/div>\n\t\t<\/section>\n\t\t\t\t<section class=\"has_eae_slider elementor-section elementor-top-section elementor-element elementor-element-d0b302c elementor-section-boxed elementor-section-height-default elementor-section-height-default elementor-invisible\" data-eae-slider=\"52519\" data-id=\"d0b302c\" data-element_type=\"section\" data-e-type=\"section\" data-settings=\"{&quot;animation&quot;:&quot;fadeInUp&quot;}\">\n\t\t\t\t\t\t<div class=\"elementor-container elementor-column-gap-default\">\n\t\t\t\t\t<div class=\"has_eae_slider elementor-column elementor-col-100 elementor-top-column elementor-element elementor-element-7c9eb5e\" data-eae-slider=\"7982\" data-id=\"7c9eb5e\" data-element_type=\"column\" data-e-type=\"column\">\n\t\t\t<div class=\"elementor-widget-wrap elementor-element-populated\">\n\t\t\t\t\t\t<div class=\"elementor-element elementor-element-08d233f elementor-invisible elementor-widget elementor-widget-text-editor\" data-id=\"08d233f\" data-element_type=\"widget\" data-e-type=\"widget\" data-settings=\"{&quot;_animation&quot;:&quot;fadeInUp&quot;}\" data-widget_type=\"text-editor.default\">\n\t\t\t\t<div class=\"elementor-widget-container\">\n\t\t\t\t\t\t\t\t\t<p>Nos actions et ambitions ax\u00e9es sur le climat comprennent l\u2019harmonisation des objectifs des anciennes entreprises dont des cibles de l\u2019Initiative Science Based Targets (SBTi) et la r\u00e9alisation de r\u00e9ductions significatives de nos \u00e9missions de gaz \u00e0 effet de serre (GES). L\u2019\u00e9quipe charg\u00e9e des enjeux climatiques chez Domtar apporte de nouvelles id\u00e9es et perspectives, tandis que notre Comit\u00e9 mondial sur le carbone offre une vision strat\u00e9gique, une expertise et une responsabilit\u00e9 accrue.<\/p>\n\t\t\t\t\t\t\t\t<\/div>\n\t\t\t\t<\/div>\n\t\t\t\t<div class=\"elementor-element elementor-element-e47282c elementor-invisible elementor-widget elementor-widget-text-editor\" data-id=\"e47282c\" data-element_type=\"widget\" data-e-type=\"widget\" data-settings=\"{&quot;_animation&quot;:&quot;fadeInUp&quot;}\" data-widget_type=\"text-editor.default\">\n\t\t\t\t<div class=\"elementor-widget-container\">\n\t\t\t\t\t\t\t\t\t<p>Nos actions et nos ambitions en mati\u00e8re de climat comprennent l&rsquo;alignement des objectifs de l&rsquo;entreprise sur l&rsquo;<a href=\"https:\/\/sciencebasedtargets.org\/\" target=\"_blank\" rel=\"noopener\">initiative Science Based Targets (SBTi)<\/a> et la r\u00e9alisation d&rsquo;importantes r\u00e9ductions des \u00e9missions de gaz \u00e0 effet de serre (GES). L&rsquo;\u00e9quipe climatique de Domtar apporte des id\u00e9es et des perspectives nouvelles, tandis que notre Comit\u00e9 mondial sur le carbone fournit une vision strat\u00e9gique, une expertise et une responsabilit\u00e9. <\/p>\n\t\t\t\t\t\t\t\t<\/div>\n\t\t\t\t<\/div>\n\t\t\t\t<div class=\"elementor-element elementor-element-a577255 elementor-invisible elementor-widget elementor-widget-text-editor\" data-id=\"a577255\" data-element_type=\"widget\" data-e-type=\"widget\" data-settings=\"{&quot;_animation&quot;:&quot;fadeInUp&quot;}\" data-widget_type=\"text-editor.default\">\n\t\t\t\t<div class=\"elementor-widget-container\">\n\t\t\t\t\t\t\t\t\t<p>Our objective is continued decrease of our GHG emissions, building on the one-third reduction we have achieved globally since 2015. We are working with technical experts to determine an appropriate global long-term target. In the meantime, we demonstrate our firm commitment to climate action by disclosing through <a href=\"https:\/\/www.cdp.net\/en\" target=\"_blank\" rel=\"noopener\">reputable international frameworks like CDP<\/a>, in line with leading global standards.  <\/p>\n\t\t\t\t\t\t\t\t<\/div>\n\t\t\t\t<\/div>\n\t\t\t\t<div class=\"elementor-element elementor-element-e8b6e23 elementor-widget elementor-widget-heading\" data-id=\"e8b6e23\" data-element_type=\"widget\" data-e-type=\"widget\" data-widget_type=\"heading.default\">\n\t\t\t\t<div class=\"elementor-widget-container\">\n\t\t\t\t\t<h3 class=\"elementor-heading-title elementor-size-default\">Strat\u00e9gie mondiale en mati\u00e8re de carbone<\/h3>\t\t\t\t<\/div>\n\t\t\t\t<\/div>\n\t\t\t\t<div class=\"elementor-element elementor-element-97f869b elementor-invisible elementor-widget elementor-widget-text-editor\" data-id=\"97f869b\" data-element_type=\"widget\" data-e-type=\"widget\" data-settings=\"{&quot;_animation&quot;:&quot;fadeInUp&quot;}\" data-widget_type=\"text-editor.default\">\n\t\t\t\t<div class=\"elementor-widget-container\">\n\t\t\t\t\t\t\t\t\t<p>Nous sommes fiers d\u2019\u00eatre \u00e0 l\u2019avant-garde de l\u2019industrie des produits forestiers, que ce soit gr\u00e2ce \u00e0 nos nouvelles technologies, \u00e0 l\u2019innovation de nos produits ou \u00e0 nos pratiques de d\u00e9veloppement durable. Cela est particuli\u00e8rement le cas pour notre strat\u00e9gie mondiale en mati\u00e8re de carbone, qui nous pousse \u00e0 am\u00e9liorer nos processus de fabrication en optimisant l\u2019efficacit\u00e9 \u00e9nerg\u00e9tique; \u00e0 diminuer notre consommation de combustible, de vapeur et d\u2019\u00e9lectricit\u00e9; \u00e0 r\u00e9duire notre empreinte carbone gr\u00e2ce au remplacement de combustibles; et \u00e0 privil\u00e9gier l\u2019utilisation des \u00e9nergies renouvelables. <\/p>\n\t\t\t\t\t\t\t\t<\/div>\n\t\t\t\t<\/div>\n\t\t\t\t<div class=\"elementor-element elementor-element-cb0e16f elementor-invisible elementor-widget elementor-widget-text-editor\" data-id=\"cb0e16f\" data-element_type=\"widget\" data-e-type=\"widget\" data-settings=\"{&quot;_animation&quot;:&quot;fadeInUp&quot;}\" data-widget_type=\"text-editor.default\">\n\t\t\t\t<div class=\"elementor-widget-container\">\n\t\t\t\t\t\t\t\t\t<p>Notre strat\u00e9gie mondiale en mati\u00e8re de carbone repose sur cinq piliers :<\/p>\n\t\t\t\t\t\t\t\t<\/div>\n\t\t\t\t<\/div>\n\t\t\t\t<div class=\"elementor-element elementor-element-ea1f4c0 elementor-invisible elementor-widget elementor-widget-text-editor\" data-id=\"ea1f4c0\" data-element_type=\"widget\" data-e-type=\"widget\" data-settings=\"{&quot;_animation&quot;:&quot;fadeInUp&quot;}\" data-widget_type=\"text-editor.default\">\n\t\t\t\t<div class=\"elementor-widget-container\">\n\t\t\t\t\t\t\t\t\t<ul style=\"margin-left: 40px;\"><li><b>Mesure :<\/b> des donn\u00e9es fiables et accessibles nous permettent de savoir o\u00f9 nous en sommes aujourd&rsquo;hui et nous aident \u00e0 donner la priorit\u00e9 \u00e0 nos plans de r\u00e9duction des \u00e9missions de carbone de demain ;<\/li><li><b>L\u00e9gislation et politique :<\/b> comprendre l&rsquo;impact potentiel du paysage social et politique de la tarification du carbone et adopter une approche mesur\u00e9e pour positionner l&rsquo;entreprise sur la voie du succ\u00e8s ;<\/li><li><b>Contr\u00f4le des \u00e9missions :<\/b> se concentrer, par ordre de priorit\u00e9, sur l&rsquo;excellence op\u00e9rationnelle, le changement de combustible et le captage, l&rsquo;utilisation et le stockage du carbone ;<\/li><li><b>March\u00e9s du carbone :<\/b> \u00e9valuer et comprendre les opportunit\u00e9s du march\u00e9 du carbone pour Domtar ; et<\/li><li><b>Risques et opportunit\u00e9s op\u00e9rationnels :<\/b> surveiller et g\u00e9rer les risques structurels li\u00e9s au co\u00fbt et \u00e0 l&rsquo;acc\u00e8s aux combustibles fossiles, \u00e0 la stabilit\u00e9 du r\u00e9seau et \u00e0 d&rsquo;autres facteurs.<\/li><\/ul><p><span class=\"TextRun SCXW36123712 BCX8\" lang=\"FR-CA\" xml:lang=\"FR-CA\" data-contrast=\"auto\"><span class=\"NormalTextRun CommentHighlightHovered SCXW36123712 BCX8\">La d\u00e9carbonisation occupe \u00e9galement une place importante dans la strat\u00e9gie de d\u00e9veloppement durable de Domtar, qui comprend diff\u00e9rents objectifs de rendement, dont l\u2019\u00e9tablissement d\u2019un nouvel objectif de r\u00e9duction des \u00e9missions de gaz \u00e0 effet de serre.<\/span><\/span><span class=\"EOP CommentHighlightPipeHovered SCXW36123712 BCX8\" data-ccp-props=\"{}\">\u00a0<\/span><\/p>\t\t\t\t\t\t\t\t<\/div>\n\t\t\t\t<\/div>\n\t\t\t\t\t<\/div>\n\t\t<\/div>\n\t\t\t\t\t<\/div>\n\t\t<\/section>\n\t\t\t\t<\/div>\n\t\t","protected":false},"excerpt":{"rendered":"<p>Climat, \u00e9missions de carbone et \u00e9nergie Nos actions et ambitions ax\u00e9es sur le climat comprennent l\u2019harmonisation des objectifs des anciennes entreprises dont des cibles de l\u2019Initiative Science Based Targets (SBTi) et la r\u00e9alisation de r\u00e9ductions significatives de nos \u00e9missions de gaz \u00e0 effet de serre (GES). L\u2019\u00e9quipe charg\u00e9e des enjeux climatiques chez Domtar apporte de &hellip;<\/p>\n","protected":false},"author":1,"featured_media":0,"parent":29878,"menu_order":0,"comment_status":"closed","ping_status":"closed","template":"elementor_header_footer","meta":{"_acf_changed":false,"_genesis_block_theme_hide_title":false,"footnotes":""},"our-locations":[],"class_list":["post-28434","page","type-page","status-publish","hentry","post","without-featured-image"],"acf":[],"yoast_head":"<!-- This site is optimized with the Yoast SEO Premium plugin v27.4 (Yoast SEO v27.5) - https:\/\/yoast.com\/product\/yoast-seo-premium-wordpress\/ -->\n<title>Climat, \u00e9missions de carbone et \u00e9nergie - Domtar<\/title>\n<meta name=\"robots\" content=\"index, follow, max-snippet:-1, max-image-preview:large, max-video-preview:-1\" \/>\n<link rel=\"canonical\" href=\"https:\/\/www.domtar.com\/fr\/responsabilite\/climat-emissions-de-carbone-et-energie\/\" \/>\n<meta property=\"og:locale\" content=\"fr_FR\" \/>\n<meta property=\"og:type\" content=\"article\" \/>\n<meta property=\"og:title\" content=\"Climat, \u00e9missions de carbone et \u00e9nergie\" \/>\n<meta property=\"og:description\" content=\"Climat, \u00e9missions de carbone et \u00e9nergie Nos actions et ambitions ax\u00e9es sur le climat comprennent l\u2019harmonisation des objectifs des anciennes entreprises dont des cibles de l\u2019Initiative Science Based Targets (SBTi) et la r\u00e9alisation de r\u00e9ductions significatives de nos \u00e9missions de gaz \u00e0 effet de serre (GES). L\u2019\u00e9quipe charg\u00e9e des enjeux climatiques chez Domtar apporte de &hellip;\" \/>\n<meta property=\"og:url\" content=\"https:\/\/www.domtar.com\/fr\/responsabilite\/climat-emissions-de-carbone-et-energie\/\" \/>\n<meta property=\"og:site_name\" content=\"Domtar\" \/>\n<meta property=\"article:publisher\" content=\"https:\/\/www.facebook.com\/DomtarEveryday\/\" \/>\n<meta property=\"article:modified_time\" content=\"2025-05-06T00:46:55+00:00\" \/>\n<meta property=\"og:image\" content=\"https:\/\/www.domtar.com\/wp-content\/uploads\/2024\/12\/Climate-carbon_img-min.jpg\" \/>\n\t<meta property=\"og:image:width\" content=\"1000\" \/>\n\t<meta property=\"og:image:height\" content=\"667\" \/>\n\t<meta property=\"og:image:type\" content=\"image\/jpeg\" \/>\n<meta name=\"twitter:card\" content=\"summary_large_image\" \/>\n<meta name=\"twitter:site\" content=\"@DomtarEveryday\" \/>\n<meta name=\"twitter:label1\" content=\"Dur\u00e9e de lecture estim\u00e9e\" \/>\n\t<meta name=\"twitter:data1\" content=\"3 minutes\" \/>\n<script type=\"application\/ld+json\" class=\"yoast-schema-graph\">{\"@context\":\"https:\\\/\\\/schema.org\",\"@graph\":[{\"@type\":\"WebPage\",\"@id\":\"https:\\\/\\\/www.domtar.com\\\/fr\\\/responsabilite\\\/climat-emissions-de-carbone-et-energie\\\/\",\"url\":\"https:\\\/\\\/www.domtar.com\\\/fr\\\/responsabilite\\\/climat-emissions-de-carbone-et-energie\\\/\",\"name\":\"Climat, \u00e9missions de carbone et \u00e9nergie - Domtar\",\"isPartOf\":{\"@id\":\"https:\\\/\\\/www.domtar.com\\\/fr\\\/#website\"},\"primaryImageOfPage\":{\"@id\":\"https:\\\/\\\/www.domtar.com\\\/fr\\\/responsabilite\\\/climat-emissions-de-carbone-et-energie\\\/#primaryimage\"},\"image\":{\"@id\":\"https:\\\/\\\/www.domtar.com\\\/fr\\\/responsabilite\\\/climat-emissions-de-carbone-et-energie\\\/#primaryimage\"},\"thumbnailUrl\":\"https:\\\/\\\/www.domtar.com\\\/wp-content\\\/uploads\\\/2024\\\/12\\\/Climate-carbon_img-min.jpg\",\"datePublished\":\"2024-11-25T10:50:02+00:00\",\"dateModified\":\"2025-05-06T00:46:55+00:00\",\"breadcrumb\":{\"@id\":\"https:\\\/\\\/www.domtar.com\\\/fr\\\/responsabilite\\\/climat-emissions-de-carbone-et-energie\\\/#breadcrumb\"},\"inLanguage\":\"fr-FR\",\"potentialAction\":[{\"@type\":\"ReadAction\",\"target\":[\"https:\\\/\\\/www.domtar.com\\\/fr\\\/responsabilite\\\/climat-emissions-de-carbone-et-energie\\\/\"]}]},{\"@type\":\"ImageObject\",\"inLanguage\":\"fr-FR\",\"@id\":\"https:\\\/\\\/www.domtar.com\\\/fr\\\/responsabilite\\\/climat-emissions-de-carbone-et-energie\\\/#primaryimage\",\"url\":\"https:\\\/\\\/www.domtar.com\\\/wp-content\\\/uploads\\\/2024\\\/12\\\/Climate-carbon_img-min.jpg\",\"contentUrl\":\"https:\\\/\\\/www.domtar.com\\\/wp-content\\\/uploads\\\/2024\\\/12\\\/Climate-carbon_img-min.jpg\"},{\"@type\":\"BreadcrumbList\",\"@id\":\"https:\\\/\\\/www.domtar.com\\\/fr\\\/responsabilite\\\/climat-emissions-de-carbone-et-energie\\\/#breadcrumb\",\"itemListElement\":[{\"@type\":\"ListItem\",\"position\":1,\"name\":\"Home\",\"item\":\"https:\\\/\\\/www.domtar.com\\\/fr\\\/\"},{\"@type\":\"ListItem\",\"position\":2,\"name\":\"Responsabilit\u00e9\",\"item\":\"https:\\\/\\\/www.domtar.com\\\/fr\\\/responsabilite\\\/\"},{\"@type\":\"ListItem\",\"position\":3,\"name\":\"Climat, \u00e9missions de carbone et \u00e9nergie\"}]},{\"@type\":\"WebSite\",\"@id\":\"https:\\\/\\\/www.domtar.com\\\/fr\\\/#website\",\"url\":\"https:\\\/\\\/www.domtar.com\\\/fr\\\/\",\"name\":\"Domtar | The Fiber for the Future\",\"description\":\"The Sustainable Paper, Pulp and Packaging Company\",\"publisher\":{\"@id\":\"https:\\\/\\\/www.domtar.com\\\/fr\\\/#organization\"},\"alternateName\":\"Domtar\",\"potentialAction\":[{\"@type\":\"SearchAction\",\"target\":{\"@type\":\"EntryPoint\",\"urlTemplate\":\"https:\\\/\\\/www.domtar.com\\\/fr\\\/?s={search_term_string}\"},\"query-input\":{\"@type\":\"PropertyValueSpecification\",\"valueRequired\":true,\"valueName\":\"search_term_string\"}}],\"inLanguage\":\"fr-FR\"},{\"@type\":\"Organization\",\"@id\":\"https:\\\/\\\/www.domtar.com\\\/fr\\\/#organization\",\"name\":\"Domtar\",\"url\":\"https:\\\/\\\/www.domtar.com\\\/fr\\\/\",\"logo\":{\"@type\":\"ImageObject\",\"inLanguage\":\"fr-FR\",\"@id\":\"https:\\\/\\\/www.domtar.com\\\/fr\\\/#\\\/schema\\\/logo\\\/image\\\/\",\"url\":\"https:\\\/\\\/www.domtar.com\\\/wp-content\\\/uploads\\\/2023\\\/03\\\/domtar_logo_rgb_green.png\",\"contentUrl\":\"https:\\\/\\\/www.domtar.com\\\/wp-content\\\/uploads\\\/2023\\\/03\\\/domtar_logo_rgb_green.png\",\"width\":1153,\"height\":263,\"caption\":\"Domtar\"},\"image\":{\"@id\":\"https:\\\/\\\/www.domtar.com\\\/fr\\\/#\\\/schema\\\/logo\\\/image\\\/\"},\"sameAs\":[\"https:\\\/\\\/www.facebook.com\\\/DomtarEveryday\\\/\",\"https:\\\/\\\/x.com\\\/DomtarEveryday\",\"https:\\\/\\\/www.linkedin.com\\\/company\\\/domtar\\\/\",\"https:\\\/\\\/www.youtube.com\\\/channel\\\/UCh8Zhq2Rmxhl5Km0krrGoYw\"],\"ethicsPolicy\":\"https:\\\/\\\/www.domtar.com\\\/fr\\\/notre-entreprise\\\/ethique-et-conformite\\\/\"}]}<\/script>\n<!-- \/ Yoast SEO Premium plugin. -->","yoast_head_json":{"title":"Climat, \u00e9missions de carbone et \u00e9nergie - Domtar","robots":{"index":"index","follow":"follow","max-snippet":"max-snippet:-1","max-image-preview":"max-image-preview:large","max-video-preview":"max-video-preview:-1"},"canonical":"https:\/\/www.domtar.com\/fr\/responsabilite\/climat-emissions-de-carbone-et-energie\/","og_locale":"fr_FR","og_type":"article","og_title":"Climat, \u00e9missions de carbone et \u00e9nergie","og_description":"Climat, \u00e9missions de carbone et \u00e9nergie Nos actions et ambitions ax\u00e9es sur le climat comprennent l\u2019harmonisation des objectifs des anciennes entreprises dont des cibles de l\u2019Initiative Science Based Targets (SBTi) et la r\u00e9alisation de r\u00e9ductions significatives de nos \u00e9missions de gaz \u00e0 effet de serre (GES). L\u2019\u00e9quipe charg\u00e9e des enjeux climatiques chez Domtar apporte de &hellip;","og_url":"https:\/\/www.domtar.com\/fr\/responsabilite\/climat-emissions-de-carbone-et-energie\/","og_site_name":"Domtar","article_publisher":"https:\/\/www.facebook.com\/DomtarEveryday\/","article_modified_time":"2025-05-06T00:46:55+00:00","og_image":[{"width":1000,"height":667,"url":"https:\/\/www.domtar.com\/wp-content\/uploads\/2024\/12\/Climate-carbon_img-min.jpg","type":"image\/jpeg"}],"twitter_card":"summary_large_image","twitter_site":"@DomtarEveryday","twitter_misc":{"Dur\u00e9e de lecture estim\u00e9e":"3 minutes"},"schema":{"@context":"https:\/\/schema.org","@graph":[{"@type":"WebPage","@id":"https:\/\/www.domtar.com\/fr\/responsabilite\/climat-emissions-de-carbone-et-energie\/","url":"https:\/\/www.domtar.com\/fr\/responsabilite\/climat-emissions-de-carbone-et-energie\/","name":"Climat, \u00e9missions de carbone et \u00e9nergie - Domtar","isPartOf":{"@id":"https:\/\/www.domtar.com\/fr\/#website"},"primaryImageOfPage":{"@id":"https:\/\/www.domtar.com\/fr\/responsabilite\/climat-emissions-de-carbone-et-energie\/#primaryimage"},"image":{"@id":"https:\/\/www.domtar.com\/fr\/responsabilite\/climat-emissions-de-carbone-et-energie\/#primaryimage"},"thumbnailUrl":"https:\/\/www.domtar.com\/wp-content\/uploads\/2024\/12\/Climate-carbon_img-min.jpg","datePublished":"2024-11-25T10:50:02+00:00","dateModified":"2025-05-06T00:46:55+00:00","breadcrumb":{"@id":"https:\/\/www.domtar.com\/fr\/responsabilite\/climat-emissions-de-carbone-et-energie\/#breadcrumb"},"inLanguage":"fr-FR","potentialAction":[{"@type":"ReadAction","target":["https:\/\/www.domtar.com\/fr\/responsabilite\/climat-emissions-de-carbone-et-energie\/"]}]},{"@type":"ImageObject","inLanguage":"fr-FR","@id":"https:\/\/www.domtar.com\/fr\/responsabilite\/climat-emissions-de-carbone-et-energie\/#primaryimage","url":"https:\/\/www.domtar.com\/wp-content\/uploads\/2024\/12\/Climate-carbon_img-min.jpg","contentUrl":"https:\/\/www.domtar.com\/wp-content\/uploads\/2024\/12\/Climate-carbon_img-min.jpg"},{"@type":"BreadcrumbList","@id":"https:\/\/www.domtar.com\/fr\/responsabilite\/climat-emissions-de-carbone-et-energie\/#breadcrumb","itemListElement":[{"@type":"ListItem","position":1,"name":"Home","item":"https:\/\/www.domtar.com\/fr\/"},{"@type":"ListItem","position":2,"name":"Responsabilit\u00e9","item":"https:\/\/www.domtar.com\/fr\/responsabilite\/"},{"@type":"ListItem","position":3,"name":"Climat, \u00e9missions de carbone et \u00e9nergie"}]},{"@type":"WebSite","@id":"https:\/\/www.domtar.com\/fr\/#website","url":"https:\/\/www.domtar.com\/fr\/","name":"Domtar | The Fiber for the Future","description":"The Sustainable Paper, Pulp and Packaging Company","publisher":{"@id":"https:\/\/www.domtar.com\/fr\/#organization"},"alternateName":"Domtar","potentialAction":[{"@type":"SearchAction","target":{"@type":"EntryPoint","urlTemplate":"https:\/\/www.domtar.com\/fr\/?s={search_term_string}"},"query-input":{"@type":"PropertyValueSpecification","valueRequired":true,"valueName":"search_term_string"}}],"inLanguage":"fr-FR"},{"@type":"Organization","@id":"https:\/\/www.domtar.com\/fr\/#organization","name":"Domtar","url":"https:\/\/www.domtar.com\/fr\/","logo":{"@type":"ImageObject","inLanguage":"fr-FR","@id":"https:\/\/www.domtar.com\/fr\/#\/schema\/logo\/image\/","url":"https:\/\/www.domtar.com\/wp-content\/uploads\/2023\/03\/domtar_logo_rgb_green.png","contentUrl":"https:\/\/www.domtar.com\/wp-content\/uploads\/2023\/03\/domtar_logo_rgb_green.png","width":1153,"height":263,"caption":"Domtar"},"image":{"@id":"https:\/\/www.domtar.com\/fr\/#\/schema\/logo\/image\/"},"sameAs":["https:\/\/www.facebook.com\/DomtarEveryday\/","https:\/\/x.com\/DomtarEveryday","https:\/\/www.linkedin.com\/company\/domtar\/","https:\/\/www.youtube.com\/channel\/UCh8Zhq2Rmxhl5Km0krrGoYw"],"ethicsPolicy":"https:\/\/www.domtar.com\/fr\/notre-entreprise\/ethique-et-conformite\/"}]}},"_links":{"self":[{"href":"https:\/\/www.domtar.com\/fr\/wp-json\/wp\/v2\/pages\/28434","targetHints":{"allow":["GET"]}}],"collection":[{"href":"https:\/\/www.domtar.com\/fr\/wp-json\/wp\/v2\/pages"}],"about":[{"href":"https:\/\/www.domtar.com\/fr\/wp-json\/wp\/v2\/types\/page"}],"author":[{"embeddable":true,"href":"https:\/\/www.domtar.com\/fr\/wp-json\/wp\/v2\/users\/1"}],"replies":[{"embeddable":true,"href":"https:\/\/www.domtar.com\/fr\/wp-json\/wp\/v2\/comments?post=28434"}],"version-history":[{"count":0,"href":"https:\/\/www.domtar.com\/fr\/wp-json\/wp\/v2\/pages\/28434\/revisions"}],"up":[{"embeddable":true,"href":"https:\/\/www.domtar.com\/fr\/wp-json\/wp\/v2\/pages\/29878"}],"wp:attachment":[{"href":"https:\/\/www.domtar.com\/fr\/wp-json\/wp\/v2\/media?parent=28434"}],"wp:term":[{"taxonomy":"our-locations","embeddable":true,"href":"https:\/\/www.domtar.com\/fr\/wp-json\/wp\/v2\/our-locations?post=28434"}],"curies":[{"name":"wp","href":"https:\/\/api.w.org\/{rel}","templated":true}]}}