{"id":27951,"date":"2024-11-25T11:12:20","date_gmt":"2024-11-25T11:12:20","guid":{"rendered":"https:\/\/www.domtar.com\/forest-and-fiber-management\/"},"modified":"2025-09-16T18:21:08","modified_gmt":"2025-09-16T18:21:08","slug":"forest-and-fiber-management","status":"publish","type":"page","link":"https:\/\/www.domtar.com\/fr\/responsabilite\/forest-and-fiber-management\/","title":{"rendered":"Gestion des for\u00eats et de la fibre"},"content":{"rendered":"\t\t<div data-elementor-type=\"wp-page\" data-elementor-id=\"27951\" class=\"elementor elementor-27951 elementor-27912\" data-elementor-settings=\"{&quot;element_pack_global_tooltip_width&quot;:{&quot;unit&quot;:&quot;px&quot;,&quot;size&quot;:&quot;&quot;,&quot;sizes&quot;:[]},&quot;element_pack_global_tooltip_width_tablet&quot;:{&quot;unit&quot;:&quot;px&quot;,&quot;size&quot;:&quot;&quot;,&quot;sizes&quot;:[]},&quot;element_pack_global_tooltip_width_mobile&quot;:{&quot;unit&quot;:&quot;px&quot;,&quot;size&quot;:&quot;&quot;,&quot;sizes&quot;:[]},&quot;element_pack_global_tooltip_padding&quot;:{&quot;unit&quot;:&quot;px&quot;,&quot;top&quot;:&quot;&quot;,&quot;right&quot;:&quot;&quot;,&quot;bottom&quot;:&quot;&quot;,&quot;left&quot;:&quot;&quot;,&quot;isLinked&quot;:true},&quot;element_pack_global_tooltip_padding_tablet&quot;:{&quot;unit&quot;:&quot;px&quot;,&quot;top&quot;:&quot;&quot;,&quot;right&quot;:&quot;&quot;,&quot;bottom&quot;:&quot;&quot;,&quot;left&quot;:&quot;&quot;,&quot;isLinked&quot;:true},&quot;element_pack_global_tooltip_padding_mobile&quot;:{&quot;unit&quot;:&quot;px&quot;,&quot;top&quot;:&quot;&quot;,&quot;right&quot;:&quot;&quot;,&quot;bottom&quot;:&quot;&quot;,&quot;left&quot;:&quot;&quot;,&quot;isLinked&quot;:true},&quot;element_pack_global_tooltip_border_radius&quot;:{&quot;unit&quot;:&quot;px&quot;,&quot;top&quot;:&quot;&quot;,&quot;right&quot;:&quot;&quot;,&quot;bottom&quot;:&quot;&quot;,&quot;left&quot;:&quot;&quot;,&quot;isLinked&quot;:true},&quot;element_pack_global_tooltip_border_radius_tablet&quot;:{&quot;unit&quot;:&quot;px&quot;,&quot;top&quot;:&quot;&quot;,&quot;right&quot;:&quot;&quot;,&quot;bottom&quot;:&quot;&quot;,&quot;left&quot;:&quot;&quot;,&quot;isLinked&quot;:true},&quot;element_pack_global_tooltip_border_radius_mobile&quot;:{&quot;unit&quot;:&quot;px&quot;,&quot;top&quot;:&quot;&quot;,&quot;right&quot;:&quot;&quot;,&quot;bottom&quot;:&quot;&quot;,&quot;left&quot;:&quot;&quot;,&quot;isLinked&quot;:true}}\" data-elementor-post-type=\"page\">\n\t\t\t\t\t\t<section class=\"has_eae_slider elementor-section elementor-top-section elementor-element elementor-element-0346dc9 elementor-section-height-min-height dom-inner-banner elementor-section-content-top elementor-section-boxed elementor-section-height-default elementor-section-items-middle\" data-eae-slider=\"5934\" data-id=\"0346dc9\" data-element_type=\"section\" data-e-type=\"section\" data-settings=\"{&quot;background_background&quot;:&quot;classic&quot;}\">\n\t\t\t\t\t\t<div class=\"elementor-container elementor-column-gap-default\">\n\t\t\t\t\t<div class=\"has_eae_slider elementor-column elementor-col-100 elementor-top-column elementor-element elementor-element-f3b91af\" data-eae-slider=\"81516\" data-id=\"f3b91af\" data-element_type=\"column\" data-e-type=\"column\">\n\t\t\t<div class=\"elementor-widget-wrap elementor-element-populated\">\n\t\t\t\t\t\t<section class=\"has_eae_slider elementor-section elementor-inner-section elementor-element elementor-element-bfd5e29 elementor-section-height-min-height elementor-section-boxed elementor-section-height-default\" data-eae-slider=\"2511\" data-id=\"bfd5e29\" data-element_type=\"section\" data-e-type=\"section\">\n\t\t\t\t\t\t<div class=\"elementor-container elementor-column-gap-default\">\n\t\t\t\t\t<div class=\"has_eae_slider elementor-column elementor-col-50 elementor-inner-column elementor-element elementor-element-c4b3ab1 elementor-invisible\" data-eae-slider=\"42342\" data-id=\"c4b3ab1\" data-element_type=\"column\" data-e-type=\"column\" data-settings=\"{&quot;animation&quot;:&quot;fadeInUp&quot;}\">\n\t\t\t<div class=\"elementor-widget-wrap elementor-element-populated\">\n\t\t\t\t\t\t<div class=\"elementor-element elementor-element-9e9e2bc elementor-widget elementor-widget-heading\" data-id=\"9e9e2bc\" data-element_type=\"widget\" data-e-type=\"widget\" data-widget_type=\"heading.default\">\n\t\t\t\t<div class=\"elementor-widget-container\">\n\t\t\t\t\t<h1 class=\"elementor-heading-title elementor-size-default\">Gestion des for\u00eats et de la fibre<\/h1>\t\t\t\t<\/div>\n\t\t\t\t<\/div>\n\t\t\t\t\t<\/div>\n\t\t<\/div>\n\t\t\t\t<div class=\"has_eae_slider elementor-column elementor-col-50 elementor-inner-column elementor-element elementor-element-276b78f elementor-invisible\" data-eae-slider=\"95458\" data-id=\"276b78f\" data-element_type=\"column\" data-e-type=\"column\" data-settings=\"{&quot;animation&quot;:&quot;fadeInRight&quot;}\">\n\t\t\t<div class=\"elementor-widget-wrap elementor-element-populated\">\n\t\t\t\t\t\t<div class=\"elementor-element elementor-element-f897da8 elementor-absolute elementor-widget elementor-widget-image\" data-id=\"f897da8\" data-element_type=\"widget\" data-e-type=\"widget\" data-settings=\"{&quot;_position&quot;:&quot;absolute&quot;}\" data-widget_type=\"image.default\">\n\t\t\t\t<div class=\"elementor-widget-container\">\n\t\t\t\t\t\t\t\t\t\t\t\t\t\t\t<img fetchpriority=\"high\" decoding=\"async\" width=\"1280\" height=\"800\" src=\"https:\/\/www.domtar.com\/wp-content\/uploads\/2024\/12\/Our-Certification-HeaderNew.jpg\" class=\"attachment-full size-full wp-image-28891\" alt=\"\" srcset=\"https:\/\/www.domtar.com\/wp-content\/uploads\/2024\/12\/Our-Certification-HeaderNew.jpg 1280w, https:\/\/www.domtar.com\/wp-content\/uploads\/2024\/12\/Our-Certification-HeaderNew-450x281.jpg 450w, https:\/\/www.domtar.com\/wp-content\/uploads\/2024\/12\/Our-Certification-HeaderNew-1024x640.jpg 1024w, https:\/\/www.domtar.com\/wp-content\/uploads\/2024\/12\/Our-Certification-HeaderNew-768x480.jpg 768w, https:\/\/www.domtar.com\/wp-content\/uploads\/2024\/12\/Our-Certification-HeaderNew-1200x750.jpg 1200w, https:\/\/www.domtar.com\/wp-content\/uploads\/2024\/12\/Our-Certification-HeaderNew-300x188.jpg 300w\" sizes=\"(max-width: 1280px) 100vw, 1280px\" \/>\t\t\t\t\t\t\t\t\t\t\t\t\t\t\t<\/div>\n\t\t\t\t<\/div>\n\t\t\t\t\t<\/div>\n\t\t<\/div>\n\t\t\t\t\t<\/div>\n\t\t<\/section>\n\t\t\t\t\t<\/div>\n\t\t<\/div>\n\t\t\t\t\t<\/div>\n\t\t<\/section>\n\t\t\t\t<section class=\"has_eae_slider elementor-section elementor-top-section elementor-element elementor-element-5475ab0 elementor-section-boxed elementor-section-height-default elementor-section-height-default elementor-invisible\" data-eae-slider=\"40983\" data-id=\"5475ab0\" data-element_type=\"section\" data-e-type=\"section\" data-settings=\"{&quot;animation&quot;:&quot;fadeInUp&quot;}\">\n\t\t\t\t\t\t<div class=\"elementor-container elementor-column-gap-default\">\n\t\t\t\t\t<div class=\"has_eae_slider elementor-column elementor-col-100 elementor-top-column elementor-element elementor-element-9a05170\" data-eae-slider=\"15785\" data-id=\"9a05170\" data-element_type=\"column\" data-e-type=\"column\">\n\t\t\t<div class=\"elementor-widget-wrap elementor-element-populated\">\n\t\t\t\t\t\t<div class=\"elementor-element elementor-element-b032ecf elementor-invisible elementor-widget elementor-widget-text-editor\" data-id=\"b032ecf\" data-element_type=\"widget\" data-e-type=\"widget\" data-settings=\"{&quot;_animation&quot;:&quot;fadeInUp&quot;}\" data-widget_type=\"text-editor.default\">\n\t\t\t\t<div class=\"elementor-widget-container\">\n\t\t\t\t\t\t\t\t\t<p>Chez Domtar, nous pr\u00e9servons et am\u00e9liorons les \u00e9cosyst\u00e8mes forestiers gr\u00e2ce \u00e0 un am\u00e9nagement forestier responsable et \u00e0 des pratiques durables d\u2019approvisionnement en fibre dans l\u2019ensemble de nos activit\u00e9s. <span class=\"TextRun SCXW263296176 BCX8\" lang=\"FR-CA\" xml:lang=\"FR-CA\" data-contrast=\"auto\"><span class=\"NormalTextRun SCXW263296176 BCX8\">L<\/span><\/span><span class=\"TrackChangeTextInsertion TrackedChange SCXW263296176 BCX8\"><span class=\"TextRun SCXW263296176 BCX8\" lang=\"FR-CA\" xml:lang=\"FR-CA\" data-contrast=\"auto\"><span class=\"NormalTextRun SCXW263296176 BCX8\">\u2019am\u00e9nagement<\/span><\/span><\/span><span class=\"TextRun SCXW263296176 BCX8\" lang=\"FR-CA\" xml:lang=\"FR-CA\" data-contrast=\"auto\"><span class=\"NormalTextRun SCXW263296176 BCX8\"> durable des for\u00eats est un \u00e9l\u00e9ment central de la strat\u00e9gie de d\u00e9veloppement durable de <\/span><span class=\"NormalTextRun SCXW263296176 BCX8\">Domtar<\/span><span class=\"NormalTextRun SCXW263296176 BCX8\">, gr\u00e2ce \u00e0 laquelle nous visons des progr\u00e8s continus dans des domaines tels que la mobilisation des propri\u00e9taires fonciers et la collaboration en mati\u00e8re de protection des habitats essentiels. <a href=\"https:\/\/www.domtar.com\/fr\/about-jackson-wijaya\/\" target=\"_blank\" rel=\"noopener\">Jackson Wijaya<\/a>, fondateur de Domtar, est un fervent d\u00e9fenseur et leader dans le domaine de la certification des fibres et des for\u00eats.<\/span><\/span><\/p>\t\t\t\t\t\t\t\t<\/div>\n\t\t\t\t<\/div>\n\t\t\t\t<div class=\"elementor-element elementor-element-6fc24e8 elementor-invisible elementor-widget elementor-widget-text-editor\" data-id=\"6fc24e8\" data-element_type=\"widget\" data-e-type=\"widget\" data-settings=\"{&quot;_animation&quot;:&quot;fadeInUp&quot;}\" data-widget_type=\"text-editor.default\">\n\t\t\t\t<div class=\"elementor-widget-container\">\n\t\t\t\t\t\t\t\t\t<p>Notre engagement \u00e0 fabriquer des produits de qualit\u00e9 qui r\u00e9pondent aux crit\u00e8res des parties prenantes soucieuses de l\u2019environnement commence par un approvisionnement responsable en fibre. Cette pratique suppose l\u2019am\u00e9nagement durable des for\u00eats qui nous sont confi\u00e9es, le suivi minutieux des sources de fibres de bois et un soutien de longue date \u00e0 la certification par des tiers.  <\/p>\n\t\t\t\t\t\t\t\t<\/div>\n\t\t\t\t<\/div>\n\t\t\t\t<div class=\"elementor-element elementor-element-b28ab6d elementor-invisible elementor-widget elementor-widget-text-editor\" data-id=\"b28ab6d\" data-element_type=\"widget\" data-e-type=\"widget\" data-settings=\"{&quot;_animation&quot;:&quot;fadeInUp&quot;}\" data-widget_type=\"text-editor.default\">\n\t\t\t\t<div class=\"elementor-widget-container\">\n\t\t\t\t\t\t\t\t\t<p>100 % des territoires forestiers que nous g\u00e9rons sont r\u00e9g\u00e9n\u00e9r\u00e9es \u2013 un \u00e9l\u00e9ment essentiel de l\u2019am\u00e9nagement forestier responsable et durable. Nous faisons appel \u00e0 une vari\u00e9t\u00e9 de techniques d\u2019am\u00e9nagement forestier ainsi qu\u2019\u00e0 des pratiques exemplaires, au nombre desquelles figurent les inventaires de r\u00e9g\u00e9n\u00e9ration, la pr\u00e9paration des sites, la plantation de semis et l\u2019ensemencement, en combinaison avec la r\u00e9g\u00e9n\u00e9ration naturelle. <\/p>\n\t\t\t\t\t\t\t\t<\/div>\n\t\t\t\t<\/div>\n\t\t\t\t<div class=\"elementor-element elementor-element-333a6c6 elementor-invisible elementor-widget elementor-widget-text-editor\" data-id=\"333a6c6\" data-element_type=\"widget\" data-e-type=\"widget\" data-settings=\"{&quot;_animation&quot;:&quot;fadeInUp&quot;}\" data-widget_type=\"text-editor.default\">\n\t\t\t\t<div class=\"elementor-widget-container\">\n\t\t\t\t\t\t\t\t\t<p>La certification foresti\u00e8re et le suivi de la fibre aident \u00e0 assurer le d\u00e9veloppement durable de nos sources d\u2019approvisionnement en fibre et des autres valeurs li\u00e9es \u00e0 la for\u00eat, dont la conservation de la biodiversit\u00e9 et les services \u00e9cosyst\u00e9miques. Le respect rigoureux des normes internationales en mati\u00e8re d\u2019am\u00e9nagement forestier et de la cha\u00eene de tra\u00e7abilit\u00e9 fournit \u00e0 nos clients l\u2019assurance que la fibre de bois que nous utilisons provient de sources responsables.  <\/p>\n\t\t\t\t\t\t\t\t<\/div>\n\t\t\t\t<\/div>\n\t\t\t\t<div class=\"elementor-element elementor-element-da3819b elementor-invisible elementor-widget elementor-widget-text-editor\" data-id=\"da3819b\" data-element_type=\"widget\" data-e-type=\"widget\" data-settings=\"{&quot;_animation&quot;:&quot;fadeInUp&quot;}\" data-widget_type=\"text-editor.default\">\n\t\t\t\t<div class=\"elementor-widget-container\">\n\t\t\t\t\t\t\t\t\t\n          <ul style=\"margin-left: 40px;\">\n \t<li>100 % des territoires forestiers que nous am\u00e9nageons sont certifi\u00e9s conformes \u00e0 des normes ind\u00e9pendantes de certification internationalement reconnues, soit par la Sustainable Forestry Initiative\u00ae (SFI\u00ae) et\/ou le Forest Stewardship Council\u00ae (FSC\u00ae);<\/li>\n \t<li>100 % des installations de fabrication sont dot\u00e9es d\u2019un syst\u00e8me de suivi certifi\u00e9 selon les normes de FSC\u00ae. SFI\u00ae, et du Programme de reconnaissance des certifications foresti\u00e8res (PEFC). Ces normes exigent que 100 % de la fibre transform\u00e9e respecte des exigences minimales de diligence raisonnable qui visent \u00e0 contrer les risques associ\u00e9s \u00e0 l\u2019exploitation foresti\u00e8re ill\u00e9gale et \u00e0 d\u2019autres pr\u00e9occupations importantes en mati\u00e8re de d\u00e9veloppement durable;<\/li>\n \t<li>Nous sommes le plus important d\u00e9tenteur de certifications FSC et SFI \u00e0 l\u2019\u00e9chelle mondiale.<\/li>\n \t\n<\/ul>\n        \t\t\t\t\t\t\t\t<\/div>\n\t\t\t\t<\/div>\n\t\t\t\t<div class=\"elementor-element elementor-element-15e8bac elementor-invisible elementor-widget elementor-widget-text-editor\" data-id=\"15e8bac\" data-element_type=\"widget\" data-e-type=\"widget\" data-settings=\"{&quot;_animation&quot;:&quot;fadeInUp&quot;}\" data-widget_type=\"text-editor.default\">\n\t\t\t\t<div class=\"elementor-widget-container\">\n\t\t\t\t\t\t\t\t\t<p>Domtar propose \u00e9galement des produits certifi\u00e9s selon des normes ind\u00e9pendantes \u00e9tablies par des tiers pour les clients qui recherchent un niveau de garantie suppl\u00e9mentaire. Nous travaillons avec ces partenaires tiers et nos sites nord-am\u00e9ricains afin de d\u00e9terminer comment nous pouvons mieux int\u00e9grer nos programmes de certification \u00e0 l&rsquo;avenir. Tous nos <a href=\"https:\/\/www.domtar.com\/fr\/responsabilite\/nos-certifications\/\">certificats<\/a> sont disponibles ici.<\/p>\t\t\t\t\t\t\t\t<\/div>\n\t\t\t\t<\/div>\n\t\t\t\t\t<\/div>\n\t\t<\/div>\n\t\t\t\t\t<\/div>\n\t\t<\/section>\n\t\t\t\t<\/div>\n\t\t","protected":false},"excerpt":{"rendered":"<p>Gestion des for\u00eats et de la fibre Chez Domtar, nous pr\u00e9servons et am\u00e9liorons les \u00e9cosyst\u00e8mes forestiers gr\u00e2ce \u00e0 un am\u00e9nagement forestier responsable et \u00e0 des pratiques durables d\u2019approvisionnement en fibre dans l\u2019ensemble de nos activit\u00e9s. L\u2019am\u00e9nagement durable des for\u00eats est un \u00e9l\u00e9ment central de la strat\u00e9gie de d\u00e9veloppement durable de Domtar, gr\u00e2ce \u00e0 laquelle nous &hellip;<\/p>\n","protected":false},"author":1,"featured_media":0,"parent":29878,"menu_order":0,"comment_status":"closed","ping_status":"closed","template":"elementor_header_footer","meta":{"_acf_changed":false,"_genesis_block_theme_hide_title":false,"footnotes":""},"our-locations":[],"class_list":["post-27951","page","type-page","status-publish","hentry","post","without-featured-image"],"acf":[],"yoast_head":"<!-- This site is optimized with the Yoast SEO Premium plugin v27.4 (Yoast SEO v27.5) - https:\/\/yoast.com\/product\/yoast-seo-premium-wordpress\/ -->\n<title>Gestion des for\u00eats et de la fibre - Domtar<\/title>\n<meta name=\"robots\" content=\"index, follow, max-snippet:-1, max-image-preview:large, max-video-preview:-1\" \/>\n<link rel=\"canonical\" href=\"https:\/\/www.domtar.com\/fr\/responsabilite\/forest-and-fiber-management\/\" \/>\n<meta property=\"og:locale\" content=\"fr_FR\" \/>\n<meta property=\"og:type\" content=\"article\" \/>\n<meta property=\"og:title\" content=\"Gestion des for\u00eats et de la fibre\" \/>\n<meta property=\"og:description\" content=\"Gestion des for\u00eats et de la fibre Chez Domtar, nous pr\u00e9servons et am\u00e9liorons les \u00e9cosyst\u00e8mes forestiers gr\u00e2ce \u00e0 un am\u00e9nagement forestier responsable et \u00e0 des pratiques durables d\u2019approvisionnement en fibre dans l\u2019ensemble de nos activit\u00e9s. L\u2019am\u00e9nagement durable des for\u00eats est un \u00e9l\u00e9ment central de la strat\u00e9gie de d\u00e9veloppement durable de Domtar, gr\u00e2ce \u00e0 laquelle nous &hellip;\" \/>\n<meta property=\"og:url\" content=\"https:\/\/www.domtar.com\/fr\/responsabilite\/forest-and-fiber-management\/\" \/>\n<meta property=\"og:site_name\" content=\"Domtar\" \/>\n<meta property=\"article:publisher\" content=\"https:\/\/www.facebook.com\/DomtarEveryday\/\" \/>\n<meta property=\"article:modified_time\" content=\"2025-09-16T18:21:08+00:00\" \/>\n<meta property=\"og:image\" content=\"https:\/\/www.domtar.com\/wp-content\/uploads\/2024\/12\/Our-Certification-HeaderNew.jpg\" \/>\n\t<meta property=\"og:image:width\" content=\"1280\" \/>\n\t<meta property=\"og:image:height\" content=\"800\" \/>\n\t<meta property=\"og:image:type\" content=\"image\/jpeg\" \/>\n<meta name=\"twitter:card\" content=\"summary_large_image\" \/>\n<meta name=\"twitter:site\" content=\"@DomtarEveryday\" \/>\n<meta name=\"twitter:label1\" content=\"Dur\u00e9e de lecture estim\u00e9e\" \/>\n\t<meta name=\"twitter:data1\" content=\"3 minutes\" \/>\n<script type=\"application\/ld+json\" class=\"yoast-schema-graph\">{\"@context\":\"https:\\\/\\\/schema.org\",\"@graph\":[{\"@type\":\"WebPage\",\"@id\":\"https:\\\/\\\/www.domtar.com\\\/fr\\\/responsabilite\\\/forest-and-fiber-management\\\/\",\"url\":\"https:\\\/\\\/www.domtar.com\\\/fr\\\/responsabilite\\\/forest-and-fiber-management\\\/\",\"name\":\"Gestion des for\u00eats et de la fibre - Domtar\",\"isPartOf\":{\"@id\":\"https:\\\/\\\/www.domtar.com\\\/fr\\\/#website\"},\"primaryImageOfPage\":{\"@id\":\"https:\\\/\\\/www.domtar.com\\\/fr\\\/responsabilite\\\/forest-and-fiber-management\\\/#primaryimage\"},\"image\":{\"@id\":\"https:\\\/\\\/www.domtar.com\\\/fr\\\/responsabilite\\\/forest-and-fiber-management\\\/#primaryimage\"},\"thumbnailUrl\":\"https:\\\/\\\/www.domtar.com\\\/wp-content\\\/uploads\\\/2024\\\/12\\\/Our-Certification-HeaderNew.jpg\",\"datePublished\":\"2024-11-25T11:12:20+00:00\",\"dateModified\":\"2025-09-16T18:21:08+00:00\",\"breadcrumb\":{\"@id\":\"https:\\\/\\\/www.domtar.com\\\/fr\\\/responsabilite\\\/forest-and-fiber-management\\\/#breadcrumb\"},\"inLanguage\":\"fr-FR\",\"potentialAction\":[{\"@type\":\"ReadAction\",\"target\":[\"https:\\\/\\\/www.domtar.com\\\/fr\\\/responsabilite\\\/forest-and-fiber-management\\\/\"]}]},{\"@type\":\"ImageObject\",\"inLanguage\":\"fr-FR\",\"@id\":\"https:\\\/\\\/www.domtar.com\\\/fr\\\/responsabilite\\\/forest-and-fiber-management\\\/#primaryimage\",\"url\":\"https:\\\/\\\/www.domtar.com\\\/wp-content\\\/uploads\\\/2024\\\/12\\\/Our-Certification-HeaderNew.jpg\",\"contentUrl\":\"https:\\\/\\\/www.domtar.com\\\/wp-content\\\/uploads\\\/2024\\\/12\\\/Our-Certification-HeaderNew.jpg\"},{\"@type\":\"BreadcrumbList\",\"@id\":\"https:\\\/\\\/www.domtar.com\\\/fr\\\/responsabilite\\\/forest-and-fiber-management\\\/#breadcrumb\",\"itemListElement\":[{\"@type\":\"ListItem\",\"position\":1,\"name\":\"Home\",\"item\":\"https:\\\/\\\/www.domtar.com\\\/fr\\\/\"},{\"@type\":\"ListItem\",\"position\":2,\"name\":\"Responsabilit\u00e9\",\"item\":\"https:\\\/\\\/www.domtar.com\\\/fr\\\/responsabilite\\\/\"},{\"@type\":\"ListItem\",\"position\":3,\"name\":\"Gestion des for\u00eats et de la fibre\"}]},{\"@type\":\"WebSite\",\"@id\":\"https:\\\/\\\/www.domtar.com\\\/fr\\\/#website\",\"url\":\"https:\\\/\\\/www.domtar.com\\\/fr\\\/\",\"name\":\"Domtar | The Fiber for the Future\",\"description\":\"The Sustainable Paper, Pulp and Packaging Company\",\"publisher\":{\"@id\":\"https:\\\/\\\/www.domtar.com\\\/fr\\\/#organization\"},\"alternateName\":\"Domtar\",\"potentialAction\":[{\"@type\":\"SearchAction\",\"target\":{\"@type\":\"EntryPoint\",\"urlTemplate\":\"https:\\\/\\\/www.domtar.com\\\/fr\\\/?s={search_term_string}\"},\"query-input\":{\"@type\":\"PropertyValueSpecification\",\"valueRequired\":true,\"valueName\":\"search_term_string\"}}],\"inLanguage\":\"fr-FR\"},{\"@type\":\"Organization\",\"@id\":\"https:\\\/\\\/www.domtar.com\\\/fr\\\/#organization\",\"name\":\"Domtar\",\"url\":\"https:\\\/\\\/www.domtar.com\\\/fr\\\/\",\"logo\":{\"@type\":\"ImageObject\",\"inLanguage\":\"fr-FR\",\"@id\":\"https:\\\/\\\/www.domtar.com\\\/fr\\\/#\\\/schema\\\/logo\\\/image\\\/\",\"url\":\"https:\\\/\\\/www.domtar.com\\\/wp-content\\\/uploads\\\/2023\\\/03\\\/domtar_logo_rgb_green.png\",\"contentUrl\":\"https:\\\/\\\/www.domtar.com\\\/wp-content\\\/uploads\\\/2023\\\/03\\\/domtar_logo_rgb_green.png\",\"width\":1153,\"height\":263,\"caption\":\"Domtar\"},\"image\":{\"@id\":\"https:\\\/\\\/www.domtar.com\\\/fr\\\/#\\\/schema\\\/logo\\\/image\\\/\"},\"sameAs\":[\"https:\\\/\\\/www.facebook.com\\\/DomtarEveryday\\\/\",\"https:\\\/\\\/x.com\\\/DomtarEveryday\",\"https:\\\/\\\/www.linkedin.com\\\/company\\\/domtar\\\/\",\"https:\\\/\\\/www.youtube.com\\\/channel\\\/UCh8Zhq2Rmxhl5Km0krrGoYw\"],\"ethicsPolicy\":\"https:\\\/\\\/www.domtar.com\\\/fr\\\/notre-entreprise\\\/ethique-et-conformite\\\/\"}]}<\/script>\n<!-- \/ Yoast SEO Premium plugin. -->","yoast_head_json":{"title":"Gestion des for\u00eats et de la fibre - Domtar","robots":{"index":"index","follow":"follow","max-snippet":"max-snippet:-1","max-image-preview":"max-image-preview:large","max-video-preview":"max-video-preview:-1"},"canonical":"https:\/\/www.domtar.com\/fr\/responsabilite\/forest-and-fiber-management\/","og_locale":"fr_FR","og_type":"article","og_title":"Gestion des for\u00eats et de la fibre","og_description":"Gestion des for\u00eats et de la fibre Chez Domtar, nous pr\u00e9servons et am\u00e9liorons les \u00e9cosyst\u00e8mes forestiers gr\u00e2ce \u00e0 un am\u00e9nagement forestier responsable et \u00e0 des pratiques durables d\u2019approvisionnement en fibre dans l\u2019ensemble de nos activit\u00e9s. L\u2019am\u00e9nagement durable des for\u00eats est un \u00e9l\u00e9ment central de la strat\u00e9gie de d\u00e9veloppement durable de Domtar, gr\u00e2ce \u00e0 laquelle nous &hellip;","og_url":"https:\/\/www.domtar.com\/fr\/responsabilite\/forest-and-fiber-management\/","og_site_name":"Domtar","article_publisher":"https:\/\/www.facebook.com\/DomtarEveryday\/","article_modified_time":"2025-09-16T18:21:08+00:00","og_image":[{"width":1280,"height":800,"url":"https:\/\/www.domtar.com\/wp-content\/uploads\/2024\/12\/Our-Certification-HeaderNew.jpg","type":"image\/jpeg"}],"twitter_card":"summary_large_image","twitter_site":"@DomtarEveryday","twitter_misc":{"Dur\u00e9e de lecture estim\u00e9e":"3 minutes"},"schema":{"@context":"https:\/\/schema.org","@graph":[{"@type":"WebPage","@id":"https:\/\/www.domtar.com\/fr\/responsabilite\/forest-and-fiber-management\/","url":"https:\/\/www.domtar.com\/fr\/responsabilite\/forest-and-fiber-management\/","name":"Gestion des for\u00eats et de la fibre - Domtar","isPartOf":{"@id":"https:\/\/www.domtar.com\/fr\/#website"},"primaryImageOfPage":{"@id":"https:\/\/www.domtar.com\/fr\/responsabilite\/forest-and-fiber-management\/#primaryimage"},"image":{"@id":"https:\/\/www.domtar.com\/fr\/responsabilite\/forest-and-fiber-management\/#primaryimage"},"thumbnailUrl":"https:\/\/www.domtar.com\/wp-content\/uploads\/2024\/12\/Our-Certification-HeaderNew.jpg","datePublished":"2024-11-25T11:12:20+00:00","dateModified":"2025-09-16T18:21:08+00:00","breadcrumb":{"@id":"https:\/\/www.domtar.com\/fr\/responsabilite\/forest-and-fiber-management\/#breadcrumb"},"inLanguage":"fr-FR","potentialAction":[{"@type":"ReadAction","target":["https:\/\/www.domtar.com\/fr\/responsabilite\/forest-and-fiber-management\/"]}]},{"@type":"ImageObject","inLanguage":"fr-FR","@id":"https:\/\/www.domtar.com\/fr\/responsabilite\/forest-and-fiber-management\/#primaryimage","url":"https:\/\/www.domtar.com\/wp-content\/uploads\/2024\/12\/Our-Certification-HeaderNew.jpg","contentUrl":"https:\/\/www.domtar.com\/wp-content\/uploads\/2024\/12\/Our-Certification-HeaderNew.jpg"},{"@type":"BreadcrumbList","@id":"https:\/\/www.domtar.com\/fr\/responsabilite\/forest-and-fiber-management\/#breadcrumb","itemListElement":[{"@type":"ListItem","position":1,"name":"Home","item":"https:\/\/www.domtar.com\/fr\/"},{"@type":"ListItem","position":2,"name":"Responsabilit\u00e9","item":"https:\/\/www.domtar.com\/fr\/responsabilite\/"},{"@type":"ListItem","position":3,"name":"Gestion des for\u00eats et de la fibre"}]},{"@type":"WebSite","@id":"https:\/\/www.domtar.com\/fr\/#website","url":"https:\/\/www.domtar.com\/fr\/","name":"Domtar | The Fiber for the Future","description":"The Sustainable Paper, Pulp and Packaging Company","publisher":{"@id":"https:\/\/www.domtar.com\/fr\/#organization"},"alternateName":"Domtar","potentialAction":[{"@type":"SearchAction","target":{"@type":"EntryPoint","urlTemplate":"https:\/\/www.domtar.com\/fr\/?s={search_term_string}"},"query-input":{"@type":"PropertyValueSpecification","valueRequired":true,"valueName":"search_term_string"}}],"inLanguage":"fr-FR"},{"@type":"Organization","@id":"https:\/\/www.domtar.com\/fr\/#organization","name":"Domtar","url":"https:\/\/www.domtar.com\/fr\/","logo":{"@type":"ImageObject","inLanguage":"fr-FR","@id":"https:\/\/www.domtar.com\/fr\/#\/schema\/logo\/image\/","url":"https:\/\/www.domtar.com\/wp-content\/uploads\/2023\/03\/domtar_logo_rgb_green.png","contentUrl":"https:\/\/www.domtar.com\/wp-content\/uploads\/2023\/03\/domtar_logo_rgb_green.png","width":1153,"height":263,"caption":"Domtar"},"image":{"@id":"https:\/\/www.domtar.com\/fr\/#\/schema\/logo\/image\/"},"sameAs":["https:\/\/www.facebook.com\/DomtarEveryday\/","https:\/\/x.com\/DomtarEveryday","https:\/\/www.linkedin.com\/company\/domtar\/","https:\/\/www.youtube.com\/channel\/UCh8Zhq2Rmxhl5Km0krrGoYw"],"ethicsPolicy":"https:\/\/www.domtar.com\/fr\/notre-entreprise\/ethique-et-conformite\/"}]}},"_links":{"self":[{"href":"https:\/\/www.domtar.com\/fr\/wp-json\/wp\/v2\/pages\/27951","targetHints":{"allow":["GET"]}}],"collection":[{"href":"https:\/\/www.domtar.com\/fr\/wp-json\/wp\/v2\/pages"}],"about":[{"href":"https:\/\/www.domtar.com\/fr\/wp-json\/wp\/v2\/types\/page"}],"author":[{"embeddable":true,"href":"https:\/\/www.domtar.com\/fr\/wp-json\/wp\/v2\/users\/1"}],"replies":[{"embeddable":true,"href":"https:\/\/www.domtar.com\/fr\/wp-json\/wp\/v2\/comments?post=27951"}],"version-history":[{"count":0,"href":"https:\/\/www.domtar.com\/fr\/wp-json\/wp\/v2\/pages\/27951\/revisions"}],"up":[{"embeddable":true,"href":"https:\/\/www.domtar.com\/fr\/wp-json\/wp\/v2\/pages\/29878"}],"wp:attachment":[{"href":"https:\/\/www.domtar.com\/fr\/wp-json\/wp\/v2\/media?parent=27951"}],"wp:term":[{"taxonomy":"our-locations","embeddable":true,"href":"https:\/\/www.domtar.com\/fr\/wp-json\/wp\/v2\/our-locations?post=27951"}],"curies":[{"name":"wp","href":"https:\/\/api.w.org\/{rel}","templated":true}]}}