{"id":26758,"date":"2024-10-23T18:31:14","date_gmt":"2024-10-23T18:31:14","guid":{"rendered":"https:\/\/www.domtar.com\/a-propos-de-domtar\/notre-equipe-de-direction\/hoany-muljadi\/"},"modified":"2025-12-18T21:55:11","modified_gmt":"2025-12-18T21:55:11","slug":"hoany-muljadi","status":"publish","type":"page","link":"https:\/\/www.domtar.com\/fr\/a-propos-de-domtar\/notre-equipe-de-direction\/hoany-muljadi\/","title":{"rendered":"Hoany Muljadi"},"content":{"rendered":"\t\t<div data-elementor-type=\"wp-page\" data-elementor-id=\"26758\" class=\"elementor elementor-26758 elementor-26723\" data-elementor-settings=\"{&quot;element_pack_global_tooltip_width&quot;:{&quot;unit&quot;:&quot;px&quot;,&quot;size&quot;:&quot;&quot;,&quot;sizes&quot;:[]},&quot;element_pack_global_tooltip_width_tablet&quot;:{&quot;unit&quot;:&quot;px&quot;,&quot;size&quot;:&quot;&quot;,&quot;sizes&quot;:[]},&quot;element_pack_global_tooltip_width_mobile&quot;:{&quot;unit&quot;:&quot;px&quot;,&quot;size&quot;:&quot;&quot;,&quot;sizes&quot;:[]},&quot;element_pack_global_tooltip_padding&quot;:{&quot;unit&quot;:&quot;px&quot;,&quot;top&quot;:&quot;&quot;,&quot;right&quot;:&quot;&quot;,&quot;bottom&quot;:&quot;&quot;,&quot;left&quot;:&quot;&quot;,&quot;isLinked&quot;:true},&quot;element_pack_global_tooltip_padding_tablet&quot;:{&quot;unit&quot;:&quot;px&quot;,&quot;top&quot;:&quot;&quot;,&quot;right&quot;:&quot;&quot;,&quot;bottom&quot;:&quot;&quot;,&quot;left&quot;:&quot;&quot;,&quot;isLinked&quot;:true},&quot;element_pack_global_tooltip_padding_mobile&quot;:{&quot;unit&quot;:&quot;px&quot;,&quot;top&quot;:&quot;&quot;,&quot;right&quot;:&quot;&quot;,&quot;bottom&quot;:&quot;&quot;,&quot;left&quot;:&quot;&quot;,&quot;isLinked&quot;:true},&quot;element_pack_global_tooltip_border_radius&quot;:{&quot;unit&quot;:&quot;px&quot;,&quot;top&quot;:&quot;&quot;,&quot;right&quot;:&quot;&quot;,&quot;bottom&quot;:&quot;&quot;,&quot;left&quot;:&quot;&quot;,&quot;isLinked&quot;:true},&quot;element_pack_global_tooltip_border_radius_tablet&quot;:{&quot;unit&quot;:&quot;px&quot;,&quot;top&quot;:&quot;&quot;,&quot;right&quot;:&quot;&quot;,&quot;bottom&quot;:&quot;&quot;,&quot;left&quot;:&quot;&quot;,&quot;isLinked&quot;:true},&quot;element_pack_global_tooltip_border_radius_mobile&quot;:{&quot;unit&quot;:&quot;px&quot;,&quot;top&quot;:&quot;&quot;,&quot;right&quot;:&quot;&quot;,&quot;bottom&quot;:&quot;&quot;,&quot;left&quot;:&quot;&quot;,&quot;isLinked&quot;:true}}\" data-elementor-post-type=\"page\">\n\t\t\t\t\t\t<section class=\"has_eae_slider elementor-section elementor-top-section elementor-element elementor-element-b082b5d product-top-section elementor-section-boxed elementor-section-height-default elementor-section-height-default\" data-eae-slider=\"14093\" data-id=\"b082b5d\" data-element_type=\"section\" data-e-type=\"section\">\n\t\t\t\t\t\t<div class=\"elementor-container elementor-column-gap-default\">\n\t\t\t\t\t<div class=\"has_eae_slider elementor-column elementor-col-100 elementor-top-column elementor-element elementor-element-59933b7\" data-eae-slider=\"53588\" data-id=\"59933b7\" data-element_type=\"column\" data-e-type=\"column\">\n\t\t\t<div class=\"elementor-widget-wrap elementor-element-populated\">\n\t\t\t\t\t\t<div class=\"elementor-element elementor-element-a43b049 elementor-align-start back-link elementor-icon-list--layout-traditional elementor-list-item-link-full_width elementor-widget elementor-widget-icon-list\" data-id=\"a43b049\" data-element_type=\"widget\" data-e-type=\"widget\" data-widget_type=\"icon-list.default\">\n\t\t\t\t<div class=\"elementor-widget-container\">\n\t\t\t\t\t\t\t<ul class=\"elementor-icon-list-items\">\n\t\t\t\t\t\t\t<li class=\"elementor-icon-list-item\">\n\t\t\t\t\t\t\t\t\t\t\t<a href=\"https:\/\/www.domtar.com\/fr\/a-propos-de-domtar\/notre-equipe-de-direction\/\">\n\n\t\t\t\t\t\t\t\t\t\t\t\t<span class=\"elementor-icon-list-icon\">\n\t\t\t\t\t\t\t<i aria-hidden=\"true\" class=\"fas fa-angle-left\"><\/i>\t\t\t\t\t\t<\/span>\n\t\t\t\t\t\t\t\t\t\t<span class=\"elementor-icon-list-text\">Back<\/span>\n\t\t\t\t\t\t\t\t\t\t\t<\/a>\n\t\t\t\t\t\t\t\t\t<\/li>\n\t\t\t\t\t\t<\/ul>\n\t\t\t\t\t\t<\/div>\n\t\t\t\t<\/div>\n\t\t\t\t<div class=\"elementor-element elementor-element-f344b21 elementor-widget elementor-widget-heading\" data-id=\"f344b21\" data-element_type=\"widget\" data-e-type=\"widget\" data-widget_type=\"heading.default\">\n\t\t\t\t<div class=\"elementor-widget-container\">\n\t\t\t\t\t<h3 class=\"elementor-heading-title elementor-size-default\">             Hoany Muljadi<\/h3>\t\t\t\t<\/div>\n\t\t\t\t<\/div>\n\t\t\t\t<div class=\"elementor-element elementor-element-b71587c elementor-widget elementor-widget-text-editor\" data-id=\"b71587c\" data-element_type=\"widget\" data-e-type=\"widget\" data-widget_type=\"text-editor.default\">\n\t\t\t\t<div class=\"elementor-widget-container\">\n\t\t\t\t\t\t\t\t\t<p>Vice-pr\u00e9sidente non ex\u00e9cutive du comit\u00e9 consultatif et cheffe de la direction int\u00e9rimaire, Papier tissu<\/p>\t\t\t\t\t\t\t\t<\/div>\n\t\t\t\t<\/div>\n\t\t\t\t<section class=\"has_eae_slider elementor-section elementor-inner-section elementor-element elementor-element-3dfef8f elementor-section-boxed elementor-section-height-default elementor-section-height-default elementor-invisible\" data-eae-slider=\"48075\" data-id=\"3dfef8f\" data-element_type=\"section\" data-e-type=\"section\" data-settings=\"{&quot;animation&quot;:&quot;fadeInUp&quot;}\">\n\t\t\t\t\t\t<div class=\"elementor-container elementor-column-gap-default\">\n\t\t\t\t\t<div class=\"has_eae_slider elementor-column elementor-col-50 elementor-inner-column elementor-element elementor-element-fbe9c2e\" data-eae-slider=\"13621\" data-id=\"fbe9c2e\" data-element_type=\"column\" data-e-type=\"column\">\n\t\t\t<div class=\"elementor-widget-wrap elementor-element-populated\">\n\t\t\t\t\t\t<div class=\"elementor-element elementor-element-b6f7325 elementor-widget elementor-widget-image\" data-id=\"b6f7325\" data-element_type=\"widget\" data-e-type=\"widget\" data-widget_type=\"image.default\">\n\t\t\t\t<div class=\"elementor-widget-container\">\n\t\t\t\t\t\t\t\t\t\t\t\t\t\t\t<img fetchpriority=\"high\" decoding=\"async\" width=\"510\" height=\"560\" src=\"https:\/\/www.domtar.com\/wp-content\/uploads\/2024\/11\/Muljadi.H_Headshot_Charlotte_Fenixfoto_677-10-min.png\" class=\"attachment-full size-full wp-image-28149\" alt=\"\" srcset=\"https:\/\/www.domtar.com\/wp-content\/uploads\/2024\/11\/Muljadi.H_Headshot_Charlotte_Fenixfoto_677-10-min.png 510w, https:\/\/www.domtar.com\/wp-content\/uploads\/2024\/11\/Muljadi.H_Headshot_Charlotte_Fenixfoto_677-10-min-410x450.png 410w, https:\/\/www.domtar.com\/wp-content\/uploads\/2024\/11\/Muljadi.H_Headshot_Charlotte_Fenixfoto_677-10-min-300x329.png 300w\" sizes=\"(max-width: 510px) 100vw, 510px\" \/>\t\t\t\t\t\t\t\t\t\t\t\t\t\t\t<\/div>\n\t\t\t\t<\/div>\n\t\t\t\t\t<\/div>\n\t\t<\/div>\n\t\t\t\t<div class=\"has_eae_slider elementor-column elementor-col-50 elementor-inner-column elementor-element elementor-element-f85cd67\" data-eae-slider=\"22766\" data-id=\"f85cd67\" data-element_type=\"column\" data-e-type=\"column\">\n\t\t\t<div class=\"elementor-widget-wrap elementor-element-populated\">\n\t\t\t\t\t\t<div class=\"elementor-element elementor-element-84e2db3 elementor-widget elementor-widget-text-editor\" data-id=\"84e2db3\" data-element_type=\"widget\" data-e-type=\"widget\" data-widget_type=\"text-editor.default\">\n\t\t\t\t<div class=\"elementor-widget-container\">\n\t\t\t\t\t\t\t\t\t<p style=\"margin: 0in; font-family: Calibri; font-size: 11.0pt;\">Hoany Muljadi a pass\u00e9 plus de quinze ans dans l&rsquo;industrie mondiale des p\u00e2tes et papiers. En tant qu&rsquo;ancienne directrice g\u00e9n\u00e9rale et directrice mondiale de l&rsquo;exploitation d&rsquo;une entreprise de papier tissu, Mme Muljadi apporte \u00e0 Domtar son exp\u00e9rience en mati\u00e8re de leadership et de transformation. Elle est responsable des strat\u00e9gies visant \u00e0 d\u00e9velopper les unit\u00e9s commerciales de Domtar, ainsi que et \u00e0 assurer la rentabilit\u00e9 par la restructuration de l&rsquo;organisation, des initiatives de r\u00e9duction des co\u00fbts et des portefeuilles de produits optimaux. De nombreux secteurs verticaux rel\u00e8vent de Mme Muljadi et elle si\u00e8ge actuellement au comit\u00e9 d&rsquo;exploitation de Domtar Canada. Son leadership stimule les performances de la direction g\u00e9n\u00e9rale \u00e0 l&rsquo;\u00e9chelle mondiale en fixant des objectifs ambitieux. Au cours de son pr\u00e9c\u00e9dent mandat, elle a \u00e9t\u00e9 \u00e9lue meilleur PDG \u00e0 plusieurs reprises par un panel de ses pairs. Avant d&rsquo;entrer dans l&rsquo;industrie de la p\u00e2te et du papier , elle a \u00e9t\u00e9 consultante chez McKinsey &amp; Co et PriceWaterhouse Coopers. Mme Muljadi est titulaire d&rsquo;un dipl\u00f4me de premier cycle en comptabilit\u00e9 de l&rsquo;Universit\u00e9 d&rsquo;Indon\u00e9sie et d&rsquo;un MBA de l&rsquo;Universit\u00e9 d&rsquo;Hawa\u00ef, o\u00f9 elle a b\u00e9n\u00e9fici\u00e9 d&rsquo;une bourse Fujitsu Asia Pacific.<\/p>\t\t\t\t\t\t\t\t<\/div>\n\t\t\t\t<\/div>\n\t\t\t\t\t<\/div>\n\t\t<\/div>\n\t\t\t\t\t<\/div>\n\t\t<\/section>\n\t\t\t\t\t<\/div>\n\t\t<\/div>\n\t\t\t\t\t<\/div>\n\t\t<\/section>\n\t\t\t\t<\/div>\n\t\t","protected":false},"excerpt":{"rendered":"<p>Back Vice-pr\u00e9sidente non ex\u00e9cutive du comit\u00e9 consultatif et cheffe de la direction int\u00e9rimaire, Papier tissu Hoany Muljadi a pass\u00e9 plus de quinze ans dans l&rsquo;industrie mondiale des p\u00e2tes et papiers. En tant qu&rsquo;ancienne directrice g\u00e9n\u00e9rale et directrice mondiale de l&rsquo;exploitation d&rsquo;une entreprise de papier tissu, Mme Muljadi apporte \u00e0 Domtar son exp\u00e9rience en mati\u00e8re de &hellip;<\/p>\n","protected":false},"author":1,"featured_media":0,"parent":1940,"menu_order":0,"comment_status":"closed","ping_status":"closed","template":"elementor_header_footer","meta":{"_acf_changed":false,"_genesis_block_theme_hide_title":false,"footnotes":""},"our-locations":[],"class_list":["post-26758","page","type-page","status-publish","hentry","post","without-featured-image"],"acf":[],"yoast_head":"<!-- This site is optimized with the Yoast SEO Premium plugin v27.4 (Yoast SEO v27.4) - https:\/\/yoast.com\/product\/yoast-seo-premium-wordpress\/ -->\n<title>Hoany Muljadi - \u00c9quipe de direction | Domtar<\/title>\n<meta name=\"description\" content=\"Hoany Muljadi has spent more than fifteen years in the global pulp and paper industry. As theformer CEO and Global COO of a tissue operation, Ms. Muljadi brings executiveleadership and transformation experience to Domtar.\" \/>\n<meta name=\"robots\" content=\"index, follow, max-snippet:-1, max-image-preview:large, max-video-preview:-1\" \/>\n<link rel=\"canonical\" href=\"https:\/\/www.domtar.com\/fr\/a-propos-de-domtar\/notre-equipe-de-direction\/hoany-muljadi\/\" \/>\n<meta property=\"og:locale\" content=\"fr_FR\" \/>\n<meta property=\"og:type\" content=\"article\" \/>\n<meta property=\"og:title\" content=\"Hoany Muljadi\" \/>\n<meta property=\"og:description\" content=\"Hoany Muljadi has spent more than fifteen years in the global pulp and paper industry. As theformer CEO and Global COO of a tissue operation, Ms. Muljadi brings executiveleadership and transformation experience to Domtar.\" \/>\n<meta property=\"og:url\" content=\"https:\/\/www.domtar.com\/fr\/a-propos-de-domtar\/notre-equipe-de-direction\/hoany-muljadi\/\" \/>\n<meta property=\"og:site_name\" content=\"Domtar\" \/>\n<meta property=\"article:publisher\" content=\"https:\/\/www.facebook.com\/DomtarEveryday\/\" \/>\n<meta property=\"article:modified_time\" content=\"2025-12-18T21:55:11+00:00\" \/>\n<meta property=\"og:image\" content=\"https:\/\/www.domtar.com\/wp-content\/uploads\/2024\/11\/Muljadi.H_Headshot_Charlotte_Fenixfoto_677-10-min.png\" \/>\n\t<meta property=\"og:image:width\" content=\"510\" \/>\n\t<meta property=\"og:image:height\" content=\"560\" \/>\n\t<meta property=\"og:image:type\" content=\"image\/png\" \/>\n<meta name=\"twitter:card\" content=\"summary_large_image\" \/>\n<meta name=\"twitter:site\" content=\"@DomtarEveryday\" \/>\n<meta name=\"twitter:label1\" content=\"Dur\u00e9e de lecture estim\u00e9e\" \/>\n\t<meta name=\"twitter:data1\" content=\"2 minutes\" \/>\n<script type=\"application\/ld+json\" class=\"yoast-schema-graph\">{\"@context\":\"https:\\\/\\\/schema.org\",\"@graph\":[{\"@type\":\"WebPage\",\"@id\":\"https:\\\/\\\/www.domtar.com\\\/fr\\\/a-propos-de-domtar\\\/notre-equipe-de-direction\\\/hoany-muljadi\\\/\",\"url\":\"https:\\\/\\\/www.domtar.com\\\/fr\\\/a-propos-de-domtar\\\/notre-equipe-de-direction\\\/hoany-muljadi\\\/\",\"name\":\"Hoany Muljadi - \u00c9quipe de direction | Domtar\",\"isPartOf\":{\"@id\":\"https:\\\/\\\/www.domtar.com\\\/fr\\\/#website\"},\"primaryImageOfPage\":{\"@id\":\"https:\\\/\\\/www.domtar.com\\\/fr\\\/a-propos-de-domtar\\\/notre-equipe-de-direction\\\/hoany-muljadi\\\/#primaryimage\"},\"image\":{\"@id\":\"https:\\\/\\\/www.domtar.com\\\/fr\\\/a-propos-de-domtar\\\/notre-equipe-de-direction\\\/hoany-muljadi\\\/#primaryimage\"},\"thumbnailUrl\":\"https:\\\/\\\/www.domtar.com\\\/wp-content\\\/uploads\\\/2024\\\/11\\\/Muljadi.H_Headshot_Charlotte_Fenixfoto_677-10-min.png\",\"datePublished\":\"2024-10-23T18:31:14+00:00\",\"dateModified\":\"2025-12-18T21:55:11+00:00\",\"description\":\"Hoany Muljadi has spent more than fifteen years in the global pulp and paper industry. As theformer CEO and Global COO of a tissue operation, Ms. Muljadi brings executiveleadership and transformation experience to Domtar.\",\"breadcrumb\":{\"@id\":\"https:\\\/\\\/www.domtar.com\\\/fr\\\/a-propos-de-domtar\\\/notre-equipe-de-direction\\\/hoany-muljadi\\\/#breadcrumb\"},\"inLanguage\":\"fr-FR\",\"potentialAction\":[{\"@type\":\"ReadAction\",\"target\":[\"https:\\\/\\\/www.domtar.com\\\/fr\\\/a-propos-de-domtar\\\/notre-equipe-de-direction\\\/hoany-muljadi\\\/\"]}]},{\"@type\":\"ImageObject\",\"inLanguage\":\"fr-FR\",\"@id\":\"https:\\\/\\\/www.domtar.com\\\/fr\\\/a-propos-de-domtar\\\/notre-equipe-de-direction\\\/hoany-muljadi\\\/#primaryimage\",\"url\":\"https:\\\/\\\/www.domtar.com\\\/wp-content\\\/uploads\\\/2024\\\/11\\\/Muljadi.H_Headshot_Charlotte_Fenixfoto_677-10-min.png\",\"contentUrl\":\"https:\\\/\\\/www.domtar.com\\\/wp-content\\\/uploads\\\/2024\\\/11\\\/Muljadi.H_Headshot_Charlotte_Fenixfoto_677-10-min.png\"},{\"@type\":\"BreadcrumbList\",\"@id\":\"https:\\\/\\\/www.domtar.com\\\/fr\\\/a-propos-de-domtar\\\/notre-equipe-de-direction\\\/hoany-muljadi\\\/#breadcrumb\",\"itemListElement\":[{\"@type\":\"ListItem\",\"position\":1,\"name\":\"Home\",\"item\":\"https:\\\/\\\/www.domtar.com\\\/fr\\\/\"},{\"@type\":\"ListItem\",\"position\":2,\"name\":\"\u00c0 propos de Domtar\",\"item\":\"https:\\\/\\\/www.domtar.com\\\/fr\\\/a-propos-de-domtar\\\/\"},{\"@type\":\"ListItem\",\"position\":3,\"name\":\"Notre gouvernance et diregeants\",\"item\":\"https:\\\/\\\/www.domtar.com\\\/fr\\\/about-domtar\\\/domtar-leaders\\\/\"},{\"@type\":\"ListItem\",\"position\":4,\"name\":\"Hoany Muljadi\"}]},{\"@type\":\"WebSite\",\"@id\":\"https:\\\/\\\/www.domtar.com\\\/fr\\\/#website\",\"url\":\"https:\\\/\\\/www.domtar.com\\\/fr\\\/\",\"name\":\"Domtar | The Fiber for the Future\",\"description\":\"The Sustainable Paper, Pulp and Packaging Company\",\"publisher\":{\"@id\":\"https:\\\/\\\/www.domtar.com\\\/fr\\\/#organization\"},\"alternateName\":\"Domtar\",\"potentialAction\":[{\"@type\":\"SearchAction\",\"target\":{\"@type\":\"EntryPoint\",\"urlTemplate\":\"https:\\\/\\\/www.domtar.com\\\/fr\\\/?s={search_term_string}\"},\"query-input\":{\"@type\":\"PropertyValueSpecification\",\"valueRequired\":true,\"valueName\":\"search_term_string\"}}],\"inLanguage\":\"fr-FR\"},{\"@type\":\"Organization\",\"@id\":\"https:\\\/\\\/www.domtar.com\\\/fr\\\/#organization\",\"name\":\"Domtar\",\"url\":\"https:\\\/\\\/www.domtar.com\\\/fr\\\/\",\"logo\":{\"@type\":\"ImageObject\",\"inLanguage\":\"fr-FR\",\"@id\":\"https:\\\/\\\/www.domtar.com\\\/fr\\\/#\\\/schema\\\/logo\\\/image\\\/\",\"url\":\"https:\\\/\\\/www.domtar.com\\\/wp-content\\\/uploads\\\/2023\\\/03\\\/domtar_logo_rgb_green.png\",\"contentUrl\":\"https:\\\/\\\/www.domtar.com\\\/wp-content\\\/uploads\\\/2023\\\/03\\\/domtar_logo_rgb_green.png\",\"width\":1153,\"height\":263,\"caption\":\"Domtar\"},\"image\":{\"@id\":\"https:\\\/\\\/www.domtar.com\\\/fr\\\/#\\\/schema\\\/logo\\\/image\\\/\"},\"sameAs\":[\"https:\\\/\\\/www.facebook.com\\\/DomtarEveryday\\\/\",\"https:\\\/\\\/x.com\\\/DomtarEveryday\",\"https:\\\/\\\/www.linkedin.com\\\/company\\\/domtar\\\/\",\"https:\\\/\\\/www.youtube.com\\\/channel\\\/UCh8Zhq2Rmxhl5Km0krrGoYw\"],\"ethicsPolicy\":\"https:\\\/\\\/www.domtar.com\\\/fr\\\/notre-entreprise\\\/ethique-et-conformite\\\/\"}]}<\/script>\n<!-- \/ Yoast SEO Premium plugin. -->","yoast_head_json":{"title":"Hoany Muljadi - \u00c9quipe de direction | Domtar","description":"Hoany Muljadi has spent more than fifteen years in the global pulp and paper industry. As theformer CEO and Global COO of a tissue operation, Ms. Muljadi brings executiveleadership and transformation experience to Domtar.","robots":{"index":"index","follow":"follow","max-snippet":"max-snippet:-1","max-image-preview":"max-image-preview:large","max-video-preview":"max-video-preview:-1"},"canonical":"https:\/\/www.domtar.com\/fr\/a-propos-de-domtar\/notre-equipe-de-direction\/hoany-muljadi\/","og_locale":"fr_FR","og_type":"article","og_title":"Hoany Muljadi","og_description":"Hoany Muljadi has spent more than fifteen years in the global pulp and paper industry. As theformer CEO and Global COO of a tissue operation, Ms. Muljadi brings executiveleadership and transformation experience to Domtar.","og_url":"https:\/\/www.domtar.com\/fr\/a-propos-de-domtar\/notre-equipe-de-direction\/hoany-muljadi\/","og_site_name":"Domtar","article_publisher":"https:\/\/www.facebook.com\/DomtarEveryday\/","article_modified_time":"2025-12-18T21:55:11+00:00","og_image":[{"width":510,"height":560,"url":"https:\/\/www.domtar.com\/wp-content\/uploads\/2024\/11\/Muljadi.H_Headshot_Charlotte_Fenixfoto_677-10-min.png","type":"image\/png"}],"twitter_card":"summary_large_image","twitter_site":"@DomtarEveryday","twitter_misc":{"Dur\u00e9e de lecture estim\u00e9e":"2 minutes"},"schema":{"@context":"https:\/\/schema.org","@graph":[{"@type":"WebPage","@id":"https:\/\/www.domtar.com\/fr\/a-propos-de-domtar\/notre-equipe-de-direction\/hoany-muljadi\/","url":"https:\/\/www.domtar.com\/fr\/a-propos-de-domtar\/notre-equipe-de-direction\/hoany-muljadi\/","name":"Hoany Muljadi - \u00c9quipe de direction | Domtar","isPartOf":{"@id":"https:\/\/www.domtar.com\/fr\/#website"},"primaryImageOfPage":{"@id":"https:\/\/www.domtar.com\/fr\/a-propos-de-domtar\/notre-equipe-de-direction\/hoany-muljadi\/#primaryimage"},"image":{"@id":"https:\/\/www.domtar.com\/fr\/a-propos-de-domtar\/notre-equipe-de-direction\/hoany-muljadi\/#primaryimage"},"thumbnailUrl":"https:\/\/www.domtar.com\/wp-content\/uploads\/2024\/11\/Muljadi.H_Headshot_Charlotte_Fenixfoto_677-10-min.png","datePublished":"2024-10-23T18:31:14+00:00","dateModified":"2025-12-18T21:55:11+00:00","description":"Hoany Muljadi has spent more than fifteen years in the global pulp and paper industry. As theformer CEO and Global COO of a tissue operation, Ms. Muljadi brings executiveleadership and transformation experience to Domtar.","breadcrumb":{"@id":"https:\/\/www.domtar.com\/fr\/a-propos-de-domtar\/notre-equipe-de-direction\/hoany-muljadi\/#breadcrumb"},"inLanguage":"fr-FR","potentialAction":[{"@type":"ReadAction","target":["https:\/\/www.domtar.com\/fr\/a-propos-de-domtar\/notre-equipe-de-direction\/hoany-muljadi\/"]}]},{"@type":"ImageObject","inLanguage":"fr-FR","@id":"https:\/\/www.domtar.com\/fr\/a-propos-de-domtar\/notre-equipe-de-direction\/hoany-muljadi\/#primaryimage","url":"https:\/\/www.domtar.com\/wp-content\/uploads\/2024\/11\/Muljadi.H_Headshot_Charlotte_Fenixfoto_677-10-min.png","contentUrl":"https:\/\/www.domtar.com\/wp-content\/uploads\/2024\/11\/Muljadi.H_Headshot_Charlotte_Fenixfoto_677-10-min.png"},{"@type":"BreadcrumbList","@id":"https:\/\/www.domtar.com\/fr\/a-propos-de-domtar\/notre-equipe-de-direction\/hoany-muljadi\/#breadcrumb","itemListElement":[{"@type":"ListItem","position":1,"name":"Home","item":"https:\/\/www.domtar.com\/fr\/"},{"@type":"ListItem","position":2,"name":"\u00c0 propos de Domtar","item":"https:\/\/www.domtar.com\/fr\/a-propos-de-domtar\/"},{"@type":"ListItem","position":3,"name":"Notre gouvernance et diregeants","item":"https:\/\/www.domtar.com\/fr\/about-domtar\/domtar-leaders\/"},{"@type":"ListItem","position":4,"name":"Hoany Muljadi"}]},{"@type":"WebSite","@id":"https:\/\/www.domtar.com\/fr\/#website","url":"https:\/\/www.domtar.com\/fr\/","name":"Domtar | The Fiber for the Future","description":"The Sustainable Paper, Pulp and Packaging Company","publisher":{"@id":"https:\/\/www.domtar.com\/fr\/#organization"},"alternateName":"Domtar","potentialAction":[{"@type":"SearchAction","target":{"@type":"EntryPoint","urlTemplate":"https:\/\/www.domtar.com\/fr\/?s={search_term_string}"},"query-input":{"@type":"PropertyValueSpecification","valueRequired":true,"valueName":"search_term_string"}}],"inLanguage":"fr-FR"},{"@type":"Organization","@id":"https:\/\/www.domtar.com\/fr\/#organization","name":"Domtar","url":"https:\/\/www.domtar.com\/fr\/","logo":{"@type":"ImageObject","inLanguage":"fr-FR","@id":"https:\/\/www.domtar.com\/fr\/#\/schema\/logo\/image\/","url":"https:\/\/www.domtar.com\/wp-content\/uploads\/2023\/03\/domtar_logo_rgb_green.png","contentUrl":"https:\/\/www.domtar.com\/wp-content\/uploads\/2023\/03\/domtar_logo_rgb_green.png","width":1153,"height":263,"caption":"Domtar"},"image":{"@id":"https:\/\/www.domtar.com\/fr\/#\/schema\/logo\/image\/"},"sameAs":["https:\/\/www.facebook.com\/DomtarEveryday\/","https:\/\/x.com\/DomtarEveryday","https:\/\/www.linkedin.com\/company\/domtar\/","https:\/\/www.youtube.com\/channel\/UCh8Zhq2Rmxhl5Km0krrGoYw"],"ethicsPolicy":"https:\/\/www.domtar.com\/fr\/notre-entreprise\/ethique-et-conformite\/"}]}},"_links":{"self":[{"href":"https:\/\/www.domtar.com\/fr\/wp-json\/wp\/v2\/pages\/26758","targetHints":{"allow":["GET"]}}],"collection":[{"href":"https:\/\/www.domtar.com\/fr\/wp-json\/wp\/v2\/pages"}],"about":[{"href":"https:\/\/www.domtar.com\/fr\/wp-json\/wp\/v2\/types\/page"}],"author":[{"embeddable":true,"href":"https:\/\/www.domtar.com\/fr\/wp-json\/wp\/v2\/users\/1"}],"replies":[{"embeddable":true,"href":"https:\/\/www.domtar.com\/fr\/wp-json\/wp\/v2\/comments?post=26758"}],"version-history":[{"count":0,"href":"https:\/\/www.domtar.com\/fr\/wp-json\/wp\/v2\/pages\/26758\/revisions"}],"up":[{"embeddable":true,"href":"https:\/\/www.domtar.com\/fr\/wp-json\/wp\/v2\/pages\/1940"}],"wp:attachment":[{"href":"https:\/\/www.domtar.com\/fr\/wp-json\/wp\/v2\/media?parent=26758"}],"wp:term":[{"taxonomy":"our-locations","embeddable":true,"href":"https:\/\/www.domtar.com\/fr\/wp-json\/wp\/v2\/our-locations?post=26758"}],"curies":[{"name":"wp","href":"https:\/\/api.w.org\/{rel}","templated":true}]}}