{"id":26757,"date":"2024-10-23T18:42:54","date_gmt":"2024-10-23T18:42:54","guid":{"rendered":"https:\/\/www.domtar.com\/a-propos-de-domtar\/notre-equipe-de-direction\/daniel-ouellet\/"},"modified":"2025-12-18T22:02:30","modified_gmt":"2025-12-18T22:02:30","slug":"daniel-ouellet","status":"publish","type":"page","link":"https:\/\/www.domtar.com\/fr\/a-propos-de-domtar\/notre-equipe-de-direction\/daniel-ouellet\/","title":{"rendered":"Daniel Ouellet"},"content":{"rendered":"\t\t<div data-elementor-type=\"wp-page\" data-elementor-id=\"26757\" class=\"elementor elementor-26757 elementor-26734\" data-elementor-settings=\"{&quot;element_pack_global_tooltip_width&quot;:{&quot;unit&quot;:&quot;px&quot;,&quot;size&quot;:&quot;&quot;,&quot;sizes&quot;:[]},&quot;element_pack_global_tooltip_width_tablet&quot;:{&quot;unit&quot;:&quot;px&quot;,&quot;size&quot;:&quot;&quot;,&quot;sizes&quot;:[]},&quot;element_pack_global_tooltip_width_mobile&quot;:{&quot;unit&quot;:&quot;px&quot;,&quot;size&quot;:&quot;&quot;,&quot;sizes&quot;:[]},&quot;element_pack_global_tooltip_padding&quot;:{&quot;unit&quot;:&quot;px&quot;,&quot;top&quot;:&quot;&quot;,&quot;right&quot;:&quot;&quot;,&quot;bottom&quot;:&quot;&quot;,&quot;left&quot;:&quot;&quot;,&quot;isLinked&quot;:true},&quot;element_pack_global_tooltip_padding_tablet&quot;:{&quot;unit&quot;:&quot;px&quot;,&quot;top&quot;:&quot;&quot;,&quot;right&quot;:&quot;&quot;,&quot;bottom&quot;:&quot;&quot;,&quot;left&quot;:&quot;&quot;,&quot;isLinked&quot;:true},&quot;element_pack_global_tooltip_padding_mobile&quot;:{&quot;unit&quot;:&quot;px&quot;,&quot;top&quot;:&quot;&quot;,&quot;right&quot;:&quot;&quot;,&quot;bottom&quot;:&quot;&quot;,&quot;left&quot;:&quot;&quot;,&quot;isLinked&quot;:true},&quot;element_pack_global_tooltip_border_radius&quot;:{&quot;unit&quot;:&quot;px&quot;,&quot;top&quot;:&quot;&quot;,&quot;right&quot;:&quot;&quot;,&quot;bottom&quot;:&quot;&quot;,&quot;left&quot;:&quot;&quot;,&quot;isLinked&quot;:true},&quot;element_pack_global_tooltip_border_radius_tablet&quot;:{&quot;unit&quot;:&quot;px&quot;,&quot;top&quot;:&quot;&quot;,&quot;right&quot;:&quot;&quot;,&quot;bottom&quot;:&quot;&quot;,&quot;left&quot;:&quot;&quot;,&quot;isLinked&quot;:true},&quot;element_pack_global_tooltip_border_radius_mobile&quot;:{&quot;unit&quot;:&quot;px&quot;,&quot;top&quot;:&quot;&quot;,&quot;right&quot;:&quot;&quot;,&quot;bottom&quot;:&quot;&quot;,&quot;left&quot;:&quot;&quot;,&quot;isLinked&quot;:true}}\" data-elementor-post-type=\"page\">\n\t\t\t\t\t\t<section class=\"has_eae_slider elementor-section elementor-top-section elementor-element elementor-element-20b782f product-top-section elementor-section-boxed elementor-section-height-default elementor-section-height-default\" data-eae-slider=\"64284\" data-id=\"20b782f\" data-element_type=\"section\" data-e-type=\"section\">\n\t\t\t\t\t\t<div class=\"elementor-container elementor-column-gap-default\">\n\t\t\t\t\t<div class=\"has_eae_slider elementor-column elementor-col-100 elementor-top-column elementor-element elementor-element-646c043\" data-eae-slider=\"68387\" data-id=\"646c043\" data-element_type=\"column\" data-e-type=\"column\">\n\t\t\t<div class=\"elementor-widget-wrap elementor-element-populated\">\n\t\t\t\t\t\t<div class=\"elementor-element elementor-element-0d04409 elementor-align-start back-link elementor-icon-list--layout-traditional elementor-list-item-link-full_width elementor-widget elementor-widget-icon-list\" data-id=\"0d04409\" data-element_type=\"widget\" data-e-type=\"widget\" data-widget_type=\"icon-list.default\">\n\t\t\t\t<div class=\"elementor-widget-container\">\n\t\t\t\t\t\t\t<ul class=\"elementor-icon-list-items\">\n\t\t\t\t\t\t\t<li class=\"elementor-icon-list-item\">\n\t\t\t\t\t\t\t\t\t\t\t<a href=\"\/fr\/a-propos-de-domtar\/notre-equipe-de-direction\/\">\n\n\t\t\t\t\t\t\t\t\t\t\t\t<span class=\"elementor-icon-list-icon\">\n\t\t\t\t\t\t\t<i aria-hidden=\"true\" class=\"fas fa-angle-left\"><\/i>\t\t\t\t\t\t<\/span>\n\t\t\t\t\t\t\t\t\t\t<span class=\"elementor-icon-list-text\">Back<\/span>\n\t\t\t\t\t\t\t\t\t\t\t<\/a>\n\t\t\t\t\t\t\t\t\t<\/li>\n\t\t\t\t\t\t<\/ul>\n\t\t\t\t\t\t<\/div>\n\t\t\t\t<\/div>\n\t\t\t\t<div class=\"elementor-element elementor-element-bd88efa elementor-widget elementor-widget-heading\" data-id=\"bd88efa\" data-element_type=\"widget\" data-e-type=\"widget\" data-widget_type=\"heading.default\">\n\t\t\t\t<div class=\"elementor-widget-container\">\n\t\t\t\t\t<h3 class=\"elementor-heading-title elementor-size-default\">Daniel Ouellet<\/h3>\t\t\t\t<\/div>\n\t\t\t\t<\/div>\n\t\t\t\t<div class=\"elementor-element elementor-element-452345e elementor-widget elementor-widget-text-editor\" data-id=\"452345e\" data-element_type=\"widget\" data-e-type=\"widget\" data-widget_type=\"text-editor.default\">\n\t\t\t\t<div class=\"elementor-widget-container\">\n\t\t\t\t\t\t\t\t\t<p>Chef des ressources humaines<\/p>\t\t\t\t\t\t\t\t<\/div>\n\t\t\t\t<\/div>\n\t\t\t\t<section class=\"has_eae_slider elementor-section elementor-inner-section elementor-element elementor-element-e390d23 elementor-section-boxed elementor-section-height-default elementor-section-height-default elementor-invisible\" data-eae-slider=\"80842\" data-id=\"e390d23\" data-element_type=\"section\" data-e-type=\"section\" data-settings=\"{&quot;animation&quot;:&quot;fadeInUp&quot;}\">\n\t\t\t\t\t\t<div class=\"elementor-container elementor-column-gap-default\">\n\t\t\t\t\t<div class=\"has_eae_slider elementor-column elementor-col-50 elementor-inner-column elementor-element elementor-element-1a1a077\" data-eae-slider=\"77204\" data-id=\"1a1a077\" data-element_type=\"column\" data-e-type=\"column\">\n\t\t\t<div class=\"elementor-widget-wrap elementor-element-populated\">\n\t\t\t\t\t\t<div class=\"elementor-element elementor-element-0108c33 elementor-widget elementor-widget-image\" data-id=\"0108c33\" data-element_type=\"widget\" data-e-type=\"widget\" data-widget_type=\"image.default\">\n\t\t\t\t<div class=\"elementor-widget-container\">\n\t\t\t\t\t\t\t\t\t\t\t\t\t\t\t<img fetchpriority=\"high\" decoding=\"async\" width=\"1020\" height=\"1120\" src=\"https:\/\/www.domtar.com\/wp-content\/uploads\/2024\/10\/Oullet.D_Headshot_Charlotte_Fenixfoto_1061-8-300x300-7399352-min.jpg\" class=\"attachment-full size-full wp-image-26696\" alt=\"\" srcset=\"https:\/\/www.domtar.com\/wp-content\/uploads\/2024\/10\/Oullet.D_Headshot_Charlotte_Fenixfoto_1061-8-300x300-7399352-min.jpg 1020w, https:\/\/www.domtar.com\/wp-content\/uploads\/2024\/10\/Oullet.D_Headshot_Charlotte_Fenixfoto_1061-8-300x300-7399352-min-410x450.jpg 410w, https:\/\/www.domtar.com\/wp-content\/uploads\/2024\/10\/Oullet.D_Headshot_Charlotte_Fenixfoto_1061-8-300x300-7399352-min-933x1024.jpg 933w, https:\/\/www.domtar.com\/wp-content\/uploads\/2024\/10\/Oullet.D_Headshot_Charlotte_Fenixfoto_1061-8-300x300-7399352-min-768x843.jpg 768w, https:\/\/www.domtar.com\/wp-content\/uploads\/2024\/10\/Oullet.D_Headshot_Charlotte_Fenixfoto_1061-8-300x300-7399352-min-300x329.jpg 300w\" sizes=\"(max-width: 1020px) 100vw, 1020px\" \/>\t\t\t\t\t\t\t\t\t\t\t\t\t\t\t<\/div>\n\t\t\t\t<\/div>\n\t\t\t\t\t<\/div>\n\t\t<\/div>\n\t\t\t\t<div class=\"has_eae_slider elementor-column elementor-col-50 elementor-inner-column elementor-element elementor-element-12375a4\" data-eae-slider=\"52027\" data-id=\"12375a4\" data-element_type=\"column\" data-e-type=\"column\">\n\t\t\t<div class=\"elementor-widget-wrap elementor-element-populated\">\n\t\t\t\t\t\t<div class=\"elementor-element elementor-element-961fadb elementor-widget elementor-widget-text-editor\" data-id=\"961fadb\" data-element_type=\"widget\" data-e-type=\"widget\" data-widget_type=\"text-editor.default\">\n\t\t\t\t<div class=\"elementor-widget-container\">\n\t\t\t\t\t\t\t\t\t<p>Daniel Ouellet est Chef des ressources humaines.<\/p><p>M. Ouellet a pr\u00e9c\u00e9demment occup\u00e9 le poste de premier vice-pr\u00e9sident, Ressources humaines, de Produits forestiers R\u00e9solu de mai 2018 au 3 octobre 2023, de vice-pr\u00e9sident, Ressources humaines, pour les activit\u00e9s canadiennes et am\u00e9ricaines de R\u00e9solu de janvier 2016 \u00e0 mai 2018, et de vice-pr\u00e9sident, Ressources humaines, pour ses activit\u00e9s canadiennes de novembre 2013 \u00e0 janvier 2016. Il a occup\u00e9 divers autres postes en ressources humaines depuis qu&rsquo;il s&rsquo;est joint \u00e0 R\u00e9solu en septembre 2000 et a \u00e9galement acquis une exp\u00e9rience op\u00e9rationnelle en dirigeant les activit\u00e9s de la scierie de l&rsquo;entreprise dans la r\u00e9gion du Saguenay-Lac-Saint-Jean, au Qu\u00e9bec. Avant de se joindre \u00e0 R\u00e9solu, M. Ouellet a travaill\u00e9 pour Produits forestiers Alliance, Alcan et un syndicat r\u00e9gional.<\/p>\t\t\t\t\t\t\t\t<\/div>\n\t\t\t\t<\/div>\n\t\t\t\t\t<\/div>\n\t\t<\/div>\n\t\t\t\t\t<\/div>\n\t\t<\/section>\n\t\t\t\t\t<\/div>\n\t\t<\/div>\n\t\t\t\t\t<\/div>\n\t\t<\/section>\n\t\t\t\t<\/div>\n\t\t","protected":false},"excerpt":{"rendered":"<p>Back Chef des ressources humaines Daniel Ouellet est Chef des ressources humaines.M. Ouellet a pr\u00e9c\u00e9demment occup\u00e9 le poste de premier vice-pr\u00e9sident, Ressources humaines, de Produits forestiers R\u00e9solu de mai 2018 au 3 octobre 2023, de vice-pr\u00e9sident, Ressources humaines, pour les activit\u00e9s canadiennes et am\u00e9ricaines de R\u00e9solu de janvier 2016 \u00e0 mai 2018, et de vice-pr\u00e9sident, &hellip;<\/p>\n","protected":false},"author":1,"featured_media":0,"parent":1940,"menu_order":0,"comment_status":"closed","ping_status":"closed","template":"elementor_header_footer","meta":{"_acf_changed":false,"_genesis_block_theme_hide_title":false,"footnotes":""},"our-locations":[],"class_list":["post-26757","page","type-page","status-publish","hentry","post","without-featured-image"],"acf":[],"yoast_head":"<!-- This site is optimized with the Yoast SEO Premium plugin v27.4 (Yoast SEO v27.4) - https:\/\/yoast.com\/product\/yoast-seo-premium-wordpress\/ -->\n<title>Daniel Ouellet - \u00c9quipe de direction | Domtar<\/title>\n<meta name=\"description\" content=\"Daniel Ouellet, premier vice-pr\u00e9sident RH chez Domtar, dirige la strat\u00e9gie humaine et le d\u00e9veloppement organisationnel en Am\u00e9rique du Nord.\" \/>\n<meta name=\"robots\" content=\"index, follow, max-snippet:-1, max-image-preview:large, max-video-preview:-1\" \/>\n<link rel=\"canonical\" href=\"https:\/\/www.domtar.com\/fr\/a-propos-de-domtar\/notre-equipe-de-direction\/daniel-ouellet\/\" \/>\n<meta property=\"og:locale\" content=\"fr_FR\" \/>\n<meta property=\"og:type\" content=\"article\" \/>\n<meta property=\"og:title\" content=\"Daniel Ouellet\" \/>\n<meta property=\"og:description\" content=\"Daniel Ouellet, premier vice-pr\u00e9sident RH chez Domtar, dirige la strat\u00e9gie humaine et le d\u00e9veloppement organisationnel en Am\u00e9rique du Nord.\" \/>\n<meta property=\"og:url\" content=\"https:\/\/www.domtar.com\/fr\/a-propos-de-domtar\/notre-equipe-de-direction\/daniel-ouellet\/\" \/>\n<meta property=\"og:site_name\" content=\"Domtar\" \/>\n<meta property=\"article:publisher\" content=\"https:\/\/www.facebook.com\/DomtarEveryday\/\" \/>\n<meta property=\"article:modified_time\" content=\"2025-12-18T22:02:30+00:00\" \/>\n<meta property=\"og:image\" content=\"https:\/\/www.domtar.com\/wp-content\/uploads\/2024\/10\/Oullet.D_Headshot_Charlotte_Fenixfoto_1061-8-300x300-7399352-min.jpg\" \/>\n\t<meta property=\"og:image:width\" content=\"1020\" \/>\n\t<meta property=\"og:image:height\" content=\"1120\" \/>\n\t<meta property=\"og:image:type\" content=\"image\/jpeg\" \/>\n<meta name=\"twitter:card\" content=\"summary_large_image\" \/>\n<meta name=\"twitter:site\" content=\"@DomtarEveryday\" \/>\n<meta name=\"twitter:label1\" content=\"Dur\u00e9e de lecture estim\u00e9e\" \/>\n\t<meta name=\"twitter:data1\" content=\"1 minute\" \/>\n<script type=\"application\/ld+json\" class=\"yoast-schema-graph\">{\"@context\":\"https:\\\/\\\/schema.org\",\"@graph\":[{\"@type\":\"WebPage\",\"@id\":\"https:\\\/\\\/www.domtar.com\\\/fr\\\/a-propos-de-domtar\\\/notre-equipe-de-direction\\\/daniel-ouellet\\\/\",\"url\":\"https:\\\/\\\/www.domtar.com\\\/fr\\\/a-propos-de-domtar\\\/notre-equipe-de-direction\\\/daniel-ouellet\\\/\",\"name\":\"Daniel Ouellet - \u00c9quipe de direction | Domtar\",\"isPartOf\":{\"@id\":\"https:\\\/\\\/www.domtar.com\\\/fr\\\/#website\"},\"primaryImageOfPage\":{\"@id\":\"https:\\\/\\\/www.domtar.com\\\/fr\\\/a-propos-de-domtar\\\/notre-equipe-de-direction\\\/daniel-ouellet\\\/#primaryimage\"},\"image\":{\"@id\":\"https:\\\/\\\/www.domtar.com\\\/fr\\\/a-propos-de-domtar\\\/notre-equipe-de-direction\\\/daniel-ouellet\\\/#primaryimage\"},\"thumbnailUrl\":\"https:\\\/\\\/www.domtar.com\\\/wp-content\\\/uploads\\\/2024\\\/10\\\/Oullet.D_Headshot_Charlotte_Fenixfoto_1061-8-300x300-7399352-min.jpg\",\"datePublished\":\"2024-10-23T18:42:54+00:00\",\"dateModified\":\"2025-12-18T22:02:30+00:00\",\"description\":\"Daniel Ouellet, premier vice-pr\u00e9sident RH chez Domtar, dirige la strat\u00e9gie humaine et le d\u00e9veloppement organisationnel en Am\u00e9rique du Nord.\",\"breadcrumb\":{\"@id\":\"https:\\\/\\\/www.domtar.com\\\/fr\\\/a-propos-de-domtar\\\/notre-equipe-de-direction\\\/daniel-ouellet\\\/#breadcrumb\"},\"inLanguage\":\"fr-FR\",\"potentialAction\":[{\"@type\":\"ReadAction\",\"target\":[\"https:\\\/\\\/www.domtar.com\\\/fr\\\/a-propos-de-domtar\\\/notre-equipe-de-direction\\\/daniel-ouellet\\\/\"]}]},{\"@type\":\"ImageObject\",\"inLanguage\":\"fr-FR\",\"@id\":\"https:\\\/\\\/www.domtar.com\\\/fr\\\/a-propos-de-domtar\\\/notre-equipe-de-direction\\\/daniel-ouellet\\\/#primaryimage\",\"url\":\"https:\\\/\\\/www.domtar.com\\\/wp-content\\\/uploads\\\/2024\\\/10\\\/Oullet.D_Headshot_Charlotte_Fenixfoto_1061-8-300x300-7399352-min.jpg\",\"contentUrl\":\"https:\\\/\\\/www.domtar.com\\\/wp-content\\\/uploads\\\/2024\\\/10\\\/Oullet.D_Headshot_Charlotte_Fenixfoto_1061-8-300x300-7399352-min.jpg\"},{\"@type\":\"BreadcrumbList\",\"@id\":\"https:\\\/\\\/www.domtar.com\\\/fr\\\/a-propos-de-domtar\\\/notre-equipe-de-direction\\\/daniel-ouellet\\\/#breadcrumb\",\"itemListElement\":[{\"@type\":\"ListItem\",\"position\":1,\"name\":\"Home\",\"item\":\"https:\\\/\\\/www.domtar.com\\\/fr\\\/\"},{\"@type\":\"ListItem\",\"position\":2,\"name\":\"\u00c0 propos de Domtar\",\"item\":\"https:\\\/\\\/www.domtar.com\\\/fr\\\/a-propos-de-domtar\\\/\"},{\"@type\":\"ListItem\",\"position\":3,\"name\":\"Notre gouvernance et diregeants\",\"item\":\"https:\\\/\\\/www.domtar.com\\\/fr\\\/about-domtar\\\/domtar-leaders\\\/\"},{\"@type\":\"ListItem\",\"position\":4,\"name\":\"Daniel Ouellet\"}]},{\"@type\":\"WebSite\",\"@id\":\"https:\\\/\\\/www.domtar.com\\\/fr\\\/#website\",\"url\":\"https:\\\/\\\/www.domtar.com\\\/fr\\\/\",\"name\":\"Domtar | The Fiber for the Future\",\"description\":\"The Sustainable Paper, Pulp and Packaging Company\",\"publisher\":{\"@id\":\"https:\\\/\\\/www.domtar.com\\\/fr\\\/#organization\"},\"alternateName\":\"Domtar\",\"potentialAction\":[{\"@type\":\"SearchAction\",\"target\":{\"@type\":\"EntryPoint\",\"urlTemplate\":\"https:\\\/\\\/www.domtar.com\\\/fr\\\/?s={search_term_string}\"},\"query-input\":{\"@type\":\"PropertyValueSpecification\",\"valueRequired\":true,\"valueName\":\"search_term_string\"}}],\"inLanguage\":\"fr-FR\"},{\"@type\":\"Organization\",\"@id\":\"https:\\\/\\\/www.domtar.com\\\/fr\\\/#organization\",\"name\":\"Domtar\",\"url\":\"https:\\\/\\\/www.domtar.com\\\/fr\\\/\",\"logo\":{\"@type\":\"ImageObject\",\"inLanguage\":\"fr-FR\",\"@id\":\"https:\\\/\\\/www.domtar.com\\\/fr\\\/#\\\/schema\\\/logo\\\/image\\\/\",\"url\":\"https:\\\/\\\/www.domtar.com\\\/wp-content\\\/uploads\\\/2023\\\/03\\\/domtar_logo_rgb_green.png\",\"contentUrl\":\"https:\\\/\\\/www.domtar.com\\\/wp-content\\\/uploads\\\/2023\\\/03\\\/domtar_logo_rgb_green.png\",\"width\":1153,\"height\":263,\"caption\":\"Domtar\"},\"image\":{\"@id\":\"https:\\\/\\\/www.domtar.com\\\/fr\\\/#\\\/schema\\\/logo\\\/image\\\/\"},\"sameAs\":[\"https:\\\/\\\/www.facebook.com\\\/DomtarEveryday\\\/\",\"https:\\\/\\\/x.com\\\/DomtarEveryday\",\"https:\\\/\\\/www.linkedin.com\\\/company\\\/domtar\\\/\",\"https:\\\/\\\/www.youtube.com\\\/channel\\\/UCh8Zhq2Rmxhl5Km0krrGoYw\"],\"ethicsPolicy\":\"https:\\\/\\\/www.domtar.com\\\/fr\\\/notre-entreprise\\\/ethique-et-conformite\\\/\"}]}<\/script>\n<!-- \/ Yoast SEO Premium plugin. -->","yoast_head_json":{"title":"Daniel Ouellet - \u00c9quipe de direction | Domtar","description":"Daniel Ouellet, premier vice-pr\u00e9sident RH chez Domtar, dirige la strat\u00e9gie humaine et le d\u00e9veloppement organisationnel en Am\u00e9rique du Nord.","robots":{"index":"index","follow":"follow","max-snippet":"max-snippet:-1","max-image-preview":"max-image-preview:large","max-video-preview":"max-video-preview:-1"},"canonical":"https:\/\/www.domtar.com\/fr\/a-propos-de-domtar\/notre-equipe-de-direction\/daniel-ouellet\/","og_locale":"fr_FR","og_type":"article","og_title":"Daniel Ouellet","og_description":"Daniel Ouellet, premier vice-pr\u00e9sident RH chez Domtar, dirige la strat\u00e9gie humaine et le d\u00e9veloppement organisationnel en Am\u00e9rique du Nord.","og_url":"https:\/\/www.domtar.com\/fr\/a-propos-de-domtar\/notre-equipe-de-direction\/daniel-ouellet\/","og_site_name":"Domtar","article_publisher":"https:\/\/www.facebook.com\/DomtarEveryday\/","article_modified_time":"2025-12-18T22:02:30+00:00","og_image":[{"width":1020,"height":1120,"url":"https:\/\/www.domtar.com\/wp-content\/uploads\/2024\/10\/Oullet.D_Headshot_Charlotte_Fenixfoto_1061-8-300x300-7399352-min.jpg","type":"image\/jpeg"}],"twitter_card":"summary_large_image","twitter_site":"@DomtarEveryday","twitter_misc":{"Dur\u00e9e de lecture estim\u00e9e":"1 minute"},"schema":{"@context":"https:\/\/schema.org","@graph":[{"@type":"WebPage","@id":"https:\/\/www.domtar.com\/fr\/a-propos-de-domtar\/notre-equipe-de-direction\/daniel-ouellet\/","url":"https:\/\/www.domtar.com\/fr\/a-propos-de-domtar\/notre-equipe-de-direction\/daniel-ouellet\/","name":"Daniel Ouellet - \u00c9quipe de direction | Domtar","isPartOf":{"@id":"https:\/\/www.domtar.com\/fr\/#website"},"primaryImageOfPage":{"@id":"https:\/\/www.domtar.com\/fr\/a-propos-de-domtar\/notre-equipe-de-direction\/daniel-ouellet\/#primaryimage"},"image":{"@id":"https:\/\/www.domtar.com\/fr\/a-propos-de-domtar\/notre-equipe-de-direction\/daniel-ouellet\/#primaryimage"},"thumbnailUrl":"https:\/\/www.domtar.com\/wp-content\/uploads\/2024\/10\/Oullet.D_Headshot_Charlotte_Fenixfoto_1061-8-300x300-7399352-min.jpg","datePublished":"2024-10-23T18:42:54+00:00","dateModified":"2025-12-18T22:02:30+00:00","description":"Daniel Ouellet, premier vice-pr\u00e9sident RH chez Domtar, dirige la strat\u00e9gie humaine et le d\u00e9veloppement organisationnel en Am\u00e9rique du Nord.","breadcrumb":{"@id":"https:\/\/www.domtar.com\/fr\/a-propos-de-domtar\/notre-equipe-de-direction\/daniel-ouellet\/#breadcrumb"},"inLanguage":"fr-FR","potentialAction":[{"@type":"ReadAction","target":["https:\/\/www.domtar.com\/fr\/a-propos-de-domtar\/notre-equipe-de-direction\/daniel-ouellet\/"]}]},{"@type":"ImageObject","inLanguage":"fr-FR","@id":"https:\/\/www.domtar.com\/fr\/a-propos-de-domtar\/notre-equipe-de-direction\/daniel-ouellet\/#primaryimage","url":"https:\/\/www.domtar.com\/wp-content\/uploads\/2024\/10\/Oullet.D_Headshot_Charlotte_Fenixfoto_1061-8-300x300-7399352-min.jpg","contentUrl":"https:\/\/www.domtar.com\/wp-content\/uploads\/2024\/10\/Oullet.D_Headshot_Charlotte_Fenixfoto_1061-8-300x300-7399352-min.jpg"},{"@type":"BreadcrumbList","@id":"https:\/\/www.domtar.com\/fr\/a-propos-de-domtar\/notre-equipe-de-direction\/daniel-ouellet\/#breadcrumb","itemListElement":[{"@type":"ListItem","position":1,"name":"Home","item":"https:\/\/www.domtar.com\/fr\/"},{"@type":"ListItem","position":2,"name":"\u00c0 propos de Domtar","item":"https:\/\/www.domtar.com\/fr\/a-propos-de-domtar\/"},{"@type":"ListItem","position":3,"name":"Notre gouvernance et diregeants","item":"https:\/\/www.domtar.com\/fr\/about-domtar\/domtar-leaders\/"},{"@type":"ListItem","position":4,"name":"Daniel Ouellet"}]},{"@type":"WebSite","@id":"https:\/\/www.domtar.com\/fr\/#website","url":"https:\/\/www.domtar.com\/fr\/","name":"Domtar | The Fiber for the Future","description":"The Sustainable Paper, Pulp and Packaging Company","publisher":{"@id":"https:\/\/www.domtar.com\/fr\/#organization"},"alternateName":"Domtar","potentialAction":[{"@type":"SearchAction","target":{"@type":"EntryPoint","urlTemplate":"https:\/\/www.domtar.com\/fr\/?s={search_term_string}"},"query-input":{"@type":"PropertyValueSpecification","valueRequired":true,"valueName":"search_term_string"}}],"inLanguage":"fr-FR"},{"@type":"Organization","@id":"https:\/\/www.domtar.com\/fr\/#organization","name":"Domtar","url":"https:\/\/www.domtar.com\/fr\/","logo":{"@type":"ImageObject","inLanguage":"fr-FR","@id":"https:\/\/www.domtar.com\/fr\/#\/schema\/logo\/image\/","url":"https:\/\/www.domtar.com\/wp-content\/uploads\/2023\/03\/domtar_logo_rgb_green.png","contentUrl":"https:\/\/www.domtar.com\/wp-content\/uploads\/2023\/03\/domtar_logo_rgb_green.png","width":1153,"height":263,"caption":"Domtar"},"image":{"@id":"https:\/\/www.domtar.com\/fr\/#\/schema\/logo\/image\/"},"sameAs":["https:\/\/www.facebook.com\/DomtarEveryday\/","https:\/\/x.com\/DomtarEveryday","https:\/\/www.linkedin.com\/company\/domtar\/","https:\/\/www.youtube.com\/channel\/UCh8Zhq2Rmxhl5Km0krrGoYw"],"ethicsPolicy":"https:\/\/www.domtar.com\/fr\/notre-entreprise\/ethique-et-conformite\/"}]}},"_links":{"self":[{"href":"https:\/\/www.domtar.com\/fr\/wp-json\/wp\/v2\/pages\/26757","targetHints":{"allow":["GET"]}}],"collection":[{"href":"https:\/\/www.domtar.com\/fr\/wp-json\/wp\/v2\/pages"}],"about":[{"href":"https:\/\/www.domtar.com\/fr\/wp-json\/wp\/v2\/types\/page"}],"author":[{"embeddable":true,"href":"https:\/\/www.domtar.com\/fr\/wp-json\/wp\/v2\/users\/1"}],"replies":[{"embeddable":true,"href":"https:\/\/www.domtar.com\/fr\/wp-json\/wp\/v2\/comments?post=26757"}],"version-history":[{"count":0,"href":"https:\/\/www.domtar.com\/fr\/wp-json\/wp\/v2\/pages\/26757\/revisions"}],"up":[{"embeddable":true,"href":"https:\/\/www.domtar.com\/fr\/wp-json\/wp\/v2\/pages\/1940"}],"wp:attachment":[{"href":"https:\/\/www.domtar.com\/fr\/wp-json\/wp\/v2\/media?parent=26757"}],"wp:term":[{"taxonomy":"our-locations","embeddable":true,"href":"https:\/\/www.domtar.com\/fr\/wp-json\/wp\/v2\/our-locations?post=26757"}],"curies":[{"name":"wp","href":"https:\/\/api.w.org\/{rel}","templated":true}]}}