{"id":26756,"date":"2024-10-23T18:33:28","date_gmt":"2024-10-23T18:33:28","guid":{"rendered":"https:\/\/www.domtar.com\/a-propos-de-domtar\/notre-equipe-de-direction\/claudio-cotrim\/"},"modified":"2026-04-13T19:38:27","modified_gmt":"2026-04-13T19:38:27","slug":"claudio-cotrim","status":"publish","type":"page","link":"https:\/\/www.domtar.com\/fr\/a-propos-de-domtar\/notre-equipe-de-direction\/claudio-cotrim\/","title":{"rendered":"Claudio Cotrim"},"content":{"rendered":"\t\t<div data-elementor-type=\"wp-page\" data-elementor-id=\"26756\" class=\"elementor elementor-26756 elementor-26726\" data-elementor-settings=\"{&quot;element_pack_global_tooltip_width&quot;:{&quot;unit&quot;:&quot;px&quot;,&quot;size&quot;:&quot;&quot;,&quot;sizes&quot;:[]},&quot;element_pack_global_tooltip_width_tablet&quot;:{&quot;unit&quot;:&quot;px&quot;,&quot;size&quot;:&quot;&quot;,&quot;sizes&quot;:[]},&quot;element_pack_global_tooltip_width_mobile&quot;:{&quot;unit&quot;:&quot;px&quot;,&quot;size&quot;:&quot;&quot;,&quot;sizes&quot;:[]},&quot;element_pack_global_tooltip_padding&quot;:{&quot;unit&quot;:&quot;px&quot;,&quot;top&quot;:&quot;&quot;,&quot;right&quot;:&quot;&quot;,&quot;bottom&quot;:&quot;&quot;,&quot;left&quot;:&quot;&quot;,&quot;isLinked&quot;:true},&quot;element_pack_global_tooltip_padding_tablet&quot;:{&quot;unit&quot;:&quot;px&quot;,&quot;top&quot;:&quot;&quot;,&quot;right&quot;:&quot;&quot;,&quot;bottom&quot;:&quot;&quot;,&quot;left&quot;:&quot;&quot;,&quot;isLinked&quot;:true},&quot;element_pack_global_tooltip_padding_mobile&quot;:{&quot;unit&quot;:&quot;px&quot;,&quot;top&quot;:&quot;&quot;,&quot;right&quot;:&quot;&quot;,&quot;bottom&quot;:&quot;&quot;,&quot;left&quot;:&quot;&quot;,&quot;isLinked&quot;:true},&quot;element_pack_global_tooltip_border_radius&quot;:{&quot;unit&quot;:&quot;px&quot;,&quot;top&quot;:&quot;&quot;,&quot;right&quot;:&quot;&quot;,&quot;bottom&quot;:&quot;&quot;,&quot;left&quot;:&quot;&quot;,&quot;isLinked&quot;:true},&quot;element_pack_global_tooltip_border_radius_tablet&quot;:{&quot;unit&quot;:&quot;px&quot;,&quot;top&quot;:&quot;&quot;,&quot;right&quot;:&quot;&quot;,&quot;bottom&quot;:&quot;&quot;,&quot;left&quot;:&quot;&quot;,&quot;isLinked&quot;:true},&quot;element_pack_global_tooltip_border_radius_mobile&quot;:{&quot;unit&quot;:&quot;px&quot;,&quot;top&quot;:&quot;&quot;,&quot;right&quot;:&quot;&quot;,&quot;bottom&quot;:&quot;&quot;,&quot;left&quot;:&quot;&quot;,&quot;isLinked&quot;:true}}\" data-elementor-post-type=\"page\">\n\t\t\t\t\t\t<section class=\"has_eae_slider elementor-section elementor-top-section elementor-element elementor-element-5909a01 product-top-section elementor-section-boxed elementor-section-height-default elementor-section-height-default\" data-eae-slider=\"1253\" data-id=\"5909a01\" data-element_type=\"section\" data-e-type=\"section\">\n\t\t\t\t\t\t<div class=\"elementor-container elementor-column-gap-default\">\n\t\t\t\t\t<div class=\"has_eae_slider elementor-column elementor-col-100 elementor-top-column elementor-element elementor-element-c2063e0\" data-eae-slider=\"51068\" data-id=\"c2063e0\" data-element_type=\"column\" data-e-type=\"column\">\n\t\t\t<div class=\"elementor-widget-wrap elementor-element-populated\">\n\t\t\t\t\t\t<div class=\"elementor-element elementor-element-8e9f1c2 elementor-align-start back-link elementor-icon-list--layout-traditional elementor-list-item-link-full_width elementor-widget elementor-widget-icon-list\" data-id=\"8e9f1c2\" data-element_type=\"widget\" data-e-type=\"widget\" data-widget_type=\"icon-list.default\">\n\t\t\t\t<div class=\"elementor-widget-container\">\n\t\t\t\t\t\t\t<ul class=\"elementor-icon-list-items\">\n\t\t\t\t\t\t\t<li class=\"elementor-icon-list-item\">\n\t\t\t\t\t\t\t\t\t\t\t<a href=\"\/fr\/a-propos-de-domtar\/notre-equipe-de-direction\/\">\n\n\t\t\t\t\t\t\t\t\t\t\t\t<span class=\"elementor-icon-list-icon\">\n\t\t\t\t\t\t\t<i aria-hidden=\"true\" class=\"fas fa-angle-left\"><\/i>\t\t\t\t\t\t<\/span>\n\t\t\t\t\t\t\t\t\t\t<span class=\"elementor-icon-list-text\">Back<\/span>\n\t\t\t\t\t\t\t\t\t\t\t<\/a>\n\t\t\t\t\t\t\t\t\t<\/li>\n\t\t\t\t\t\t<\/ul>\n\t\t\t\t\t\t<\/div>\n\t\t\t\t<\/div>\n\t\t\t\t<div class=\"elementor-element elementor-element-5b94142 elementor-widget elementor-widget-heading\" data-id=\"5b94142\" data-element_type=\"widget\" data-e-type=\"widget\" data-widget_type=\"heading.default\">\n\t\t\t\t<div class=\"elementor-widget-container\">\n\t\t\t\t\t<h3 class=\"elementor-heading-title elementor-size-default\">Claudio Cotrim<\/h3>\t\t\t\t<\/div>\n\t\t\t\t<\/div>\n\t\t\t\t<div class=\"elementor-element elementor-element-e352da6 elementor-widget elementor-widget-text-editor\" data-id=\"e352da6\" data-element_type=\"widget\" data-e-type=\"widget\" data-widget_type=\"text-editor.default\">\n\t\t\t\t<div class=\"elementor-widget-container\">\n\t\t\t\t\t\t\t\t\t<p>Chef des services d\u2019entreprise<\/p>\t\t\t\t\t\t\t\t<\/div>\n\t\t\t\t<\/div>\n\t\t\t\t<section class=\"has_eae_slider elementor-section elementor-inner-section elementor-element elementor-element-79e9e78 elementor-section-boxed elementor-section-height-default elementor-section-height-default elementor-invisible\" data-eae-slider=\"17361\" data-id=\"79e9e78\" data-element_type=\"section\" data-e-type=\"section\" data-settings=\"{&quot;animation&quot;:&quot;fadeInUp&quot;}\">\n\t\t\t\t\t\t<div class=\"elementor-container elementor-column-gap-default\">\n\t\t\t\t\t<div class=\"has_eae_slider elementor-column elementor-col-50 elementor-inner-column elementor-element elementor-element-a124aa7\" data-eae-slider=\"83632\" data-id=\"a124aa7\" data-element_type=\"column\" data-e-type=\"column\">\n\t\t\t<div class=\"elementor-widget-wrap elementor-element-populated\">\n\t\t\t\t\t\t<div class=\"elementor-element elementor-element-ccb7da9 elementor-widget elementor-widget-image\" data-id=\"ccb7da9\" data-element_type=\"widget\" data-e-type=\"widget\" data-widget_type=\"image.default\">\n\t\t\t\t<div class=\"elementor-widget-container\">\n\t\t\t\t\t\t\t\t\t\t\t\t\t\t\t<img fetchpriority=\"high\" decoding=\"async\" width=\"1735\" height=\"1581\" src=\"https:\/\/www.domtar.com\/wp-content\/uploads\/2026\/04\/Ok.jpg\" class=\"attachment-full size-full wp-image-50925\" alt=\"Claudio Cotrim,\" srcset=\"https:\/\/www.domtar.com\/wp-content\/uploads\/2026\/04\/Ok.jpg 1735w, https:\/\/www.domtar.com\/wp-content\/uploads\/2026\/04\/Ok-450x410.jpg 450w, https:\/\/www.domtar.com\/wp-content\/uploads\/2026\/04\/Ok-1024x933.jpg 1024w, https:\/\/www.domtar.com\/wp-content\/uploads\/2026\/04\/Ok-768x700.jpg 768w, https:\/\/www.domtar.com\/wp-content\/uploads\/2026\/04\/Ok-1536x1400.jpg 1536w, https:\/\/www.domtar.com\/wp-content\/uploads\/2026\/04\/Ok-1200x1093.jpg 1200w, https:\/\/www.domtar.com\/wp-content\/uploads\/2026\/04\/Ok-1400x1276.jpg 1400w, https:\/\/www.domtar.com\/wp-content\/uploads\/2026\/04\/Ok-300x273.jpg 300w\" sizes=\"(max-width: 1735px) 100vw, 1735px\" \/>\t\t\t\t\t\t\t\t\t\t\t\t\t\t\t<\/div>\n\t\t\t\t<\/div>\n\t\t\t\t\t<\/div>\n\t\t<\/div>\n\t\t\t\t<div class=\"has_eae_slider elementor-column elementor-col-50 elementor-inner-column elementor-element elementor-element-d0337c0\" data-eae-slider=\"91615\" data-id=\"d0337c0\" data-element_type=\"column\" data-e-type=\"column\">\n\t\t\t<div class=\"elementor-widget-wrap elementor-element-populated\">\n\t\t\t\t\t\t<div class=\"elementor-element elementor-element-e186219 elementor-widget elementor-widget-text-editor\" data-id=\"e186219\" data-element_type=\"widget\" data-e-type=\"widget\" data-widget_type=\"text-editor.default\">\n\t\t\t\t<div class=\"elementor-widget-container\">\n\t\t\t\t\t\t\t\t\t<p>Claudio Cotrim est un cadre sup\u00e9rieur qui poss\u00e8de une solide exp\u00e9rience de la gestion op\u00e9rationnelle et strat\u00e9gique de grandes entreprises industrielles, en particulier sur les march\u00e9s mondialis\u00e9s. Il dirige les activit\u00e9s de Domtar au Br\u00e9sil et poss\u00e8de plus d&rsquo;une d\u00e9cennie d&rsquo;exp\u00e9rience dans le secteur de la p\u00e2te \u00e0 papier et du papier. M. Cotrim poss\u00e8de une vaste exp\u00e9rience dans les domaines de la finance, des ressources humaines, de la planification d&rsquo;entreprise, du droit et de la cha\u00eene d&rsquo;approvisionnement au sein de grandes entreprises, qu&rsquo;il a acquise pendant pr\u00e8s de 30 ans. Il a commenc\u00e9 sa carri\u00e8re en tant qu&rsquo;auditeur chez Ernst &amp; Young et est titulaire d&rsquo;un dipl\u00f4me en administration et d&rsquo;un MBA de la Funda\u00e7\u00e3o Getulio Vargas.<\/p>\t\t\t\t\t\t\t\t<\/div>\n\t\t\t\t<\/div>\n\t\t\t\t\t<\/div>\n\t\t<\/div>\n\t\t\t\t\t<\/div>\n\t\t<\/section>\n\t\t\t\t\t<\/div>\n\t\t<\/div>\n\t\t\t\t\t<\/div>\n\t\t<\/section>\n\t\t\t\t<\/div>\n\t\t","protected":false},"excerpt":{"rendered":"<p>Back Chef des services d\u2019entreprise Claudio Cotrim est un cadre sup\u00e9rieur qui poss\u00e8de une solide exp\u00e9rience de la gestion op\u00e9rationnelle et strat\u00e9gique de grandes entreprises industrielles, en particulier sur les march\u00e9s mondialis\u00e9s. Il dirige les activit\u00e9s de Domtar au Br\u00e9sil et poss\u00e8de plus d&rsquo;une d\u00e9cennie d&rsquo;exp\u00e9rience dans le secteur de la p\u00e2te \u00e0 papier et &hellip;<\/p>\n","protected":false},"author":1,"featured_media":0,"parent":1940,"menu_order":0,"comment_status":"closed","ping_status":"closed","template":"elementor_header_footer","meta":{"_acf_changed":false,"_genesis_block_theme_hide_title":false,"footnotes":""},"our-locations":[],"class_list":["post-26756","page","type-page","status-publish","hentry","post","without-featured-image"],"acf":[],"yoast_head":"<!-- This site is optimized with the Yoast SEO Premium plugin v27.4 (Yoast SEO v27.4) - https:\/\/yoast.com\/product\/yoast-seo-premium-wordpress\/ -->\n<title>Claudio Cotrim - Domtar<\/title>\n<meta name=\"description\" content=\"D\u00e9couvrez Claudio Cotrim, dirigeant de Domtar fort de 30 ans d\u2019exp\u00e9rience mondiale en gestion, finances et excellence op\u00e9rationnelle.\" \/>\n<meta name=\"robots\" content=\"index, follow, max-snippet:-1, max-image-preview:large, max-video-preview:-1\" \/>\n<link rel=\"canonical\" href=\"https:\/\/www.domtar.com\/fr\/a-propos-de-domtar\/notre-equipe-de-direction\/claudio-cotrim\/\" \/>\n<meta property=\"og:locale\" content=\"fr_FR\" \/>\n<meta property=\"og:type\" content=\"article\" \/>\n<meta property=\"og:title\" content=\"Claudio Cotrim\" \/>\n<meta property=\"og:description\" content=\"D\u00e9couvrez Claudio Cotrim, dirigeant de Domtar fort de 30 ans d\u2019exp\u00e9rience mondiale en gestion, finances et excellence op\u00e9rationnelle.\" \/>\n<meta property=\"og:url\" content=\"https:\/\/www.domtar.com\/fr\/a-propos-de-domtar\/notre-equipe-de-direction\/claudio-cotrim\/\" \/>\n<meta property=\"og:site_name\" content=\"Domtar\" \/>\n<meta property=\"article:publisher\" content=\"https:\/\/www.facebook.com\/DomtarEveryday\/\" \/>\n<meta property=\"article:modified_time\" content=\"2026-04-13T19:38:27+00:00\" \/>\n<meta property=\"og:image\" content=\"https:\/\/www.domtar.com\/wp-content\/uploads\/2026\/04\/Ok.jpg\" \/>\n<meta name=\"twitter:card\" content=\"summary_large_image\" \/>\n<meta name=\"twitter:site\" content=\"@DomtarEveryday\" \/>\n<meta name=\"twitter:label1\" content=\"Dur\u00e9e de lecture estim\u00e9e\" \/>\n\t<meta name=\"twitter:data1\" content=\"1 minute\" \/>\n<script type=\"application\/ld+json\" class=\"yoast-schema-graph\">{\"@context\":\"https:\\\/\\\/schema.org\",\"@graph\":[{\"@type\":\"WebPage\",\"@id\":\"https:\\\/\\\/www.domtar.com\\\/fr\\\/a-propos-de-domtar\\\/notre-equipe-de-direction\\\/claudio-cotrim\\\/\",\"url\":\"https:\\\/\\\/www.domtar.com\\\/fr\\\/a-propos-de-domtar\\\/notre-equipe-de-direction\\\/claudio-cotrim\\\/\",\"name\":\"Claudio Cotrim - Domtar\",\"isPartOf\":{\"@id\":\"https:\\\/\\\/www.domtar.com\\\/fr\\\/#website\"},\"primaryImageOfPage\":{\"@id\":\"https:\\\/\\\/www.domtar.com\\\/fr\\\/a-propos-de-domtar\\\/notre-equipe-de-direction\\\/claudio-cotrim\\\/#primaryimage\"},\"image\":{\"@id\":\"https:\\\/\\\/www.domtar.com\\\/fr\\\/a-propos-de-domtar\\\/notre-equipe-de-direction\\\/claudio-cotrim\\\/#primaryimage\"},\"thumbnailUrl\":\"https:\\\/\\\/www.domtar.com\\\/wp-content\\\/uploads\\\/2026\\\/04\\\/Ok.jpg\",\"datePublished\":\"2024-10-23T18:33:28+00:00\",\"dateModified\":\"2026-04-13T19:38:27+00:00\",\"description\":\"D\u00e9couvrez Claudio Cotrim, dirigeant de Domtar fort de 30 ans d\u2019exp\u00e9rience mondiale en gestion, finances et excellence op\u00e9rationnelle.\",\"breadcrumb\":{\"@id\":\"https:\\\/\\\/www.domtar.com\\\/fr\\\/a-propos-de-domtar\\\/notre-equipe-de-direction\\\/claudio-cotrim\\\/#breadcrumb\"},\"inLanguage\":\"fr-FR\",\"potentialAction\":[{\"@type\":\"ReadAction\",\"target\":[\"https:\\\/\\\/www.domtar.com\\\/fr\\\/a-propos-de-domtar\\\/notre-equipe-de-direction\\\/claudio-cotrim\\\/\"]}]},{\"@type\":\"ImageObject\",\"inLanguage\":\"fr-FR\",\"@id\":\"https:\\\/\\\/www.domtar.com\\\/fr\\\/a-propos-de-domtar\\\/notre-equipe-de-direction\\\/claudio-cotrim\\\/#primaryimage\",\"url\":\"https:\\\/\\\/www.domtar.com\\\/wp-content\\\/uploads\\\/2026\\\/04\\\/Ok.jpg\",\"contentUrl\":\"https:\\\/\\\/www.domtar.com\\\/wp-content\\\/uploads\\\/2026\\\/04\\\/Ok.jpg\"},{\"@type\":\"BreadcrumbList\",\"@id\":\"https:\\\/\\\/www.domtar.com\\\/fr\\\/a-propos-de-domtar\\\/notre-equipe-de-direction\\\/claudio-cotrim\\\/#breadcrumb\",\"itemListElement\":[{\"@type\":\"ListItem\",\"position\":1,\"name\":\"Home\",\"item\":\"https:\\\/\\\/www.domtar.com\\\/fr\\\/\"},{\"@type\":\"ListItem\",\"position\":2,\"name\":\"\u00c0 propos de Domtar\",\"item\":\"https:\\\/\\\/www.domtar.com\\\/fr\\\/a-propos-de-domtar\\\/\"},{\"@type\":\"ListItem\",\"position\":3,\"name\":\"Notre gouvernance et diregeants\",\"item\":\"https:\\\/\\\/www.domtar.com\\\/fr\\\/about-domtar\\\/domtar-leaders\\\/\"},{\"@type\":\"ListItem\",\"position\":4,\"name\":\"Claudio Cotrim\"}]},{\"@type\":\"WebSite\",\"@id\":\"https:\\\/\\\/www.domtar.com\\\/fr\\\/#website\",\"url\":\"https:\\\/\\\/www.domtar.com\\\/fr\\\/\",\"name\":\"Domtar | The Fiber for the Future\",\"description\":\"The Sustainable Paper, Pulp and Packaging Company\",\"publisher\":{\"@id\":\"https:\\\/\\\/www.domtar.com\\\/fr\\\/#organization\"},\"alternateName\":\"Domtar\",\"potentialAction\":[{\"@type\":\"SearchAction\",\"target\":{\"@type\":\"EntryPoint\",\"urlTemplate\":\"https:\\\/\\\/www.domtar.com\\\/fr\\\/?s={search_term_string}\"},\"query-input\":{\"@type\":\"PropertyValueSpecification\",\"valueRequired\":true,\"valueName\":\"search_term_string\"}}],\"inLanguage\":\"fr-FR\"},{\"@type\":\"Organization\",\"@id\":\"https:\\\/\\\/www.domtar.com\\\/fr\\\/#organization\",\"name\":\"Domtar\",\"url\":\"https:\\\/\\\/www.domtar.com\\\/fr\\\/\",\"logo\":{\"@type\":\"ImageObject\",\"inLanguage\":\"fr-FR\",\"@id\":\"https:\\\/\\\/www.domtar.com\\\/fr\\\/#\\\/schema\\\/logo\\\/image\\\/\",\"url\":\"https:\\\/\\\/www.domtar.com\\\/wp-content\\\/uploads\\\/2023\\\/03\\\/domtar_logo_rgb_green.png\",\"contentUrl\":\"https:\\\/\\\/www.domtar.com\\\/wp-content\\\/uploads\\\/2023\\\/03\\\/domtar_logo_rgb_green.png\",\"width\":1153,\"height\":263,\"caption\":\"Domtar\"},\"image\":{\"@id\":\"https:\\\/\\\/www.domtar.com\\\/fr\\\/#\\\/schema\\\/logo\\\/image\\\/\"},\"sameAs\":[\"https:\\\/\\\/www.facebook.com\\\/DomtarEveryday\\\/\",\"https:\\\/\\\/x.com\\\/DomtarEveryday\",\"https:\\\/\\\/www.linkedin.com\\\/company\\\/domtar\\\/\",\"https:\\\/\\\/www.youtube.com\\\/channel\\\/UCh8Zhq2Rmxhl5Km0krrGoYw\"],\"ethicsPolicy\":\"https:\\\/\\\/www.domtar.com\\\/fr\\\/notre-entreprise\\\/ethique-et-conformite\\\/\"}]}<\/script>\n<!-- \/ Yoast SEO Premium plugin. -->","yoast_head_json":{"title":"Claudio Cotrim - Domtar","description":"D\u00e9couvrez Claudio Cotrim, dirigeant de Domtar fort de 30 ans d\u2019exp\u00e9rience mondiale en gestion, finances et excellence op\u00e9rationnelle.","robots":{"index":"index","follow":"follow","max-snippet":"max-snippet:-1","max-image-preview":"max-image-preview:large","max-video-preview":"max-video-preview:-1"},"canonical":"https:\/\/www.domtar.com\/fr\/a-propos-de-domtar\/notre-equipe-de-direction\/claudio-cotrim\/","og_locale":"fr_FR","og_type":"article","og_title":"Claudio Cotrim","og_description":"D\u00e9couvrez Claudio Cotrim, dirigeant de Domtar fort de 30 ans d\u2019exp\u00e9rience mondiale en gestion, finances et excellence op\u00e9rationnelle.","og_url":"https:\/\/www.domtar.com\/fr\/a-propos-de-domtar\/notre-equipe-de-direction\/claudio-cotrim\/","og_site_name":"Domtar","article_publisher":"https:\/\/www.facebook.com\/DomtarEveryday\/","article_modified_time":"2026-04-13T19:38:27+00:00","og_image":[{"url":"https:\/\/www.domtar.com\/wp-content\/uploads\/2026\/04\/Ok.jpg","type":"","width":"","height":""}],"twitter_card":"summary_large_image","twitter_site":"@DomtarEveryday","twitter_misc":{"Dur\u00e9e de lecture estim\u00e9e":"1 minute"},"schema":{"@context":"https:\/\/schema.org","@graph":[{"@type":"WebPage","@id":"https:\/\/www.domtar.com\/fr\/a-propos-de-domtar\/notre-equipe-de-direction\/claudio-cotrim\/","url":"https:\/\/www.domtar.com\/fr\/a-propos-de-domtar\/notre-equipe-de-direction\/claudio-cotrim\/","name":"Claudio Cotrim - Domtar","isPartOf":{"@id":"https:\/\/www.domtar.com\/fr\/#website"},"primaryImageOfPage":{"@id":"https:\/\/www.domtar.com\/fr\/a-propos-de-domtar\/notre-equipe-de-direction\/claudio-cotrim\/#primaryimage"},"image":{"@id":"https:\/\/www.domtar.com\/fr\/a-propos-de-domtar\/notre-equipe-de-direction\/claudio-cotrim\/#primaryimage"},"thumbnailUrl":"https:\/\/www.domtar.com\/wp-content\/uploads\/2026\/04\/Ok.jpg","datePublished":"2024-10-23T18:33:28+00:00","dateModified":"2026-04-13T19:38:27+00:00","description":"D\u00e9couvrez Claudio Cotrim, dirigeant de Domtar fort de 30 ans d\u2019exp\u00e9rience mondiale en gestion, finances et excellence op\u00e9rationnelle.","breadcrumb":{"@id":"https:\/\/www.domtar.com\/fr\/a-propos-de-domtar\/notre-equipe-de-direction\/claudio-cotrim\/#breadcrumb"},"inLanguage":"fr-FR","potentialAction":[{"@type":"ReadAction","target":["https:\/\/www.domtar.com\/fr\/a-propos-de-domtar\/notre-equipe-de-direction\/claudio-cotrim\/"]}]},{"@type":"ImageObject","inLanguage":"fr-FR","@id":"https:\/\/www.domtar.com\/fr\/a-propos-de-domtar\/notre-equipe-de-direction\/claudio-cotrim\/#primaryimage","url":"https:\/\/www.domtar.com\/wp-content\/uploads\/2026\/04\/Ok.jpg","contentUrl":"https:\/\/www.domtar.com\/wp-content\/uploads\/2026\/04\/Ok.jpg"},{"@type":"BreadcrumbList","@id":"https:\/\/www.domtar.com\/fr\/a-propos-de-domtar\/notre-equipe-de-direction\/claudio-cotrim\/#breadcrumb","itemListElement":[{"@type":"ListItem","position":1,"name":"Home","item":"https:\/\/www.domtar.com\/fr\/"},{"@type":"ListItem","position":2,"name":"\u00c0 propos de Domtar","item":"https:\/\/www.domtar.com\/fr\/a-propos-de-domtar\/"},{"@type":"ListItem","position":3,"name":"Notre gouvernance et diregeants","item":"https:\/\/www.domtar.com\/fr\/about-domtar\/domtar-leaders\/"},{"@type":"ListItem","position":4,"name":"Claudio Cotrim"}]},{"@type":"WebSite","@id":"https:\/\/www.domtar.com\/fr\/#website","url":"https:\/\/www.domtar.com\/fr\/","name":"Domtar | The Fiber for the Future","description":"The Sustainable Paper, Pulp and Packaging Company","publisher":{"@id":"https:\/\/www.domtar.com\/fr\/#organization"},"alternateName":"Domtar","potentialAction":[{"@type":"SearchAction","target":{"@type":"EntryPoint","urlTemplate":"https:\/\/www.domtar.com\/fr\/?s={search_term_string}"},"query-input":{"@type":"PropertyValueSpecification","valueRequired":true,"valueName":"search_term_string"}}],"inLanguage":"fr-FR"},{"@type":"Organization","@id":"https:\/\/www.domtar.com\/fr\/#organization","name":"Domtar","url":"https:\/\/www.domtar.com\/fr\/","logo":{"@type":"ImageObject","inLanguage":"fr-FR","@id":"https:\/\/www.domtar.com\/fr\/#\/schema\/logo\/image\/","url":"https:\/\/www.domtar.com\/wp-content\/uploads\/2023\/03\/domtar_logo_rgb_green.png","contentUrl":"https:\/\/www.domtar.com\/wp-content\/uploads\/2023\/03\/domtar_logo_rgb_green.png","width":1153,"height":263,"caption":"Domtar"},"image":{"@id":"https:\/\/www.domtar.com\/fr\/#\/schema\/logo\/image\/"},"sameAs":["https:\/\/www.facebook.com\/DomtarEveryday\/","https:\/\/x.com\/DomtarEveryday","https:\/\/www.linkedin.com\/company\/domtar\/","https:\/\/www.youtube.com\/channel\/UCh8Zhq2Rmxhl5Km0krrGoYw"],"ethicsPolicy":"https:\/\/www.domtar.com\/fr\/notre-entreprise\/ethique-et-conformite\/"}]}},"_links":{"self":[{"href":"https:\/\/www.domtar.com\/fr\/wp-json\/wp\/v2\/pages\/26756","targetHints":{"allow":["GET"]}}],"collection":[{"href":"https:\/\/www.domtar.com\/fr\/wp-json\/wp\/v2\/pages"}],"about":[{"href":"https:\/\/www.domtar.com\/fr\/wp-json\/wp\/v2\/types\/page"}],"author":[{"embeddable":true,"href":"https:\/\/www.domtar.com\/fr\/wp-json\/wp\/v2\/users\/1"}],"replies":[{"embeddable":true,"href":"https:\/\/www.domtar.com\/fr\/wp-json\/wp\/v2\/comments?post=26756"}],"version-history":[{"count":0,"href":"https:\/\/www.domtar.com\/fr\/wp-json\/wp\/v2\/pages\/26756\/revisions"}],"up":[{"embeddable":true,"href":"https:\/\/www.domtar.com\/fr\/wp-json\/wp\/v2\/pages\/1940"}],"wp:attachment":[{"href":"https:\/\/www.domtar.com\/fr\/wp-json\/wp\/v2\/media?parent=26756"}],"wp:term":[{"taxonomy":"our-locations","embeddable":true,"href":"https:\/\/www.domtar.com\/fr\/wp-json\/wp\/v2\/our-locations?post=26756"}],"curies":[{"name":"wp","href":"https:\/\/api.w.org\/{rel}","templated":true}]}}