{"id":26752,"date":"2024-10-23T18:52:01","date_gmt":"2024-10-23T18:52:01","guid":{"rendered":"https:\/\/www.domtar.com\/a-propos-de-domtar\/notre-equipe-de-direction\/sabrina-de-branco\/"},"modified":"2025-10-24T18:56:58","modified_gmt":"2025-10-24T18:56:58","slug":"sabrina-de-branco","status":"publish","type":"page","link":"https:\/\/www.domtar.com\/fr\/a-propos-de-domtar\/notre-equipe-de-direction\/sabrina-de-branco\/","title":{"rendered":"Sabrina de Branco"},"content":{"rendered":"\t\t<div data-elementor-type=\"wp-page\" data-elementor-id=\"26752\" class=\"elementor elementor-26752 elementor-26741\" data-elementor-settings=\"{&quot;element_pack_global_tooltip_width&quot;:{&quot;unit&quot;:&quot;px&quot;,&quot;size&quot;:&quot;&quot;,&quot;sizes&quot;:[]},&quot;element_pack_global_tooltip_width_tablet&quot;:{&quot;unit&quot;:&quot;px&quot;,&quot;size&quot;:&quot;&quot;,&quot;sizes&quot;:[]},&quot;element_pack_global_tooltip_width_mobile&quot;:{&quot;unit&quot;:&quot;px&quot;,&quot;size&quot;:&quot;&quot;,&quot;sizes&quot;:[]},&quot;element_pack_global_tooltip_padding&quot;:{&quot;unit&quot;:&quot;px&quot;,&quot;top&quot;:&quot;&quot;,&quot;right&quot;:&quot;&quot;,&quot;bottom&quot;:&quot;&quot;,&quot;left&quot;:&quot;&quot;,&quot;isLinked&quot;:true},&quot;element_pack_global_tooltip_padding_tablet&quot;:{&quot;unit&quot;:&quot;px&quot;,&quot;top&quot;:&quot;&quot;,&quot;right&quot;:&quot;&quot;,&quot;bottom&quot;:&quot;&quot;,&quot;left&quot;:&quot;&quot;,&quot;isLinked&quot;:true},&quot;element_pack_global_tooltip_padding_mobile&quot;:{&quot;unit&quot;:&quot;px&quot;,&quot;top&quot;:&quot;&quot;,&quot;right&quot;:&quot;&quot;,&quot;bottom&quot;:&quot;&quot;,&quot;left&quot;:&quot;&quot;,&quot;isLinked&quot;:true},&quot;element_pack_global_tooltip_border_radius&quot;:{&quot;unit&quot;:&quot;px&quot;,&quot;top&quot;:&quot;&quot;,&quot;right&quot;:&quot;&quot;,&quot;bottom&quot;:&quot;&quot;,&quot;left&quot;:&quot;&quot;,&quot;isLinked&quot;:true},&quot;element_pack_global_tooltip_border_radius_tablet&quot;:{&quot;unit&quot;:&quot;px&quot;,&quot;top&quot;:&quot;&quot;,&quot;right&quot;:&quot;&quot;,&quot;bottom&quot;:&quot;&quot;,&quot;left&quot;:&quot;&quot;,&quot;isLinked&quot;:true},&quot;element_pack_global_tooltip_border_radius_mobile&quot;:{&quot;unit&quot;:&quot;px&quot;,&quot;top&quot;:&quot;&quot;,&quot;right&quot;:&quot;&quot;,&quot;bottom&quot;:&quot;&quot;,&quot;left&quot;:&quot;&quot;,&quot;isLinked&quot;:true}}\" data-elementor-post-type=\"page\">\n\t\t\t\t\t\t<section class=\"has_eae_slider elementor-section elementor-top-section elementor-element elementor-element-c1bece8 product-top-section elementor-section-boxed elementor-section-height-default elementor-section-height-default\" data-eae-slider=\"49940\" data-id=\"c1bece8\" data-element_type=\"section\" data-e-type=\"section\">\n\t\t\t\t\t\t<div class=\"elementor-container elementor-column-gap-default\">\n\t\t\t\t\t<div class=\"has_eae_slider elementor-column elementor-col-100 elementor-top-column elementor-element elementor-element-bb6eab4\" data-eae-slider=\"80494\" data-id=\"bb6eab4\" data-element_type=\"column\" data-e-type=\"column\">\n\t\t\t<div class=\"elementor-widget-wrap elementor-element-populated\">\n\t\t\t\t\t\t<div class=\"elementor-element elementor-element-befbf18 elementor-align-start back-link elementor-icon-list--layout-traditional elementor-list-item-link-full_width elementor-widget elementor-widget-icon-list\" data-id=\"befbf18\" data-element_type=\"widget\" data-e-type=\"widget\" data-widget_type=\"icon-list.default\">\n\t\t\t\t<div class=\"elementor-widget-container\">\n\t\t\t\t\t\t\t<ul class=\"elementor-icon-list-items\">\n\t\t\t\t\t\t\t<li class=\"elementor-icon-list-item\">\n\t\t\t\t\t\t\t\t\t\t\t<a href=\"\/fr\/a-propos-de-domtar\/notre-equipe-de-direction\/\">\n\n\t\t\t\t\t\t\t\t\t\t\t\t<span class=\"elementor-icon-list-icon\">\n\t\t\t\t\t\t\t<i aria-hidden=\"true\" class=\"fas fa-angle-left\"><\/i>\t\t\t\t\t\t<\/span>\n\t\t\t\t\t\t\t\t\t\t<span class=\"elementor-icon-list-text\">Back<\/span>\n\t\t\t\t\t\t\t\t\t\t\t<\/a>\n\t\t\t\t\t\t\t\t\t<\/li>\n\t\t\t\t\t\t<\/ul>\n\t\t\t\t\t\t<\/div>\n\t\t\t\t<\/div>\n\t\t\t\t<div class=\"elementor-element elementor-element-0fa0021 elementor-widget elementor-widget-heading\" data-id=\"0fa0021\" data-element_type=\"widget\" data-e-type=\"widget\" data-widget_type=\"heading.default\">\n\t\t\t\t<div class=\"elementor-widget-container\">\n\t\t\t\t\t<h3 class=\"elementor-heading-title elementor-size-default\">Sabrina de Branco<\/h3>\t\t\t\t<\/div>\n\t\t\t\t<\/div>\n\t\t\t\t<div class=\"elementor-element elementor-element-d03c14c elementor-widget elementor-widget-text-editor\" data-id=\"d03c14c\" data-element_type=\"widget\" data-e-type=\"widget\" data-widget_type=\"text-editor.default\">\n\t\t\t\t<div class=\"elementor-widget-container\">\n\t\t\t\t\t\t\t\t\tCheffe des services mondiaux du d\u00e9veloppement durable \t\t\t\t\t\t\t\t<\/div>\n\t\t\t\t<\/div>\n\t\t\t\t<section class=\"has_eae_slider elementor-section elementor-inner-section elementor-element elementor-element-7615155 elementor-section-boxed elementor-section-height-default elementor-section-height-default elementor-invisible\" data-eae-slider=\"13619\" data-id=\"7615155\" data-element_type=\"section\" data-e-type=\"section\" data-settings=\"{&quot;animation&quot;:&quot;fadeInUp&quot;}\">\n\t\t\t\t\t\t<div class=\"elementor-container elementor-column-gap-default\">\n\t\t\t\t\t<div class=\"has_eae_slider elementor-column elementor-col-50 elementor-inner-column elementor-element elementor-element-66f0858\" data-eae-slider=\"99468\" data-id=\"66f0858\" data-element_type=\"column\" data-e-type=\"column\">\n\t\t\t<div class=\"elementor-widget-wrap elementor-element-populated\">\n\t\t\t\t\t\t<div class=\"elementor-element elementor-element-11223b2 elementor-widget elementor-widget-image\" data-id=\"11223b2\" data-element_type=\"widget\" data-e-type=\"widget\" data-widget_type=\"image.default\">\n\t\t\t\t<div class=\"elementor-widget-container\">\n\t\t\t\t\t\t\t\t\t\t\t\t\t\t\t<img fetchpriority=\"high\" decoding=\"async\" width=\"510\" height=\"560\" src=\"https:\/\/www.domtar.com\/wp-content\/uploads\/2025\/04\/Sabrina_Leadership-510-560.jpg\" class=\"attachment-full size-full wp-image-37857\" alt=\"Domtar Leader - Sabrina De Branco\" srcset=\"https:\/\/www.domtar.com\/wp-content\/uploads\/2025\/04\/Sabrina_Leadership-510-560.jpg 510w, https:\/\/www.domtar.com\/wp-content\/uploads\/2025\/04\/Sabrina_Leadership-510-560-410x450.jpg 410w, https:\/\/www.domtar.com\/wp-content\/uploads\/2025\/04\/Sabrina_Leadership-510-560-300x329.jpg 300w\" sizes=\"(max-width: 510px) 100vw, 510px\" \/>\t\t\t\t\t\t\t\t\t\t\t\t\t\t\t<\/div>\n\t\t\t\t<\/div>\n\t\t\t\t\t<\/div>\n\t\t<\/div>\n\t\t\t\t<div class=\"has_eae_slider elementor-column elementor-col-50 elementor-inner-column elementor-element elementor-element-3ef3ef8\" data-eae-slider=\"40195\" data-id=\"3ef3ef8\" data-element_type=\"column\" data-e-type=\"column\">\n\t\t\t<div class=\"elementor-widget-wrap elementor-element-populated\">\n\t\t\t\t\t\t<div class=\"elementor-element elementor-element-b851374 elementor-widget elementor-widget-text-editor\" data-id=\"b851374\" data-element_type=\"widget\" data-e-type=\"widget\" data-widget_type=\"text-editor.default\">\n\t\t\t\t<div class=\"elementor-widget-container\">\n\t\t\t\t\t\t\t\t\t<p>\u00c0 titre de cheffe des services mondiaux du d\u00e9veloppement durable, Sabrina de Branco est responsable du d\u00e9veloppement durable pour Domtar et ses soci\u00e9t\u00e9s s\u0153urs et elle dirige une \u00e9quipe diversifi\u00e9e, compos\u00e9e de gens talentueux, qui g\u00e8re des fonctions telles que l\u2019innovation pour le d\u00e9veloppement durable et le climat, la gouvernance en mati\u00e8re de d\u00e9veloppement durable, la planification strat\u00e9gique et la gestion des risques, les partenariats strat\u00e9giques et la mobilisation ax\u00e9e sur le d\u00e9veloppement durable. Elle est en train d\u2019\u00e9laborer pour Domtar et ses soci\u00e9t\u00e9s s\u0153urs une strat\u00e9gie int\u00e9gr\u00e9e de d\u00e9veloppement durable qui s\u2019applique \u00e0 toutes nos activit\u00e9s dans diff\u00e9rents pays, soit les \u00c9tats-Unis, le Canada, le Mexique, la France et le Br\u00e9sil.<\/p><p>Avant de se joindre au groupe en 2021, elle a occup\u00e9 des postes de haute direction dans le domaine du d\u00e9veloppement durable, \u00e9tant reconnue pour sa capacit\u00e9 de cr\u00e9er et de mettre en \u0153uvre des processus de gouvernance et des strat\u00e9gies pour ce qui concerne non seulement le d\u00e9veloppement durable, mais aussi la responsabilit\u00e9 sociale, les relations de l\u2019entreprise et les communications. Avec plus de 17\u00a0ann\u00e9es d\u2019exp\u00e9rience du leadership aupr\u00e8s de multinationales pour un large \u00e9ventail de projets, comme l\u2019exploitation mini\u00e8re et le reboisement pour la production de p\u00e2te et de papier, elle poss\u00e8de aussi une solide expertise en mati\u00e8re de gestion des parties prenantes, de cr\u00e9ation de valeur partag\u00e9e, et de gestion de la marque et de la r\u00e9putation. Elle a \u00e9t\u00e9 la premi\u00e8re femme \u00e0 \u00eatre \u00e9lue \u00e0 la pr\u00e9sidence d\u2019un groupe d\u2019entreprises syndiqu\u00e9es des p\u00e2tes et papiers au Br\u00e9sil (Sindpacel \u2013 BA).<\/p><p>Forte de son engagement envers la formation continue, M<sup>me<\/sup>\u00a0de Branco est titulaire de dipl\u00f4mes en radio et en t\u00e9l\u00e9vision (Universidade Estadual de Santa Cruz) et en journalisme (Faculdade de Tecnologia e Ci\u00eancias), de MBA en gestion des projets (Funda\u00e7\u00e3o Get\u00falio Vargas) et en administration des affaires (Faculdade Santo Agostinho), et de ma\u00eetrises en d\u00e9veloppement social et en gestion (Universidade Federal da Bahia), en plus d\u2019avoir suivi des cours de perfectionnement professionnel en environnement et en d\u00e9veloppement durable (Funda\u00e7\u00e3o Get\u00falio Vargas), en d\u00e9veloppement durable (Dom Cabral Foundation), en gestion du d\u00e9veloppement durable en entreprise (Universit\u00e9 de Cambridge) et en strat\u00e9gie (Universit\u00e9 de technologie de Nanyang \u00e0 Singapour). De plus, elle est une coach professionnelle et gestionnaire de projets de d\u00e9veloppement qui a obtenu une certification internationale de PMD Pro.<\/p>\t\t\t\t\t\t\t\t<\/div>\n\t\t\t\t<\/div>\n\t\t\t\t\t<\/div>\n\t\t<\/div>\n\t\t\t\t\t<\/div>\n\t\t<\/section>\n\t\t\t\t\t<\/div>\n\t\t<\/div>\n\t\t\t\t\t<\/div>\n\t\t<\/section>\n\t\t\t\t<\/div>\n\t\t","protected":false},"excerpt":{"rendered":"<p>Back Cheffe des services mondiaux du d\u00e9veloppement durable \u00c0 titre de cheffe des services mondiaux du d\u00e9veloppement durable, Sabrina de Branco est responsable du d\u00e9veloppement durable pour Domtar et ses soci\u00e9t\u00e9s s\u0153urs et elle dirige une \u00e9quipe diversifi\u00e9e, compos\u00e9e de gens talentueux, qui g\u00e8re des fonctions telles que l\u2019innovation pour le d\u00e9veloppement durable et le &hellip;<\/p>\n","protected":false},"author":1,"featured_media":0,"parent":1940,"menu_order":0,"comment_status":"closed","ping_status":"closed","template":"elementor_header_footer","meta":{"_acf_changed":false,"_genesis_block_theme_hide_title":false,"footnotes":""},"our-locations":[],"class_list":["post-26752","page","type-page","status-publish","hentry","post","without-featured-image"],"acf":[],"yoast_head":"<!-- This site is optimized with the Yoast SEO Premium plugin v27.3 (Yoast SEO v27.3) - https:\/\/yoast.com\/product\/yoast-seo-premium-wordpress\/ -->\n<title>Sabrina de Branco - \u00c9quipe de direction | Domtar<\/title>\n<meta name=\"description\" content=\"Sabrina de Branco, directrice mondiale de la durabilit\u00e9 chez Domtar, dirige la strat\u00e9gie environnementale et sociale de l\u2019entreprise.\" \/>\n<meta name=\"robots\" content=\"index, follow, max-snippet:-1, max-image-preview:large, max-video-preview:-1\" \/>\n<link rel=\"canonical\" href=\"https:\/\/www.domtar.com\/fr\/a-propos-de-domtar\/notre-equipe-de-direction\/sabrina-de-branco\/\" \/>\n<meta property=\"og:locale\" content=\"fr_FR\" \/>\n<meta property=\"og:type\" content=\"article\" \/>\n<meta property=\"og:title\" content=\"Sabrina de Branco\" \/>\n<meta property=\"og:description\" content=\"Sabrina de Branco, directrice mondiale de la durabilit\u00e9 chez Domtar, dirige la strat\u00e9gie environnementale et sociale de l\u2019entreprise.\" \/>\n<meta property=\"og:url\" content=\"https:\/\/www.domtar.com\/fr\/a-propos-de-domtar\/notre-equipe-de-direction\/sabrina-de-branco\/\" \/>\n<meta property=\"og:site_name\" content=\"Domtar\" \/>\n<meta property=\"article:publisher\" content=\"https:\/\/www.facebook.com\/DomtarEveryday\/\" \/>\n<meta property=\"article:modified_time\" content=\"2025-10-24T18:56:58+00:00\" \/>\n<meta property=\"og:image\" content=\"https:\/\/www.domtar.com\/wp-content\/uploads\/2025\/04\/Sabrina_Leadership-510-560.jpg\" \/>\n<meta name=\"twitter:card\" content=\"summary_large_image\" \/>\n<meta name=\"twitter:site\" content=\"@DomtarEveryday\" \/>\n<meta name=\"twitter:label1\" content=\"Dur\u00e9e de lecture estim\u00e9e\" \/>\n\t<meta name=\"twitter:data1\" content=\"2 minutes\" \/>\n<script type=\"application\/ld+json\" class=\"yoast-schema-graph\">{\"@context\":\"https:\\\/\\\/schema.org\",\"@graph\":[{\"@type\":\"WebPage\",\"@id\":\"https:\\\/\\\/www.domtar.com\\\/fr\\\/a-propos-de-domtar\\\/notre-equipe-de-direction\\\/sabrina-de-branco\\\/\",\"url\":\"https:\\\/\\\/www.domtar.com\\\/fr\\\/a-propos-de-domtar\\\/notre-equipe-de-direction\\\/sabrina-de-branco\\\/\",\"name\":\"Sabrina de Branco - \u00c9quipe de direction | Domtar\",\"isPartOf\":{\"@id\":\"https:\\\/\\\/www.domtar.com\\\/fr\\\/#website\"},\"primaryImageOfPage\":{\"@id\":\"https:\\\/\\\/www.domtar.com\\\/fr\\\/a-propos-de-domtar\\\/notre-equipe-de-direction\\\/sabrina-de-branco\\\/#primaryimage\"},\"image\":{\"@id\":\"https:\\\/\\\/www.domtar.com\\\/fr\\\/a-propos-de-domtar\\\/notre-equipe-de-direction\\\/sabrina-de-branco\\\/#primaryimage\"},\"thumbnailUrl\":\"https:\\\/\\\/www.domtar.com\\\/wp-content\\\/uploads\\\/2025\\\/04\\\/Sabrina_Leadership-510-560.jpg\",\"datePublished\":\"2024-10-23T18:52:01+00:00\",\"dateModified\":\"2025-10-24T18:56:58+00:00\",\"description\":\"Sabrina de Branco, directrice mondiale de la durabilit\u00e9 chez Domtar, dirige la strat\u00e9gie environnementale et sociale de l\u2019entreprise.\",\"breadcrumb\":{\"@id\":\"https:\\\/\\\/www.domtar.com\\\/fr\\\/a-propos-de-domtar\\\/notre-equipe-de-direction\\\/sabrina-de-branco\\\/#breadcrumb\"},\"inLanguage\":\"fr-FR\",\"potentialAction\":[{\"@type\":\"ReadAction\",\"target\":[\"https:\\\/\\\/www.domtar.com\\\/fr\\\/a-propos-de-domtar\\\/notre-equipe-de-direction\\\/sabrina-de-branco\\\/\"]}]},{\"@type\":\"ImageObject\",\"inLanguage\":\"fr-FR\",\"@id\":\"https:\\\/\\\/www.domtar.com\\\/fr\\\/a-propos-de-domtar\\\/notre-equipe-de-direction\\\/sabrina-de-branco\\\/#primaryimage\",\"url\":\"https:\\\/\\\/www.domtar.com\\\/wp-content\\\/uploads\\\/2025\\\/04\\\/Sabrina_Leadership-510-560.jpg\",\"contentUrl\":\"https:\\\/\\\/www.domtar.com\\\/wp-content\\\/uploads\\\/2025\\\/04\\\/Sabrina_Leadership-510-560.jpg\"},{\"@type\":\"BreadcrumbList\",\"@id\":\"https:\\\/\\\/www.domtar.com\\\/fr\\\/a-propos-de-domtar\\\/notre-equipe-de-direction\\\/sabrina-de-branco\\\/#breadcrumb\",\"itemListElement\":[{\"@type\":\"ListItem\",\"position\":1,\"name\":\"Home\",\"item\":\"https:\\\/\\\/www.domtar.com\\\/fr\\\/\"},{\"@type\":\"ListItem\",\"position\":2,\"name\":\"\u00c0 propos de Domtar\",\"item\":\"https:\\\/\\\/www.domtar.com\\\/fr\\\/a-propos-de-domtar\\\/\"},{\"@type\":\"ListItem\",\"position\":3,\"name\":\"Notre gouvernance et diregeants\",\"item\":\"https:\\\/\\\/www.domtar.com\\\/fr\\\/about-domtar\\\/domtar-leaders\\\/\"},{\"@type\":\"ListItem\",\"position\":4,\"name\":\"Sabrina de Branco\"}]},{\"@type\":\"WebSite\",\"@id\":\"https:\\\/\\\/www.domtar.com\\\/fr\\\/#website\",\"url\":\"https:\\\/\\\/www.domtar.com\\\/fr\\\/\",\"name\":\"Domtar | The Fiber for the Future\",\"description\":\"The Sustainable Paper, Pulp and Packaging Company\",\"publisher\":{\"@id\":\"https:\\\/\\\/www.domtar.com\\\/fr\\\/#organization\"},\"alternateName\":\"Domtar\",\"potentialAction\":[{\"@type\":\"SearchAction\",\"target\":{\"@type\":\"EntryPoint\",\"urlTemplate\":\"https:\\\/\\\/www.domtar.com\\\/fr\\\/?s={search_term_string}\"},\"query-input\":{\"@type\":\"PropertyValueSpecification\",\"valueRequired\":true,\"valueName\":\"search_term_string\"}}],\"inLanguage\":\"fr-FR\"},{\"@type\":\"Organization\",\"@id\":\"https:\\\/\\\/www.domtar.com\\\/fr\\\/#organization\",\"name\":\"Domtar\",\"url\":\"https:\\\/\\\/www.domtar.com\\\/fr\\\/\",\"logo\":{\"@type\":\"ImageObject\",\"inLanguage\":\"fr-FR\",\"@id\":\"https:\\\/\\\/www.domtar.com\\\/fr\\\/#\\\/schema\\\/logo\\\/image\\\/\",\"url\":\"https:\\\/\\\/www.domtar.com\\\/wp-content\\\/uploads\\\/2023\\\/03\\\/domtar_logo_rgb_green.png\",\"contentUrl\":\"https:\\\/\\\/www.domtar.com\\\/wp-content\\\/uploads\\\/2023\\\/03\\\/domtar_logo_rgb_green.png\",\"width\":1153,\"height\":263,\"caption\":\"Domtar\"},\"image\":{\"@id\":\"https:\\\/\\\/www.domtar.com\\\/fr\\\/#\\\/schema\\\/logo\\\/image\\\/\"},\"sameAs\":[\"https:\\\/\\\/www.facebook.com\\\/DomtarEveryday\\\/\",\"https:\\\/\\\/x.com\\\/DomtarEveryday\",\"https:\\\/\\\/www.linkedin.com\\\/company\\\/domtar\\\/\",\"https:\\\/\\\/www.youtube.com\\\/channel\\\/UCh8Zhq2Rmxhl5Km0krrGoYw\"],\"ethicsPolicy\":\"https:\\\/\\\/www.domtar.com\\\/fr\\\/notre-entreprise\\\/ethique-et-conformite\\\/\"}]}<\/script>\n<!-- \/ Yoast SEO Premium plugin. -->","yoast_head_json":{"title":"Sabrina de Branco - \u00c9quipe de direction | Domtar","description":"Sabrina de Branco, directrice mondiale de la durabilit\u00e9 chez Domtar, dirige la strat\u00e9gie environnementale et sociale de l\u2019entreprise.","robots":{"index":"index","follow":"follow","max-snippet":"max-snippet:-1","max-image-preview":"max-image-preview:large","max-video-preview":"max-video-preview:-1"},"canonical":"https:\/\/www.domtar.com\/fr\/a-propos-de-domtar\/notre-equipe-de-direction\/sabrina-de-branco\/","og_locale":"fr_FR","og_type":"article","og_title":"Sabrina de Branco","og_description":"Sabrina de Branco, directrice mondiale de la durabilit\u00e9 chez Domtar, dirige la strat\u00e9gie environnementale et sociale de l\u2019entreprise.","og_url":"https:\/\/www.domtar.com\/fr\/a-propos-de-domtar\/notre-equipe-de-direction\/sabrina-de-branco\/","og_site_name":"Domtar","article_publisher":"https:\/\/www.facebook.com\/DomtarEveryday\/","article_modified_time":"2025-10-24T18:56:58+00:00","og_image":[{"url":"https:\/\/www.domtar.com\/wp-content\/uploads\/2025\/04\/Sabrina_Leadership-510-560.jpg","type":"","width":"","height":""}],"twitter_card":"summary_large_image","twitter_site":"@DomtarEveryday","twitter_misc":{"Dur\u00e9e de lecture estim\u00e9e":"2 minutes"},"schema":{"@context":"https:\/\/schema.org","@graph":[{"@type":"WebPage","@id":"https:\/\/www.domtar.com\/fr\/a-propos-de-domtar\/notre-equipe-de-direction\/sabrina-de-branco\/","url":"https:\/\/www.domtar.com\/fr\/a-propos-de-domtar\/notre-equipe-de-direction\/sabrina-de-branco\/","name":"Sabrina de Branco - \u00c9quipe de direction | Domtar","isPartOf":{"@id":"https:\/\/www.domtar.com\/fr\/#website"},"primaryImageOfPage":{"@id":"https:\/\/www.domtar.com\/fr\/a-propos-de-domtar\/notre-equipe-de-direction\/sabrina-de-branco\/#primaryimage"},"image":{"@id":"https:\/\/www.domtar.com\/fr\/a-propos-de-domtar\/notre-equipe-de-direction\/sabrina-de-branco\/#primaryimage"},"thumbnailUrl":"https:\/\/www.domtar.com\/wp-content\/uploads\/2025\/04\/Sabrina_Leadership-510-560.jpg","datePublished":"2024-10-23T18:52:01+00:00","dateModified":"2025-10-24T18:56:58+00:00","description":"Sabrina de Branco, directrice mondiale de la durabilit\u00e9 chez Domtar, dirige la strat\u00e9gie environnementale et sociale de l\u2019entreprise.","breadcrumb":{"@id":"https:\/\/www.domtar.com\/fr\/a-propos-de-domtar\/notre-equipe-de-direction\/sabrina-de-branco\/#breadcrumb"},"inLanguage":"fr-FR","potentialAction":[{"@type":"ReadAction","target":["https:\/\/www.domtar.com\/fr\/a-propos-de-domtar\/notre-equipe-de-direction\/sabrina-de-branco\/"]}]},{"@type":"ImageObject","inLanguage":"fr-FR","@id":"https:\/\/www.domtar.com\/fr\/a-propos-de-domtar\/notre-equipe-de-direction\/sabrina-de-branco\/#primaryimage","url":"https:\/\/www.domtar.com\/wp-content\/uploads\/2025\/04\/Sabrina_Leadership-510-560.jpg","contentUrl":"https:\/\/www.domtar.com\/wp-content\/uploads\/2025\/04\/Sabrina_Leadership-510-560.jpg"},{"@type":"BreadcrumbList","@id":"https:\/\/www.domtar.com\/fr\/a-propos-de-domtar\/notre-equipe-de-direction\/sabrina-de-branco\/#breadcrumb","itemListElement":[{"@type":"ListItem","position":1,"name":"Home","item":"https:\/\/www.domtar.com\/fr\/"},{"@type":"ListItem","position":2,"name":"\u00c0 propos de Domtar","item":"https:\/\/www.domtar.com\/fr\/a-propos-de-domtar\/"},{"@type":"ListItem","position":3,"name":"Notre gouvernance et diregeants","item":"https:\/\/www.domtar.com\/fr\/about-domtar\/domtar-leaders\/"},{"@type":"ListItem","position":4,"name":"Sabrina de Branco"}]},{"@type":"WebSite","@id":"https:\/\/www.domtar.com\/fr\/#website","url":"https:\/\/www.domtar.com\/fr\/","name":"Domtar | The Fiber for the Future","description":"The Sustainable Paper, Pulp and Packaging Company","publisher":{"@id":"https:\/\/www.domtar.com\/fr\/#organization"},"alternateName":"Domtar","potentialAction":[{"@type":"SearchAction","target":{"@type":"EntryPoint","urlTemplate":"https:\/\/www.domtar.com\/fr\/?s={search_term_string}"},"query-input":{"@type":"PropertyValueSpecification","valueRequired":true,"valueName":"search_term_string"}}],"inLanguage":"fr-FR"},{"@type":"Organization","@id":"https:\/\/www.domtar.com\/fr\/#organization","name":"Domtar","url":"https:\/\/www.domtar.com\/fr\/","logo":{"@type":"ImageObject","inLanguage":"fr-FR","@id":"https:\/\/www.domtar.com\/fr\/#\/schema\/logo\/image\/","url":"https:\/\/www.domtar.com\/wp-content\/uploads\/2023\/03\/domtar_logo_rgb_green.png","contentUrl":"https:\/\/www.domtar.com\/wp-content\/uploads\/2023\/03\/domtar_logo_rgb_green.png","width":1153,"height":263,"caption":"Domtar"},"image":{"@id":"https:\/\/www.domtar.com\/fr\/#\/schema\/logo\/image\/"},"sameAs":["https:\/\/www.facebook.com\/DomtarEveryday\/","https:\/\/x.com\/DomtarEveryday","https:\/\/www.linkedin.com\/company\/domtar\/","https:\/\/www.youtube.com\/channel\/UCh8Zhq2Rmxhl5Km0krrGoYw"],"ethicsPolicy":"https:\/\/www.domtar.com\/fr\/notre-entreprise\/ethique-et-conformite\/"}]}},"_links":{"self":[{"href":"https:\/\/www.domtar.com\/fr\/wp-json\/wp\/v2\/pages\/26752","targetHints":{"allow":["GET"]}}],"collection":[{"href":"https:\/\/www.domtar.com\/fr\/wp-json\/wp\/v2\/pages"}],"about":[{"href":"https:\/\/www.domtar.com\/fr\/wp-json\/wp\/v2\/types\/page"}],"author":[{"embeddable":true,"href":"https:\/\/www.domtar.com\/fr\/wp-json\/wp\/v2\/users\/1"}],"replies":[{"embeddable":true,"href":"https:\/\/www.domtar.com\/fr\/wp-json\/wp\/v2\/comments?post=26752"}],"version-history":[{"count":0,"href":"https:\/\/www.domtar.com\/fr\/wp-json\/wp\/v2\/pages\/26752\/revisions"}],"up":[{"embeddable":true,"href":"https:\/\/www.domtar.com\/fr\/wp-json\/wp\/v2\/pages\/1940"}],"wp:attachment":[{"href":"https:\/\/www.domtar.com\/fr\/wp-json\/wp\/v2\/media?parent=26752"}],"wp:term":[{"taxonomy":"our-locations","embeddable":true,"href":"https:\/\/www.domtar.com\/fr\/wp-json\/wp\/v2\/our-locations?post=26752"}],"curies":[{"name":"wp","href":"https:\/\/api.w.org\/{rel}","templated":true}]}}