{"id":1240,"date":"2023-04-19T13:25:49","date_gmt":"2023-04-19T13:25:49","guid":{"rendered":"https:\/\/domtarwpe.wpengine.com\/our-company\/steve-henry\/"},"modified":"2026-03-13T17:39:33","modified_gmt":"2026-03-13T17:39:33","slug":"steve-henry","status":"publish","type":"page","link":"https:\/\/www.domtar.com\/fr\/a-propos-de-domtar\/notre-equipe-de-direction\/steve-henry\/","title":{"rendered":"Steve Henry"},"content":{"rendered":"\t\t<div data-elementor-type=\"wp-page\" data-elementor-id=\"1240\" class=\"elementor elementor-1240 elementor-1202\" data-elementor-settings=\"{&quot;element_pack_global_tooltip_width&quot;:{&quot;unit&quot;:&quot;px&quot;,&quot;size&quot;:&quot;&quot;,&quot;sizes&quot;:[]},&quot;element_pack_global_tooltip_width_tablet&quot;:{&quot;unit&quot;:&quot;px&quot;,&quot;size&quot;:&quot;&quot;,&quot;sizes&quot;:[]},&quot;element_pack_global_tooltip_width_mobile&quot;:{&quot;unit&quot;:&quot;px&quot;,&quot;size&quot;:&quot;&quot;,&quot;sizes&quot;:[]},&quot;element_pack_global_tooltip_padding&quot;:{&quot;unit&quot;:&quot;px&quot;,&quot;top&quot;:&quot;&quot;,&quot;right&quot;:&quot;&quot;,&quot;bottom&quot;:&quot;&quot;,&quot;left&quot;:&quot;&quot;,&quot;isLinked&quot;:true},&quot;element_pack_global_tooltip_padding_tablet&quot;:{&quot;unit&quot;:&quot;px&quot;,&quot;top&quot;:&quot;&quot;,&quot;right&quot;:&quot;&quot;,&quot;bottom&quot;:&quot;&quot;,&quot;left&quot;:&quot;&quot;,&quot;isLinked&quot;:true},&quot;element_pack_global_tooltip_padding_mobile&quot;:{&quot;unit&quot;:&quot;px&quot;,&quot;top&quot;:&quot;&quot;,&quot;right&quot;:&quot;&quot;,&quot;bottom&quot;:&quot;&quot;,&quot;left&quot;:&quot;&quot;,&quot;isLinked&quot;:true},&quot;element_pack_global_tooltip_border_radius&quot;:{&quot;unit&quot;:&quot;px&quot;,&quot;top&quot;:&quot;&quot;,&quot;right&quot;:&quot;&quot;,&quot;bottom&quot;:&quot;&quot;,&quot;left&quot;:&quot;&quot;,&quot;isLinked&quot;:true},&quot;element_pack_global_tooltip_border_radius_tablet&quot;:{&quot;unit&quot;:&quot;px&quot;,&quot;top&quot;:&quot;&quot;,&quot;right&quot;:&quot;&quot;,&quot;bottom&quot;:&quot;&quot;,&quot;left&quot;:&quot;&quot;,&quot;isLinked&quot;:true},&quot;element_pack_global_tooltip_border_radius_mobile&quot;:{&quot;unit&quot;:&quot;px&quot;,&quot;top&quot;:&quot;&quot;,&quot;right&quot;:&quot;&quot;,&quot;bottom&quot;:&quot;&quot;,&quot;left&quot;:&quot;&quot;,&quot;isLinked&quot;:true}}\" data-elementor-post-type=\"page\">\n\t\t\t\t\t\t<section class=\"has_eae_slider elementor-section elementor-top-section elementor-element elementor-element-8fe45b2 product-top-section elementor-section-boxed elementor-section-height-default elementor-section-height-default\" data-eae-slider=\"41659\" data-id=\"8fe45b2\" data-element_type=\"section\" data-e-type=\"section\">\n\t\t\t\t\t\t<div class=\"elementor-container elementor-column-gap-default\">\n\t\t\t\t\t<div class=\"has_eae_slider elementor-column elementor-col-100 elementor-top-column elementor-element elementor-element-174e390\" data-eae-slider=\"58084\" data-id=\"174e390\" data-element_type=\"column\" data-e-type=\"column\">\n\t\t\t<div class=\"elementor-widget-wrap elementor-element-populated\">\n\t\t\t\t\t\t<div class=\"elementor-element elementor-element-0512133 elementor-align-start back-link elementor-icon-list--layout-traditional elementor-list-item-link-full_width elementor-widget elementor-widget-icon-list\" data-id=\"0512133\" data-element_type=\"widget\" data-e-type=\"widget\" data-widget_type=\"icon-list.default\">\n\t\t\t\t<div class=\"elementor-widget-container\">\n\t\t\t\t\t\t\t<ul class=\"elementor-icon-list-items\">\n\t\t\t\t\t\t\t<li class=\"elementor-icon-list-item\">\n\t\t\t\t\t\t\t\t\t\t\t<a href=\"https:\/\/www.domtar.com\/fr\/a-propos-de-domtar\/notre-equipe-de-direction\/\">\n\n\t\t\t\t\t\t\t\t\t\t\t\t<span class=\"elementor-icon-list-icon\">\n\t\t\t\t\t\t\t<i aria-hidden=\"true\" class=\"fas fa-angle-left\"><\/i>\t\t\t\t\t\t<\/span>\n\t\t\t\t\t\t\t\t\t\t<span class=\"elementor-icon-list-text\">Back<\/span>\n\t\t\t\t\t\t\t\t\t\t\t<\/a>\n\t\t\t\t\t\t\t\t\t<\/li>\n\t\t\t\t\t\t<\/ul>\n\t\t\t\t\t\t<\/div>\n\t\t\t\t<\/div>\n\t\t\t\t<div class=\"elementor-element elementor-element-d5bcf58 elementor-widget elementor-widget-heading\" data-id=\"d5bcf58\" data-element_type=\"widget\" data-e-type=\"widget\" data-widget_type=\"heading.default\">\n\t\t\t\t<div class=\"elementor-widget-container\">\n\t\t\t\t\t<h3 class=\"elementor-heading-title elementor-size-default\">Steve Henry<\/h3>\t\t\t\t<\/div>\n\t\t\t\t<\/div>\n\t\t\t\t<div class=\"elementor-element elementor-element-8f42c32 elementor-widget elementor-widget-text-editor\" data-id=\"8f42c32\" data-element_type=\"widget\" data-e-type=\"widget\" data-widget_type=\"text-editor.default\">\n\t\t\t\t<div class=\"elementor-widget-container\">\n\t\t\t\t\t\t\t\t\t<p>Chef de la direction, Papier et emballage, et pr\u00e9sident \u2013 \u00c9tats-Unis<\/p>\t\t\t\t\t\t\t\t<\/div>\n\t\t\t\t<\/div>\n\t\t\t\t<section class=\"has_eae_slider elementor-section elementor-inner-section elementor-element elementor-element-a57786a elementor-section-boxed elementor-section-height-default elementor-section-height-default elementor-invisible\" data-eae-slider=\"36226\" data-id=\"a57786a\" data-element_type=\"section\" data-e-type=\"section\" data-settings=\"{&quot;animation&quot;:&quot;fadeInUp&quot;}\">\n\t\t\t\t\t\t<div class=\"elementor-container elementor-column-gap-default\">\n\t\t\t\t\t<div class=\"has_eae_slider elementor-column elementor-col-50 elementor-inner-column elementor-element elementor-element-0515346\" data-eae-slider=\"34292\" data-id=\"0515346\" data-element_type=\"column\" data-e-type=\"column\">\n\t\t\t<div class=\"elementor-widget-wrap elementor-element-populated\">\n\t\t\t\t\t\t<div class=\"elementor-element elementor-element-b702962 elementor-widget elementor-widget-image\" data-id=\"b702962\" data-element_type=\"widget\" data-e-type=\"widget\" data-widget_type=\"image.default\">\n\t\t\t\t<div class=\"elementor-widget-container\">\n\t\t\t\t\t\t\t\t\t\t\t\t\t\t\t<img fetchpriority=\"high\" decoding=\"async\" width=\"510\" height=\"560\" src=\"https:\/\/www.domtar.com\/wp-content\/uploads\/2026\/03\/Management-Committee-510-560.jpg\" class=\"attachment-full size-full wp-image-50131\" alt=\"Steve Henry\" srcset=\"https:\/\/www.domtar.com\/wp-content\/uploads\/2026\/03\/Management-Committee-510-560.jpg 510w, https:\/\/www.domtar.com\/wp-content\/uploads\/2026\/03\/Management-Committee-510-560-410x450.jpg 410w, https:\/\/www.domtar.com\/wp-content\/uploads\/2026\/03\/Management-Committee-510-560-300x329.jpg 300w\" sizes=\"(max-width: 510px) 100vw, 510px\" \/>\t\t\t\t\t\t\t\t\t\t\t\t\t\t\t<\/div>\n\t\t\t\t<\/div>\n\t\t\t\t\t<\/div>\n\t\t<\/div>\n\t\t\t\t<div class=\"has_eae_slider elementor-column elementor-col-50 elementor-inner-column elementor-element elementor-element-f5d5a28\" data-eae-slider=\"97150\" data-id=\"f5d5a28\" data-element_type=\"column\" data-e-type=\"column\">\n\t\t\t<div class=\"elementor-widget-wrap elementor-element-populated\">\n\t\t\t\t\t\t<div class=\"elementor-element elementor-element-fb46b17 elementor-widget elementor-widget-text-editor\" data-id=\"fb46b17\" data-element_type=\"widget\" data-e-type=\"widget\" data-widget_type=\"text-editor.default\">\n\t\t\t\t<div class=\"elementor-widget-container\">\n\t\t\t\t\t\t\t\t\t<p>M. Henry est Chef de la direction, Papier et emballage, et pr\u00e9sident \u2013 \u00c9tats-Unis. Il est responsable des exploitations de p\u00e2te, de papier et d&#8217;emballage de l&rsquo;unit\u00e9 ainsi que de toutes ses fonctions commerciales.<\/p><p>Avec pr\u00e8s de 30 ans d&rsquo;exp\u00e9rience dans l&rsquo;industrie des produits forestiers, Steve excelle dans les r\u00f4les commerciaux et op\u00e9rationnels. Il poss\u00e8de les comp\u00e9tences n\u00e9cessaires pour obtenir des r\u00e9sultats et \u00e9laborer et ex\u00e9cuter des feuilles de route strat\u00e9giques.\u00a0 Au cours de sa carri\u00e8re, il a occup\u00e9 divers postes dans les domaines de la strat\u00e9gie, de la gestion de projets et de la direction g\u00e9n\u00e9rale au sein de si\u00e8ges sociaux et d\u2019usines chez International Paper, Weyerhaeuser et Georgia-Pacific.<\/p><p>M. Henry s\u2019est joint \u00e0 Domtar en tant que directeur g\u00e9n\u00e9ral de l&rsquo;usine de papier de Hawesville, au Kentucky, en 2011 et a depuis occup\u00e9 de nombreux postes de direction de responsabilit\u00e9 croissante. Il a \u00e9t\u00e9 nomm\u00e9 directeur d&rsquo;usine de l&rsquo;ann\u00e9e par TAPPI\/PIMA en 2016.<\/p><p>Plus r\u00e9cemment, il a dirig\u00e9 l\u2019entr\u00e9e de Domtar dans le secteur des produits d\u2019emballage, \u00e9tant charg\u00e9 de mettre en place et de diriger la structure commerciale n\u00e9cessaire \u00e0 la production et \u00e0 la vente de cartons-caisses avec une proposition de valeur gagnante pour la client\u00e8le.<\/p><p>M. Henry est titulaire d&rsquo;un baccalaur\u00e9at \u00e8s sciences en g\u00e9nie \u00e9lectrique de la Virginia Tech et d&rsquo;un MBA de l&rsquo;Universit\u00e9 Nova Southeastern en Floride. Il a pr\u00e9c\u00e9demment \u00e9t\u00e9 membre du conseil d&rsquo;administration et pr\u00e9sident du conseil de Prisma Renewable Composites, LLC et de Kenergy Corp.<\/p>\t\t\t\t\t\t\t\t<\/div>\n\t\t\t\t<\/div>\n\t\t\t\t\t<\/div>\n\t\t<\/div>\n\t\t\t\t\t<\/div>\n\t\t<\/section>\n\t\t\t\t\t<\/div>\n\t\t<\/div>\n\t\t\t\t\t<\/div>\n\t\t<\/section>\n\t\t\t\t<\/div>\n\t\t","protected":false},"excerpt":{"rendered":"<p>Back Chef de la direction, Papier et emballage, et pr\u00e9sident \u2013 \u00c9tats-Unis M. Henry est Chef de la direction, Papier et emballage, et pr\u00e9sident \u2013 \u00c9tats-Unis. Il est responsable des exploitations de p\u00e2te, de papier et d&#8217;emballage de l&rsquo;unit\u00e9 ainsi que de toutes ses fonctions commerciales.Avec pr\u00e8s de 30 ans d&rsquo;exp\u00e9rience dans l&rsquo;industrie des produits &hellip;<\/p>\n","protected":false},"author":1,"featured_media":0,"parent":1940,"menu_order":0,"comment_status":"closed","ping_status":"closed","template":"elementor_header_footer","meta":{"_acf_changed":false,"_genesis_block_theme_hide_title":false,"footnotes":""},"our-locations":[],"class_list":["post-1240","page","type-page","status-publish","hentry","post","without-featured-image"],"acf":[],"yoast_head":"<!-- This site is optimized with the Yoast SEO Premium plugin v27.4 (Yoast SEO v27.4) - https:\/\/yoast.com\/product\/yoast-seo-premium-wordpress\/ -->\n<title>Steve Henry, Pr\u00e9sident - Domtar<\/title>\n<meta name=\"description\" content=\"Steve Henry, pr\u00e9sident Papier et Emballages chez Domtar, met \u00e0 profit pr\u00e8s de 30 ans d\u2019exp\u00e9rience pour diriger les op\u00e9rations.\" \/>\n<meta name=\"robots\" content=\"index, follow, max-snippet:-1, max-image-preview:large, max-video-preview:-1\" \/>\n<link rel=\"canonical\" href=\"https:\/\/www.domtar.com\/fr\/a-propos-de-domtar\/notre-equipe-de-direction\/steve-henry\/\" \/>\n<meta property=\"og:locale\" content=\"fr_FR\" \/>\n<meta property=\"og:type\" content=\"article\" \/>\n<meta property=\"og:title\" content=\"Steve Henry\" \/>\n<meta property=\"og:description\" content=\"Steve Henry, pr\u00e9sident Papier et Emballages chez Domtar, met \u00e0 profit pr\u00e8s de 30 ans d\u2019exp\u00e9rience pour diriger les op\u00e9rations.\" \/>\n<meta property=\"og:url\" content=\"https:\/\/www.domtar.com\/fr\/a-propos-de-domtar\/notre-equipe-de-direction\/steve-henry\/\" \/>\n<meta property=\"og:site_name\" content=\"Domtar\" \/>\n<meta property=\"article:publisher\" content=\"https:\/\/www.facebook.com\/DomtarEveryday\/\" \/>\n<meta property=\"article:modified_time\" content=\"2026-03-13T17:39:33+00:00\" \/>\n<meta property=\"og:image\" content=\"https:\/\/www.domtar.com\/wp-content\/uploads\/2026\/03\/Management-Committee-510-560.jpg\" \/>\n<meta name=\"twitter:card\" content=\"summary_large_image\" \/>\n<meta name=\"twitter:site\" content=\"@DomtarEveryday\" \/>\n<meta name=\"twitter:label1\" content=\"Dur\u00e9e de lecture estim\u00e9e\" \/>\n\t<meta name=\"twitter:data1\" content=\"2 minutes\" \/>\n<script type=\"application\/ld+json\" class=\"yoast-schema-graph\">{\"@context\":\"https:\\\/\\\/schema.org\",\"@graph\":[{\"@type\":\"WebPage\",\"@id\":\"https:\\\/\\\/www.domtar.com\\\/fr\\\/a-propos-de-domtar\\\/notre-equipe-de-direction\\\/steve-henry\\\/\",\"url\":\"https:\\\/\\\/www.domtar.com\\\/fr\\\/a-propos-de-domtar\\\/notre-equipe-de-direction\\\/steve-henry\\\/\",\"name\":\"Steve Henry, Pr\u00e9sident - Domtar\",\"isPartOf\":{\"@id\":\"https:\\\/\\\/www.domtar.com\\\/fr\\\/#website\"},\"primaryImageOfPage\":{\"@id\":\"https:\\\/\\\/www.domtar.com\\\/fr\\\/a-propos-de-domtar\\\/notre-equipe-de-direction\\\/steve-henry\\\/#primaryimage\"},\"image\":{\"@id\":\"https:\\\/\\\/www.domtar.com\\\/fr\\\/a-propos-de-domtar\\\/notre-equipe-de-direction\\\/steve-henry\\\/#primaryimage\"},\"thumbnailUrl\":\"https:\\\/\\\/www.domtar.com\\\/wp-content\\\/uploads\\\/2026\\\/03\\\/Management-Committee-510-560.jpg\",\"datePublished\":\"2023-04-19T13:25:49+00:00\",\"dateModified\":\"2026-03-13T17:39:33+00:00\",\"description\":\"Steve Henry, pr\u00e9sident Papier et Emballages chez Domtar, met \u00e0 profit pr\u00e8s de 30 ans d\u2019exp\u00e9rience pour diriger les op\u00e9rations.\",\"breadcrumb\":{\"@id\":\"https:\\\/\\\/www.domtar.com\\\/fr\\\/a-propos-de-domtar\\\/notre-equipe-de-direction\\\/steve-henry\\\/#breadcrumb\"},\"inLanguage\":\"fr-FR\",\"potentialAction\":[{\"@type\":\"ReadAction\",\"target\":[\"https:\\\/\\\/www.domtar.com\\\/fr\\\/a-propos-de-domtar\\\/notre-equipe-de-direction\\\/steve-henry\\\/\"]}]},{\"@type\":\"ImageObject\",\"inLanguage\":\"fr-FR\",\"@id\":\"https:\\\/\\\/www.domtar.com\\\/fr\\\/a-propos-de-domtar\\\/notre-equipe-de-direction\\\/steve-henry\\\/#primaryimage\",\"url\":\"https:\\\/\\\/www.domtar.com\\\/wp-content\\\/uploads\\\/2026\\\/03\\\/Management-Committee-510-560.jpg\",\"contentUrl\":\"https:\\\/\\\/www.domtar.com\\\/wp-content\\\/uploads\\\/2026\\\/03\\\/Management-Committee-510-560.jpg\"},{\"@type\":\"BreadcrumbList\",\"@id\":\"https:\\\/\\\/www.domtar.com\\\/fr\\\/a-propos-de-domtar\\\/notre-equipe-de-direction\\\/steve-henry\\\/#breadcrumb\",\"itemListElement\":[{\"@type\":\"ListItem\",\"position\":1,\"name\":\"Home\",\"item\":\"https:\\\/\\\/www.domtar.com\\\/fr\\\/\"},{\"@type\":\"ListItem\",\"position\":2,\"name\":\"\u00c0 propos de Domtar\",\"item\":\"https:\\\/\\\/www.domtar.com\\\/fr\\\/a-propos-de-domtar\\\/\"},{\"@type\":\"ListItem\",\"position\":3,\"name\":\"Notre gouvernance et diregeants\",\"item\":\"https:\\\/\\\/www.domtar.com\\\/fr\\\/about-domtar\\\/domtar-leaders\\\/\"},{\"@type\":\"ListItem\",\"position\":4,\"name\":\"Steve Henry\"}]},{\"@type\":\"WebSite\",\"@id\":\"https:\\\/\\\/www.domtar.com\\\/fr\\\/#website\",\"url\":\"https:\\\/\\\/www.domtar.com\\\/fr\\\/\",\"name\":\"Domtar | The Fiber for the Future\",\"description\":\"The Sustainable Paper, Pulp and Packaging Company\",\"publisher\":{\"@id\":\"https:\\\/\\\/www.domtar.com\\\/fr\\\/#organization\"},\"alternateName\":\"Domtar\",\"potentialAction\":[{\"@type\":\"SearchAction\",\"target\":{\"@type\":\"EntryPoint\",\"urlTemplate\":\"https:\\\/\\\/www.domtar.com\\\/fr\\\/?s={search_term_string}\"},\"query-input\":{\"@type\":\"PropertyValueSpecification\",\"valueRequired\":true,\"valueName\":\"search_term_string\"}}],\"inLanguage\":\"fr-FR\"},{\"@type\":\"Organization\",\"@id\":\"https:\\\/\\\/www.domtar.com\\\/fr\\\/#organization\",\"name\":\"Domtar\",\"url\":\"https:\\\/\\\/www.domtar.com\\\/fr\\\/\",\"logo\":{\"@type\":\"ImageObject\",\"inLanguage\":\"fr-FR\",\"@id\":\"https:\\\/\\\/www.domtar.com\\\/fr\\\/#\\\/schema\\\/logo\\\/image\\\/\",\"url\":\"https:\\\/\\\/www.domtar.com\\\/wp-content\\\/uploads\\\/2023\\\/03\\\/domtar_logo_rgb_green.png\",\"contentUrl\":\"https:\\\/\\\/www.domtar.com\\\/wp-content\\\/uploads\\\/2023\\\/03\\\/domtar_logo_rgb_green.png\",\"width\":1153,\"height\":263,\"caption\":\"Domtar\"},\"image\":{\"@id\":\"https:\\\/\\\/www.domtar.com\\\/fr\\\/#\\\/schema\\\/logo\\\/image\\\/\"},\"sameAs\":[\"https:\\\/\\\/www.facebook.com\\\/DomtarEveryday\\\/\",\"https:\\\/\\\/x.com\\\/DomtarEveryday\",\"https:\\\/\\\/www.linkedin.com\\\/company\\\/domtar\\\/\",\"https:\\\/\\\/www.youtube.com\\\/channel\\\/UCh8Zhq2Rmxhl5Km0krrGoYw\"],\"ethicsPolicy\":\"https:\\\/\\\/www.domtar.com\\\/fr\\\/notre-entreprise\\\/ethique-et-conformite\\\/\"}]}<\/script>\n<!-- \/ Yoast SEO Premium plugin. -->","yoast_head_json":{"title":"Steve Henry, Pr\u00e9sident - Domtar","description":"Steve Henry, pr\u00e9sident Papier et Emballages chez Domtar, met \u00e0 profit pr\u00e8s de 30 ans d\u2019exp\u00e9rience pour diriger les op\u00e9rations.","robots":{"index":"index","follow":"follow","max-snippet":"max-snippet:-1","max-image-preview":"max-image-preview:large","max-video-preview":"max-video-preview:-1"},"canonical":"https:\/\/www.domtar.com\/fr\/a-propos-de-domtar\/notre-equipe-de-direction\/steve-henry\/","og_locale":"fr_FR","og_type":"article","og_title":"Steve Henry","og_description":"Steve Henry, pr\u00e9sident Papier et Emballages chez Domtar, met \u00e0 profit pr\u00e8s de 30 ans d\u2019exp\u00e9rience pour diriger les op\u00e9rations.","og_url":"https:\/\/www.domtar.com\/fr\/a-propos-de-domtar\/notre-equipe-de-direction\/steve-henry\/","og_site_name":"Domtar","article_publisher":"https:\/\/www.facebook.com\/DomtarEveryday\/","article_modified_time":"2026-03-13T17:39:33+00:00","og_image":[{"url":"https:\/\/www.domtar.com\/wp-content\/uploads\/2026\/03\/Management-Committee-510-560.jpg","type":"","width":"","height":""}],"twitter_card":"summary_large_image","twitter_site":"@DomtarEveryday","twitter_misc":{"Dur\u00e9e de lecture estim\u00e9e":"2 minutes"},"schema":{"@context":"https:\/\/schema.org","@graph":[{"@type":"WebPage","@id":"https:\/\/www.domtar.com\/fr\/a-propos-de-domtar\/notre-equipe-de-direction\/steve-henry\/","url":"https:\/\/www.domtar.com\/fr\/a-propos-de-domtar\/notre-equipe-de-direction\/steve-henry\/","name":"Steve Henry, Pr\u00e9sident - Domtar","isPartOf":{"@id":"https:\/\/www.domtar.com\/fr\/#website"},"primaryImageOfPage":{"@id":"https:\/\/www.domtar.com\/fr\/a-propos-de-domtar\/notre-equipe-de-direction\/steve-henry\/#primaryimage"},"image":{"@id":"https:\/\/www.domtar.com\/fr\/a-propos-de-domtar\/notre-equipe-de-direction\/steve-henry\/#primaryimage"},"thumbnailUrl":"https:\/\/www.domtar.com\/wp-content\/uploads\/2026\/03\/Management-Committee-510-560.jpg","datePublished":"2023-04-19T13:25:49+00:00","dateModified":"2026-03-13T17:39:33+00:00","description":"Steve Henry, pr\u00e9sident Papier et Emballages chez Domtar, met \u00e0 profit pr\u00e8s de 30 ans d\u2019exp\u00e9rience pour diriger les op\u00e9rations.","breadcrumb":{"@id":"https:\/\/www.domtar.com\/fr\/a-propos-de-domtar\/notre-equipe-de-direction\/steve-henry\/#breadcrumb"},"inLanguage":"fr-FR","potentialAction":[{"@type":"ReadAction","target":["https:\/\/www.domtar.com\/fr\/a-propos-de-domtar\/notre-equipe-de-direction\/steve-henry\/"]}]},{"@type":"ImageObject","inLanguage":"fr-FR","@id":"https:\/\/www.domtar.com\/fr\/a-propos-de-domtar\/notre-equipe-de-direction\/steve-henry\/#primaryimage","url":"https:\/\/www.domtar.com\/wp-content\/uploads\/2026\/03\/Management-Committee-510-560.jpg","contentUrl":"https:\/\/www.domtar.com\/wp-content\/uploads\/2026\/03\/Management-Committee-510-560.jpg"},{"@type":"BreadcrumbList","@id":"https:\/\/www.domtar.com\/fr\/a-propos-de-domtar\/notre-equipe-de-direction\/steve-henry\/#breadcrumb","itemListElement":[{"@type":"ListItem","position":1,"name":"Home","item":"https:\/\/www.domtar.com\/fr\/"},{"@type":"ListItem","position":2,"name":"\u00c0 propos de Domtar","item":"https:\/\/www.domtar.com\/fr\/a-propos-de-domtar\/"},{"@type":"ListItem","position":3,"name":"Notre gouvernance et diregeants","item":"https:\/\/www.domtar.com\/fr\/about-domtar\/domtar-leaders\/"},{"@type":"ListItem","position":4,"name":"Steve Henry"}]},{"@type":"WebSite","@id":"https:\/\/www.domtar.com\/fr\/#website","url":"https:\/\/www.domtar.com\/fr\/","name":"Domtar | The Fiber for the Future","description":"The Sustainable Paper, Pulp and Packaging Company","publisher":{"@id":"https:\/\/www.domtar.com\/fr\/#organization"},"alternateName":"Domtar","potentialAction":[{"@type":"SearchAction","target":{"@type":"EntryPoint","urlTemplate":"https:\/\/www.domtar.com\/fr\/?s={search_term_string}"},"query-input":{"@type":"PropertyValueSpecification","valueRequired":true,"valueName":"search_term_string"}}],"inLanguage":"fr-FR"},{"@type":"Organization","@id":"https:\/\/www.domtar.com\/fr\/#organization","name":"Domtar","url":"https:\/\/www.domtar.com\/fr\/","logo":{"@type":"ImageObject","inLanguage":"fr-FR","@id":"https:\/\/www.domtar.com\/fr\/#\/schema\/logo\/image\/","url":"https:\/\/www.domtar.com\/wp-content\/uploads\/2023\/03\/domtar_logo_rgb_green.png","contentUrl":"https:\/\/www.domtar.com\/wp-content\/uploads\/2023\/03\/domtar_logo_rgb_green.png","width":1153,"height":263,"caption":"Domtar"},"image":{"@id":"https:\/\/www.domtar.com\/fr\/#\/schema\/logo\/image\/"},"sameAs":["https:\/\/www.facebook.com\/DomtarEveryday\/","https:\/\/x.com\/DomtarEveryday","https:\/\/www.linkedin.com\/company\/domtar\/","https:\/\/www.youtube.com\/channel\/UCh8Zhq2Rmxhl5Km0krrGoYw"],"ethicsPolicy":"https:\/\/www.domtar.com\/fr\/notre-entreprise\/ethique-et-conformite\/"}]}},"_links":{"self":[{"href":"https:\/\/www.domtar.com\/fr\/wp-json\/wp\/v2\/pages\/1240","targetHints":{"allow":["GET"]}}],"collection":[{"href":"https:\/\/www.domtar.com\/fr\/wp-json\/wp\/v2\/pages"}],"about":[{"href":"https:\/\/www.domtar.com\/fr\/wp-json\/wp\/v2\/types\/page"}],"author":[{"embeddable":true,"href":"https:\/\/www.domtar.com\/fr\/wp-json\/wp\/v2\/users\/1"}],"replies":[{"embeddable":true,"href":"https:\/\/www.domtar.com\/fr\/wp-json\/wp\/v2\/comments?post=1240"}],"version-history":[{"count":0,"href":"https:\/\/www.domtar.com\/fr\/wp-json\/wp\/v2\/pages\/1240\/revisions"}],"up":[{"embeddable":true,"href":"https:\/\/www.domtar.com\/fr\/wp-json\/wp\/v2\/pages\/1940"}],"wp:attachment":[{"href":"https:\/\/www.domtar.com\/fr\/wp-json\/wp\/v2\/media?parent=1240"}],"wp:term":[{"taxonomy":"our-locations","embeddable":true,"href":"https:\/\/www.domtar.com\/fr\/wp-json\/wp\/v2\/our-locations?post=1240"}],"curies":[{"name":"wp","href":"https:\/\/api.w.org\/{rel}","templated":true}]}}